{"id":9506,"date":"2022-05-02T18:17:07","date_gmt":"2022-05-02T16:17:07","guid":{"rendered":"https:\/\/fruiturisme.info\/?post_type=product&#038;p=9506"},"modified":"2026-03-06T10:32:16","modified_gmt":"2026-03-06T09:32:16","slug":"parrainer","status":"publish","type":"product","link":"https:\/\/fruiturisme.info\/fr\/reservez-votre-experience-7\/parrainer\/","title":{"rendered":"Pack de r\u00e9colte"},"content":{"rendered":"<p><strong>Parrainez un arbre \u00e0 Aitona<\/strong><\/p>\n<p>Connectez-vous \u00e0 la terre, vivez l&#039;\u00e9closion des fleurs et go\u00fbtez aux fruits les plus sucr\u00e9s du monde.<\/p>\n<p><strong>Votre propre arbre \u00e0 Aitona<\/strong><\/p>\n<p>En parrainant un arbre fruitier, vous n&#039;achetez pas seulement des fruits\u00a0; vous rejoignez la famille Fruiturisme. Vous soutenez l&#039;agriculture locale \u00e0 Aitona, vous contribuez \u00e0 la protection du paysage de la \u201c\u00a0mer rose\u00a0\u201d et vous avez la garantie d&#039;une r\u00e9colte fra\u00eeche, directement du champ \u00e0 votre table.<\/p>\n<p><strong>Le cycle de la vie<\/strong><\/p>\n<ol>\n<li><strong>Parrainer:<\/strong> Choisissez la vari\u00e9t\u00e9 que vous pr\u00e9f\u00e9rez. Nous vous attribuerons un arbre portant votre nom et vous recevrez un certificat de parrainage officiel.<\/li>\n<li><strong>Visite:<\/strong> Venez \u00e0 Aitona pendant la floraison magique ou en \u00e9t\u00e9. Votre arbre vous attend. Suivez son \u00e9volution mois apr\u00e8s mois pour observer son d\u00e9veloppement.<\/li>\n<li><strong>Saveur:<\/strong> Lorsque les fruits auront atteint leur pleine maturit\u00e9, nous vous enverrons la r\u00e9colte (ou vous pourrez venir la chercher) pleine de saveur.<\/li>\n<\/ol>\n<p>&nbsp;<\/p>\n<p><strong>Que contient le pack Harvest ?<\/strong><\/p>\n<ul>\n<li>Droit \u00e0 8 kg de la vari\u00e9t\u00e9 choisie.<\/li>\n<li>Certificat de parrainage num\u00e9rique.<\/li>\n<li>Collecte sur le terrain (Exp\u00e9rience des agriculteurs).<\/li>\n<li>Petit-d\u00e9jeuner campagnard traditionnel pour deux personnes<\/li>\n<\/ul>","protected":false},"excerpt":{"rendered":"<p><strong>Parrainez un arbre \u00e0 Aitona<\/strong><\/p>\n<p>Connectez-vous \u00e0 la terre, vivez l&#039;\u00e9closion des fleurs et go\u00fbtez aux fruits les plus sucr\u00e9s du monde.<\/p>\n<p><strong>Que contient le pack Harvest ?<\/strong><\/p>\n<ul>\n<li>Droit \u00e0 8 kg de la vari\u00e9t\u00e9 choisie.<\/li>\n<li>Certificat de parrainage num\u00e9rique.<\/li>\n<li>Collecte sur le terrain (Exp\u00e9rience des agriculteurs).<\/li>\n<li>Petit-d\u00e9jeuner campagnard traditionnel pour deux personnes<\/li>\n<\/ul>","protected":false},"featured_media":36016,"comment_status":"closed","ping_status":"closed","template":"","meta":{"inline_featured_image":false},"product_brand":[],"product_cat":[261],"product_tag":[],"class_list":{"0":"post-9506","1":"product","2":"type-product","3":"status-publish","4":"has-post-thumbnail","6":"product_cat-apadrina-un-arbol","8":"first","9":"instock","10":"virtual","11":"purchasable","12":"product-type-simple"},"group_of_quantity":0,"min_quantity":0,"max_quantity":10,"exclude_order_quantity_value_rules":"no","exclude_category_quantity_rules":"no","combine_variations":"no","_links":{"self":[{"href":"https:\/\/fruiturisme.info\/fr\/wp-json\/wp\/v2\/product\/9506","targetHints":{"allow":["GET"]}}],"collection":[{"href":"https:\/\/fruiturisme.info\/fr\/wp-json\/wp\/v2\/product"}],"about":[{"href":"https:\/\/fruiturisme.info\/fr\/wp-json\/wp\/v2\/types\/product"}],"replies":[{"embeddable":true,"href":"https:\/\/fruiturisme.info\/fr\/wp-json\/wp\/v2\/comments?post=9506"}],"wp:featuredmedia":[{"embeddable":true,"href":"https:\/\/fruiturisme.info\/fr\/wp-json\/wp\/v2\/media\/36016"}],"wp:attachment":[{"href":"https:\/\/fruiturisme.info\/fr\/wp-json\/wp\/v2\/media?parent=9506"}],"wp:term":[{"taxonomy":"product_brand","embeddable":true,"href":"https:\/\/fruiturisme.info\/fr\/wp-json\/wp\/v2\/product_brand?post=9506"},{"taxonomy":"product_cat","embeddable":true,"href":"https:\/\/fruiturisme.info\/fr\/wp-json\/wp\/v2\/product_cat?post=9506"},{"taxonomy":"product_tag","embeddable":true,"href":"https:\/\/fruiturisme.info\/fr\/wp-json\/wp\/v2\/product_tag?post=9506"}],"curies":[{"name":"wp","href":"https:\/\/api.w.org\/{rel}","templated":true}]}}