{"id":37694,"date":"2026-02-11T17:22:48","date_gmt":"2026-02-11T16:22:48","guid":{"rendered":"https:\/\/fruiturisme.info\/?post_type=product&#038;p=37694"},"modified":"2026-03-06T09:57:14","modified_gmt":"2026-03-06T08:57:14","slug":"cueillette-de-cerises","status":"publish","type":"product","link":"https:\/\/fruiturisme.info\/fr\/reservez-votre-experience-7\/cueillette-de-cerises\/","title":{"rendered":"cueillette de cerises"},"content":{"rendered":"","protected":false},"excerpt":{"rendered":"<p>Ce qui est inclus\u00a0:<\/p>\n<ul>\n<li>\ud83c\udf33 Promenade dans les vergers de cerisiers<\/li>\n<li>\ud83e\uddfa Cueillette de cerises<\/li>\n<li>\ud83d\udc68\u200d\ud83c\udf3e Explications sur les vari\u00e9t\u00e9s, la culture et le calendrier des r\u00e9coltes<\/li>\n<li>\ud83e\udd42 <strong>D\u00e9gustation de vermouth<\/strong> <strong>pour 2 personnes <\/strong>pour compl\u00e9ter l&#039;exp\u00e9rience<\/li>\n<li>\u2696\ufe0f <strong>5 kg de cerises<\/strong> pour vous ramener \u00e0 la maison<\/li>\n<\/ul>","protected":false},"featured_media":37695,"comment_status":"closed","ping_status":"closed","template":"","meta":{"inline_featured_image":false},"product_brand":[],"product_cat":[265],"product_tag":[],"class_list":{"0":"post-37694","1":"product","2":"type-product","3":"status-publish","4":"has-post-thumbnail","6":"product_cat-recogidas","8":"first","9":"instock","10":"virtual","11":"purchasable","12":"product-type-simple"},"group_of_quantity":0,"min_quantity":0,"max_quantity":10,"exclude_order_quantity_value_rules":"no","exclude_category_quantity_rules":"no","combine_variations":"no","_links":{"self":[{"href":"https:\/\/fruiturisme.info\/fr\/wp-json\/wp\/v2\/product\/37694","targetHints":{"allow":["GET"]}}],"collection":[{"href":"https:\/\/fruiturisme.info\/fr\/wp-json\/wp\/v2\/product"}],"about":[{"href":"https:\/\/fruiturisme.info\/fr\/wp-json\/wp\/v2\/types\/product"}],"replies":[{"embeddable":true,"href":"https:\/\/fruiturisme.info\/fr\/wp-json\/wp\/v2\/comments?post=37694"}],"wp:featuredmedia":[{"embeddable":true,"href":"https:\/\/fruiturisme.info\/fr\/wp-json\/wp\/v2\/media\/37695"}],"wp:attachment":[{"href":"https:\/\/fruiturisme.info\/fr\/wp-json\/wp\/v2\/media?parent=37694"}],"wp:term":[{"taxonomy":"product_brand","embeddable":true,"href":"https:\/\/fruiturisme.info\/fr\/wp-json\/wp\/v2\/product_brand?post=37694"},{"taxonomy":"product_cat","embeddable":true,"href":"https:\/\/fruiturisme.info\/fr\/wp-json\/wp\/v2\/product_cat?post=37694"},{"taxonomy":"product_tag","embeddable":true,"href":"https:\/\/fruiturisme.info\/fr\/wp-json\/wp\/v2\/product_tag?post=37694"}],"curies":[{"name":"wp","href":"https:\/\/api.w.org\/{rel}","templated":true}]}}