{"id":9823,"date":"2022-06-09T10:23:42","date_gmt":"2022-06-09T08:23:42","guid":{"rendered":"https:\/\/fruiturisme.info\/?page_id=9823"},"modified":"2022-09-07T09:00:58","modified_gmt":"2022-09-07T07:00:58","slug":"politique-relative-aux-cookies","status":"publish","type":"page","link":"https:\/\/fruiturisme.info\/fr\/politique-relative-aux-cookies\/","title":{"rendered":"Politique relative aux cookies"},"content":{"rendered":"<p>Nous vous avons inform\u00e9s que pour un bon fonctionnement du site web &nbsp;<a href=\"http:\/\/www.xxxx.es\" target=\"_blank\" rel=\"noopener\">www.<\/a>Le site fruiturisme.info utilise des cookies afin de vous offrir un service plus personnalis\u00e9. Ces petits fichiers texte sont enregistr\u00e9s par tous les navigateurs lorsque vous naviguez sur des sites web et utilisez des applications. Ils peuvent collecter l&#039;adresse IP utilis\u00e9e par votre ordinateur pour se connecter au site, l&#039;URL du site consult\u00e9 au moment de la connexion, ainsi que d&#039;autres param\u00e8tres li\u00e9s au syst\u00e8me d&#039;exploitation de votre ordinateur. Ces informations sont collect\u00e9es uniquement pour identifier votre session et faciliter l&#039;analyse du trafic du site.<\/p>\n\n\n\n<p>L\u2019Ajuntament d\u2019Aitona utilise sur son site web des \u201c cookies \u201d de tiers\u00a0:<\/p>\n\n\n\n<ul class=\"wp-block-list\"><li>Cookies analytiques\u00a0: ils nous permettent de quantifier le nombre d\u2019utilisateurs afin de fournir des statistiques sur les services propos\u00e9s sur ce site web. Vos habitudes de navigation sont analys\u00e9es afin d\u2019am\u00e9liorer notre offre de produits et services. Google, Inc., par le biais de Google Analytics, collecte des informations depuis votre ordinateur pour conna\u00eetre votre activit\u00e9 sur le site web\u00a0; ces informations sont stock\u00e9es sur ses serveurs situ\u00e9s aux \u00c9tats-Unis, ce qui implique un transfert international de donn\u00e9es. En acceptant ce type de cookies, vous consentez \u00e0 leur utilisation.<\/li><\/ul>\n\n\n\n<p>En tout \u00e9tat de cause, en cas de collecte de donn\u00e9es personnelles telles que l&#039;adresse IP, ces donn\u00e9es seront trait\u00e9es sous la responsabilit\u00e9 de l&#039;Ajuntament d&#039;Aitona. Ce traitement a pour finalit\u00e9 la gestion et le contr\u00f4le des r\u00e9seaux sociaux ainsi que l&#039;extraction d&#039;informations relatives \u00e0 l&#039;activit\u00e9 de l&#039;utilisateur sur le site web. Ces donn\u00e9es seront transf\u00e9r\u00e9es \u00e0 l&#039;Ajuntament d&#039;Aitona, qui g\u00e8re les cookies, et conserv\u00e9es conform\u00e9ment aux directives de cette soci\u00e9t\u00e9. Ces donn\u00e9es peuvent \u00eatre transf\u00e9r\u00e9es vers des pays tiers\u00a0; pour plus d&#039;informations, veuillez consulter leur politique en mati\u00e8re de cookies via le lien suivant\u00a0: <a href=\"https:\/\/policies.google.com\/privacy?hl=es\" target=\"_blank\" rel=\"noopener\">https:\/\/policies.google.com\/privacy?hl=es<\/a><\/p>\n\n\n\n<p>Conform\u00e9ment \u00e0 la r\u00e9glementation en vigueur sur la protection des donn\u00e9es personnelles, vous \u00eates inform\u00e9(e) que vous pouvez exercer vos droits d&#039;acc\u00e8s, de rectification, d&#039;effacement (droit \u00e0 l&#039;oubli) et de limitation du traitement. Votre demande doit \u00eatre adress\u00e9e \u00e0 l&#039;adresse suivante\u00a0: C\/ Major 6, 25182 Aitona (Lleida) ou par courriel \u00e0 frui.<a href=\"mailto:turisme@ajuntamentaitona.cat\">turisme@ajuntamentaitona.cat<\/a>.<\/p>\n\n\n\n<p>Vous pouvez \u00e9galement d\u00e9poser une plainte aupr\u00e8s de l&#039;Autorit\u00e9 catalane de protection des donn\u00e9es ou contacter le d\u00e9l\u00e9gu\u00e9 \u00e0 la protection des donn\u00e9es. <a href=\"mailto:dpd@ajuntamentaitona.cat\">dpd@ajuntamentaitona.cat<\/a>.<\/p>\n\n\n\n<p>Nous vous avons inform\u00e9s que Google pouvait transf\u00e9rer ces informations \u00e0 des tiers lorsque la loi l&#039;exige ou lorsque ces tiers traitent des informations pour le compte de Google. Google n&#039;associera pas l&#039;adresse IP des utilisateurs \u00e0 d&#039;autres donn\u00e9es en sa possession et, pour cette raison, le traitement sera totalement anonyme.<\/p>\n\n\n\n<p>Pour refuser ou supprimer ce \u201c\u00a0cookie\u00a0\u201d, vous pouvez consulter les adresses suivantes\u00a0:<\/p>\n\n\n\n<p><a href=\"http:\/\/www.google.com\/intl\/ca\/policies\/privacy\/\" target=\"_blank\" rel=\"noopener\">http:\/\/www.google.com\/intl\/ca\/policies\/privacy\/<\/a><\/p>\n\n\n\n<p><a href=\"http:\/\/www.google.com\/intl\/en\/privacypolicy.html\" target=\"_blank\" rel=\"noopener\">http:\/\/www.google.com\/intl\/en\/privacypolicy.html<\/a><\/p>\n\n\n\n<p><strong>BLOQUER LES COOKIES<\/strong><\/p>\n\n\n\n<p>Dans tous les cas, l&#039;utilisateur peut activer l&#039;option de son propre syst\u00e8me de navigation afin d&#039;interdire l&#039;installation de cookies\u00a0;<\/p>\n\n\n\n<p>&nbsp;L&#039;Ajuntament d&#039;Aitona ne sera pas responsable du dysfonctionnement de certains services du site web en raison de la d\u00e9sactivation des cookies.<\/p>\n\n\n\n<p>Vous trouverez dans les liens suivants des instructions qui vous aideront \u00e0 configurer les principaux navigateurs.<\/p>\n\n\n\n<p>Internet Explorer\u00a0:<\/p>\n\n\n\n<figure class=\"wp-block-embed\"><div class=\"wp-block-embed__wrapper\">\nhttps:\/\/support.microsoft.com\/en-us\/help\/17442\/windows-internet-explorer-delete-manage-cookies\n<\/div><\/figure>\n\n\n\n<p>Google Chrome :<\/p>\n\n\n\n<figure class=\"wp-block-embed\"><div class=\"wp-block-embed__wrapper\">\nhttps:\/\/support.google.com\/chrome\/answer\/95647?hl=en\n<\/div><\/figure>\n\n\n\n<p>Mozilla Firefox\u00a0:<\/p>\n\n\n\n<figure class=\"wp-block-embed\"><div class=\"wp-block-embed__wrapper\">\nhttps:\/\/www.mozilla.org\/en-US\/privacy\/websites\/#cookies\n<\/div><\/figure>\n\n\n\n<p>Safari:<\/p>\n\n\n\n<figure class=\"wp-block-embed\"><div class=\"wp-block-embed__wrapper\">\nhttps:\/\/support.apple.com\/kb\/ph21411?locale=en_US\n<\/div><\/figure>\n\n\n\n<p>Safari pour iOS (iPhone, iPad)\u00a0:<\/p>\n\n\n\n<figure class=\"wp-block-embed\"><div class=\"wp-block-embed__wrapper\">\nhttps:\/\/support.apple.com\/en-us\/HT201265\n<\/div><\/figure>\n\n\n\n<p>Chrome pour Android\u00a0:<\/p>\n\n\n\n<figure class=\"wp-block-embed\"><div class=\"wp-block-embed__wrapper\">\nhttps:\/\/support.google.com\/chrome\/answer\/2392971?hl=en\n<\/div><\/figure>\n\n\n\n<p>Pour plus d&#039;informations sur les cookies et la mani\u00e8re de les d\u00e9sactiver selon votre navigateur, veuillez consulter les liens suivants. <a href=\"http:\/\/www.aboutcookies.org\/\" target=\"_blank\" rel=\"noopener\">www.aboutcookies.org<\/a> et <a href=\"http:\/\/www.aboutcookies.org\/Default.aspx?page=1\" target=\"_blank\" rel=\"noopener\">http:\/\/www.aboutcookies.org\/Default.aspx?page=1<\/a><\/p>\n\n\n\n<p>Si vous ne l&#039;avez pas fait, suite aux explications de l&#039;Ajuntament d&#039;Aitona concernant l&#039;utilisation des cookies, nous comprenons que si vous n&#039;avez pas d\u00e9sactiv\u00e9 les cookies, cela implique que vous avez donn\u00e9 votre consentement au traitement de vos donn\u00e9es par Google de la mani\u00e8re sp\u00e9cifi\u00e9e expliqu\u00e9e pr\u00e9c\u00e9demment pour la finalit\u00e9 d\u00e9crite.<\/p>\n\n\n\n<p>En cas de doute ou pour toute autre question, vous pouvez contacter l&#039;Ajuntament d&#039;Aitona via le service client ou en envoyant un courriel \u00e0 frui<a href=\"mailto:turisme@ajuntamentaitona.cat\">turisme@ajuntamentaitona.cat<\/a>.<\/p>","protected":false},"excerpt":{"rendered":"<p>We informed you that for a good functioning of the website &nbsp;www.fruiturisme.info &nbsp;&nbsp;the browser system uses some data for browsing (\u201cCookies\u201d) in order to offer you a more specialized service to its users. The cookies are small text files that all browsers store when you navigate on websites and apps. You can collect the IP [&hellip;]<\/p>","protected":false},"author":5,"featured_media":0,"parent":0,"menu_order":0,"comment_status":"closed","ping_status":"closed","template":"","meta":{"inline_featured_image":false,"footnotes":""},"class_list":["post-9823","page","type-page","status-publish","hentry"],"_links":{"self":[{"href":"https:\/\/fruiturisme.info\/fr\/wp-json\/wp\/v2\/pages\/9823","targetHints":{"allow":["GET"]}}],"collection":[{"href":"https:\/\/fruiturisme.info\/fr\/wp-json\/wp\/v2\/pages"}],"about":[{"href":"https:\/\/fruiturisme.info\/fr\/wp-json\/wp\/v2\/types\/page"}],"author":[{"embeddable":true,"href":"https:\/\/fruiturisme.info\/fr\/wp-json\/wp\/v2\/users\/5"}],"replies":[{"embeddable":true,"href":"https:\/\/fruiturisme.info\/fr\/wp-json\/wp\/v2\/comments?post=9823"}],"version-history":[{"count":3,"href":"https:\/\/fruiturisme.info\/fr\/wp-json\/wp\/v2\/pages\/9823\/revisions"}],"predecessor-version":[{"id":10327,"href":"https:\/\/fruiturisme.info\/fr\/wp-json\/wp\/v2\/pages\/9823\/revisions\/10327"}],"wp:attachment":[{"href":"https:\/\/fruiturisme.info\/fr\/wp-json\/wp\/v2\/media?parent=9823"}],"curies":[{"name":"wp","href":"https:\/\/api.w.org\/{rel}","templated":true}]}}