{"id":38145,"date":"2026-02-17T17:31:46","date_gmt":"2026-02-17T16:31:46","guid":{"rendered":"https:\/\/fruiturisme.info\/?page_id=38145"},"modified":"2026-03-03T12:19:18","modified_gmt":"2026-03-03T11:19:18","slug":"mer-blanche-plus-lauree","status":"publish","type":"page","link":"https:\/\/fruiturisme.info\/fr\/mer-blanche-plus-lauree\/","title":{"rendered":"Mer Blanche Mas Llaurad\u00f3"},"content":{"rendered":"<div data-elementor-type=\"wp-page\" data-elementor-id=\"38145\" class=\"elementor elementor-38145\" data-elementor-post-type=\"page\">\n\t\t\t\t<div class=\"elementor-element elementor-element-36494c1 e-flex e-con-boxed e-con e-parent\" data-id=\"36494c1\" data-element_type=\"container\" data-e-type=\"container\" data-settings=\"{&quot;background_background&quot;:&quot;classic&quot;}\">\n\t\t\t\t\t<div class=\"e-con-inner\">\n\t\t<div class=\"elementor-element elementor-element-1a35607 e-grid e-con-full e-con e-child\" data-id=\"1a35607\" data-element_type=\"container\" data-e-type=\"container\" data-settings=\"{&quot;background_background&quot;:&quot;classic&quot;}\">\n\t\t<div class=\"elementor-element elementor-element-054939b e-con-full e-flex e-con e-child\" data-id=\"054939b\" data-element_type=\"container\" data-e-type=\"container\">\n\t\t\t\t<div class=\"elementor-element elementor-element-c67f00b elementor-widget elementor-widget-heading\" data-id=\"c67f00b\" data-element_type=\"widget\" data-e-type=\"widget\" data-widget_type=\"heading.default\">\n\t\t\t\t<div class=\"elementor-widget-container\">\n\t\t\t\t\t<h2 class=\"elementor-heading-title elementor-size-default\">TOURISME FRUITIER<\/h2>\t\t\t\t<\/div>\n\t\t\t\t<\/div>\n\t\t\t\t<div class=\"elementor-element elementor-element-574bb1a elementor-widget elementor-widget-heading\" data-id=\"574bb1a\" data-element_type=\"widget\" data-e-type=\"widget\" data-widget_type=\"heading.default\">\n\t\t\t\t<div class=\"elementor-widget-container\">\n\t\t\t\t\t<h1 class=\"elementor-heading-title elementor-size-default\">Mer Blanche Mas Llaurad\u00f3<\/h1>\t\t\t\t<\/div>\n\t\t\t\t<\/div>\n\t\t\t\t<div class=\"elementor-element elementor-element-ac0be64 elementor-widget-divider--view-line elementor-widget elementor-widget-divider\" data-id=\"ac0be64\" data-element_type=\"widget\" data-e-type=\"widget\" data-widget_type=\"divider.default\">\n\t\t\t\t<div class=\"elementor-widget-container\">\n\t\t\t\t\t\t\t<div class=\"elementor-divider\">\n\t\t\t<span class=\"elementor-divider-separator\">\n\t\t\t\t\t\t<\/span>\n\t\t<\/div>\n\t\t\t\t\t\t<\/div>\n\t\t\t\t<\/div>\n\t\t\t\t<div class=\"elementor-element elementor-element-19e9f5c elementor-align-center elementor-widget elementor-widget-button\" data-id=\"19e9f5c\" data-element_type=\"widget\" data-e-type=\"widget\" data-widget_type=\"button.default\">\n\t\t\t\t<div class=\"elementor-widget-container\">\n\t\t\t\t\t\t\t\t\t<div class=\"elementor-button-wrapper\">\n\t\t\t\t\t<a class=\"elementor-button elementor-button-link elementor-size-sm\" href=\"#reserva-vermut\">\n\t\t\t\t\t\t<span class=\"elementor-button-content-wrapper\">\n\t\t\t\t\t\t<span class=\"elementor-button-icon\">\n\t\t\t\t<i aria-hidden=\"true\" class=\"fas fa-arrow-alt-circle-right\"><\/i>\t\t\t<\/span>\n\t\t\t\t\t\t\t\t\t<span class=\"elementor-button-text\">R\u00e9serve<\/span>\n\t\t\t\t\t<\/span>\n\t\t\t\t\t<\/a>\n\t\t\t\t<\/div>\n\t\t\t\t\t\t\t\t<\/div>\n\t\t\t\t<\/div>\n\t\t\t\t<\/div>\n\t\t<div class=\"elementor-element elementor-element-71ffe0d e-con-full e-flex e-con e-child\" data-id=\"71ffe0d\" data-element_type=\"container\" data-e-type=\"container\">\n\t\t\t\t<div class=\"elementor-element elementor-element-d6a2d19 elementor-widget elementor-widget-image\" data-id=\"d6a2d19\" data-element_type=\"widget\" data-e-type=\"widget\" data-widget_type=\"image.default\">\n\t\t\t\t<div class=\"elementor-widget-container\">\n\t\t\t\t\t\t\t\t\t\t\t\t\t\t\t<img fetchpriority=\"high\" decoding=\"async\" width=\"457\" height=\"457\" src=\"https:\/\/fruiturisme.info\/wp-content\/uploads\/experiencia-estacional-1.webp\" class=\"attachment-large size-large wp-image-36409\" alt=\"\" srcset=\"https:\/\/fruiturisme.info\/wp-content\/uploads\/experiencia-estacional-1.webp 457w, https:\/\/fruiturisme.info\/wp-content\/uploads\/experiencia-estacional-1-352x352.webp 352w, https:\/\/fruiturisme.info\/wp-content\/uploads\/experiencia-estacional-1-160x160.webp 160w, https:\/\/fruiturisme.info\/wp-content\/uploads\/experiencia-estacional-1-300x300.webp 300w, https:\/\/fruiturisme.info\/wp-content\/uploads\/experiencia-estacional-1-12x12.webp 12w, https:\/\/fruiturisme.info\/wp-content\/uploads\/experiencia-estacional-1-100x100.webp 100w\" sizes=\"(max-width: 457px) 100vw, 457px\" \/>\t\t\t\t\t\t\t\t\t\t\t\t\t\t\t<\/div>\n\t\t\t\t<\/div>\n\t\t\t\t<\/div>\n\t\t\t\t<\/div>\n\t\t\t\t\t<\/div>\n\t\t\t\t<\/div>\n\t\t<div class=\"elementor-element elementor-element-25a08c4 e-flex e-con-boxed e-con e-parent\" data-id=\"25a08c4\" data-element_type=\"container\" data-e-type=\"container\">\n\t\t\t\t\t<div class=\"e-con-inner\">\n\t\t<div class=\"elementor-element elementor-element-6a79de8 e-grid e-con-full e-con e-child\" data-id=\"6a79de8\" data-element_type=\"container\" data-e-type=\"container\">\n\t\t<div class=\"elementor-element elementor-element-61c73c8 e-con-full e-flex e-con e-child\" data-id=\"61c73c8\" data-element_type=\"container\" data-e-type=\"container\">\n\t\t\t\t<div class=\"elementor-element elementor-element-8b68067 elementor-widget elementor-widget-heading\" data-id=\"8b68067\" data-element_type=\"widget\" data-e-type=\"widget\" data-widget_type=\"heading.default\">\n\t\t\t\t<div class=\"elementor-widget-container\">\n\t\t\t\t\t<h2 class=\"elementor-heading-title elementor-size-default\">Visite guid\u00e9e des amandiers en fleurs \u00e0 Aitona\n<\/h2>\t\t\t\t<\/div>\n\t\t\t\t<\/div>\n\t\t\t\t<div class=\"elementor-element elementor-element-c5de204 elementor-widget elementor-widget-text-editor\" data-id=\"c5de204\" data-element_type=\"widget\" data-e-type=\"widget\" data-widget_type=\"text-editor.default\">\n\t\t\t\t<div class=\"elementor-widget-container\">\n\t\t\t\t\t\t\t\t\t<p>\ud83c\udf3c\ud83e\udd0d Visitez la mer blanche et la cath\u00e9drale de Masos de Volta : Mas Llaurad\u00f3<\/p><p>Vivez une exp\u00e9rience unique au milieu des amandiers en fleurs gr\u00e2ce \u00e0 une visite guid\u00e9e de 90 minutes \u00e0 travers la mer blanche et avec un arr\u00eat sp\u00e9cial au Mas Llaurad\u00f3, consid\u00e9r\u00e9 comme le plus grand refuge de montagne de Catalogne.<\/p><p>Un itin\u00e9raire \u00e0 la d\u00e9couverte des paysages, du patrimoine et de l&#039;architecture traditionnelle au moment le plus spectaculaire de la floraison.<\/p><p>\ud83d\udd52 Horaires<br \/>\u25aa\ufe0f Jours 21, 22, 28 et 29 \u2014 \u00e0 11 h 00<br \/>\u25aa\ufe0f Jour 21 \u2014 \u00e9galement \u00e0 17h00<\/p><p>\ud83d\udcb6 Prix<br \/>Adultes : 12 \u20ac<br \/>Enfants (de 4 \u00e0 11 ans) : 6 \u20ac<\/p><p>\ud83c\udf38 Nature, histoire et fleurs \u00e9panouies, tout en une seule visite. Places limit\u00e9es \u2013 r\u00e9servation conseill\u00e9e.<\/p><p>Les animaux domestiques doivent voyager dans une cage de transport en soute.<\/p><p><strong>*Aucune modification ni annulation n&#039;est accept\u00e9e<\/strong><\/p>\t\t\t\t\t\t\t\t<\/div>\n\t\t\t\t<\/div>\n\t\t\t\t<\/div>\n\t\t\t\t<div class=\"elementor-element elementor-element-ca1785c elementor-widget elementor-widget-image\" data-id=\"ca1785c\" data-element_type=\"widget\" data-e-type=\"widget\" data-widget_type=\"image.default\">\n\t\t\t\t<div class=\"elementor-widget-container\">\n\t\t\t\t\t\t\t\t\t\t\t\t\t\t\t<img decoding=\"async\" width=\"660\" height=\"931\" src=\"https:\/\/fruiturisme.info\/wp-content\/uploads\/mar-blanco.jpeg\" class=\"attachment-large size-large wp-image-38148\" alt=\"Mer Blanche\" srcset=\"https:\/\/fruiturisme.info\/wp-content\/uploads\/mar-blanco.jpeg 660w, https:\/\/fruiturisme.info\/wp-content\/uploads\/mar-blanco-352x497.jpeg 352w, https:\/\/fruiturisme.info\/wp-content\/uploads\/mar-blanco-9x12.jpeg 9w\" sizes=\"(max-width: 660px) 100vw, 660px\" \/>\t\t\t\t\t\t\t\t\t\t\t\t\t\t\t<\/div>\n\t\t\t\t<\/div>\n\t\t\t\t<\/div>\n\t\t\t\t\t<\/div>\n\t\t\t\t<\/div>\n\t\t<div class=\"elementor-element elementor-element-eb1bb5e e-flex e-con-boxed e-con e-parent\" data-id=\"eb1bb5e\" data-element_type=\"container\" data-e-type=\"container\">\n\t\t\t\t\t<div class=\"e-con-inner\">\n\t\t\t\t<div class=\"elementor-element elementor-element-60907a3 elementor-widget elementor-widget-menu-anchor\" data-id=\"60907a3\" data-element_type=\"widget\" data-e-type=\"widget\" data-widget_type=\"menu-anchor.default\">\n\t\t\t\t<div class=\"elementor-widget-container\">\n\t\t\t\t\t\t\t<div class=\"elementor-menu-anchor\" id=\"reserva-vermut\"><\/div>\n\t\t\t\t\t\t<\/div>\n\t\t\t\t<\/div>\n\t\t\t\t\t<\/div>\n\t\t\t\t<\/div>\n\t\t<div class=\"elementor-element elementor-element-13d5bda e-flex e-con-boxed e-con e-parent\" data-id=\"13d5bda\" data-element_type=\"container\" data-e-type=\"container\">\n\t\t\t\t\t<div class=\"e-con-inner\">\n\t\t\t\t<div class=\"elementor-element elementor-element-ae8858d elementor-widget elementor-widget-heading\" data-id=\"ae8858d\" data-element_type=\"widget\" data-e-type=\"widget\" data-widget_type=\"heading.default\">\n\t\t\t\t<div class=\"elementor-widget-container\">\n\t\t\t\t\t<h2 class=\"elementor-heading-title elementor-size-default\">Choisissez une date et r\u00e9servez votre exp\u00e9rience<\/h2>\t\t\t\t<\/div>\n\t\t\t\t<\/div>\n\t\t\t\t<div class=\"elementor-element elementor-element-4cf5e04 elementor-widget elementor-widget-MEC\" data-id=\"4cf5e04\" data-element_type=\"widget\" data-e-type=\"widget\" data-widget_type=\"MEC.default\">\n\t\t\t\t<div class=\"elementor-widget-container\">\n\t\t\t\t\t<div class=\"mec-wrap mec-events-agenda-container\" id=\"mec_skin_38163\">\r\n\r\n    \r\n        <div class=\"mec-skin-agenda-events-container\" id=\"mec_skin_events_38163\">\r\n        Aucun \u00e9v\u00e9nement trouv\u00e9 !    <\/div>\r\n    \r\n    \r\n<\/div>\r\n\t\t\t\t<\/div>\n\t\t\t\t<\/div>\n\t\t\t\t\t<\/div>\n\t\t\t\t<\/div>\n\t\t\t\t<\/div>","protected":false},"excerpt":{"rendered":"<p>FRUITURISME Reservar Ruta guiada por la floraci\u00f3n de los almendros de aitona \ud83c\udf3c\ud83e\udd0d Visita el mar blanco y la catedral de los Masos de Volta: Mas Llaurad\u00f3 Vive una experiencia \u00fanica entre almendros floridos con un recorrido guiado de 90 minutos por el mar blanco y con parada especial en Mas Llaurad\u00f3, considerada la mayor [&hellip;]<\/p>","protected":false},"author":5,"featured_media":38148,"parent":0,"menu_order":0,"comment_status":"closed","ping_status":"closed","template":"","meta":{"inline_featured_image":false,"footnotes":""},"class_list":["post-38145","page","type-page","status-publish","has-post-thumbnail","hentry"],"_links":{"self":[{"href":"https:\/\/fruiturisme.info\/fr\/wp-json\/wp\/v2\/pages\/38145","targetHints":{"allow":["GET"]}}],"collection":[{"href":"https:\/\/fruiturisme.info\/fr\/wp-json\/wp\/v2\/pages"}],"about":[{"href":"https:\/\/fruiturisme.info\/fr\/wp-json\/wp\/v2\/types\/page"}],"author":[{"embeddable":true,"href":"https:\/\/fruiturisme.info\/fr\/wp-json\/wp\/v2\/users\/5"}],"replies":[{"embeddable":true,"href":"https:\/\/fruiturisme.info\/fr\/wp-json\/wp\/v2\/comments?post=38145"}],"version-history":[{"count":16,"href":"https:\/\/fruiturisme.info\/fr\/wp-json\/wp\/v2\/pages\/38145\/revisions"}],"predecessor-version":[{"id":41051,"href":"https:\/\/fruiturisme.info\/fr\/wp-json\/wp\/v2\/pages\/38145\/revisions\/41051"}],"wp:featuredmedia":[{"embeddable":true,"href":"https:\/\/fruiturisme.info\/fr\/wp-json\/wp\/v2\/media\/38148"}],"wp:attachment":[{"href":"https:\/\/fruiturisme.info\/fr\/wp-json\/wp\/v2\/media?parent=38145"}],"curies":[{"name":"wp","href":"https:\/\/api.w.org\/{rel}","templated":true}]}}