{"id":38094,"date":"2026-02-17T16:18:19","date_gmt":"2026-02-17T15:18:19","guid":{"rendered":"https:\/\/fruiturisme.info\/?page_id=38094"},"modified":"2026-02-17T17:16:07","modified_gmt":"2026-02-17T16:16:07","slug":"laventure-sepanouit","status":"publish","type":"page","link":"https:\/\/fruiturisme.info\/fr\/laventure-sepanouit\/","title":{"rendered":"L&#039;aventure s&#039;\u00e9panouit !"},"content":{"rendered":"<div data-elementor-type=\"wp-page\" data-elementor-id=\"38094\" class=\"elementor elementor-38094\" data-elementor-post-type=\"page\">\n\t\t\t\t<div class=\"elementor-element elementor-element-36494c1 e-flex e-con-boxed e-con e-parent\" data-id=\"36494c1\" data-element_type=\"container\" data-e-type=\"container\" data-settings=\"{&quot;background_background&quot;:&quot;classic&quot;}\">\n\t\t\t\t\t<div class=\"e-con-inner\">\n\t\t<div class=\"elementor-element elementor-element-1a35607 e-grid e-con-full e-con e-child\" data-id=\"1a35607\" data-element_type=\"container\" data-e-type=\"container\" data-settings=\"{&quot;background_background&quot;:&quot;classic&quot;}\">\n\t\t<div class=\"elementor-element elementor-element-054939b e-con-full e-flex e-con e-child\" data-id=\"054939b\" data-element_type=\"container\" data-e-type=\"container\">\n\t\t\t\t<div class=\"elementor-element elementor-element-c67f00b elementor-widget elementor-widget-heading\" data-id=\"c67f00b\" data-element_type=\"widget\" data-e-type=\"widget\" data-widget_type=\"heading.default\">\n\t\t\t\t<div class=\"elementor-widget-container\">\n\t\t\t\t\t<h2 class=\"elementor-heading-title elementor-size-default\">TOURISME FRUITIER<\/h2>\t\t\t\t<\/div>\n\t\t\t\t<\/div>\n\t\t\t\t<div class=\"elementor-element elementor-element-574bb1a elementor-widget elementor-widget-heading\" data-id=\"574bb1a\" data-element_type=\"widget\" data-e-type=\"widget\" data-widget_type=\"heading.default\">\n\t\t\t\t<div class=\"elementor-widget-container\">\n\t\t\t\t\t<h1 class=\"elementor-heading-title elementor-size-default\">L&#039;aventure s&#039;\u00e9panouit !<\/h1>\t\t\t\t<\/div>\n\t\t\t\t<\/div>\n\t\t\t\t<div class=\"elementor-element elementor-element-ac0be64 elementor-widget-divider--view-line elementor-widget elementor-widget-divider\" data-id=\"ac0be64\" data-element_type=\"widget\" data-e-type=\"widget\" data-widget_type=\"divider.default\">\n\t\t\t\t<div class=\"elementor-widget-container\">\n\t\t\t\t\t\t\t<div class=\"elementor-divider\">\n\t\t\t<span class=\"elementor-divider-separator\">\n\t\t\t\t\t\t<\/span>\n\t\t<\/div>\n\t\t\t\t\t\t<\/div>\n\t\t\t\t<\/div>\n\t\t\t\t<div class=\"elementor-element elementor-element-19e9f5c elementor-align-center elementor-widget elementor-widget-button\" data-id=\"19e9f5c\" data-element_type=\"widget\" data-e-type=\"widget\" data-widget_type=\"button.default\">\n\t\t\t\t<div class=\"elementor-widget-container\">\n\t\t\t\t\t\t\t\t\t<div class=\"elementor-button-wrapper\">\n\t\t\t\t\t<a class=\"elementor-button elementor-button-link elementor-size-sm\" href=\"#reserva-vermut\">\n\t\t\t\t\t\t<span class=\"elementor-button-content-wrapper\">\n\t\t\t\t\t\t<span class=\"elementor-button-icon\">\n\t\t\t\t<i aria-hidden=\"true\" class=\"fas fa-arrow-alt-circle-right\"><\/i>\t\t\t<\/span>\n\t\t\t\t\t\t\t\t\t<span class=\"elementor-button-text\">R\u00e9serve<\/span>\n\t\t\t\t\t<\/span>\n\t\t\t\t\t<\/a>\n\t\t\t\t<\/div>\n\t\t\t\t\t\t\t\t<\/div>\n\t\t\t\t<\/div>\n\t\t\t\t<\/div>\n\t\t<div class=\"elementor-element elementor-element-71ffe0d e-con-full e-flex e-con e-child\" data-id=\"71ffe0d\" data-element_type=\"container\" data-e-type=\"container\">\n\t\t\t\t<div class=\"elementor-element elementor-element-d6a2d19 elementor-widget elementor-widget-image\" data-id=\"d6a2d19\" data-element_type=\"widget\" data-e-type=\"widget\" data-widget_type=\"image.default\">\n\t\t\t\t<div class=\"elementor-widget-container\">\n\t\t\t\t\t\t\t\t\t\t\t\t\t\t\t<img fetchpriority=\"high\" decoding=\"async\" width=\"457\" height=\"457\" src=\"https:\/\/fruiturisme.info\/wp-content\/uploads\/experiencia-estacional-1.webp\" class=\"attachment-large size-large wp-image-36409\" alt=\"\" srcset=\"https:\/\/fruiturisme.info\/wp-content\/uploads\/experiencia-estacional-1.webp 457w, https:\/\/fruiturisme.info\/wp-content\/uploads\/experiencia-estacional-1-352x352.webp 352w, https:\/\/fruiturisme.info\/wp-content\/uploads\/experiencia-estacional-1-160x160.webp 160w, https:\/\/fruiturisme.info\/wp-content\/uploads\/experiencia-estacional-1-300x300.webp 300w, https:\/\/fruiturisme.info\/wp-content\/uploads\/experiencia-estacional-1-12x12.webp 12w, https:\/\/fruiturisme.info\/wp-content\/uploads\/experiencia-estacional-1-100x100.webp 100w\" sizes=\"(max-width: 457px) 100vw, 457px\" \/>\t\t\t\t\t\t\t\t\t\t\t\t\t\t\t<\/div>\n\t\t\t\t<\/div>\n\t\t\t\t<\/div>\n\t\t\t\t<\/div>\n\t\t\t\t\t<\/div>\n\t\t\t\t<\/div>\n\t\t<div class=\"elementor-element elementor-element-25a08c4 e-flex e-con-boxed e-con e-parent\" data-id=\"25a08c4\" data-element_type=\"container\" data-e-type=\"container\">\n\t\t\t\t\t<div class=\"e-con-inner\">\n\t\t<div class=\"elementor-element elementor-element-6a79de8 e-grid e-con-full e-con e-child\" data-id=\"6a79de8\" data-element_type=\"container\" data-e-type=\"container\">\n\t\t<div class=\"elementor-element elementor-element-61c73c8 e-con-full e-flex e-con e-child\" data-id=\"61c73c8\" data-element_type=\"container\" data-e-type=\"container\">\n\t\t\t\t<div class=\"elementor-element elementor-element-8b68067 elementor-widget elementor-widget-heading\" data-id=\"8b68067\" data-element_type=\"widget\" data-e-type=\"widget\" data-widget_type=\"heading.default\">\n\t\t\t\t<div class=\"elementor-widget-container\">\n\t\t\t\t\t<h2 class=\"elementor-heading-title elementor-size-default\">L&#039;aventure s&#039;\u00e9panouit !<\/br><\/br>\nPlongez au c\u0153ur de la floraison d&#039;Aitona gr\u00e2ce \u00e0 des itin\u00e9raires 4x4 exclusifs.<\/h2>\t\t\t\t<\/div>\n\t\t\t\t<\/div>\n\t\t\t\t<div class=\"elementor-element elementor-element-c5de204 elementor-widget elementor-widget-text-editor\" data-id=\"c5de204\" data-element_type=\"widget\" data-e-type=\"widget\" data-widget_type=\"text-editor.default\">\n\t\t\t\t<div class=\"elementor-widget-container\">\n\t\t\t\t\t\t\t\t\t<p>\ud83c\udf38\ud83d\ude99 L&#039;aventure s&#039;\u00e9panouit !<\/p><p>D\u00e9couvrez les recoins uniques d&#039;Aitona en pleine floraison lors d&#039;une excursion personnalis\u00e9e en 4x4 \u00e0 travers champs fleuris et paysages marins roses. Une exp\u00e9rience guid\u00e9e diff\u00e9rente, con\u00e7ue sur mesure pour votre groupe.<\/p><p>\ud83d\udcc5 Week-ends de mars entre le 6 et le 22<\/p><p>\ud83d\udce9 En semaine\u00a0: sur demande en \u00e9crivant \u00e0 <a href=\"mailto:fruiturisme@ajuntamentaitona.cat\">fruiturisme@ajuntamentaitona.cat<\/a><\/p><p>\ud83d\udc65 Minimum 4 personnes<\/p><p>\ud83d\udcb6 45 \u20ac par personne<\/p><p>Apr\u00e8s la visite, une d\u00e9gustation de produits locaux sera propos\u00e9e (km0).<\/p><p>La nature, l&#039;\u00e9motion et la terre \u00e0 l&#039;\u00e9tat pur. \u00c7a vous tente\u00a0? \ud83c\udf38<\/p>\t\t\t\t\t\t\t\t<\/div>\n\t\t\t\t<\/div>\n\t\t\t\t<\/div>\n\t\t\t\t<div class=\"elementor-element elementor-element-ca1785c elementor-widget elementor-widget-image\" data-id=\"ca1785c\" data-element_type=\"widget\" data-e-type=\"widget\" data-widget_type=\"image.default\">\n\t\t\t\t<div class=\"elementor-widget-container\">\n\t\t\t\t\t\t\t\t\t\t\t\t\t\t\t<img decoding=\"async\" width=\"800\" height=\"1131\" src=\"https:\/\/fruiturisme.info\/wp-content\/uploads\/florece-aventura-1120x1583.jpeg\" class=\"attachment-large size-large wp-image-38096\" alt=\"L&#039;aventure s&#039;\u00e9panouit !\" srcset=\"https:\/\/fruiturisme.info\/wp-content\/uploads\/florece-aventura-1120x1583.jpeg 1120w, https:\/\/fruiturisme.info\/wp-content\/uploads\/florece-aventura-352x498.jpeg 352w, https:\/\/fruiturisme.info\/wp-content\/uploads\/florece-aventura-768x1086.jpeg 768w, https:\/\/fruiturisme.info\/wp-content\/uploads\/florece-aventura-1087x1536.jpeg 1087w, https:\/\/fruiturisme.info\/wp-content\/uploads\/florece-aventura-8x12.jpeg 8w, https:\/\/fruiturisme.info\/wp-content\/uploads\/florece-aventura-900x1272.jpeg 900w, https:\/\/fruiturisme.info\/wp-content\/uploads\/florece-aventura.jpeg 1132w\" sizes=\"(max-width: 800px) 100vw, 800px\" \/>\t\t\t\t\t\t\t\t\t\t\t\t\t\t\t<\/div>\n\t\t\t\t<\/div>\n\t\t\t\t<\/div>\n\t\t\t\t\t<\/div>\n\t\t\t\t<\/div>\n\t\t<div class=\"elementor-element elementor-element-eb1bb5e e-flex e-con-boxed e-con e-parent\" data-id=\"eb1bb5e\" data-element_type=\"container\" data-e-type=\"container\">\n\t\t\t\t\t<div class=\"e-con-inner\">\n\t\t\t\t<div class=\"elementor-element elementor-element-60907a3 elementor-widget elementor-widget-menu-anchor\" data-id=\"60907a3\" data-element_type=\"widget\" data-e-type=\"widget\" data-widget_type=\"menu-anchor.default\">\n\t\t\t\t<div class=\"elementor-widget-container\">\n\t\t\t\t\t\t\t<div class=\"elementor-menu-anchor\" id=\"reserva-vermut\"><\/div>\n\t\t\t\t\t\t<\/div>\n\t\t\t\t<\/div>\n\t\t\t\t\t<\/div>\n\t\t\t\t<\/div>\n\t\t<div class=\"elementor-element elementor-element-13d5bda e-flex e-con-boxed e-con e-parent\" data-id=\"13d5bda\" data-element_type=\"container\" data-e-type=\"container\">\n\t\t\t\t\t<div class=\"e-con-inner\">\n\t\t\t\t<div class=\"elementor-element elementor-element-ae8858d elementor-widget elementor-widget-heading\" data-id=\"ae8858d\" data-element_type=\"widget\" data-e-type=\"widget\" data-widget_type=\"heading.default\">\n\t\t\t\t<div class=\"elementor-widget-container\">\n\t\t\t\t\t<h2 class=\"elementor-heading-title elementor-size-default\">Choisissez une date et r\u00e9servez votre exp\u00e9rience<\/h2>\t\t\t\t<\/div>\n\t\t\t\t<\/div>\n\t\t\t\t<div class=\"elementor-element elementor-element-4cf5e04 elementor-widget elementor-widget-MEC\" data-id=\"4cf5e04\" data-element_type=\"widget\" data-e-type=\"widget\" data-widget_type=\"MEC.default\">\n\t\t\t\t<div class=\"elementor-widget-container\">\n\t\t\t\t\t<div class=\"mec-wrap mec-events-agenda-container\" id=\"mec_skin_38117\">\r\n\r\n    \r\n        <div class=\"mec-skin-agenda-events-container\" id=\"mec_skin_events_38117\">\r\n        Aucun \u00e9v\u00e9nement trouv\u00e9 !    <\/div>\r\n    \r\n    \r\n<\/div>\r\n\t\t\t\t<\/div>\n\t\t\t\t<\/div>\n\t\t\t\t\t<\/div>\n\t\t\t\t<\/div>\n\t\t\t\t<\/div>","protected":false},"excerpt":{"rendered":"<p>FRUITURISME Reservar \u00a1Florece la aventura! Ad\u00e9ntrate en la floraci\u00f3n de Aitona con rutas exclusivas en 4&#215;4 \ud83c\udf38\ud83d\ude99 Florece la aventura! Descubre rincones \u00fanicos de Aitona en plena floraci\u00f3n con un recorrido personalizado en 4&#215;4 entre campos floridos y paisajes de mar rosa. Una experiencia diferente, guiada y adaptada a su grupo. \ud83d\udcc5 Fines de semana [&hellip;]<\/p>","protected":false},"author":5,"featured_media":38096,"parent":0,"menu_order":0,"comment_status":"closed","ping_status":"closed","template":"","meta":{"inline_featured_image":false,"footnotes":""},"class_list":["post-38094","page","type-page","status-publish","has-post-thumbnail","hentry"],"_links":{"self":[{"href":"https:\/\/fruiturisme.info\/fr\/wp-json\/wp\/v2\/pages\/38094","targetHints":{"allow":["GET"]}}],"collection":[{"href":"https:\/\/fruiturisme.info\/fr\/wp-json\/wp\/v2\/pages"}],"about":[{"href":"https:\/\/fruiturisme.info\/fr\/wp-json\/wp\/v2\/types\/page"}],"author":[{"embeddable":true,"href":"https:\/\/fruiturisme.info\/fr\/wp-json\/wp\/v2\/users\/5"}],"replies":[{"embeddable":true,"href":"https:\/\/fruiturisme.info\/fr\/wp-json\/wp\/v2\/comments?post=38094"}],"version-history":[{"count":28,"href":"https:\/\/fruiturisme.info\/fr\/wp-json\/wp\/v2\/pages\/38094\/revisions"}],"predecessor-version":[{"id":38133,"href":"https:\/\/fruiturisme.info\/fr\/wp-json\/wp\/v2\/pages\/38094\/revisions\/38133"}],"wp:featuredmedia":[{"embeddable":true,"href":"https:\/\/fruiturisme.info\/fr\/wp-json\/wp\/v2\/media\/38096"}],"wp:attachment":[{"href":"https:\/\/fruiturisme.info\/fr\/wp-json\/wp\/v2\/media?parent=38094"}],"curies":[{"name":"wp","href":"https:\/\/api.w.org\/{rel}","templated":true}]}}