{"id":37760,"date":"2026-02-12T12:49:03","date_gmt":"2026-02-12T11:49:03","guid":{"rendered":"https:\/\/fruiturisme.info\/?page_id=37760"},"modified":"2026-02-18T13:14:45","modified_gmt":"2026-02-18T12:14:45","slug":"recolte-dolives","status":"publish","type":"page","link":"https:\/\/fruiturisme.info\/fr\/recolte-dolives\/","title":{"rendered":"r\u00e9colte des olives"},"content":{"rendered":"<div data-elementor-type=\"wp-page\" data-elementor-id=\"37760\" class=\"elementor elementor-37760\" data-elementor-post-type=\"page\">\n\t\t\t\t<div class=\"elementor-element elementor-element-4ea13b1 e-flex e-con-boxed e-con e-parent\" data-id=\"4ea13b1\" data-element_type=\"container\" data-e-type=\"container\">\n\t\t\t\t\t<div class=\"e-con-inner\">\n\t\t<div class=\"elementor-element elementor-element-ae9d9bf e-grid e-con-full e-con e-child\" data-id=\"ae9d9bf\" data-element_type=\"container\" data-e-type=\"container\">\n\t\t<div class=\"elementor-element elementor-element-f411f2e e-con-full e-flex e-con e-child\" data-id=\"f411f2e\" data-element_type=\"container\" data-e-type=\"container\">\n\t\t\t\t<div class=\"elementor-element elementor-element-f60bf75 elementor-widget elementor-widget-heading\" data-id=\"f60bf75\" data-element_type=\"widget\" data-e-type=\"widget\" data-widget_type=\"heading.default\">\n\t\t\t\t<div class=\"elementor-widget-container\">\n\t\t\t\t\t<h2 class=\"elementor-heading-title elementor-size-default\">TOURISME FRUITIER<\/h2>\t\t\t\t<\/div>\n\t\t\t\t<\/div>\n\t\t\t\t<div class=\"elementor-element elementor-element-8d74ef0 elementor-widget elementor-widget-heading\" data-id=\"8d74ef0\" data-element_type=\"widget\" data-e-type=\"widget\" data-widget_type=\"heading.default\">\n\t\t\t\t<div class=\"elementor-widget-container\">\n\t\t\t\t\t<h1 class=\"elementor-heading-title elementor-size-default\">r\u00e9colte des olives<\/h1>\t\t\t\t<\/div>\n\t\t\t\t<\/div>\n\t\t\t\t<div class=\"elementor-element elementor-element-9280440 elementor-widget-divider--view-line elementor-widget elementor-widget-divider\" data-id=\"9280440\" data-element_type=\"widget\" data-e-type=\"widget\" data-widget_type=\"divider.default\">\n\t\t\t\t<div class=\"elementor-widget-container\">\n\t\t\t\t\t\t\t<div class=\"elementor-divider\">\n\t\t\t<span class=\"elementor-divider-separator\">\n\t\t\t\t\t\t<\/span>\n\t\t<\/div>\n\t\t\t\t\t\t<\/div>\n\t\t\t\t<\/div>\n\t\t\t\t<div class=\"elementor-element elementor-element-5c4bac6 elementor-mobile-align-start elementor-icon-list--layout-traditional elementor-list-item-link-full_width elementor-widget elementor-widget-icon-list\" data-id=\"5c4bac6\" data-element_type=\"widget\" data-e-type=\"widget\" data-widget_type=\"icon-list.default\">\n\t\t\t\t<div class=\"elementor-widget-container\">\n\t\t\t\t\t\t\t<ul class=\"elementor-icon-list-items\">\n\t\t\t\t\t\t\t<li class=\"elementor-icon-list-item\">\n\t\t\t\t\t\t\t\t\t\t\t<span class=\"elementor-icon-list-icon\">\n\t\t\t\t\t\t\t<i aria-hidden=\"true\" class=\"far fa-calendar-alt\"><\/i>\t\t\t\t\t\t<\/span>\n\t\t\t\t\t\t\t\t\t\t<span class=\"elementor-icon-list-text\">Novembre<\/span>\n\t\t\t\t\t\t\t\t\t<\/li>\n\t\t\t\t\t\t<\/ul>\n\t\t\t\t\t\t<\/div>\n\t\t\t\t<\/div>\n\t\t\t\t<\/div>\n\t\t<div class=\"elementor-element elementor-element-1b43142 e-con-full e-flex e-con e-child\" data-id=\"1b43142\" data-element_type=\"container\" data-e-type=\"container\">\n\t\t\t\t<div class=\"elementor-element elementor-element-3186772 elementor-widget elementor-widget-image\" data-id=\"3186772\" data-element_type=\"widget\" data-e-type=\"widget\" data-widget_type=\"image.default\">\n\t\t\t\t<div class=\"elementor-widget-container\">\n\t\t\t\t\t\t\t\t\t\t\t\t\t\t\t<img fetchpriority=\"high\" decoding=\"async\" width=\"457\" height=\"457\" src=\"https:\/\/fruiturisme.info\/wp-content\/uploads\/experiencia-estacional.webp\" class=\"attachment-large size-large wp-image-36159\" alt=\"\" srcset=\"https:\/\/fruiturisme.info\/wp-content\/uploads\/experiencia-estacional.webp 457w, https:\/\/fruiturisme.info\/wp-content\/uploads\/experiencia-estacional-352x352.webp 352w, https:\/\/fruiturisme.info\/wp-content\/uploads\/experiencia-estacional-160x160.webp 160w, https:\/\/fruiturisme.info\/wp-content\/uploads\/experiencia-estacional-300x300.webp 300w, https:\/\/fruiturisme.info\/wp-content\/uploads\/experiencia-estacional-12x12.webp 12w, https:\/\/fruiturisme.info\/wp-content\/uploads\/experiencia-estacional-100x100.webp 100w\" sizes=\"(max-width: 457px) 100vw, 457px\" \/>\t\t\t\t\t\t\t\t\t\t\t\t\t\t\t<\/div>\n\t\t\t\t<\/div>\n\t\t\t\t<\/div>\n\t\t\t\t<\/div>\n\t\t\t\t\t<\/div>\n\t\t\t\t<\/div>\n\t\t<div class=\"elementor-element elementor-element-50df086 e-flex e-con-boxed e-con e-parent\" data-id=\"50df086\" data-element_type=\"container\" data-e-type=\"container\">\n\t\t\t\t\t<div class=\"e-con-inner\">\n\t\t<div class=\"elementor-element elementor-element-34af396 e-grid e-con-full e-con e-child\" data-id=\"34af396\" data-element_type=\"container\" data-e-type=\"container\">\n\t\t<div class=\"elementor-element elementor-element-3b9a460 e-con-full e-flex e-con e-child\" data-id=\"3b9a460\" data-element_type=\"container\" data-e-type=\"container\">\n\t\t\t\t<div class=\"elementor-element elementor-element-cde2488 elementor-widget elementor-widget-heading\" data-id=\"cde2488\" data-element_type=\"widget\" data-e-type=\"widget\" data-widget_type=\"heading.default\">\n\t\t\t\t<div class=\"elementor-widget-container\">\n\t\t\t\t\t<h2 class=\"elementor-heading-title elementor-size-default\">r\u00e9colte des olives<\/h2>\t\t\t\t<\/div>\n\t\t\t\t<\/div>\n\t\t\t\t<div class=\"elementor-element elementor-element-ac9163f elementor-widget elementor-widget-text-editor\" data-id=\"ac9163f\" data-element_type=\"widget\" data-e-type=\"widget\" data-widget_type=\"text-editor.default\">\n\t\t\t\t<div class=\"elementor-widget-container\">\n\t\t\t\t\t\t\t\t\t<p>Venez participer \u00e0 la r\u00e9colte des olives en novembre et d\u00e9couvrez comment est fabriqu\u00e9e l&#039;huile d&#039;olive ! \ud83e\uded2\ud83c\udf3f<\/p><p>Nous vous ouvrons les portes de la campagne ol\u00e9icole en pleine saison des r\u00e9coltes pour vous faire vivre une authentique journ\u00e9e de vendanges et d\u00e9couvrir de pr\u00e8s le parcours de l&#039;olive jusqu&#039;\u00e0 sa transformation en huile. Nature, tradition et bon go\u00fbt r\u00e9unis en une seule exp\u00e9rience.<\/p>\t\t\t\t\t\t\t\t<\/div>\n\t\t\t\t<\/div>\n\t\t\t\t<div class=\"elementor-element elementor-element-4c422a5 elementor-widget elementor-widget-heading\" data-id=\"4c422a5\" data-element_type=\"widget\" data-e-type=\"widget\" data-widget_type=\"heading.default\">\n\t\t\t\t<div class=\"elementor-widget-container\">\n\t\t\t\t\t<h2 class=\"elementor-heading-title elementor-size-default\">Qu&#039;est-ce qui vous attend ?<\/h2>\t\t\t\t<\/div>\n\t\t\t\t<\/div>\n\t\t\t\t<div class=\"elementor-element elementor-element-2dd642a elementor-widget elementor-widget-text-editor\" data-id=\"2dd642a\" data-element_type=\"widget\" data-e-type=\"widget\" data-widget_type=\"text-editor.default\">\n\t\t\t\t<div class=\"elementor-widget-container\">\n\t\t\t\t\t\t\t\t\t<ul><li>\ud83c\udf33 La r\u00e9colte des olives dans les champs avec des explications pratiques<\/li><li>\ud83d\udc68\u200d\ud83c\udf3e Introduction aux vari\u00e9t\u00e9s et \u00e0 la p\u00e9riode optimale de r\u00e9colte<\/li><li>\ud83e\uded2 Connaissance du processus de production p\u00e9troli\u00e8re<\/li><li>\ud83e\uddf4 <strong>1 litre d&#039;huile<\/strong> pour vous ramener \u00e0 la maison<\/li><li>\ud83e\udd42 <strong>D\u00e9gustation de vermouth pour 2 personnes<\/strong>\u00a0\u00e0 partager et \u00e0 appr\u00e9cier en fin de journ\u00e9e<\/li><\/ul>\t\t\t\t\t\t\t\t<\/div>\n\t\t\t\t<\/div>\n\t\t\t\t<div class=\"elementor-element elementor-element-12ecb75 elementor-widget elementor-widget-heading\" data-id=\"12ecb75\" data-element_type=\"widget\" data-e-type=\"widget\" data-widget_type=\"heading.default\">\n\t\t\t\t<div class=\"elementor-widget-container\">\n\t\t\t\t\t<h2 class=\"elementor-heading-title elementor-size-default\">Avantages de la participation<\/h2>\t\t\t\t<\/div>\n\t\t\t\t<\/div>\n\t\t\t\t<div class=\"elementor-element elementor-element-edbd625 elementor-widget elementor-widget-text-editor\" data-id=\"edbd625\" data-element_type=\"widget\" data-e-type=\"widget\" data-widget_type=\"text-editor.default\">\n\t\t\t\t<div class=\"elementor-widget-container\">\n\t\t\t\t\t\t\t\t\t<ul><li>Exp\u00e9rience rurale authentique et saisonni\u00e8re<\/li><li>Une activit\u00e9 de plein air saine et participative<\/li><li>Lien direct avec la culture de l&#039;huile d&#039;olive<\/li><li>Id\u00e9al pour les familles, les groupes et les gourmands<\/li><li>Produit local et de qualit\u00e9<\/li><\/ul>\t\t\t\t\t\t\t\t<\/div>\n\t\t\t\t<\/div>\n\t\t\t\t<div class=\"elementor-element elementor-element-2daab81 elementor-widget elementor-widget-text-editor\" data-id=\"2daab81\" data-element_type=\"widget\" data-e-type=\"widget\" data-widget_type=\"text-editor.default\">\n\t\t\t\t<div class=\"elementor-widget-container\">\n\t\t\t\t\t\t\t\t\t<p>Novembre embaume les olives nouvelles\u00a0: venez r\u00e9colter, apprendre et savourer ce nectar pr\u00e9cieux de la r\u00e9gion. Si vous le souhaitez, je peux \u00e9galement adapter tous les textes relatifs aux r\u00e9coltes en un programme d\u2019activit\u00e9s annuel.<\/p>\t\t\t\t\t\t\t\t<\/div>\n\t\t\t\t<\/div>\n\t\t\t\t<\/div>\n\t\t<div class=\"elementor-element elementor-element-6adbd6b e-con-full e-flex e-con e-child\" data-id=\"6adbd6b\" data-element_type=\"container\" data-e-type=\"container\">\n\t\t\t\t<div class=\"elementor-element elementor-element-2b23ce6 elementor-widget elementor-widget-image\" data-id=\"2b23ce6\" data-element_type=\"widget\" data-e-type=\"widget\" data-widget_type=\"image.default\">\n\t\t\t\t<div class=\"elementor-widget-container\">\n\t\t\t\t\t\t\t\t\t\t\t\t\t\t\t<img decoding=\"async\" width=\"623\" height=\"620\" src=\"https:\/\/fruiturisme.info\/wp-content\/uploads\/recogida-aceitunas.jpeg\" class=\"attachment-large size-large wp-image-37763\" alt=\"r\u00e9colte des olives\" srcset=\"https:\/\/fruiturisme.info\/wp-content\/uploads\/recogida-aceitunas.jpeg 623w, https:\/\/fruiturisme.info\/wp-content\/uploads\/recogida-aceitunas-352x350.jpeg 352w, https:\/\/fruiturisme.info\/wp-content\/uploads\/recogida-aceitunas-160x160.jpeg 160w, https:\/\/fruiturisme.info\/wp-content\/uploads\/recogida-aceitunas-300x300.jpeg 300w, https:\/\/fruiturisme.info\/wp-content\/uploads\/recogida-aceitunas-12x12.jpeg 12w, https:\/\/fruiturisme.info\/wp-content\/uploads\/recogida-aceitunas-100x100.jpeg 100w\" sizes=\"(max-width: 623px) 100vw, 623px\" \/>\t\t\t\t\t\t\t\t\t\t\t\t\t\t\t<\/div>\n\t\t\t\t<\/div>\n\t\t\t\t<div class=\"elementor-element elementor-element-7a70d11 elementor-align-center elementor-widget__width-inherit elementor-widget elementor-widget-button\" data-id=\"7a70d11\" data-element_type=\"widget\" data-e-type=\"widget\" data-widget_type=\"button.default\">\n\t\t\t\t<div class=\"elementor-widget-container\">\n\t\t\t\t\t\t\t\t\t<div class=\"elementor-button-wrapper\">\n\t\t\t\t\t<a class=\"elementor-button elementor-button-link elementor-size-sm\" href=\"https:\/\/fruiturisme.info\/fr\/reservez-votre-experience-7\/recolte-dolives\/\">\n\t\t\t\t\t\t<span class=\"elementor-button-content-wrapper\">\n\t\t\t\t\t\t<span class=\"elementor-button-icon\">\n\t\t\t\t<i aria-hidden=\"true\" class=\"fas fa-arrow-alt-circle-right\"><\/i>\t\t\t<\/span>\n\t\t\t\t\t\t\t\t\t<span class=\"elementor-button-text\">R\u00e9servez une exp\u00e9rience<\/span>\n\t\t\t\t\t<\/span>\n\t\t\t\t\t<\/a>\n\t\t\t\t<\/div>\n\t\t\t\t\t\t\t\t<\/div>\n\t\t\t\t<\/div>\n\t\t\t\t<\/div>\n\t\t\t\t<\/div>\n\t\t\t\t\t<\/div>\n\t\t\t\t<\/div>\n\t\t\t\t<\/div>","protected":false},"excerpt":{"rendered":"<p>FRUITURISME Noviembre Recogida de aceitunas \u00a1Ven a participar en la cosecha de aceitunas del mes de noviembre y descubre c\u00f3mo nace el aceite! \ud83e\uded2\ud83c\udf3f Te abrimos las puertas del campo en plena temporada de aceituna para que vivas una jornada aut\u00e9ntica de cosecha y conozcas de primera mano el camino que hace el fruto hasta [&hellip;]<\/p>","protected":false},"author":5,"featured_media":0,"parent":0,"menu_order":0,"comment_status":"closed","ping_status":"closed","template":"","meta":{"inline_featured_image":false,"footnotes":""},"class_list":["post-37760","page","type-page","status-publish","hentry"],"_links":{"self":[{"href":"https:\/\/fruiturisme.info\/fr\/wp-json\/wp\/v2\/pages\/37760","targetHints":{"allow":["GET"]}}],"collection":[{"href":"https:\/\/fruiturisme.info\/fr\/wp-json\/wp\/v2\/pages"}],"about":[{"href":"https:\/\/fruiturisme.info\/fr\/wp-json\/wp\/v2\/types\/page"}],"author":[{"embeddable":true,"href":"https:\/\/fruiturisme.info\/fr\/wp-json\/wp\/v2\/users\/5"}],"replies":[{"embeddable":true,"href":"https:\/\/fruiturisme.info\/fr\/wp-json\/wp\/v2\/comments?post=37760"}],"version-history":[{"count":13,"href":"https:\/\/fruiturisme.info\/fr\/wp-json\/wp\/v2\/pages\/37760\/revisions"}],"predecessor-version":[{"id":38252,"href":"https:\/\/fruiturisme.info\/fr\/wp-json\/wp\/v2\/pages\/37760\/revisions\/38252"}],"wp:attachment":[{"href":"https:\/\/fruiturisme.info\/fr\/wp-json\/wp\/v2\/media?parent=37760"}],"curies":[{"name":"wp","href":"https:\/\/api.w.org\/{rel}","templated":true}]}}