{"id":37732,"date":"2026-02-12T11:07:41","date_gmt":"2026-02-12T10:07:41","guid":{"rendered":"https:\/\/fruiturisme.info\/?page_id=37732"},"modified":"2026-02-18T13:14:29","modified_gmt":"2026-02-18T12:14:29","slug":"recolte-des-noix","status":"publish","type":"page","link":"https:\/\/fruiturisme.info\/fr\/recolte-des-noix\/","title":{"rendered":"r\u00e9colte des noix"},"content":{"rendered":"<div data-elementor-type=\"wp-page\" data-elementor-id=\"37732\" class=\"elementor elementor-37732\" data-elementor-post-type=\"page\">\n\t\t\t\t<div class=\"elementor-element elementor-element-4ea13b1 e-flex e-con-boxed e-con e-parent\" data-id=\"4ea13b1\" data-element_type=\"container\" data-e-type=\"container\">\n\t\t\t\t\t<div class=\"e-con-inner\">\n\t\t<div class=\"elementor-element elementor-element-ae9d9bf e-grid e-con-full e-con e-child\" data-id=\"ae9d9bf\" data-element_type=\"container\" data-e-type=\"container\">\n\t\t<div class=\"elementor-element elementor-element-f411f2e e-con-full e-flex e-con e-child\" data-id=\"f411f2e\" data-element_type=\"container\" data-e-type=\"container\">\n\t\t\t\t<div class=\"elementor-element elementor-element-f60bf75 elementor-widget elementor-widget-heading\" data-id=\"f60bf75\" data-element_type=\"widget\" data-e-type=\"widget\" data-widget_type=\"heading.default\">\n\t\t\t\t<div class=\"elementor-widget-container\">\n\t\t\t\t\t<h2 class=\"elementor-heading-title elementor-size-default\">TOURISME FRUITIER<\/h2>\t\t\t\t<\/div>\n\t\t\t\t<\/div>\n\t\t\t\t<div class=\"elementor-element elementor-element-8d74ef0 elementor-widget elementor-widget-heading\" data-id=\"8d74ef0\" data-element_type=\"widget\" data-e-type=\"widget\" data-widget_type=\"heading.default\">\n\t\t\t\t<div class=\"elementor-widget-container\">\n\t\t\t\t\t<h1 class=\"elementor-heading-title elementor-size-default\">r\u00e9colte des noix<\/h1>\t\t\t\t<\/div>\n\t\t\t\t<\/div>\n\t\t\t\t<div class=\"elementor-element elementor-element-9280440 elementor-widget-divider--view-line elementor-widget elementor-widget-divider\" data-id=\"9280440\" data-element_type=\"widget\" data-e-type=\"widget\" data-widget_type=\"divider.default\">\n\t\t\t\t<div class=\"elementor-widget-container\">\n\t\t\t\t\t\t\t<div class=\"elementor-divider\">\n\t\t\t<span class=\"elementor-divider-separator\">\n\t\t\t\t\t\t<\/span>\n\t\t<\/div>\n\t\t\t\t\t\t<\/div>\n\t\t\t\t<\/div>\n\t\t\t\t<div class=\"elementor-element elementor-element-5c4bac6 elementor-mobile-align-start elementor-icon-list--layout-traditional elementor-list-item-link-full_width elementor-widget elementor-widget-icon-list\" data-id=\"5c4bac6\" data-element_type=\"widget\" data-e-type=\"widget\" data-widget_type=\"icon-list.default\">\n\t\t\t\t<div class=\"elementor-widget-container\">\n\t\t\t\t\t\t\t<ul class=\"elementor-icon-list-items\">\n\t\t\t\t\t\t\t<li class=\"elementor-icon-list-item\">\n\t\t\t\t\t\t\t\t\t\t\t<span class=\"elementor-icon-list-icon\">\n\t\t\t\t\t\t\t<i aria-hidden=\"true\" class=\"far fa-calendar-alt\"><\/i>\t\t\t\t\t\t<\/span>\n\t\t\t\t\t\t\t\t\t\t<span class=\"elementor-icon-list-text\">Octobre<\/span>\n\t\t\t\t\t\t\t\t\t<\/li>\n\t\t\t\t\t\t<\/ul>\n\t\t\t\t\t\t<\/div>\n\t\t\t\t<\/div>\n\t\t\t\t<\/div>\n\t\t<div class=\"elementor-element elementor-element-1b43142 e-con-full e-flex e-con e-child\" data-id=\"1b43142\" data-element_type=\"container\" data-e-type=\"container\">\n\t\t\t\t<div class=\"elementor-element elementor-element-3186772 elementor-widget elementor-widget-image\" data-id=\"3186772\" data-element_type=\"widget\" data-e-type=\"widget\" data-widget_type=\"image.default\">\n\t\t\t\t<div class=\"elementor-widget-container\">\n\t\t\t\t\t\t\t\t\t\t\t\t\t\t\t<img fetchpriority=\"high\" decoding=\"async\" width=\"457\" height=\"457\" src=\"https:\/\/fruiturisme.info\/wp-content\/uploads\/experiencia-estacional.webp\" class=\"attachment-large size-large wp-image-36159\" alt=\"\" srcset=\"https:\/\/fruiturisme.info\/wp-content\/uploads\/experiencia-estacional.webp 457w, https:\/\/fruiturisme.info\/wp-content\/uploads\/experiencia-estacional-352x352.webp 352w, https:\/\/fruiturisme.info\/wp-content\/uploads\/experiencia-estacional-160x160.webp 160w, https:\/\/fruiturisme.info\/wp-content\/uploads\/experiencia-estacional-300x300.webp 300w, https:\/\/fruiturisme.info\/wp-content\/uploads\/experiencia-estacional-12x12.webp 12w, https:\/\/fruiturisme.info\/wp-content\/uploads\/experiencia-estacional-100x100.webp 100w\" sizes=\"(max-width: 457px) 100vw, 457px\" \/>\t\t\t\t\t\t\t\t\t\t\t\t\t\t\t<\/div>\n\t\t\t\t<\/div>\n\t\t\t\t<\/div>\n\t\t\t\t<\/div>\n\t\t\t\t\t<\/div>\n\t\t\t\t<\/div>\n\t\t<div class=\"elementor-element elementor-element-50df086 e-flex e-con-boxed e-con e-parent\" data-id=\"50df086\" data-element_type=\"container\" data-e-type=\"container\">\n\t\t\t\t\t<div class=\"e-con-inner\">\n\t\t<div class=\"elementor-element elementor-element-34af396 e-grid e-con-full e-con e-child\" data-id=\"34af396\" data-element_type=\"container\" data-e-type=\"container\">\n\t\t<div class=\"elementor-element elementor-element-3b9a460 e-con-full e-flex e-con e-child\" data-id=\"3b9a460\" data-element_type=\"container\" data-e-type=\"container\">\n\t\t\t\t<div class=\"elementor-element elementor-element-cde2488 elementor-widget elementor-widget-heading\" data-id=\"cde2488\" data-element_type=\"widget\" data-e-type=\"widget\" data-widget_type=\"heading.default\">\n\t\t\t\t<div class=\"elementor-widget-container\">\n\t\t\t\t\t<h2 class=\"elementor-heading-title elementor-size-default\">r\u00e9colte des noix<\/h2>\t\t\t\t<\/div>\n\t\t\t\t<\/div>\n\t\t\t\t<div class=\"elementor-element elementor-element-ac9163f elementor-widget elementor-widget-text-editor\" data-id=\"ac9163f\" data-element_type=\"widget\" data-e-type=\"widget\" data-widget_type=\"text-editor.default\">\n\t\t\t\t<div class=\"elementor-widget-container\">\n\t\t\t\t\t\t\t\t\t<p>Venez d\u00e9couvrir la r\u00e9colte des noix et tout son processus, du champ \u00e0 l&#039;assiette ! \ud83c\udf30\ud83c\udf33<\/p><p>Nous vous proposons une exp\u00e9rience unique pour d\u00e9couvrir de pr\u00e8s le processus de transformation des noix et leur parcours complet jusqu&#039;\u00e0 leur consommation. Une activit\u00e9 guid\u00e9e, instructive et gourmande.<\/p>\t\t\t\t\t\t\t\t<\/div>\n\t\t\t\t<\/div>\n\t\t\t\t<div class=\"elementor-element elementor-element-4c422a5 elementor-widget elementor-widget-heading\" data-id=\"4c422a5\" data-element_type=\"widget\" data-e-type=\"widget\" data-widget_type=\"heading.default\">\n\t\t\t\t<div class=\"elementor-widget-container\">\n\t\t\t\t\t<h2 class=\"elementor-heading-title elementor-size-default\">Qu&#039;est-ce qui vous attend ?<\/h2>\t\t\t\t<\/div>\n\t\t\t\t<\/div>\n\t\t\t\t<div class=\"elementor-element elementor-element-2dd642a elementor-widget elementor-widget-text-editor\" data-id=\"2dd642a\" data-element_type=\"widget\" data-e-type=\"widget\" data-widget_type=\"text-editor.default\">\n\t\t\t\t<div class=\"elementor-widget-container\">\n\t\t\t\t\t\t\t\t\t<ul><li>\ud83d\ude9c Visitez les champs o\u00f9 sont cultiv\u00e9es et transform\u00e9es les noix<\/li><li>\ud83d\udc68\u200d\ud83c\udf3e Explication du cycle de culture et du moment des r\u00e9coltes<\/li><li>\ud83c\udfed Entrez dans l&#039;\u00e9tablissement pour d\u00e9couvrir l&#039;ensemble du processus de transformation et de traitement.<\/li><li>\ud83d\udcda Connaissances pratiques sur la s\u00e9lection, le s\u00e9chage et la pr\u00e9paration<\/li><li>\u2696\ufe0f <strong>2 kg de noix<\/strong> pour vous ramener \u00e0 la maison<\/li><li>\ud83e\udd42 <strong>D\u00e9gustation de vermouth pour 2 personnes<\/strong> pour clore la visite<\/li><\/ul>\t\t\t\t\t\t\t\t<\/div>\n\t\t\t\t<\/div>\n\t\t\t\t<div class=\"elementor-element elementor-element-f416475 elementor-widget elementor-widget-text-editor\" data-id=\"f416475\" data-element_type=\"widget\" data-e-type=\"widget\" data-widget_type=\"text-editor.default\">\n\t\t\t\t<div class=\"elementor-widget-container\">\n\t\t\t\t\t\t\t\t\t<p><strong>Important\u00a0: Les noix ne peuvent pas \u00eatre r\u00e9colt\u00e9es directement pour la consommation\u00a0; lors de la visite, vous d\u00e9couvrirez pourquoi elles doivent \u00eatre trait\u00e9es et comment le faire correctement.<\/strong><\/p>\t\t\t\t\t\t\t\t<\/div>\n\t\t\t\t<\/div>\n\t\t\t\t<div class=\"elementor-element elementor-element-12ecb75 elementor-widget elementor-widget-heading\" data-id=\"12ecb75\" data-element_type=\"widget\" data-e-type=\"widget\" data-widget_type=\"heading.default\">\n\t\t\t\t<div class=\"elementor-widget-container\">\n\t\t\t\t\t<h2 class=\"elementor-heading-title elementor-size-default\">Avantages de la participation<\/h2>\t\t\t\t<\/div>\n\t\t\t\t<\/div>\n\t\t\t\t<div class=\"elementor-element elementor-element-edbd625 elementor-widget elementor-widget-text-editor\" data-id=\"edbd625\" data-element_type=\"widget\" data-e-type=\"widget\" data-widget_type=\"text-editor.default\">\n\t\t\t\t<div class=\"elementor-widget-container\">\n\t\t\t\t\t\t\t\t\t<ul><li>Connaissance r\u00e9elle du produit et du processus agricole<\/li><li>exp\u00e9rience \u00e9ducative et guid\u00e9e<\/li><li>Produit local et de qualit\u00e9<\/li><li>Activit\u00e9 id\u00e9ale pour les groupes, les familles et les personnes curieuses du monde rural<\/li><li>Dernier moment de d\u00e9gustation pour savourer le r\u00e9sultat<\/li><\/ul>\t\t\t\t\t\t\t\t<\/div>\n\t\t\t\t<\/div>\n\t\t\t\t<div class=\"elementor-element elementor-element-2daab81 elementor-widget elementor-widget-text-editor\" data-id=\"2daab81\" data-element_type=\"widget\" data-e-type=\"widget\" data-widget_type=\"text-editor.default\">\n\t\t\t\t<div class=\"elementor-widget-container\">\n\t\t\t\t\t\t\t\t\t<p>Une occasion parfaite de comprendre, de go\u00fbter et d&#039;appr\u00e9cier le travail qui se cache derri\u00e8re chaque neuf.<\/p>\t\t\t\t\t\t\t\t<\/div>\n\t\t\t\t<\/div>\n\t\t\t\t<\/div>\n\t\t<div class=\"elementor-element elementor-element-6adbd6b e-con-full e-flex e-con e-child\" data-id=\"6adbd6b\" data-element_type=\"container\" data-e-type=\"container\">\n\t\t\t\t<div class=\"elementor-element elementor-element-2b23ce6 elementor-widget elementor-widget-image\" data-id=\"2b23ce6\" data-element_type=\"widget\" data-e-type=\"widget\" data-widget_type=\"image.default\">\n\t\t\t\t<div class=\"elementor-widget-container\">\n\t\t\t\t\t\t\t\t\t\t\t\t\t\t\t<img decoding=\"async\" width=\"606\" height=\"606\" src=\"https:\/\/fruiturisme.info\/wp-content\/uploads\/recogida-nueces.jpeg\" class=\"attachment-large size-large wp-image-37734\" alt=\"r\u00e9colte des noix\" srcset=\"https:\/\/fruiturisme.info\/wp-content\/uploads\/recogida-nueces.jpeg 606w, https:\/\/fruiturisme.info\/wp-content\/uploads\/recogida-nueces-352x352.jpeg 352w, https:\/\/fruiturisme.info\/wp-content\/uploads\/recogida-nueces-160x160.jpeg 160w, https:\/\/fruiturisme.info\/wp-content\/uploads\/recogida-nueces-300x300.jpeg 300w, https:\/\/fruiturisme.info\/wp-content\/uploads\/recogida-nueces-500x500.jpeg 500w, https:\/\/fruiturisme.info\/wp-content\/uploads\/recogida-nueces-12x12.jpeg 12w, https:\/\/fruiturisme.info\/wp-content\/uploads\/recogida-nueces-100x100.jpeg 100w\" sizes=\"(max-width: 606px) 100vw, 606px\" \/>\t\t\t\t\t\t\t\t\t\t\t\t\t\t\t<\/div>\n\t\t\t\t<\/div>\n\t\t\t\t<div class=\"elementor-element elementor-element-7a70d11 elementor-align-center elementor-widget__width-inherit elementor-widget elementor-widget-button\" data-id=\"7a70d11\" data-element_type=\"widget\" data-e-type=\"widget\" data-widget_type=\"button.default\">\n\t\t\t\t<div class=\"elementor-widget-container\">\n\t\t\t\t\t\t\t\t\t<div class=\"elementor-button-wrapper\">\n\t\t\t\t\t<a class=\"elementor-button elementor-button-link elementor-size-sm\" href=\"https:\/\/fruiturisme.info\/fr\/reservez-votre-experience-7\/recolte-des-noix\/\">\n\t\t\t\t\t\t<span class=\"elementor-button-content-wrapper\">\n\t\t\t\t\t\t<span class=\"elementor-button-icon\">\n\t\t\t\t<i aria-hidden=\"true\" class=\"fas fa-arrow-alt-circle-right\"><\/i>\t\t\t<\/span>\n\t\t\t\t\t\t\t\t\t<span class=\"elementor-button-text\">R\u00e9servez une exp\u00e9rience<\/span>\n\t\t\t\t\t<\/span>\n\t\t\t\t\t<\/a>\n\t\t\t\t<\/div>\n\t\t\t\t\t\t\t\t<\/div>\n\t\t\t\t<\/div>\n\t\t\t\t<\/div>\n\t\t\t\t<\/div>\n\t\t\t\t\t<\/div>\n\t\t\t\t<\/div>\n\t\t\t\t<\/div>","protected":false},"excerpt":{"rendered":"<p>FRUITURISME Octubre Recogida de nueces \u00a1Ven a descubrir la cosecha de nueces y todo su proceso, del campo a la mesa! \ud83c\udf30\ud83c\udf33 Te proponemos una experiencia diferente para conocer de cerca c\u00f3mo se trabaja la nuez y todo el recorrido que hace hasta llegar a punto para el consumo. Una actividad guiada, divulgativa y muy [&hellip;]<\/p>","protected":false},"author":5,"featured_media":0,"parent":0,"menu_order":0,"comment_status":"closed","ping_status":"closed","template":"","meta":{"inline_featured_image":false,"footnotes":""},"class_list":["post-37732","page","type-page","status-publish","hentry"],"_links":{"self":[{"href":"https:\/\/fruiturisme.info\/fr\/wp-json\/wp\/v2\/pages\/37732","targetHints":{"allow":["GET"]}}],"collection":[{"href":"https:\/\/fruiturisme.info\/fr\/wp-json\/wp\/v2\/pages"}],"about":[{"href":"https:\/\/fruiturisme.info\/fr\/wp-json\/wp\/v2\/types\/page"}],"author":[{"embeddable":true,"href":"https:\/\/fruiturisme.info\/fr\/wp-json\/wp\/v2\/users\/5"}],"replies":[{"embeddable":true,"href":"https:\/\/fruiturisme.info\/fr\/wp-json\/wp\/v2\/comments?post=37732"}],"version-history":[{"count":19,"href":"https:\/\/fruiturisme.info\/fr\/wp-json\/wp\/v2\/pages\/37732\/revisions"}],"predecessor-version":[{"id":38249,"href":"https:\/\/fruiturisme.info\/fr\/wp-json\/wp\/v2\/pages\/37732\/revisions\/38249"}],"wp:attachment":[{"href":"https:\/\/fruiturisme.info\/fr\/wp-json\/wp\/v2\/media?parent=37732"}],"curies":[{"name":"wp","href":"https:\/\/api.w.org\/{rel}","templated":true}]}}