{"id":36889,"date":"2026-01-29T10:32:55","date_gmt":"2026-01-29T09:32:55","guid":{"rendered":"https:\/\/fruiturisme.info\/?page_id=36889"},"modified":"2026-01-29T11:16:06","modified_gmt":"2026-01-29T10:16:06","slug":"festival-du-fruiturisme","status":"publish","type":"page","link":"https:\/\/fruiturisme.info\/fr\/festival-du-fruiturisme\/","title":{"rendered":"Festival du tourisme fruitier"},"content":{"rendered":"<div data-elementor-type=\"wp-page\" data-elementor-id=\"36889\" class=\"elementor elementor-36889\" data-elementor-post-type=\"page\">\n\t\t\t\t<div class=\"elementor-element elementor-element-36494c1 e-flex e-con-boxed e-con e-parent\" data-id=\"36494c1\" data-element_type=\"container\" data-e-type=\"container\" data-settings=\"{&quot;background_background&quot;:&quot;classic&quot;}\">\n\t\t\t\t\t<div class=\"e-con-inner\">\n\t\t<div class=\"elementor-element elementor-element-1a35607 e-grid e-con-full e-con e-child\" data-id=\"1a35607\" data-element_type=\"container\" data-e-type=\"container\" data-settings=\"{&quot;background_background&quot;:&quot;classic&quot;}\">\n\t\t<div class=\"elementor-element elementor-element-054939b e-con-full e-flex e-con e-child\" data-id=\"054939b\" data-element_type=\"container\" data-e-type=\"container\">\n\t\t\t\t<div class=\"elementor-element elementor-element-c67f00b elementor-widget elementor-widget-heading\" data-id=\"c67f00b\" data-element_type=\"widget\" data-e-type=\"widget\" data-widget_type=\"heading.default\">\n\t\t\t\t<div class=\"elementor-widget-container\">\n\t\t\t\t\t<h2 class=\"elementor-heading-title elementor-size-default\">TOURISME FRUITIER<\/h2>\t\t\t\t<\/div>\n\t\t\t\t<\/div>\n\t\t\t\t<div class=\"elementor-element elementor-element-574bb1a elementor-widget elementor-widget-heading\" data-id=\"574bb1a\" data-element_type=\"widget\" data-e-type=\"widget\" data-widget_type=\"heading.default\">\n\t\t\t\t<div class=\"elementor-widget-container\">\n\t\t\t\t\t<h1 class=\"elementor-heading-title elementor-size-default\">Festival du tourisme fruitier<\/h1>\t\t\t\t<\/div>\n\t\t\t\t<\/div>\n\t\t\t\t<div class=\"elementor-element elementor-element-ac0be64 elementor-widget-divider--view-line elementor-widget elementor-widget-divider\" data-id=\"ac0be64\" data-element_type=\"widget\" data-e-type=\"widget\" data-widget_type=\"divider.default\">\n\t\t\t\t<div class=\"elementor-widget-container\">\n\t\t\t\t\t\t\t<div class=\"elementor-divider\">\n\t\t\t<span class=\"elementor-divider-separator\">\n\t\t\t\t\t\t<\/span>\n\t\t<\/div>\n\t\t\t\t\t\t<\/div>\n\t\t\t\t<\/div>\n\t\t\t\t<div class=\"elementor-element elementor-element-19e9f5c elementor-align-center elementor-widget elementor-widget-button\" data-id=\"19e9f5c\" data-element_type=\"widget\" data-e-type=\"widget\" data-widget_type=\"button.default\">\n\t\t\t\t<div class=\"elementor-widget-container\">\n\t\t\t\t\t\t\t\t\t<div class=\"elementor-button-wrapper\">\n\t\t\t\t\t<a class=\"elementor-button elementor-button-link elementor-size-sm\" href=\"#reserva-festassa\">\n\t\t\t\t\t\t<span class=\"elementor-button-content-wrapper\">\n\t\t\t\t\t\t<span class=\"elementor-button-icon\">\n\t\t\t\t<i aria-hidden=\"true\" class=\"fas fa-arrow-alt-circle-right\"><\/i>\t\t\t<\/span>\n\t\t\t\t\t\t\t\t\t<span class=\"elementor-button-text\">R\u00e9serve<\/span>\n\t\t\t\t\t<\/span>\n\t\t\t\t\t<\/a>\n\t\t\t\t<\/div>\n\t\t\t\t\t\t\t\t<\/div>\n\t\t\t\t<\/div>\n\t\t\t\t<\/div>\n\t\t<div class=\"elementor-element elementor-element-71ffe0d e-con-full e-flex e-con e-child\" data-id=\"71ffe0d\" data-element_type=\"container\" data-e-type=\"container\">\n\t\t\t\t<div class=\"elementor-element elementor-element-d6a2d19 elementor-widget elementor-widget-image\" data-id=\"d6a2d19\" data-element_type=\"widget\" data-e-type=\"widget\" data-widget_type=\"image.default\">\n\t\t\t\t<div class=\"elementor-widget-container\">\n\t\t\t\t\t\t\t\t\t\t\t\t\t\t\t<img fetchpriority=\"high\" decoding=\"async\" width=\"457\" height=\"457\" src=\"https:\/\/fruiturisme.info\/wp-content\/uploads\/experiencia-estacional-1.webp\" class=\"attachment-large size-large wp-image-36409\" alt=\"\" srcset=\"https:\/\/fruiturisme.info\/wp-content\/uploads\/experiencia-estacional-1.webp 457w, https:\/\/fruiturisme.info\/wp-content\/uploads\/experiencia-estacional-1-352x352.webp 352w, https:\/\/fruiturisme.info\/wp-content\/uploads\/experiencia-estacional-1-160x160.webp 160w, https:\/\/fruiturisme.info\/wp-content\/uploads\/experiencia-estacional-1-300x300.webp 300w, https:\/\/fruiturisme.info\/wp-content\/uploads\/experiencia-estacional-1-12x12.webp 12w, https:\/\/fruiturisme.info\/wp-content\/uploads\/experiencia-estacional-1-100x100.webp 100w\" sizes=\"(max-width: 457px) 100vw, 457px\" \/>\t\t\t\t\t\t\t\t\t\t\t\t\t\t\t<\/div>\n\t\t\t\t<\/div>\n\t\t\t\t<\/div>\n\t\t\t\t<\/div>\n\t\t\t\t\t<\/div>\n\t\t\t\t<\/div>\n\t\t<div class=\"elementor-element elementor-element-25a08c4 e-flex e-con-boxed e-con e-parent\" data-id=\"25a08c4\" data-element_type=\"container\" data-e-type=\"container\">\n\t\t\t\t\t<div class=\"e-con-inner\">\n\t\t<div class=\"elementor-element elementor-element-6a79de8 e-grid e-con-full e-con e-child\" data-id=\"6a79de8\" data-element_type=\"container\" data-e-type=\"container\">\n\t\t<div class=\"elementor-element elementor-element-61c73c8 e-con-full e-flex e-con e-child\" data-id=\"61c73c8\" data-element_type=\"container\" data-e-type=\"container\">\n\t\t\t\t<div class=\"elementor-element elementor-element-c5de204 elementor-widget elementor-widget-text-editor\" data-id=\"c5de204\" data-element_type=\"widget\" data-e-type=\"widget\" data-widget_type=\"text-editor.default\">\n\t\t\t\t<div class=\"elementor-widget-container\">\n\t\t\t\t\t\t\t\t\t<p>\ud83c\udf38\ud83c\udf89 NOUS VOUS ATTENDONS \u00c0 LA FESTASSA DE FRUITURISME \u00c0 AITONA ! \ud83c\udf89\ud83c\udf38<\/p><p>\ud83d\udcc5 Samedi 28 f\u00e9vrier<br \/>\ud83d\udccd Salle de sport d&#039;Aitona<\/p><p>Une journ\u00e9e enti\u00e8re \u00e0 savourer en famille et entre amis \ud83d\udc68\u200d\ud83d\udc69\u200d\ud83d\udc67\u200d\ud83d\udc66\ud83d\udc83<br \/>\ud83c\udf88 Parc gonflable (10 h)<br \/>\ud83d\udd25 Cal\u00e7otada populaire (14h)<br \/>\ud83c\udfb6Concert de Las Que Faltaband (16h)<br \/>\ud83c\udfa7 Musique avec des DJ locaux et f\u00eate jusqu&#039;\u00e0 la nuit tomb\u00e9e<\/p><p>\ud83c\udf7d\ufe0f De la bonne nourriture, \ud83c\udfb5 de la bonne musique et \ud83c\udf38 une super ambiance \u00e0 Aitona !<\/p><p>\ud83c\udf9f\ufe0f 18 \u20ac en pr\u00e9vente | 6 \u20ac pour les enfants (jusqu&#039;\u00e0 12 ans)<\/p><p>\ud83d\udc49 N&#039;h\u00e9sitez pas et venez c\u00e9l\u00e9brer le fruiturisme avec nous !<\/p>\t\t\t\t\t\t\t\t<\/div>\n\t\t\t\t<\/div>\n\t\t\t\t<\/div>\n\t\t\t\t<div class=\"elementor-element elementor-element-ca1785c elementor-widget elementor-widget-image\" data-id=\"ca1785c\" data-element_type=\"widget\" data-e-type=\"widget\" data-widget_type=\"image.default\">\n\t\t\t\t<div class=\"elementor-widget-container\">\n\t\t\t\t\t\t\t\t\t\t\t\t\t\t\t<img decoding=\"async\" width=\"516\" height=\"644\" src=\"https:\/\/fruiturisme.info\/wp-content\/uploads\/festassa-fruiturisme.jpeg\" class=\"attachment-large size-large wp-image-36843\" alt=\"F\u00eate du fruiturisme\" srcset=\"https:\/\/fruiturisme.info\/wp-content\/uploads\/festassa-fruiturisme.jpeg 516w, https:\/\/fruiturisme.info\/wp-content\/uploads\/festassa-fruiturisme-352x439.jpeg 352w, https:\/\/fruiturisme.info\/wp-content\/uploads\/festassa-fruiturisme-10x12.jpeg 10w\" sizes=\"(max-width: 516px) 100vw, 516px\" \/>\t\t\t\t\t\t\t\t\t\t\t\t\t\t\t<\/div>\n\t\t\t\t<\/div>\n\t\t\t\t<\/div>\n\t\t\t\t\t<\/div>\n\t\t\t\t<\/div>\n\t\t<div class=\"elementor-element elementor-element-eb1bb5e e-flex e-con-boxed e-con e-parent\" data-id=\"eb1bb5e\" data-element_type=\"container\" data-e-type=\"container\">\n\t\t\t\t\t<div class=\"e-con-inner\">\n\t\t\t\t<div class=\"elementor-element elementor-element-60907a3 elementor-widget elementor-widget-menu-anchor\" data-id=\"60907a3\" data-element_type=\"widget\" data-e-type=\"widget\" data-widget_type=\"menu-anchor.default\">\n\t\t\t\t<div class=\"elementor-widget-container\">\n\t\t\t\t\t\t\t<div class=\"elementor-menu-anchor\" id=\"reserva-festassa\"><\/div>\n\t\t\t\t\t\t<\/div>\n\t\t\t\t<\/div>\n\t\t\t\t<div class=\"elementor-element elementor-element-b32e33f elementor-widget elementor-widget-shortcode\" data-id=\"b32e33f\" data-element_type=\"widget\" data-e-type=\"widget\" data-widget_type=\"shortcode.default\">\n\t\t\t\t<div class=\"elementor-widget-container\">\n\t\t\t\t\t\t\t<div class=\"elementor-shortcode\">\r\n\r\n<div id=\"mec_skin_36896\" class=\"mec-wrap mec-fluent-wrap mec-skin-list-wrap\">\r\n            <div class=\"mec-skin-list-view-month-navigator-container mec-calendar-a-month\">\r\n            <div class=\"mec-month-navigator\" id=\"mec_month_navigator_36896_202602\">\r\n                <div class=\"mec-calendar-header\"><h2>F\u00e9vrier 2026<\/h2><\/div><div class=\"mec-previous-month mec-load-month\" data-mec-year=\"2026\" data-mec-month=\"01\"><i class=\"mec-sl-angle-left\"><\/i><\/div>            <\/div>\r\n        <\/div>\r\n    \r\n    <div class=\"mec-calendar mec-custom-scrollbar\">\r\n                        <div class=\"mec-calendar-inner\" id=\"mec_skin_events_36896\">\r\n            <div class=\"mec-month-container mec-month-container-selected\" id=\"mec_list_view_month_36896_202602\" data-month-id=\"202602\">\r\n                <div class=\"mec-event-list-standard\">\r\n                                                                                                                                                                                                                                                                                                                                                                                                                                                                                                                                                                                                <span class=\"mec-fluent-no-event\">No Events<\/span>\r\n    <\/div>\r\n\r\n\r\n            <\/div>\r\n        <\/div>\r\n    <\/div>\r\n<\/div>\r\n\r\n<\/div>\n\t\t\t\t\t\t<\/div>\n\t\t\t\t<\/div>\n\t\t\t\t\t<\/div>\n\t\t\t\t<\/div>\n\t\t\t\t<\/div>","protected":false},"excerpt":{"rendered":"<p>FRUITURISME Festassa de Fruiturisme Reservar \ud83c\udf38\ud83c\udf89 \u00a1TE ESPERAMOS EN LA FESTASSA DE FRUITURISME EN AITONA! \ud83c\udf89\ud83c\udf38 \ud83d\udcc5 S\u00e1bado 28 de febrero\ud83d\udccd Pabell\u00f3n Polideportivo de Aitona Un dia entero para disfrutar en fam\u00edlia y con amigos \ud83d\udc68\u200d\ud83d\udc69\u200d\ud83d\udc67\u200d\ud83d\udc66\ud83d\udc83\ud83c\udf88 Parque de hinchables (10 h)\ud83d\udd25 Cal\u00e7otada popular (14 h)\ud83c\udfb6 Concierto de Las Que Faltaband (16 h)\ud83c\udfa7 M\u00fasica con DJ [&hellip;]<\/p>","protected":false},"author":5,"featured_media":0,"parent":0,"menu_order":0,"comment_status":"closed","ping_status":"closed","template":"","meta":{"inline_featured_image":false,"footnotes":""},"class_list":["post-36889","page","type-page","status-publish","hentry"],"_links":{"self":[{"href":"https:\/\/fruiturisme.info\/fr\/wp-json\/wp\/v2\/pages\/36889","targetHints":{"allow":["GET"]}}],"collection":[{"href":"https:\/\/fruiturisme.info\/fr\/wp-json\/wp\/v2\/pages"}],"about":[{"href":"https:\/\/fruiturisme.info\/fr\/wp-json\/wp\/v2\/types\/page"}],"author":[{"embeddable":true,"href":"https:\/\/fruiturisme.info\/fr\/wp-json\/wp\/v2\/users\/5"}],"replies":[{"embeddable":true,"href":"https:\/\/fruiturisme.info\/fr\/wp-json\/wp\/v2\/comments?post=36889"}],"version-history":[{"count":13,"href":"https:\/\/fruiturisme.info\/fr\/wp-json\/wp\/v2\/pages\/36889\/revisions"}],"predecessor-version":[{"id":36906,"href":"https:\/\/fruiturisme.info\/fr\/wp-json\/wp\/v2\/pages\/36889\/revisions\/36906"}],"wp:attachment":[{"href":"https:\/\/fruiturisme.info\/fr\/wp-json\/wp\/v2\/media?parent=36889"}],"curies":[{"name":"wp","href":"https:\/\/api.w.org\/{rel}","templated":true}]}}