{"id":36244,"date":"2025-11-26T13:01:33","date_gmt":"2025-11-26T12:01:33","guid":{"rendered":"https:\/\/fruiturisme.info\/?page_id=36244"},"modified":"2026-01-29T09:41:39","modified_gmt":"2026-01-29T08:41:39","slug":"itineraires-cyclables","status":"publish","type":"page","link":"https:\/\/fruiturisme.info\/fr\/itineraires-cyclables\/","title":{"rendered":"Itin\u00e9raires cyclables"},"content":{"rendered":"<div data-elementor-type=\"wp-page\" data-elementor-id=\"36244\" class=\"elementor elementor-36244\" data-elementor-post-type=\"page\">\n\t\t\t\t<div class=\"elementor-element elementor-element-87c18eb e-flex e-con-boxed e-con e-parent\" data-id=\"87c18eb\" data-element_type=\"container\" data-e-type=\"container\">\n\t\t\t\t\t<div class=\"e-con-inner\">\n\t\t<div class=\"elementor-element elementor-element-20ca00b e-grid e-con-full e-con e-child\" data-id=\"20ca00b\" data-element_type=\"container\" data-e-type=\"container\">\n\t\t<div class=\"elementor-element elementor-element-8d1a987 e-con-full e-flex e-con e-child\" data-id=\"8d1a987\" data-element_type=\"container\" data-e-type=\"container\">\n\t\t\t\t<div class=\"elementor-element elementor-element-f8321ce elementor-widget elementor-widget-heading\" data-id=\"f8321ce\" data-element_type=\"widget\" data-e-type=\"widget\" data-widget_type=\"heading.default\">\n\t\t\t\t<div class=\"elementor-widget-container\">\n\t\t\t\t\t<h2 class=\"elementor-heading-title elementor-size-default\">TOURISME FRUITIER<\/h2>\t\t\t\t<\/div>\n\t\t\t\t<\/div>\n\t\t\t\t<div class=\"elementor-element elementor-element-4079466 elementor-widget elementor-widget-heading\" data-id=\"4079466\" data-element_type=\"widget\" data-e-type=\"widget\" data-widget_type=\"heading.default\">\n\t\t\t\t<div class=\"elementor-widget-container\">\n\t\t\t\t\t<h1 class=\"elementor-heading-title elementor-size-default\">Itin\u00e9raires cyclables<\/h1>\t\t\t\t<\/div>\n\t\t\t\t<\/div>\n\t\t\t\t<div class=\"elementor-element elementor-element-2c2725d elementor-widget-divider--view-line elementor-widget elementor-widget-divider\" data-id=\"2c2725d\" data-element_type=\"widget\" data-e-type=\"widget\" data-widget_type=\"divider.default\">\n\t\t\t\t<div class=\"elementor-widget-container\">\n\t\t\t\t\t\t\t<div class=\"elementor-divider\">\n\t\t\t<span class=\"elementor-divider-separator\">\n\t\t\t\t\t\t<\/span>\n\t\t<\/div>\n\t\t\t\t\t\t<\/div>\n\t\t\t\t<\/div>\n\t\t\t\t<\/div>\n\t\t<div class=\"elementor-element elementor-element-1cc9a36 e-con-full e-flex e-con e-child\" data-id=\"1cc9a36\" data-element_type=\"container\" data-e-type=\"container\">\n\t\t\t\t<div class=\"elementor-element elementor-element-c15c0be elementor-widget elementor-widget-image\" data-id=\"c15c0be\" data-element_type=\"widget\" data-e-type=\"widget\" data-widget_type=\"image.default\">\n\t\t\t\t<div class=\"elementor-widget-container\">\n\t\t\t\t\t\t\t\t\t\t\t\t\t\t\t<img fetchpriority=\"high\" decoding=\"async\" width=\"457\" height=\"457\" src=\"https:\/\/fruiturisme.info\/wp-content\/uploads\/bicicleta.webp\" class=\"attachment-large size-large wp-image-36249\" alt=\"\" srcset=\"https:\/\/fruiturisme.info\/wp-content\/uploads\/bicicleta.webp 457w, https:\/\/fruiturisme.info\/wp-content\/uploads\/bicicleta-352x352.webp 352w, https:\/\/fruiturisme.info\/wp-content\/uploads\/bicicleta-160x160.webp 160w, https:\/\/fruiturisme.info\/wp-content\/uploads\/bicicleta-300x300.webp 300w, https:\/\/fruiturisme.info\/wp-content\/uploads\/bicicleta-12x12.webp 12w, https:\/\/fruiturisme.info\/wp-content\/uploads\/bicicleta-100x100.webp 100w\" sizes=\"(max-width: 457px) 100vw, 457px\" \/>\t\t\t\t\t\t\t\t\t\t\t\t\t\t\t<\/div>\n\t\t\t\t<\/div>\n\t\t\t\t<\/div>\n\t\t\t\t<\/div>\n\t\t\t\t\t<\/div>\n\t\t\t\t<\/div>\n\t\t<div class=\"elementor-element elementor-element-b5a6f8a e-flex e-con-boxed e-con e-parent\" data-id=\"b5a6f8a\" data-element_type=\"container\" data-e-type=\"container\">\n\t\t\t\t\t<div class=\"e-con-inner\">\n\t\t\t\t<div class=\"elementor-element elementor-element-4286a76 elementor-widget elementor-widget-heading\" data-id=\"4286a76\" data-element_type=\"widget\" data-e-type=\"widget\" data-widget_type=\"heading.default\">\n\t\t\t\t<div class=\"elementor-widget-container\">\n\t\t\t\t\t<h2 class=\"elementor-heading-title elementor-size-default\">L&#039;AVENTURE DE ROGLES<\/h2>\t\t\t\t<\/div>\n\t\t\t\t<\/div>\n\t\t<div class=\"elementor-element elementor-element-e8b04f5 e-grid e-con-full e-con e-child\" data-id=\"e8b04f5\" data-element_type=\"container\" data-e-type=\"container\">\n\t\t<div class=\"elementor-element elementor-element-d678782 e-con-full e-flex e-con e-child\" data-id=\"d678782\" data-element_type=\"container\" data-e-type=\"container\">\n\t\t\t\t<div class=\"elementor-element elementor-element-0807893 elementor-widget elementor-widget-heading\" data-id=\"0807893\" data-element_type=\"widget\" data-e-type=\"widget\" data-widget_type=\"heading.default\">\n\t\t\t\t<div class=\"elementor-widget-container\">\n\t\t\t\t\t<h2 class=\"elementor-heading-title elementor-size-default\">Imaginez une mer d&#039;arbres en fleurs roses<\/h2>\t\t\t\t<\/div>\n\t\t\t\t<\/div>\n\t\t\t\t<div class=\"elementor-element elementor-element-766b313 elementor-widget elementor-widget-text-editor\" data-id=\"766b313\" data-element_type=\"widget\" data-e-type=\"widget\" data-widget_type=\"text-editor.default\">\n\t\t\t\t<div class=\"elementor-widget-container\">\n\t\t\t\t\t\t\t\t\t<p>Nous proposons une balade \u00e0 v\u00e9lo guid\u00e9e et facile \u00e0 travers de magnifiques vergers et champs fleuris, sur un parcours de 8 \u00e0 13 km qui varie selon la floraison. Le parcours change chaque semaine\u00a0! Il est toujours accessible \u00e0 tous.<\/p><p>La floraison ne dure que 3 \u00e0 4 semaines en mars, c&#039;est donc une exp\u00e9rience unique.<\/p><p>La visite, d&#039;une dur\u00e9e d&#039;environ 2 heures, est adapt\u00e9e chaque semaine \u00e0 l&#039;\u00e9volution de la floraison, avec des arr\u00eats pour prendre des photos et fournir des explications sur les p\u00eachers, le travail dans les champs et la culture locale.<\/p><p>Nous avons des v\u00e9los de ville ou de montagne, des si\u00e8ges b\u00e9b\u00e9 et des poussettes pour les tout-petits.<\/p><p><strong>Horaires :<\/strong><\/p>\t\t\t\t\t\t\t\t<\/div>\n\t\t\t\t<\/div>\n\t\t\t\t<div class=\"elementor-element elementor-element-60f3524 elementor-mobile-align-start elementor-icon-list--layout-traditional elementor-list-item-link-full_width elementor-widget elementor-widget-icon-list\" data-id=\"60f3524\" data-element_type=\"widget\" data-e-type=\"widget\" data-widget_type=\"icon-list.default\">\n\t\t\t\t<div class=\"elementor-widget-container\">\n\t\t\t\t\t\t\t<ul class=\"elementor-icon-list-items\">\n\t\t\t\t\t\t\t<li class=\"elementor-icon-list-item\">\n\t\t\t\t\t\t\t\t\t\t\t<span class=\"elementor-icon-list-icon\">\n\t\t\t\t\t\t\t<i aria-hidden=\"true\" class=\"fas fa-clock\"><\/i>\t\t\t\t\t\t<\/span>\n\t\t\t\t\t\t\t\t\t\t<span class=\"elementor-icon-list-text\">10h00<\/span>\n\t\t\t\t\t\t\t\t\t<\/li>\n\t\t\t\t\t\t\t\t<li class=\"elementor-icon-list-item\">\n\t\t\t\t\t\t\t\t\t\t\t<span class=\"elementor-icon-list-icon\">\n\t\t\t\t\t\t\t<i aria-hidden=\"true\" class=\"fas fa-clock\"><\/i>\t\t\t\t\t\t<\/span>\n\t\t\t\t\t\t\t\t\t\t<span class=\"elementor-icon-list-text\">12h15 (heure de pointe)<\/span>\n\t\t\t\t\t\t\t\t\t<\/li>\n\t\t\t\t\t\t\t\t<li class=\"elementor-icon-list-item\">\n\t\t\t\t\t\t\t\t\t\t\t<span class=\"elementor-icon-list-icon\">\n\t\t\t\t\t\t\t<i aria-hidden=\"true\" class=\"fas fa-clock\"><\/i>\t\t\t\t\t\t<\/span>\n\t\t\t\t\t\t\t\t\t\t<span class=\"elementor-icon-list-text\">15h00<\/span>\n\t\t\t\t\t\t\t\t\t<\/li>\n\t\t\t\t\t\t<\/ul>\n\t\t\t\t\t\t<\/div>\n\t\t\t\t<\/div>\n\t\t\t\t<div class=\"elementor-element elementor-element-efbb890 elementor-widget elementor-widget-text-editor\" data-id=\"efbb890\" data-element_type=\"widget\" data-e-type=\"widget\" data-widget_type=\"text-editor.default\">\n\t\t\t\t<div class=\"elementor-widget-container\">\n\t\t\t\t\t\t\t\t\t<p>Vous pouvez \u00e9galement effectuer le trajet avec votre propre v\u00e9lo ou en louer un.<\/p><p><strong>R\u00e9servations :<\/strong><\/p>\t\t\t\t\t\t\t\t<\/div>\n\t\t\t\t<\/div>\n\t\t<div class=\"elementor-element elementor-element-b852955 e-con-full e-flex e-con e-child\" data-id=\"b852955\" data-element_type=\"container\" data-e-type=\"container\">\n\t\t\t\t<div class=\"elementor-element elementor-element-2dce58c elementor-align-center elementor-widget elementor-widget-button\" data-id=\"2dce58c\" data-element_type=\"widget\" data-e-type=\"widget\" data-widget_type=\"button.default\">\n\t\t\t\t<div class=\"elementor-widget-container\">\n\t\t\t\t\t\t\t\t\t<div class=\"elementor-button-wrapper\">\n\t\t\t\t\t<a class=\"elementor-button elementor-button-link elementor-size-sm\" href=\"tel:+34607775712\">\n\t\t\t\t\t\t<span class=\"elementor-button-content-wrapper\">\n\t\t\t\t\t\t<span class=\"elementor-button-icon\">\n\t\t\t\t<i aria-hidden=\"true\" class=\"fas fa-phone-alt\"><\/i>\t\t\t<\/span>\n\t\t\t\t\t\t\t\t\t<span class=\"elementor-button-text\">607 775 712<\/span>\n\t\t\t\t\t<\/span>\n\t\t\t\t\t<\/a>\n\t\t\t\t<\/div>\n\t\t\t\t\t\t\t\t<\/div>\n\t\t\t\t<\/div>\n\t\t\t\t<div class=\"elementor-element elementor-element-145de9a elementor-align-center elementor-widget elementor-widget-button\" data-id=\"145de9a\" data-element_type=\"widget\" data-e-type=\"widget\" data-widget_type=\"button.default\">\n\t\t\t\t<div class=\"elementor-widget-container\">\n\t\t\t\t\t\t\t\t\t<div class=\"elementor-button-wrapper\">\n\t\t\t\t\t<a class=\"elementor-button elementor-button-link elementor-size-sm\" href=\"tel:+34977410049\">\n\t\t\t\t\t\t<span class=\"elementor-button-content-wrapper\">\n\t\t\t\t\t\t<span class=\"elementor-button-icon\">\n\t\t\t\t<i aria-hidden=\"true\" class=\"fas fa-phone-alt\"><\/i>\t\t\t<\/span>\n\t\t\t\t\t\t\t\t\t<span class=\"elementor-button-text\">977 410 049<\/span>\n\t\t\t\t\t<\/span>\n\t\t\t\t\t<\/a>\n\t\t\t\t<\/div>\n\t\t\t\t\t\t\t\t<\/div>\n\t\t\t\t<\/div>\n\t\t\t\t<div class=\"elementor-element elementor-element-005c1cc elementor-align-center elementor-widget elementor-widget-button\" data-id=\"005c1cc\" data-element_type=\"widget\" data-e-type=\"widget\" data-widget_type=\"button.default\">\n\t\t\t\t<div class=\"elementor-widget-container\">\n\t\t\t\t\t\t\t\t\t<div class=\"elementor-button-wrapper\">\n\t\t\t\t\t<a class=\"elementor-button elementor-button-link elementor-size-sm\" href=\"https:\/\/rogles.org\/reserves\/\" target=\"_blank\" rel=\"noopener\">\n\t\t\t\t\t\t<span class=\"elementor-button-content-wrapper\">\n\t\t\t\t\t\t<span class=\"elementor-button-icon\">\n\t\t\t\t<i aria-hidden=\"true\" class=\"fas fa-arrow-alt-circle-right\"><\/i>\t\t\t<\/span>\n\t\t\t\t\t\t\t\t\t<span class=\"elementor-button-text\">rogles.org<\/span>\n\t\t\t\t\t<\/span>\n\t\t\t\t\t<\/a>\n\t\t\t\t<\/div>\n\t\t\t\t\t\t\t\t<\/div>\n\t\t\t\t<\/div>\n\t\t\t\t<\/div>\n\t\t\t\t<\/div>\n\t\t\t\t<div class=\"elementor-element elementor-element-5761199 elementor-widget elementor-widget-image\" data-id=\"5761199\" data-element_type=\"widget\" data-e-type=\"widget\" data-widget_type=\"image.default\">\n\t\t\t\t<div class=\"elementor-widget-container\">\n\t\t\t\t\t\t\t\t\t\t\t\t\t\t\t<img decoding=\"async\" width=\"800\" height=\"1131\" src=\"https:\/\/fruiturisme.info\/wp-content\/uploads\/rutas-bici-rogles-1120x1584.jpeg\" class=\"attachment-large size-large wp-image-36874\" alt=\"Itin\u00e9raires cyclables\" srcset=\"https:\/\/fruiturisme.info\/wp-content\/uploads\/rutas-bici-rogles-1120x1584.jpeg 1120w, https:\/\/fruiturisme.info\/wp-content\/uploads\/rutas-bici-rogles-352x498.jpeg 352w, https:\/\/fruiturisme.info\/wp-content\/uploads\/rutas-bici-rogles-768x1086.jpeg 768w, https:\/\/fruiturisme.info\/wp-content\/uploads\/rutas-bici-rogles-1086x1536.jpeg 1086w, https:\/\/fruiturisme.info\/wp-content\/uploads\/rutas-bici-rogles-8x12.jpeg 8w, https:\/\/fruiturisme.info\/wp-content\/uploads\/rutas-bici-rogles-900x1273.jpeg 900w, https:\/\/fruiturisme.info\/wp-content\/uploads\/rutas-bici-rogles.jpeg 1131w\" sizes=\"(max-width: 800px) 100vw, 800px\" \/>\t\t\t\t\t\t\t\t\t\t\t\t\t\t\t<\/div>\n\t\t\t\t<\/div>\n\t\t\t\t<\/div>\n\t\t\t\t\t<\/div>\n\t\t\t\t<\/div>\n\t\t\t\t<\/div>","protected":false},"excerpt":{"rendered":"<p>FRUITURISME Rutas en bicicleta ROGLES AVENTURA Imagina un mar de \u00e1rboles en flor rosa Te ofrecemos un paseo guiado en bicicleta f\u00e1cil para recorrer los hermosos campos de flores de los frutales, en una ruta que puede variar de 8 a 13 km en funci\u00f3n de los campos m\u00e1s floridos. Cada semana variamos la ruta!! [&hellip;]<\/p>","protected":false},"author":5,"featured_media":0,"parent":0,"menu_order":0,"comment_status":"closed","ping_status":"closed","template":"elementor_header_footer","meta":{"inline_featured_image":false,"footnotes":""},"class_list":["post-36244","page","type-page","status-publish","hentry"],"_links":{"self":[{"href":"https:\/\/fruiturisme.info\/fr\/wp-json\/wp\/v2\/pages\/36244","targetHints":{"allow":["GET"]}}],"collection":[{"href":"https:\/\/fruiturisme.info\/fr\/wp-json\/wp\/v2\/pages"}],"about":[{"href":"https:\/\/fruiturisme.info\/fr\/wp-json\/wp\/v2\/types\/page"}],"author":[{"embeddable":true,"href":"https:\/\/fruiturisme.info\/fr\/wp-json\/wp\/v2\/users\/5"}],"replies":[{"embeddable":true,"href":"https:\/\/fruiturisme.info\/fr\/wp-json\/wp\/v2\/comments?post=36244"}],"version-history":[{"count":16,"href":"https:\/\/fruiturisme.info\/fr\/wp-json\/wp\/v2\/pages\/36244\/revisions"}],"predecessor-version":[{"id":36880,"href":"https:\/\/fruiturisme.info\/fr\/wp-json\/wp\/v2\/pages\/36244\/revisions\/36880"}],"wp:attachment":[{"href":"https:\/\/fruiturisme.info\/fr\/wp-json\/wp\/v2\/media?parent=36244"}],"curies":[{"name":"wp","href":"https:\/\/api.w.org\/{rel}","templated":true}]}}