{"id":36088,"date":"2025-11-25T17:18:39","date_gmt":"2025-11-25T16:18:39","guid":{"rendered":"https:\/\/fruiturisme.info\/?page_id=36088"},"modified":"2025-11-25T17:23:13","modified_gmt":"2025-11-25T16:23:13","slug":"politique-en-matiere-de-cookies-2","status":"publish","type":"page","link":"https:\/\/fruiturisme.info\/fr\/politique-en-matiere-de-cookies-2\/","title":{"rendered":"Politique relative aux cookies"},"content":{"rendered":"<div data-elementor-type=\"wp-page\" data-elementor-id=\"36088\" class=\"elementor elementor-36088\" data-elementor-post-type=\"page\">\n\t\t\t\t<div class=\"elementor-element elementor-element-35ad32f e-flex e-con-boxed e-con e-parent\" data-id=\"35ad32f\" data-element_type=\"container\" data-e-type=\"container\">\n\t\t\t\t\t<div class=\"e-con-inner\">\n\t\t<div class=\"elementor-element elementor-element-2b8e3f3 e-grid e-con-full e-con e-child\" data-id=\"2b8e3f3\" data-element_type=\"container\" data-e-type=\"container\">\n\t\t<div class=\"elementor-element elementor-element-704810d e-con-full e-flex e-con e-child\" data-id=\"704810d\" data-element_type=\"container\" data-e-type=\"container\">\n\t\t\t\t<div class=\"elementor-element elementor-element-563c5c1 elementor-widget elementor-widget-heading\" data-id=\"563c5c1\" data-element_type=\"widget\" data-e-type=\"widget\" data-widget_type=\"heading.default\">\n\t\t\t\t<div class=\"elementor-widget-container\">\n\t\t\t\t\t<h2 class=\"elementor-heading-title elementor-size-default\">TOURISME FRUITIER<\/h2>\t\t\t\t<\/div>\n\t\t\t\t<\/div>\n\t\t\t\t<div class=\"elementor-element elementor-element-0203e24 elementor-widget elementor-widget-heading\" data-id=\"0203e24\" data-element_type=\"widget\" data-e-type=\"widget\" data-widget_type=\"heading.default\">\n\t\t\t\t<div class=\"elementor-widget-container\">\n\t\t\t\t\t<h1 class=\"elementor-heading-title elementor-size-default\">Politique relative aux cookies<\/h1>\t\t\t\t<\/div>\n\t\t\t\t<\/div>\n\t\t\t\t<div class=\"elementor-element elementor-element-0a3018b elementor-widget-divider--view-line elementor-widget elementor-widget-divider\" data-id=\"0a3018b\" data-element_type=\"widget\" data-e-type=\"widget\" data-widget_type=\"divider.default\">\n\t\t\t\t<div class=\"elementor-widget-container\">\n\t\t\t\t\t\t\t<div class=\"elementor-divider\">\n\t\t\t<span class=\"elementor-divider-separator\">\n\t\t\t\t\t\t<\/span>\n\t\t<\/div>\n\t\t\t\t\t\t<\/div>\n\t\t\t\t<\/div>\n\t\t\t\t<\/div>\n\t\t\t\t<\/div>\n\t\t\t\t\t<\/div>\n\t\t\t\t<\/div>\n\t\t<div class=\"elementor-element elementor-element-3da2b6d e-flex e-con-boxed e-con e-parent\" data-id=\"3da2b6d\" data-element_type=\"container\" data-e-type=\"container\">\n\t\t\t\t\t<div class=\"e-con-inner\">\n\t\t\t\t<div class=\"elementor-element elementor-element-7a380b6 elementor-widget elementor-widget-text-editor\" data-id=\"7a380b6\" data-element_type=\"widget\" data-e-type=\"widget\" data-widget_type=\"text-editor.default\">\n\t\t\t\t<div class=\"elementor-widget-container\">\n\t\t\t\t\t\t\t\t\t<p>Nous vous informons que sur le web\u00a0<a href=\"https:\/\/fruiturisme.info\/fr\/\">www.fruiturisme.info<\/a>, Le syst\u00e8me de navigation utilise certaines donn\u00e9es de navigation (\u201c\u00a0cookies\u00a0\u201d) afin de fournir un service plus personnalis\u00e9 aux utilisateurs du site web.<\/p><p>Les cookies sont de petits fichiers texte que votre navigateur enregistre lorsque vous consultez des sites web et utilisez des applications. Ces technologies peuvent g\u00e9n\u00e9ralement servir \u00e0 diverses fins, comme vous reconna\u00eetre en tant qu&#039;utilisateur, obtenir des informations sur vos habitudes de navigation ou personnaliser l&#039;affichage du contenu.<\/p><p>La mairie d\u2019Aitona utilise des \u201c cookies \u201d tiers sur son site web\u00a0:<\/p><ul class=\"wp-block-list\"><li>Cookies analytiques\u00a0: Ces cookies sont trait\u00e9s par des tiers et nous permettent de quantifier le nombre d\u2019utilisateurs et ainsi d\u2019effectuer une analyse statistique de leur utilisation du service propos\u00e9. \u00c0 cette fin, nous analysons votre navigation sur notre site web afin d\u2019am\u00e9liorer nos produits et services. Le tiers concern\u00e9 est Google Analytics, un service de statistiques web propos\u00e9 par Google Inc. Google Analytics collecte des informations depuis votre appareil pour g\u00e9n\u00e9rer des rapports sur l\u2019activit\u00e9 de l\u2019application et stocke ces informations sur des serveurs situ\u00e9s aux \u00c9tats-Unis. Ce processus implique un transfert international de donn\u00e9es\u00a0; par cons\u00e9quent, en acceptant ces cookies, vous consentez \u00e0 ce transfert.<\/li><\/ul><p>Dans tous les cas o\u00f9 des donn\u00e9es personnelles seraient collect\u00e9es \u2013 en l\u2019occurrence uniquement l\u2019adresse IP d\u2019acc\u00e8s \u2013 nous vous informons que ces donn\u00e9es seront trait\u00e9es sous la responsabilit\u00e9 du Conseil municipal d\u2019Aitona.<\/p><p>Ce traitement a pour finalit\u00e9 la gestion et le contr\u00f4le des r\u00e9seaux sociaux disponibles, ainsi que des utilisateurs interagissant avec le site web et des informations recueillies. Votre consentement constitue la base juridique de ce traitement. Ces donn\u00e9es seront transmises aux soci\u00e9t\u00e9s g\u00e9rant les cookies et conserv\u00e9es conform\u00e9ment \u00e0 leurs param\u00e8tres. Elles pourront \u00eatre transf\u00e9r\u00e9es vers des pays tiers\u00a0; vous trouverez plus d\u2019informations \u00e0 ce sujet dans la politique de confidentialit\u00e9 de Google.\u00a0<a href=\"https:\/\/policies.google.com\/privacy?hl=es\" target=\"_blank\" rel=\"noopener\">https:\/\/policies.google.com\/privacy?hl=es<\/a><\/p><p>Conform\u00e9ment \u00e0 la r\u00e9glementation sur la protection des donn\u00e9es, nous vous informons que vous pouvez r\u00e9voquer ces autorisations via votre navigateur ou exercer vos droits d&#039;acc\u00e8s, de rectification, d&#039;effacement, de limitation du traitement, d&#039;opposition et de portabilit\u00e9 des donn\u00e9es en \u00e9crivant \u00e0\u00a0: C\/ Major 6, 25182 Aitona (Lleida) ou en envoyant un courriel \u00e0\u00a0: frui<a href=\"mailto:turisme@ajuntamentaitona.cat\">turisme@ajuntamentaitona.cat<\/a>.<\/p><p>Vous pouvez \u00e9galement d\u00e9poser une plainte aupr\u00e8s de l&#039;Autorit\u00e9 catalane de protection des donn\u00e9es ou contacter le d\u00e9l\u00e9gu\u00e9 \u00e0 la protection des donn\u00e9es \u00e0 l&#039;adresse suivante\u00a0:\u00a0<a href=\"mailto:dpd@ajuntamentaitona.cat\">dpd@ajuntamentaitona.cat<\/a>.<\/p><p>L&#039;utilisateur est inform\u00e9 que Google peut transmettre ces informations \u00e0 des tiers lorsque la loi l&#039;exige ou lorsque ces tiers traitent les informations pour le compte de Google. Google n&#039;associera pas l&#039;adresse IP de l&#039;utilisateur \u00e0 d&#039;autres donn\u00e9es en sa possession et proc\u00e9dera donc de mani\u00e8re totalement anonymis\u00e9e.<\/p><p>Pour refuser ou supprimer ce \u201c\u00a0cookie\u00a0\u201d, veuillez vous r\u00e9f\u00e9rer \u00e0 l\u2019adresse suivante\u00a0:<\/p><p><a href=\"http:\/\/www.google.com\/intl\/ca\/policies\/privacy\/\" target=\"_blank\" rel=\"noopener\">http:\/\/www.google.com\/intl\/ca\/policies\/privacy\/<\/a><\/p><p><a href=\"http:\/\/www.google.com\/intl\/en\/privacypolicy.html\" target=\"_blank\" rel=\"noopener\">http:\/\/www.google.com\/intl\/en\/privacypolicy.html<\/a><\/p><p>\u00a0<\/p><p><strong>D\u00c9SACTIVATION ET BLOCAGE DES COOKIES<\/strong><\/p><p>L\u2019utilisateur peut en tout \u00e9tat de cause activer l\u2019option dans son navigateur pour refuser l\u2019installation de cookies\u00a0; toutefois, la mairie d\u2019Aitona ne saurait \u00eatre tenue responsable si la d\u00e9sactivation des cookies emp\u00eache le bon fonctionnement de certains services propos\u00e9s par ce site web.<\/p><p>Vous trouverez dans les liens suivants des instructions qui vous aideront \u00e0 configurer les param\u00e8tres des navigateurs les plus couramment utilis\u00e9s.<\/p><p>Internet Explorer\u00a0:\u00a0<\/p><figure class=\"wp-block-embed\"><div class=\"wp-block-embed__wrapper\">https:\/\/support.microsoft.com\/es-es\/help\/17442\/windows-internet-explorer-delete-manage-cookies<\/div><\/figure><p>\u00a0Microsoft Edge\u00a0;\u00a0\u00a0<\/p><figure class=\"wp-block-embed\"><div class=\"wp-block-embed__wrapper\">https:\/\/support.microsoft.com\/es-es\/help\/4027947\/microsoft-edge-delete-cookies<\/div><\/figure><p>\u00a0Google Chrome :\u00a0<\/p><figure class=\"wp-block-embed\"><div class=\"wp-block-embed__wrapper\">https:\/\/support.google.com\/chrome\/answer\/95647?hl=es<\/div><\/figure><p>\u00a0Mozilla Firefox\u00a0:\u00a0<\/p><p><a href=\"http:\/\/support.mozilla.org\/es\/kb\/habilitar-y-deshabilitar-cookies-que-los-sitios-we\" target=\"_blank\" rel=\"noopener\">http:\/\/support.mozilla.org\/es\/kb\/habilitar-y-deshabilitar-cookies-que-los-sitios-we<\/a>\u00a0<\/p><p>\u00a0Safari:\u00a0<br \/><a href=\"http:\/\/support.apple.com\/kb\/ph5042\" target=\"_blank\" rel=\"noopener\">http:\/\/support.apple.com\/kb\/ph5042<\/a>\u00a0<\/p><p>\u00a0Safari pour iOS (iPhone, iPad)\u00a0:\u00a0<\/p><p><a href=\"http:\/\/support.apple.com\/kb\/ht1677?viewlocale=es_es&amp;locale=es_es\" target=\"_blank\" rel=\"noopener\">http:\/\/support.apple.com\/kb\/ht1677?viewlocale=es_es&amp;locale=es_es<\/a>\u00a0<\/p><p>\u00a0Chrome pour Android\u00a0:\u00a0<a href=\"https:\/\/support.google.com\/chrome\/answer\/2392971?hl=es\" target=\"_blank\" rel=\"noopener\">https:\/\/support.google.com\/chrome\/answer\/2392971?hl=es<\/a><\/p><p>Si vous souhaitez obtenir plus d&#039;informations sur les cookies et sur la mani\u00e8re de les d\u00e9sactiver en fonction de votre syst\u00e8me de navigation, vous pouvez consulter les liens suivants\u00a0:\u00a0<a href=\"http:\/\/www.aboutcookies.org\/\" target=\"_blank\" rel=\"noopener\">www.aboutcookies.org<\/a>\u00a0y\u00a0<a href=\"http:\/\/www.aboutcookies.org\/Default.aspx?page=1\" target=\"_blank\" rel=\"noopener\">http:\/\/www.aboutcookies.org\/Default.aspx?page=1<\/a><\/p><p>Dans le cas contraire, et ayant \u00e9t\u00e9 inform\u00e9 par le Conseil municipal d&#039;Aitona de l&#039;utilisation des cookies, et sans que ceux-ci aient \u00e9t\u00e9 d\u00e9sactiv\u00e9s, cela implique que l&#039;utilisateur consent au traitement des donn\u00e9es par Google de la mani\u00e8re pr\u00e9vue dans le pr\u00e9sent avis et aux fins d\u00e9crites ici.<\/p><p>Pour toute question ou remarque, vous pouvez contacter la mairie d&#039;Aitona via ses services publics ou nous contacter par\u00a0:\u00a0<a href=\"mailto:fruiturisme@ajuntamentaitona.cat\">fruiturisme@ajuntamentaitona.cat<\/a>.<\/p>\t\t\t\t\t\t\t\t<\/div>\n\t\t\t\t<\/div>\n\t\t\t\t\t<\/div>\n\t\t\t\t<\/div>\n\t\t\t\t<\/div>","protected":false},"excerpt":{"rendered":"<p>FRUITURISME Pol\u00edtica de cookies Les informamos que en la web\u00a0www.fruiturisme.info, el sistema de navegaci\u00f3n utiliza algunos datos de navegaci\u00f3n (\u201cCookies\u201d) para poder ofrecer un servicio m\u00e1s personalizado a los usuarios de la web. Las \u201cCookies\u201d son peque\u00f1os archivos de texto que el navegador guarda cuando se navega por p\u00e1ginas web y aplicaciones. En general, estas [&hellip;]<\/p>","protected":false},"author":5,"featured_media":0,"parent":0,"menu_order":0,"comment_status":"closed","ping_status":"closed","template":"elementor_header_footer","meta":{"inline_featured_image":false,"footnotes":""},"class_list":["post-36088","page","type-page","status-publish","hentry"],"_links":{"self":[{"href":"https:\/\/fruiturisme.info\/fr\/wp-json\/wp\/v2\/pages\/36088","targetHints":{"allow":["GET"]}}],"collection":[{"href":"https:\/\/fruiturisme.info\/fr\/wp-json\/wp\/v2\/pages"}],"about":[{"href":"https:\/\/fruiturisme.info\/fr\/wp-json\/wp\/v2\/types\/page"}],"author":[{"embeddable":true,"href":"https:\/\/fruiturisme.info\/fr\/wp-json\/wp\/v2\/users\/5"}],"replies":[{"embeddable":true,"href":"https:\/\/fruiturisme.info\/fr\/wp-json\/wp\/v2\/comments?post=36088"}],"version-history":[{"count":4,"href":"https:\/\/fruiturisme.info\/fr\/wp-json\/wp\/v2\/pages\/36088\/revisions"}],"predecessor-version":[{"id":36096,"href":"https:\/\/fruiturisme.info\/fr\/wp-json\/wp\/v2\/pages\/36088\/revisions\/36096"}],"wp:attachment":[{"href":"https:\/\/fruiturisme.info\/fr\/wp-json\/wp\/v2\/media?parent=36088"}],"curies":[{"name":"wp","href":"https:\/\/api.w.org\/{rel}","templated":true}]}}