{"id":36087,"date":"2025-11-25T17:18:01","date_gmt":"2025-11-25T16:18:01","guid":{"rendered":"https:\/\/fruiturisme.info\/?page_id=36087"},"modified":"2025-11-25T17:21:33","modified_gmt":"2025-11-25T16:21:33","slug":"avis-juridique-2","status":"publish","type":"page","link":"https:\/\/fruiturisme.info\/fr\/avis-juridique-2\/","title":{"rendered":"Avis juridique"},"content":{"rendered":"<div data-elementor-type=\"wp-page\" data-elementor-id=\"36087\" class=\"elementor elementor-36087\" data-elementor-post-type=\"page\">\n\t\t\t\t<div class=\"elementor-element elementor-element-aa73e29 e-flex e-con-boxed e-con e-parent\" data-id=\"aa73e29\" data-element_type=\"container\" data-e-type=\"container\">\n\t\t\t\t\t<div class=\"e-con-inner\">\n\t\t<div class=\"elementor-element elementor-element-ff8c5d5 e-grid e-con-full e-con e-child\" data-id=\"ff8c5d5\" data-element_type=\"container\" data-e-type=\"container\">\n\t\t<div class=\"elementor-element elementor-element-70fe064 e-con-full e-flex e-con e-child\" data-id=\"70fe064\" data-element_type=\"container\" data-e-type=\"container\">\n\t\t\t\t<div class=\"elementor-element elementor-element-6bffb5c elementor-widget elementor-widget-heading\" data-id=\"6bffb5c\" data-element_type=\"widget\" data-e-type=\"widget\" data-widget_type=\"heading.default\">\n\t\t\t\t<div class=\"elementor-widget-container\">\n\t\t\t\t\t<h2 class=\"elementor-heading-title elementor-size-default\">TOURISME FRUITIER<\/h2>\t\t\t\t<\/div>\n\t\t\t\t<\/div>\n\t\t\t\t<div class=\"elementor-element elementor-element-72f434d elementor-widget elementor-widget-heading\" data-id=\"72f434d\" data-element_type=\"widget\" data-e-type=\"widget\" data-widget_type=\"heading.default\">\n\t\t\t\t<div class=\"elementor-widget-container\">\n\t\t\t\t\t<h1 class=\"elementor-heading-title elementor-size-default\">Avis juridique<\/h1>\t\t\t\t<\/div>\n\t\t\t\t<\/div>\n\t\t\t\t<div class=\"elementor-element elementor-element-3d98484 elementor-widget-divider--view-line elementor-widget elementor-widget-divider\" data-id=\"3d98484\" data-element_type=\"widget\" data-e-type=\"widget\" data-widget_type=\"divider.default\">\n\t\t\t\t<div class=\"elementor-widget-container\">\n\t\t\t\t\t\t\t<div class=\"elementor-divider\">\n\t\t\t<span class=\"elementor-divider-separator\">\n\t\t\t\t\t\t<\/span>\n\t\t<\/div>\n\t\t\t\t\t\t<\/div>\n\t\t\t\t<\/div>\n\t\t\t\t<\/div>\n\t\t\t\t<\/div>\n\t\t\t\t\t<\/div>\n\t\t\t\t<\/div>\n\t\t<div class=\"elementor-element elementor-element-2ff7506 e-flex e-con-boxed e-con e-parent\" data-id=\"2ff7506\" data-element_type=\"container\" data-e-type=\"container\">\n\t\t\t\t\t<div class=\"e-con-inner\">\n\t\t\t\t<div class=\"elementor-element elementor-element-fe89400 elementor-widget elementor-widget-text-editor\" data-id=\"fe89400\" data-element_type=\"widget\" data-e-type=\"widget\" data-widget_type=\"text-editor.default\">\n\t\t\t\t<div class=\"elementor-widget-container\">\n\t\t\t\t\t\t\t\t\t<p><strong>INFORMATIONS L\u00c9GALES LSSIYCE<\/strong><\/p><p>Conform\u00e9ment aux obligations pr\u00e9vues par la loi 34\/2002 relative aux services de la soci\u00e9t\u00e9 de l&#039;information et au commerce \u00e9lectronique (ci-apr\u00e8s LSSIYCE), la mairie d&#039;Aitona, immatricul\u00e9e sous le num\u00e9ro P2504600D et dont le si\u00e8ge social est situ\u00e9 C\/ Major 6, 25182 Aitona (Lleida), et dont l&#039;adresse \u00e9lectronique est indiqu\u00e9e ci-dessous, a communiqu\u00e9 les informations relatives \u00e0 l&#039;adresse \u00e9lectronique suivante\u00a0:\u00a0<a href=\"mailto:fruiturisme@ajuntamentaitona.cat\">fruiturisme@ajuntamentaitona.cat<\/a>, d\u00e9clare qu&#039;ils sont sa propri\u00e9t\u00e9 :<\/p><p>\u2013 le domaine\u00a0<a href=\"https:\/\/fruiturisme.info\/fr\/\">www.fruiturisme.info<\/a>\u00a0\u00a0\u00a0<\/p><p>\u2013 les profils et la page dans les \u00e9l\u00e9ments suivants\u00a0:<\/p><ul class=\"wp-block-list\"><li>Instagram :\u00a0<a href=\"https:\/\/www.instagram.com\/fruiturisme\/?hl=es\" target=\"_blank\" rel=\"noopener\">https:\/\/www.instagram.com\/fruiturisme\/?hl=es<\/a><\/li><li>Facebook\u00a0:\u00a0<a href=\"https:\/\/www.facebook.com\/FruiturismeAitona\/\" target=\"_blank\" rel=\"noopener\">https:\/\/www.facebook.com\/FruiturismeAitona\/<\/a><\/li><li>Gazouillement:\u00a0<a href=\"https:\/\/twitter.com\/fruiturisme\" target=\"_blank\" rel=\"noopener\">https:\/\/twitter.com\/fruiturisme<\/a><\/li><li>YouTube\u00a0:\u00a0<a href=\"https:\/\/www.youtube.com\/channel\/UClCHvq_ygPxKQ227TITpTcg\" target=\"_blank\" rel=\"noopener\">https:\/\/www.youtube.com\/channel\/UClCHvq_ygPxKQ227TITpTcg<\/a><\/li><\/ul><p>La municipalit\u00e9 d&#039;Aitona d\u00e9cline toute responsabilit\u00e9 quant \u00e0 l&#039;utilisation incorrecte ou ill\u00e9gale des informations figurant sur ses sites web ou sur ses r\u00e9seaux sociaux. Dans les limites pr\u00e9vues par la loi, elle n&#039;est pas responsable de l&#039;inexactitude, de l&#039;exhaustivit\u00e9, de la mise \u00e0 jour ou de la v\u00e9racit\u00e9 des donn\u00e9es et informations contenues sur ses pages web.<\/p><p>Le contenu et les informations publi\u00e9s sur le site web et les r\u00e9seaux sociaux de la mairie d&#039;Aitona sont \u00e9labor\u00e9s par des professionnels d\u00fbment qualifi\u00e9s. Toutefois, ce contenu et ces informations n&#039;engagent pas la mairie et ne constituent en aucun cas des avis, des conseils ou des avis juridiques\u00a0; ils sont uniquement propos\u00e9s \u00e0 titre informatif et p\u00e9dagogique.<\/p><p>Le site web et les comptes de r\u00e9seaux sociaux de la mairie d&#039;Aitona peuvent contenir des liens vers des sites web tiers. Par cons\u00e9quent, la mairie ne peut \u00eatre tenue responsable du contenu figurant sur ces sites. Les textes, images, sons, animations, logiciels et tout autre contenu pr\u00e9sent sur ce site web sont la propri\u00e9t\u00e9 exclusive de la mairie d&#039;Aitona ou de ses conc\u00e9dants de licence. Toute transmission, distribution, cession, reproduction, stockage ou communication publique, int\u00e9grale ou partielle, est soumise \u00e0 l&#039;autorisation expresse de la mairie d&#039;Aitona.<\/p><p>De m\u00eame, le droit est r\u00e9serv\u00e9 de retirer l&#039;acc\u00e8s au portail sans pr\u00e9avis \u00e0 tout utilisateur qui contrevient aux dispositions du pr\u00e9sent avis juridique.<\/p><p><strong>R\u00c9SEAUX SOCIAUX<\/strong><\/p><p>Pour interagir avec la mairie d&#039;Aitona, les utilisateurs doivent poss\u00e9der un profil sur les r\u00e9seaux sociaux et accepter la connexion \u00e0 ces derniers. Dans ce cas, la mairie d&#039;Aitona aura acc\u00e8s au profil de l&#039;utilisateur selon les param\u00e8tres d\u00e9finis par le r\u00e9seau social et pourra interagir avec lui en lui envoyant des messages, en publiant du contenu et en participant \u00e0 des concours et des tirages au sort. Si un utilisateur ne souhaite pas que la mairie d&#039;Aitona acc\u00e8de \u00e0 son profil ou interagisse avec lui, il doit dissocier son profil en se d\u00e9sabonnant du compte de la mairie d&#039;Aitona ou en la supprimant de ses amis, abonn\u00e9s ou contacts.<\/p><p>Les actions men\u00e9es par le Conseil municipal d&#039;Aitona peuvent avoir un caract\u00e8re informatif et\/ou publicitaire concernant ses services ou produits, \u00e9tant donn\u00e9 que le r\u00e9seau social est un support publicitaire, sous la responsabilit\u00e9 du Conseil municipal d&#039;Aitona en ce qui concerne les publications et communications effectu\u00e9es par le biais de ces moyens en ligne.<\/p><p>La participation d&#039;un utilisateur \u00e0 des concours, promotions ou tirages au sort impliquera l&#039;acceptation par l&#039;utilisateur des conditions l\u00e9gales de ce concours, promotion ou tirage au sort, lesquelles seront publi\u00e9es sur le r\u00e9seau social concern\u00e9 en temps voulu, et sa participation impliquera son acceptation de ces conditions.<\/p><p>Il est rappel\u00e9 aux utilisateurs qu&#039;ils sont responsables de leurs propres publications sur les r\u00e9seaux sociaux et qu&#039;ils doivent respecter la loi et les droits des tiers, notamment ceux relatifs aux droits de propri\u00e9t\u00e9 intellectuelle, \u00e0 la protection des donn\u00e9es et au droit \u00e0 l&#039;image, ainsi que les r\u00e8gles des plateformes de r\u00e9seaux sociaux elles-m\u00eames, que l&#039;on peut consulter aux liens suivants\u00a0:<\/p><p>Instagram :\u00a0<a href=\"https:\/\/help.instagram.com\/\" target=\"_blank\" rel=\"noopener\">https:\/\/help.instagram.com\/<\/a><\/p><p>Facebook\u00a0:\u00a0<a href=\"https:\/\/www.facebook.com\/legal\/terms\" target=\"_blank\" rel=\"noopener\">https:\/\/www.facebook.com\/legal\/terms<\/a><\/p><p>Gazouillement:\u00a0<a href=\"https:\/\/twitter.com\/es\/tos\" target=\"_blank\" rel=\"noopener\">https:\/\/twitter.com\/es\/tos<\/a>\u00a0<strong>YouTube\u00a0:\u00a0<\/strong><a href=\"https:\/\/policies.google.com\/privacy?hl=es\" target=\"_blank\" rel=\"noopener\">https:\/\/policies.google.com\/privacy?hl=es<\/a><\/p>\t\t\t\t\t\t\t\t<\/div>\n\t\t\t\t<\/div>\n\t\t\t\t\t<\/div>\n\t\t\t\t<\/div>\n\t\t\t\t<\/div>","protected":false},"excerpt":{"rendered":"<p>FRUITURISME Aviso legal INFORMACI\u00d3N LEGAL LSSIYCE De acuerdo con las obligaciones previstas en la Ley 34\/2002 de Servicios de la Sociedad de la Informaci\u00f3n y del Comercio Electr\u00f3nico (en adelante LSSIYCE), Ayuntamiento de Aitona con CIF P2504600D y domicilio social en C\/ Major 6, 25182 Aitona (Lleida) y correo electr\u00f3nico\u00a0fruiturisme@ajuntamentaitona.cat, manifiesta que son de su [&hellip;]<\/p>","protected":false},"author":5,"featured_media":0,"parent":0,"menu_order":0,"comment_status":"closed","ping_status":"closed","template":"elementor_header_footer","meta":{"inline_featured_image":false,"footnotes":""},"class_list":["post-36087","page","type-page","status-publish","hentry"],"_links":{"self":[{"href":"https:\/\/fruiturisme.info\/fr\/wp-json\/wp\/v2\/pages\/36087","targetHints":{"allow":["GET"]}}],"collection":[{"href":"https:\/\/fruiturisme.info\/fr\/wp-json\/wp\/v2\/pages"}],"about":[{"href":"https:\/\/fruiturisme.info\/fr\/wp-json\/wp\/v2\/types\/page"}],"author":[{"embeddable":true,"href":"https:\/\/fruiturisme.info\/fr\/wp-json\/wp\/v2\/users\/5"}],"replies":[{"embeddable":true,"href":"https:\/\/fruiturisme.info\/fr\/wp-json\/wp\/v2\/comments?post=36087"}],"version-history":[{"count":4,"href":"https:\/\/fruiturisme.info\/fr\/wp-json\/wp\/v2\/pages\/36087\/revisions"}],"predecessor-version":[{"id":36093,"href":"https:\/\/fruiturisme.info\/fr\/wp-json\/wp\/v2\/pages\/36087\/revisions\/36093"}],"wp:attachment":[{"href":"https:\/\/fruiturisme.info\/fr\/wp-json\/wp\/v2\/media?parent=36087"}],"curies":[{"name":"wp","href":"https:\/\/api.w.org\/{rel}","templated":true}]}}