{"id":36084,"date":"2025-11-25T16:32:12","date_gmt":"2025-11-25T15:32:12","guid":{"rendered":"https:\/\/fruiturisme.info\/?page_id=36084"},"modified":"2025-11-25T17:28:05","modified_gmt":"2025-11-25T16:28:05","slug":"politique-de-confidentialite-2","status":"publish","type":"page","link":"https:\/\/fruiturisme.info\/fr\/politique-de-confidentialite-2\/","title":{"rendered":"politique de confidentialit\u00e9"},"content":{"rendered":"<div data-elementor-type=\"wp-page\" data-elementor-id=\"36084\" class=\"elementor elementor-36084\" data-elementor-post-type=\"page\">\n\t\t\t\t<div class=\"elementor-element elementor-element-d156011 e-flex e-con-boxed e-con e-parent\" data-id=\"d156011\" data-element_type=\"container\" data-e-type=\"container\">\n\t\t\t\t\t<div class=\"e-con-inner\">\n\t\t<div class=\"elementor-element elementor-element-7fa9671 e-grid e-con-full e-con e-child\" data-id=\"7fa9671\" data-element_type=\"container\" data-e-type=\"container\">\n\t\t<div class=\"elementor-element elementor-element-0420c55 e-con-full e-flex e-con e-child\" data-id=\"0420c55\" data-element_type=\"container\" data-e-type=\"container\">\n\t\t\t\t<div class=\"elementor-element elementor-element-811bf3f elementor-widget elementor-widget-heading\" data-id=\"811bf3f\" data-element_type=\"widget\" data-e-type=\"widget\" data-widget_type=\"heading.default\">\n\t\t\t\t<div class=\"elementor-widget-container\">\n\t\t\t\t\t<h2 class=\"elementor-heading-title elementor-size-default\">TOURISME FRUITIER<\/h2>\t\t\t\t<\/div>\n\t\t\t\t<\/div>\n\t\t\t\t<div class=\"elementor-element elementor-element-3ac1157 elementor-widget elementor-widget-heading\" data-id=\"3ac1157\" data-element_type=\"widget\" data-e-type=\"widget\" data-widget_type=\"heading.default\">\n\t\t\t\t<div class=\"elementor-widget-container\">\n\t\t\t\t\t<h1 class=\"elementor-heading-title elementor-size-default\">politique de confidentialit\u00e9<\/h1>\t\t\t\t<\/div>\n\t\t\t\t<\/div>\n\t\t\t\t<div class=\"elementor-element elementor-element-f15d8e9 elementor-widget-divider--view-line elementor-widget elementor-widget-divider\" data-id=\"f15d8e9\" data-element_type=\"widget\" data-e-type=\"widget\" data-widget_type=\"divider.default\">\n\t\t\t\t<div class=\"elementor-widget-container\">\n\t\t\t\t\t\t\t<div class=\"elementor-divider\">\n\t\t\t<span class=\"elementor-divider-separator\">\n\t\t\t\t\t\t<\/span>\n\t\t<\/div>\n\t\t\t\t\t\t<\/div>\n\t\t\t\t<\/div>\n\t\t\t\t<\/div>\n\t\t\t\t<\/div>\n\t\t\t\t\t<\/div>\n\t\t\t\t<\/div>\n\t\t<div class=\"elementor-element elementor-element-c8fa6c4 e-flex e-con-boxed e-con e-parent\" data-id=\"c8fa6c4\" data-element_type=\"container\" data-e-type=\"container\">\n\t\t\t\t\t<div class=\"e-con-inner\">\n\t\t\t\t<div class=\"elementor-element elementor-element-22a5988 elementor-widget elementor-widget-text-editor\" data-id=\"22a5988\" data-element_type=\"widget\" data-e-type=\"widget\" data-widget_type=\"text-editor.default\">\n\t\t\t\t<div class=\"elementor-widget-container\">\n\t\t\t\t\t\t\t\t\t<p>Conform\u00e9ment \u00e0 la r\u00e9glementation relative \u00e0 la protection des donn\u00e9es personnelles, vous autorisez par la pr\u00e9sente le traitement des donn\u00e9es personnelles fournies sous la responsabilit\u00e9 de la mairie d&#039;Aitona, situ\u00e9e C\/ Major 6, 25182 Aitona (Lleida)\u00a0:<br \/><br \/><\/p><ul class=\"wp-block-list\"><li>Formulaire de contact\u00a0: Vos donn\u00e9es seront trait\u00e9es afin de g\u00e9rer votre demande et d\u2019y r\u00e9pondre. La fourniture de ce service constitue la base l\u00e9gale du traitement de vos donn\u00e9es. Ces donn\u00e9es seront conserv\u00e9es jusqu\u2019\u00e0 la r\u00e9solution de votre demande et ne seront pas communiqu\u00e9es \u00e0 des tiers.<\/li><li>Formulaire de r\u00e9servation\u00a0: Vos donn\u00e9es seront trait\u00e9es afin de g\u00e9rer votre r\u00e9servation, et votre consentement constitue la base l\u00e9gale de ce traitement. Vos donn\u00e9es seront conserv\u00e9es jusqu\u2019\u00e0 la r\u00e9solution de votre demande et ne seront pas communiqu\u00e9es \u00e0 des tiers.<\/li><li>Si vos donn\u00e9es personnelles sont collect\u00e9es via nos r\u00e9seaux sociaux, comme indiqu\u00e9 ci-dessus, elles seront trait\u00e9es afin de g\u00e9rer les informations et les donn\u00e9es issues de vos interactions avec ces profils\/pages. Ce traitement est fond\u00e9 sur les int\u00e9r\u00eats l\u00e9gitimes de notre soci\u00e9t\u00e9 et les donn\u00e9es seront conserv\u00e9es tant que ces int\u00e9r\u00eats demeureront valides.<\/li><li>Si vos donn\u00e9es sont collect\u00e9es par le biais de cookies analytiques, que vous avez pr\u00e9alablement accept\u00e9s lors de votre visite sur notre site web, elles seront utilis\u00e9es aux fins d&#039;analyse pr\u00e9cis\u00e9es dans notre politique relative aux cookies. Vos donn\u00e9es seront transf\u00e9r\u00e9es aux \u00c9tats-Unis et conserv\u00e9es pendant la dur\u00e9e n\u00e9cessaire \u00e0 la r\u00e9alisation des finalit\u00e9s d\u00e9taill\u00e9es dans notre politique relative aux cookies.<\/li><\/ul><p><br \/>Dans tous les cas, vous pouvez indiquer la r\u00e9vocation du consentement donn\u00e9, si celui-ci constituait la base l\u00e9gitimant le traitement, ou exercer les droits pr\u00e9vus\u00a0:<\/p><ul class=\"wp-block-list\"><li>Droit d\u2019acc\u00e8s\u00a0: la personne concern\u00e9e a le droit de savoir si le responsable du traitement traite des donn\u00e9es \u00e0 caract\u00e8re personnel la concernant et, le cas \u00e9ch\u00e9ant, d\u2019acc\u00e9der \u00e0 ces donn\u00e9es ainsi que d\u2019obtenir des informations concernant le traitement effectu\u00e9.<\/li><li>Rectification\u00a0: Ce droit est li\u00e9 \u00e0 l\u2019inexactitude ou \u00e0 l\u2019incompl\u00e9tude des donn\u00e9es. La personne concern\u00e9e a le droit de rectifier ses donn\u00e9es personnelles inexactes et de faire compl\u00e9ter ses donn\u00e9es personnelles incompl\u00e8tes.<\/li><\/ul><ul class=\"wp-block-list\"><li>Effacement\u00a0: La personne concern\u00e9e a le droit d\u2019obtenir l\u2019effacement de ses donn\u00e9es \u00e0 caract\u00e8re personnel (\u201c\u00a0droit \u00e0 l\u2019oubli\u00a0\u201d) lorsque celles-ci ne sont plus n\u00e9cessaires au regard de la finalit\u00e9 pour laquelle elles ont \u00e9t\u00e9 collect\u00e9es, lorsque le consentement sur lequel le traitement \u00e9tait fond\u00e9 est retir\u00e9, lorsque la personne concern\u00e9e s\u2019oppose au traitement, lorsque les donn\u00e9es ont fait l\u2019objet d\u2019un traitement illicite, lorsque leur effacement est n\u00e9cessaire au respect d\u2019une obligation l\u00e9gale ou lorsqu\u2019elles ont \u00e9t\u00e9 obtenues dans le cadre de l\u2019offre de services de la soci\u00e9t\u00e9 de l\u2019information destin\u00e9s aux mineurs.<\/li><li>Limitation du traitement\u00a0: Il s\u2019agit du droit de la personne concern\u00e9e de demander la limitation du traitement de ses donn\u00e9es personnelles. La limitation du traitement signifie que, sur demande de la personne concern\u00e9e, ses donn\u00e9es personnelles sp\u00e9cifi\u00e9es ne seront plus trait\u00e9es.<\/li><li>Opposition : la personne concern\u00e9e a le droit de s\u2019opposer au traitement de ses donn\u00e9es lorsque celui-ci est fond\u00e9 sur certains motifs sp\u00e9cifiques et qu\u2019un motif li\u00e9 \u00e0 sa situation personnelle est invoqu\u00e9.<\/li><li>Portabilit\u00e9 des donn\u00e9es : la personne concern\u00e9e a le droit de recevoir ses donn\u00e9es personnelles fournies au responsable du traitement dans un format structur\u00e9, couramment utilis\u00e9 et lisible par machine, si le traitement est fond\u00e9 sur le consentement ou un contrat ou s&#039;il est effectu\u00e9 par des moyens automatis\u00e9s.<\/li><li>Droit de ne pas faire l\u2019objet d\u2019une d\u00e9cision individuelle automatis\u00e9e\u00a0: la personne concern\u00e9e a le droit de ne pas faire l\u2019objet d\u2019une d\u00e9cision fond\u00e9e exclusivement sur un traitement automatis\u00e9 de ses donn\u00e9es, y compris le profilage, produisant des effets juridiques la concernant ou lui portant pr\u00e9judice.<\/li><\/ul><p>Ces demandes doivent \u00eatre faites \u00e0 C\/ Major 6, 25182 Aitona (Lleida) ou \u00e0 frui<a href=\"mailto:turisme@ajuntamentaitona.cat\">turisme@ajuntamentaitona.cat<\/a>.<\/p><p>Vous pouvez \u00e9galement d\u00e9poser une plainte aupr\u00e8s de l&#039;Autorit\u00e9 catalane de protection des donn\u00e9es, ou contacter le d\u00e9l\u00e9gu\u00e9 \u00e0 la protection des donn\u00e9es \u00e0 l&#039;adresse suivante\u00a0:\u00a0<a href=\"mailto:dpd@ajuntamentaitona.cat\">dpd@ajuntamentaitona.cat<\/a>.<\/p><p><strong>PROPRI\u00c9T\u00c9 INDUSTRIELLE ET INTELLECTUELLE<\/strong><\/p><p>Ce site web est la propri\u00e9t\u00e9 de la mairie d&#039;Aitona. Les droits de propri\u00e9t\u00e9 intellectuelle et les droits d&#039;utilisation et de reproduction de ce site web, de ses pages, de sa pr\u00e9sence sur les r\u00e9seaux sociaux, de ses \u00e9crans, des informations qu&#039;ils contiennent, de leur apparence et de leur conception, ainsi que des liens hypertextes \u00e9tablis \u00e0 partir de celui-ci vers d&#039;autres sites web de tout centre affili\u00e9 ou organisme d\u00e9pendant, sont la propri\u00e9t\u00e9 exclusive de la mairie, sauf mention contraire expresse.<\/p><p>Tous les noms, dessins et\/ou logos, ainsi que tout produit ou service offert et pr\u00e9sent\u00e9 sur ce site Web, sont des marques d\u00e9pos\u00e9es d\u00fbment enregistr\u00e9es par le Conseil municipal d&#039;Aitona, ses filiales et\/ou soci\u00e9t\u00e9s contr\u00f4l\u00e9es, ou par des tiers.<\/p><p>Toute utilisation abusive de celui-ci par des personnes autres que son propri\u00e9taire l\u00e9gitime et sans le consentement expr\u00e8s et sans \u00e9quivoque de ce dernier peut \u00eatre signal\u00e9e et poursuivie par tous les moyens l\u00e9gaux existants dans le syst\u00e8me juridique espagnol et\/ou communautaire.<\/p><p>Les droits de propri\u00e9t\u00e9 intellectuelle et les marques d\u00e9pos\u00e9es de tiers sont clairement indiqu\u00e9s et doivent \u00eatre respect\u00e9s par toute personne consultant cette page. La mairie d&#039;Aitona d\u00e9cline toute responsabilit\u00e9 quant \u00e0 l&#039;utilisation qui pourrait en \u00eatre faite\u00a0; l&#039;utilisateur est seul responsable de ses actes.<\/p><p>Le t\u00e9l\u00e9chargement, la copie ou l&#039;impression de toute page de ce site web et des r\u00e9seaux sociaux sont autoris\u00e9s uniquement pour un usage personnel et priv\u00e9. Toute reproduction, transmission, modification ou suppression des informations, du contenu ou des avertissements figurant sur ce site web sans l&#039;autorisation \u00e9crite pr\u00e9alable du conseil municipal d&#039;Aitona est interdite.<\/p><p>La municipalit\u00e9 d&#039;Aitona ne transf\u00e8re pas la propri\u00e9t\u00e9 de ses logiciels aux utilisateurs. L&#039;utilisateur reste propri\u00e9taire du support sur lequel le logiciel est enregistr\u00e9. La municipalit\u00e9 d&#039;Aitona conserve tous les droits de propri\u00e9t\u00e9 industrielle et intellectuelle, y compris ceux relatifs au logiciel. Si l&#039;utilisateur transf\u00e8re le logiciel depuis ce site web vers son appareil, il lui est interdit de le d\u00e9sassembler, de le d\u00e9compiler ou de traduire le code objet original ou son langage dans un autre code ou langage.<\/p><p><em>Licence Creative Commons\u00a0: (si le site web poss\u00e8de une licence de ce type)<\/em><\/p><p>Ce site web appartient au conseil municipal d&#039;Aitona, qui d\u00e9termine que tout le contenu r\u00e9dig\u00e9 par cette entit\u00e9 est publi\u00e9 sous licence Creative Commons CC-BY-NC-SA.<\/p><p>Cette licence exige la mention de la source\u00a0; par cons\u00e9quent, tout contenu r\u00e9dig\u00e9 et produit par cette entit\u00e9 peut \u00eatre utilis\u00e9 et exploit\u00e9 \u00e0 condition que la mairie d\u2019Aitona soit cr\u00e9dit\u00e9e comme auteur du contenu, du design, du logo ou de toute autre marque distinctive. De plus, toute utilisation commerciale de ces \u00e9l\u00e9ments ou de toute \u0153uvre d\u00e9riv\u00e9e est strictement interdite. En tout \u00e9tat de cause, toute \u0153uvre d\u00e9riv\u00e9e cr\u00e9\u00e9e doit pouvoir \u00eatre utilis\u00e9e par d\u2019autres entit\u00e9s ou parties conform\u00e9ment \u00e0 la licence d\u00e9crite ci-dessus.<\/p><p>Toute utilisation sans mention correcte de la paternit\u00e9 au Conseil municipal d&#039;Aitona constituera une violation de cette licence, et l&#039;entit\u00e9 se r\u00e9serve le droit d&#039;en exiger la cessation et le retrait imm\u00e9diats, et pourra prendre toute mesure qu&#039;elle jugera appropri\u00e9e concernant cette licence sp\u00e9cifique.<\/p><p>Les droits de propri\u00e9t\u00e9 intellectuelle et les marques d\u00e9pos\u00e9es appartenant \u00e0 des tiers sont clairement indiqu\u00e9s et doivent \u00eatre respect\u00e9s par toute personne consultant cette page. La municipalit\u00e9 d&#039;Aitona d\u00e9cline toute responsabilit\u00e9 quant \u00e0 l&#039;utilisation qui pourrait en \u00eatre faite\u00a0; il est de la seule responsabilit\u00e9 de l&#039;utilisateur de se conformer aux droits de propri\u00e9t\u00e9 ou aux conditions de licence indiqu\u00e9s par le tiers.<\/p><p><strong>DROIT APPLICABLE ET JURIDICTION<\/strong><\/p><p>Les pr\u00e9sentes conditions g\u00e9n\u00e9rales sont r\u00e9gies par le droit espagnol, et les tribunaux espagnols sont comp\u00e9tents pour tout litige relatif \u00e0 leur interpr\u00e9tation, leur application et leur ex\u00e9cution. En acceptant les conditions g\u00e9n\u00e9rales \u00e9nonc\u00e9es dans les pr\u00e9sentes mentions l\u00e9gales, et dans toute la mesure permise par la loi, l&#039;utilisateur renonce express\u00e9ment \u00e0 toute autre juridiction qui pourrait s&#039;appliquer en vertu du Code de proc\u00e9dure civile espagnol en vigueur.<\/p>\t\t\t\t\t\t\t\t<\/div>\n\t\t\t\t<\/div>\n\t\t\t\t\t<\/div>\n\t\t\t\t<\/div>\n\t\t\t\t<\/div>","protected":false},"excerpt":{"rendered":"<p>FRUITURISME Pol\u00edtica de privacidad En virtud de la normativa de protecci\u00f3n de datos de car\u00e1cter personal, por la presente autoriza a que los datos personales facilitados ser\u00e1n tratados bajo la responsabilidad de Ayuntamiento de Aitona y domicilio en C\/ Major 6, 25182 Aitona (Lleida): Formulario de Contacto: Sus datos ser\u00e1n tratados con la finalidad de [&hellip;]<\/p>","protected":false},"author":5,"featured_media":0,"parent":0,"menu_order":0,"comment_status":"closed","ping_status":"closed","template":"elementor_header_footer","meta":{"inline_featured_image":false,"footnotes":""},"class_list":["post-36084","page","type-page","status-publish","hentry"],"_links":{"self":[{"href":"https:\/\/fruiturisme.info\/fr\/wp-json\/wp\/v2\/pages\/36084","targetHints":{"allow":["GET"]}}],"collection":[{"href":"https:\/\/fruiturisme.info\/fr\/wp-json\/wp\/v2\/pages"}],"about":[{"href":"https:\/\/fruiturisme.info\/fr\/wp-json\/wp\/v2\/types\/page"}],"author":[{"embeddable":true,"href":"https:\/\/fruiturisme.info\/fr\/wp-json\/wp\/v2\/users\/5"}],"replies":[{"embeddable":true,"href":"https:\/\/fruiturisme.info\/fr\/wp-json\/wp\/v2\/comments?post=36084"}],"version-history":[{"count":7,"href":"https:\/\/fruiturisme.info\/fr\/wp-json\/wp\/v2\/pages\/36084\/revisions"}],"predecessor-version":[{"id":36107,"href":"https:\/\/fruiturisme.info\/fr\/wp-json\/wp\/v2\/pages\/36084\/revisions\/36107"}],"wp:attachment":[{"href":"https:\/\/fruiturisme.info\/fr\/wp-json\/wp\/v2\/media?parent=36084"}],"curies":[{"name":"wp","href":"https:\/\/api.w.org\/{rel}","templated":true}]}}