{"id":35607,"date":"2025-11-18T17:59:45","date_gmt":"2025-11-18T16:59:45","guid":{"rendered":"https:\/\/fruiturisme.info\/?page_id=35607"},"modified":"2025-11-24T13:56:34","modified_gmt":"2025-11-24T12:56:34","slug":"visites-scolaires-2","status":"publish","type":"page","link":"https:\/\/fruiturisme.info\/fr\/visites-scolaires-2\/","title":{"rendered":"Visites scolaires"},"content":{"rendered":"<div data-elementor-type=\"wp-page\" data-elementor-id=\"35607\" class=\"elementor elementor-35607\" data-elementor-post-type=\"page\">\n\t\t\t\t<div class=\"elementor-element elementor-element-f424175 e-flex e-con-boxed e-con e-parent\" data-id=\"f424175\" data-element_type=\"container\" data-e-type=\"container\">\n\t\t\t\t\t<div class=\"e-con-inner\">\n\t\t<div class=\"elementor-element elementor-element-e48c2a0 e-grid e-con-full e-con e-child\" data-id=\"e48c2a0\" data-element_type=\"container\" data-e-type=\"container\">\n\t\t<div class=\"elementor-element elementor-element-7b3f12d e-con-full e-flex e-con e-child\" data-id=\"7b3f12d\" data-element_type=\"container\" data-e-type=\"container\">\n\t\t\t\t<div class=\"elementor-element elementor-element-45be83b elementor-widget elementor-widget-heading\" data-id=\"45be83b\" data-element_type=\"widget\" data-e-type=\"widget\" data-widget_type=\"heading.default\">\n\t\t\t\t<div class=\"elementor-widget-container\">\n\t\t\t\t\t<h2 class=\"elementor-heading-title elementor-size-default\">TOURISME FRUITIER<\/h2>\t\t\t\t<\/div>\n\t\t\t\t<\/div>\n\t\t\t\t<div class=\"elementor-element elementor-element-e83401a elementor-widget elementor-widget-heading\" data-id=\"e83401a\" data-element_type=\"widget\" data-e-type=\"widget\" data-widget_type=\"heading.default\">\n\t\t\t\t<div class=\"elementor-widget-container\">\n\t\t\t\t\t<h1 class=\"elementor-heading-title elementor-size-default\">Visites scolaires<\/h1>\t\t\t\t<\/div>\n\t\t\t\t<\/div>\n\t\t\t\t<div class=\"elementor-element elementor-element-9b3ed66 elementor-widget elementor-widget-text-editor\" data-id=\"9b3ed66\" data-element_type=\"widget\" data-e-type=\"widget\" data-widget_type=\"text-editor.default\">\n\t\t\t\t<div class=\"elementor-widget-container\">\n\t\t\t\t\t\t\t\t\t<p>Chez Fruiturisme, nous proposons aux \u00e9coles une exp\u00e9rience originale et diff\u00e9rente, une initiative qui vise \u00e0 faire d\u00e9couvrir l&#039;univers des fruits par le contact direct avec les champs, les arbres fruitiers et les fleurs.<\/p>\t\t\t\t\t\t\t\t<\/div>\n\t\t\t\t<\/div>\n\t\t\t\t<div class=\"elementor-element elementor-element-e93a6ff elementor-widget elementor-widget-button\" data-id=\"e93a6ff\" data-element_type=\"widget\" data-e-type=\"widget\" data-widget_type=\"button.default\">\n\t\t\t\t<div class=\"elementor-widget-container\">\n\t\t\t\t\t\t\t\t\t<div class=\"elementor-button-wrapper\">\n\t\t\t\t\t<a class=\"elementor-button elementor-button-link elementor-size-sm\" href=\"https:\/\/fruiturisme.info\/fr\/grand-pere-berceau-des-saints\/visite-guidee-daitona-berceau-des-saints-3\/\">\n\t\t\t\t\t\t<span class=\"elementor-button-content-wrapper\">\n\t\t\t\t\t\t<span class=\"elementor-button-icon\">\n\t\t\t\t<i aria-hidden=\"true\" class=\"fas fa-arrow-alt-circle-right\"><\/i>\t\t\t<\/span>\n\t\t\t\t\t\t\t\t\t<span class=\"elementor-button-text\">R\u00e9servez votre itin\u00e9raire<\/span>\n\t\t\t\t\t<\/span>\n\t\t\t\t\t<\/a>\n\t\t\t\t<\/div>\n\t\t\t\t\t\t\t\t<\/div>\n\t\t\t\t<\/div>\n\t\t\t\t<div class=\"elementor-element elementor-element-d936a15 elementor-widget-divider--view-line elementor-widget elementor-widget-divider\" data-id=\"d936a15\" data-element_type=\"widget\" data-e-type=\"widget\" data-widget_type=\"divider.default\">\n\t\t\t\t<div class=\"elementor-widget-container\">\n\t\t\t\t\t\t\t<div class=\"elementor-divider\">\n\t\t\t<span class=\"elementor-divider-separator\">\n\t\t\t\t\t\t<\/span>\n\t\t<\/div>\n\t\t\t\t\t\t<\/div>\n\t\t\t\t<\/div>\n\t\t\t\t<\/div>\n\t\t<div class=\"elementor-element elementor-element-e26c4d4 e-con-full e-flex e-con e-child\" data-id=\"e26c4d4\" data-element_type=\"container\" data-e-type=\"container\">\n\t\t\t\t<div class=\"elementor-element elementor-element-3bae0c0 e-transform elementor-widget elementor-widget-image\" data-id=\"3bae0c0\" data-element_type=\"widget\" data-e-type=\"widget\" data-settings=\"{&quot;_transform_rotateZ_effect&quot;:{&quot;unit&quot;:&quot;px&quot;,&quot;size&quot;:4,&quot;sizes&quot;:[]},&quot;_transform_rotateZ_effect_tablet&quot;:{&quot;unit&quot;:&quot;deg&quot;,&quot;size&quot;:&quot;&quot;,&quot;sizes&quot;:[]},&quot;_transform_rotateZ_effect_mobile&quot;:{&quot;unit&quot;:&quot;deg&quot;,&quot;size&quot;:&quot;&quot;,&quot;sizes&quot;:[]}}\" data-widget_type=\"image.default\">\n\t\t\t\t<div class=\"elementor-widget-container\">\n\t\t\t\t\t\t\t\t\t\t\t\t\t\t\t<img fetchpriority=\"high\" decoding=\"async\" width=\"816\" height=\"459\" src=\"https:\/\/fruiturisme.info\/wp-content\/uploads\/experience-5a.jpg\" class=\"attachment-full size-full wp-image-35623\" alt=\"\" srcset=\"https:\/\/fruiturisme.info\/wp-content\/uploads\/experience-5a.jpg 816w, https:\/\/fruiturisme.info\/wp-content\/uploads\/experience-5a-352x198.jpg 352w, https:\/\/fruiturisme.info\/wp-content\/uploads\/experience-5a-768x432.jpg 768w, https:\/\/fruiturisme.info\/wp-content\/uploads\/experience-5a-18x10.jpg 18w\" sizes=\"(max-width: 816px) 100vw, 816px\" \/>\t\t\t\t\t\t\t\t\t\t\t\t\t\t\t<\/div>\n\t\t\t\t<\/div>\n\t\t\t\t<div class=\"elementor-element elementor-element-32be138 e-transform elementor-widget elementor-widget-image\" data-id=\"32be138\" data-element_type=\"widget\" data-e-type=\"widget\" data-settings=\"{&quot;_transform_rotateZ_effect&quot;:{&quot;unit&quot;:&quot;px&quot;,&quot;size&quot;:-4,&quot;sizes&quot;:[]},&quot;_transform_rotateZ_effect_tablet&quot;:{&quot;unit&quot;:&quot;deg&quot;,&quot;size&quot;:&quot;&quot;,&quot;sizes&quot;:[]},&quot;_transform_rotateZ_effect_mobile&quot;:{&quot;unit&quot;:&quot;deg&quot;,&quot;size&quot;:&quot;&quot;,&quot;sizes&quot;:[]}}\" data-widget_type=\"image.default\">\n\t\t\t\t<div class=\"elementor-widget-container\">\n\t\t\t\t\t\t\t\t\t\t\t\t\t\t\t<img decoding=\"async\" width=\"528\" height=\"396\" src=\"https:\/\/fruiturisme.info\/wp-content\/uploads\/experience-5b.jpg\" class=\"attachment-full size-full wp-image-35626\" alt=\"\" srcset=\"https:\/\/fruiturisme.info\/wp-content\/uploads\/experience-5b.jpg 528w, https:\/\/fruiturisme.info\/wp-content\/uploads\/experience-5b-352x264.jpg 352w, https:\/\/fruiturisme.info\/wp-content\/uploads\/experience-5b-16x12.jpg 16w\" sizes=\"(max-width: 528px) 100vw, 528px\" \/>\t\t\t\t\t\t\t\t\t\t\t\t\t\t\t<\/div>\n\t\t\t\t<\/div>\n\t\t\t\t<\/div>\n\t\t\t\t<\/div>\n\t\t\t\t\t<\/div>\n\t\t\t\t<\/div>\n\t\t<div class=\"elementor-element elementor-element-f92d6c8 e-flex e-con-boxed e-con e-parent\" data-id=\"f92d6c8\" data-element_type=\"container\" data-e-type=\"container\" data-settings=\"{&quot;background_background&quot;:&quot;classic&quot;}\">\n\t\t\t\t\t<div class=\"e-con-inner\">\n\t\t<div class=\"elementor-element elementor-element-a5cdb79 e-con-full e-flex e-con e-child\" data-id=\"a5cdb79\" data-element_type=\"container\" data-e-type=\"container\">\n\t\t\t\t<div class=\"elementor-element elementor-element-b529474 e-transform elementor-widget elementor-widget-image\" data-id=\"b529474\" data-element_type=\"widget\" data-e-type=\"widget\" data-settings=\"{&quot;_transform_rotateZ_effect&quot;:{&quot;unit&quot;:&quot;px&quot;,&quot;size&quot;:-4,&quot;sizes&quot;:[]},&quot;_transform_rotateZ_effect_tablet&quot;:{&quot;unit&quot;:&quot;deg&quot;,&quot;size&quot;:&quot;&quot;,&quot;sizes&quot;:[]},&quot;_transform_rotateZ_effect_mobile&quot;:{&quot;unit&quot;:&quot;deg&quot;,&quot;size&quot;:&quot;&quot;,&quot;sizes&quot;:[]}}\" data-widget_type=\"image.default\">\n\t\t\t\t<div class=\"elementor-widget-container\">\n\t\t\t\t\t\t\t\t\t\t\t\t\t\t\t<img decoding=\"async\" width=\"528\" height=\"396\" src=\"https:\/\/fruiturisme.info\/wp-content\/uploads\/experience-5d.jpg\" class=\"attachment-full size-full wp-image-35625\" alt=\"\" srcset=\"https:\/\/fruiturisme.info\/wp-content\/uploads\/experience-5d.jpg 528w, https:\/\/fruiturisme.info\/wp-content\/uploads\/experience-5d-352x264.jpg 352w, https:\/\/fruiturisme.info\/wp-content\/uploads\/experience-5d-16x12.jpg 16w\" sizes=\"(max-width: 528px) 100vw, 528px\" \/>\t\t\t\t\t\t\t\t\t\t\t\t\t\t\t<\/div>\n\t\t\t\t<\/div>\n\t\t\t\t<div class=\"elementor-element elementor-element-bf9766b elementor-widget elementor-widget-text-editor\" data-id=\"bf9766b\" data-element_type=\"widget\" data-e-type=\"widget\" data-widget_type=\"text-editor.default\">\n\t\t\t\t<div class=\"elementor-widget-container\">\n\t\t\t\t\t\t\t\t\t<p>Guid\u00e9s par des agriculteurs et des producteurs locaux, les \u00e9l\u00e8ves et les enseignants participant \u00e0 la visite auront l&#039;occasion de d\u00e9couvrir de pr\u00e8s la culture, la croissance, l&#039;entretien et le processus de production du fruit, et de vivre une exp\u00e9rience unique en Catalogne qui leur permettra de prendre conscience de la valeur nutritionnelle, \u00e9conomique, sociale et paysag\u00e8re de notre plus pr\u00e9cieux tr\u00e9sor.<\/p><p>Les visites sont propos\u00e9es tous les mois de l&#039;ann\u00e9e et permettent, en chaque saison, de d\u00e9couvrir les couleurs et les types de paysages caract\u00e9ristiques de chaque p\u00e9riode.<\/p>\t\t\t\t\t\t\t\t<\/div>\n\t\t\t\t<\/div>\n\t\t\t\t<\/div>\n\t\t<div class=\"elementor-element elementor-element-739cc85 e-con-full e-flex e-con e-child\" data-id=\"739cc85\" data-element_type=\"container\" data-e-type=\"container\">\n\t\t\t\t<div class=\"elementor-element elementor-element-6285cdc e-transform elementor-widget elementor-widget-image\" data-id=\"6285cdc\" data-element_type=\"widget\" data-e-type=\"widget\" data-settings=\"{&quot;_transform_rotateZ_effect&quot;:{&quot;unit&quot;:&quot;px&quot;,&quot;size&quot;:4,&quot;sizes&quot;:[]},&quot;_transform_rotateZ_effect_tablet&quot;:{&quot;unit&quot;:&quot;deg&quot;,&quot;size&quot;:&quot;&quot;,&quot;sizes&quot;:[]},&quot;_transform_rotateZ_effect_mobile&quot;:{&quot;unit&quot;:&quot;deg&quot;,&quot;size&quot;:&quot;&quot;,&quot;sizes&quot;:[]}}\" data-widget_type=\"image.default\">\n\t\t\t\t<div class=\"elementor-widget-container\">\n\t\t\t\t\t\t\t\t\t\t\t\t\t\t\t<img loading=\"lazy\" decoding=\"async\" width=\"528\" height=\"396\" src=\"https:\/\/fruiturisme.info\/wp-content\/uploads\/experience-5c.jpg\" class=\"attachment-large size-large wp-image-35624\" alt=\"\" srcset=\"https:\/\/fruiturisme.info\/wp-content\/uploads\/experience-5c.jpg 528w, https:\/\/fruiturisme.info\/wp-content\/uploads\/experience-5c-352x264.jpg 352w, https:\/\/fruiturisme.info\/wp-content\/uploads\/experience-5c-16x12.jpg 16w\" sizes=\"(max-width: 528px) 100vw, 528px\" \/>\t\t\t\t\t\t\t\t\t\t\t\t\t\t\t<\/div>\n\t\t\t\t<\/div>\n\t\t\t\t<\/div>\n\t\t\t\t\t<\/div>\n\t\t\t\t<\/div>\n\t\t\t\t<\/div>","protected":false},"excerpt":{"rendered":"<p>FRUITURISME Visitas escolares Desde Fruiturisme ofrecemos a las escuelas una experiencia original y diferente, una iniciativa que busca difundir el mundo de la fruta a trav\u00e9s del contacto directo con los campos, el \u00e1rbol frutal y la flor. Reserva tu ruta De la mano de campesinos y productores aitonenses, los alumnos y profesorado que participen [&hellip;]<\/p>","protected":false},"author":5,"featured_media":0,"parent":0,"menu_order":0,"comment_status":"closed","ping_status":"closed","template":"elementor_header_footer","meta":{"inline_featured_image":false,"footnotes":""},"class_list":["post-35607","page","type-page","status-publish","hentry"],"_links":{"self":[{"href":"https:\/\/fruiturisme.info\/fr\/wp-json\/wp\/v2\/pages\/35607","targetHints":{"allow":["GET"]}}],"collection":[{"href":"https:\/\/fruiturisme.info\/fr\/wp-json\/wp\/v2\/pages"}],"about":[{"href":"https:\/\/fruiturisme.info\/fr\/wp-json\/wp\/v2\/types\/page"}],"author":[{"embeddable":true,"href":"https:\/\/fruiturisme.info\/fr\/wp-json\/wp\/v2\/users\/5"}],"replies":[{"embeddable":true,"href":"https:\/\/fruiturisme.info\/fr\/wp-json\/wp\/v2\/comments?post=35607"}],"version-history":[{"count":7,"href":"https:\/\/fruiturisme.info\/fr\/wp-json\/wp\/v2\/pages\/35607\/revisions"}],"predecessor-version":[{"id":35951,"href":"https:\/\/fruiturisme.info\/fr\/wp-json\/wp\/v2\/pages\/35607\/revisions\/35951"}],"wp:attachment":[{"href":"https:\/\/fruiturisme.info\/fr\/wp-json\/wp\/v2\/media?parent=35607"}],"curies":[{"name":"wp","href":"https:\/\/api.w.org\/{rel}","templated":true}]}}