{"id":35429,"date":"2025-11-11T14:01:34","date_gmt":"2025-11-11T13:01:34","guid":{"rendered":"https:\/\/fruiturisme.info\/?page_id=35429"},"modified":"2025-11-24T13:40:42","modified_gmt":"2025-11-24T12:40:42","slug":"pagina-principal-2026","status":"publish","type":"page","link":"https:\/\/fruiturisme.info\/fr\/","title":{"rendered":"Page d&#039;accueil 2026"},"content":{"rendered":"<div data-elementor-type=\"wp-page\" data-elementor-id=\"35429\" class=\"elementor elementor-35429\" data-elementor-post-type=\"page\">\n\t\t\t\t<div class=\"elementor-element elementor-element-5c96639 e-con-full elementor-hidden-desktop elementor-hidden-tablet e-flex e-con e-parent\" data-id=\"5c96639\" data-element_type=\"container\" data-e-type=\"container\" data-settings=\"{&quot;background_background&quot;:&quot;classic&quot;}\">\n\t\t<div class=\"elementor-element elementor-element-5eb27e8 e-con-full e-flex e-con e-child\" data-id=\"5eb27e8\" data-element_type=\"container\" data-e-type=\"container\">\n\t\t\t\t<div class=\"elementor-element elementor-element-1539382 elementor-widget elementor-widget-image\" data-id=\"1539382\" data-element_type=\"widget\" data-e-type=\"widget\" data-widget_type=\"image.default\">\n\t\t\t\t<div class=\"elementor-widget-container\">\n\t\t\t\t\t\t\t\t\t\t\t\t\t\t\t\t<a href=\"https:\/\/fruiturisme.info\/fr\/\">\n\t\t\t\t\t\t\t<img decoding=\"async\" width=\"414\" height=\"108\" src=\"https:\/\/fruiturisme.info\/wp-content\/uploads\/Fruiturisme-logo.jpg\" class=\"attachment-large size-large wp-image-35702\" alt=\"\" srcset=\"https:\/\/fruiturisme.info\/wp-content\/uploads\/Fruiturisme-logo.jpg 414w, https:\/\/fruiturisme.info\/wp-content\/uploads\/Fruiturisme-logo-352x92.jpg 352w, https:\/\/fruiturisme.info\/wp-content\/uploads\/Fruiturisme-logo-18x5.jpg 18w\" sizes=\"(max-width: 414px) 100vw, 414px\" \/>\t\t\t\t\t\t\t\t<\/a>\n\t\t\t\t\t\t\t\t\t\t\t\t\t\t\t<\/div>\n\t\t\t\t<\/div>\n\t\t\t\t<\/div>\n\t\t<div class=\"elementor-element elementor-element-b43ca1f e-con-full e-flex e-con e-child\" data-id=\"b43ca1f\" data-element_type=\"container\" data-e-type=\"container\">\n\t\t\t\t<div class=\"elementor-element elementor-element-817ba44 premium-ham-slide premium-nav-hor premium-slide-auto premium-nav-none elementor-widget elementor-widget-premium-nav-menu\" data-id=\"817ba44\" data-element_type=\"widget\" data-e-type=\"widget\" data-settings=\"{&quot;submenu_icon&quot;:{&quot;value&quot;:&quot;fas fa-angle-down&quot;,&quot;library&quot;:&quot;fa-solid&quot;},&quot;submenu_item_icon&quot;:{&quot;value&quot;:&quot;&quot;,&quot;library&quot;:&quot;&quot;}}\" data-widget_type=\"premium-nav-menu.default\">\n\t\t\t\t<div class=\"elementor-widget-container\">\n\t\t\t\t\t\t\t\t<div data-settings=\"{&quot;breakpoint&quot;:1024,&quot;mobileLayout&quot;:&quot;slide&quot;,&quot;mainLayout&quot;:&quot;hor&quot;,&quot;stretchDropdown&quot;:false,&quot;hoverEffect&quot;:&quot;&quot;,&quot;submenuEvent&quot;:&quot;hover&quot;,&quot;submenuTrigger&quot;:&quot;item&quot;,&quot;closeAfterClick&quot;:false,&quot;renderMobileMenu&quot;:true}\" class=\"premium-nav-widget-container premium-nav-pointer-background premium-nav-animation-none\" style=\"visibility:hidden; opacity:0;\">\n\t\t\t\t<div class=\"premium-ver-inner-container\">\n\t\t\t\t\t\t\t\t\t<div class=\"premium-hamburger-toggle premium-mobile-menu-icon\" role=\"button\" aria-label=\"Basculer le menu\">\n\t\t\t\t\t\t<span class=\"premium-toggle-text\">\n\t\t\t\t\t\t\t<i aria-hidden=\"true\" class=\"fas fa-bars\"><\/i>Menu\t\t\t\t\t\t<\/span>\n\t\t\t\t\t\t<span class=\"premium-toggle-close\">\n\t\t\t\t\t\t\t<i aria-hidden=\"true\" class=\"fas fa-times\"><\/i>Fermer\t\t\t\t\t\t<\/span>\n\t\t\t\t\t<\/div>\n\t\t\t\t\t\t\t\t\t\t\t\t<div class=\"premium-nav-menu-container premium-nav-default\">\n\t\t\t\t\t\t\t\t<ul id=\"menu-header-2026\" class=\"premium-nav-menu premium-main-nav-menu\"><li id=\"premium-nav-menu-item-36029\" class=\"menu-item menu-item-type-post_type menu-item-object-page premium-nav-menu-item\"><a href=\"https:\/\/fruiturisme.info\/fr\/experiences\/\" class=\"premium-menu-link premium-menu-link-parent premium-lq__none\">Exp\u00e9riences<\/a><\/li>\n<li id=\"premium-nav-menu-item-35687\" class=\"menu-item menu-item-type-post_type menu-item-object-page premium-nav-menu-item\"><a href=\"https:\/\/fruiturisme.info\/fr\/grand-pere-berceau-des-saints\/\" class=\"premium-menu-link premium-menu-link-parent premium-lq__none\">Berceau des saints<\/a><\/li>\n<li id=\"premium-nav-menu-item-35686\" class=\"menu-item menu-item-type-post_type menu-item-object-page premium-nav-menu-item\"><a href=\"https:\/\/fruiturisme.info\/fr\/robert-capa\/\" class=\"premium-menu-link premium-menu-link-parent premium-lq__none\">Robert Capa<\/a><\/li>\n<li id=\"premium-nav-menu-item-35685\" class=\"menu-item menu-item-type-post_type menu-item-object-page premium-nav-menu-item\"><a href=\"https:\/\/fruiturisme.info\/fr\/patrimoine\/\" class=\"premium-menu-link premium-menu-link-parent premium-lq__none\">Patrimoine<\/a><\/li>\n<li id=\"premium-nav-menu-item-35684\" class=\"menu-item menu-item-type-post_type menu-item-object-page premium-nav-menu-item\"><a href=\"https:\/\/fruiturisme.info\/fr\/visites-scolaires-2\/\" class=\"premium-menu-link premium-menu-link-parent premium-lq__none\">projet \u00e9ducatif<\/a><\/li>\n<li id=\"premium-nav-menu-item-35764\" class=\"menu-item menu-item-type-post_type menu-item-object-page premium-nav-menu-item\"><a href=\"https:\/\/fruiturisme.info\/fr\/services-aux-visiteurs-2\/\" class=\"premium-menu-link premium-menu-link-parent premium-lq__none\">Services aux visiteurs<\/a><\/li>\n<li id=\"premium-nav-menu-item-35688\" class=\"menu-item menu-item-type-post_type menu-item-object-page premium-nav-menu-item\"><a href=\"https:\/\/fruiturisme.info\/fr\/calendrier-des-evenements\/\" class=\"premium-menu-link premium-menu-link-parent premium-lq__none\">Ordre du jour<\/a><\/li>\n<li id=\"premium-nav-menu-item-35683\" class=\"menu-item menu-item-type-post_type menu-item-object-page premium-nav-menu-item\"><a href=\"https:\/\/fruiturisme.info\/fr\/actualites-sur-les-fruits-7\/\" class=\"premium-menu-link premium-menu-link-parent premium-lq__none\">Actualit\u00e9s sur les fruits<\/a><\/li>\n<li id=\"premium-nav-menu-item-36033\" class=\"menu-item menu-item-type-post_type menu-item-object-page premium-nav-menu-item\"><a href=\"https:\/\/fruiturisme.info\/fr\/espace-virtuel-3\/\" class=\"premium-menu-link premium-menu-link-parent premium-lq__none\">Espace virtuel<\/a><\/li>\n<li id=\"premium-nav-menu-item-35996\" class=\"menu-item menu-item-type-post_type menu-item-object-page premium-nav-menu-item\"><a href=\"https:\/\/fruiturisme.info\/fr\/contact\/\" class=\"premium-menu-link premium-menu-link-parent premium-lq__none\">Contact<\/a><\/li>\n<\/ul>\t\t\t\t\t\t\t<\/div>\n\t\t\t\t\t\t\t\t\t\t\t\t<div class=\"premium-nav-slide-overlay\"><\/div>\n\t\t\t\t\t\t<div class=\"premium-mobile-menu-outer-container\">\n\t\t\t\t\t\t\t<div class=\"premium-mobile-menu-close\" role=\"button\" aria-label=\"Fermer le menu\">\n\t\t\t\t\t\t\t<i aria-hidden=\"true\" class=\"fas fa-times\"><\/i>\t\t\t\t\t\t\t\t<span class=\"premium-toggle-close\">Fermer<\/span>\n\t\t\t\t\t\t<\/div>\n\t\t\t\t\t\t\t\t\t\t\t\t<div class=\"premium-mobile-menu-container\">\n\t\t\t\t\t\t\t\t\t\t\t\t\t\t\t\t<ul id=\"menu-header-2026-1\" class=\"premium-mobile-menu premium-main-mobile-menu premium-main-nav-menu\"><li id=\"premium-nav-menu-item-360291\" class=\"menu-item menu-item-type-post_type menu-item-object-page premium-nav-menu-item\"><a href=\"https:\/\/fruiturisme.info\/fr\/experiences\/\" class=\"premium-menu-link premium-menu-link-parent premium-lq__none\">Exp\u00e9riences<\/a><\/li>\n<li id=\"premium-nav-menu-item-356872\" class=\"menu-item menu-item-type-post_type menu-item-object-page premium-nav-menu-item\"><a href=\"https:\/\/fruiturisme.info\/fr\/grand-pere-berceau-des-saints\/\" class=\"premium-menu-link premium-menu-link-parent premium-lq__none\">Berceau des saints<\/a><\/li>\n<li id=\"premium-nav-menu-item-356863\" class=\"menu-item menu-item-type-post_type menu-item-object-page premium-nav-menu-item\"><a href=\"https:\/\/fruiturisme.info\/fr\/robert-capa\/\" class=\"premium-menu-link premium-menu-link-parent premium-lq__none\">Robert Capa<\/a><\/li>\n<li id=\"premium-nav-menu-item-356854\" class=\"menu-item menu-item-type-post_type menu-item-object-page premium-nav-menu-item\"><a href=\"https:\/\/fruiturisme.info\/fr\/patrimoine\/\" class=\"premium-menu-link premium-menu-link-parent premium-lq__none\">Patrimoine<\/a><\/li>\n<li id=\"premium-nav-menu-item-356845\" class=\"menu-item menu-item-type-post_type menu-item-object-page premium-nav-menu-item\"><a href=\"https:\/\/fruiturisme.info\/fr\/visites-scolaires-2\/\" class=\"premium-menu-link premium-menu-link-parent premium-lq__none\">projet \u00e9ducatif<\/a><\/li>\n<li id=\"premium-nav-menu-item-357646\" class=\"menu-item menu-item-type-post_type menu-item-object-page premium-nav-menu-item\"><a href=\"https:\/\/fruiturisme.info\/fr\/services-aux-visiteurs-2\/\" class=\"premium-menu-link premium-menu-link-parent premium-lq__none\">Services aux visiteurs<\/a><\/li>\n<li id=\"premium-nav-menu-item-356887\" class=\"menu-item menu-item-type-post_type menu-item-object-page premium-nav-menu-item\"><a href=\"https:\/\/fruiturisme.info\/fr\/calendrier-des-evenements\/\" class=\"premium-menu-link premium-menu-link-parent premium-lq__none\">Ordre du jour<\/a><\/li>\n<li id=\"premium-nav-menu-item-356838\" class=\"menu-item menu-item-type-post_type menu-item-object-page premium-nav-menu-item\"><a href=\"https:\/\/fruiturisme.info\/fr\/actualites-sur-les-fruits-7\/\" class=\"premium-menu-link premium-menu-link-parent premium-lq__none\">Actualit\u00e9s sur les fruits<\/a><\/li>\n<li id=\"premium-nav-menu-item-360339\" class=\"menu-item menu-item-type-post_type menu-item-object-page premium-nav-menu-item\"><a href=\"https:\/\/fruiturisme.info\/fr\/espace-virtuel-3\/\" class=\"premium-menu-link premium-menu-link-parent premium-lq__none\">Espace virtuel<\/a><\/li>\n<li id=\"premium-nav-menu-item-3599610\" class=\"menu-item menu-item-type-post_type menu-item-object-page premium-nav-menu-item\"><a href=\"https:\/\/fruiturisme.info\/fr\/contact\/\" class=\"premium-menu-link premium-menu-link-parent premium-lq__none\">Contact<\/a><\/li>\n<\/ul>\t\t\t\t\t\t\t\t\t\t\t\t\t\t\t<\/div>\n\t\t\t\t\t<\/div>\t\t\t\t<\/div>\n\t\t\t<\/div>\n\t\t\t\t\t\t<\/div>\n\t\t\t\t<\/div>\n\t\t\t\t<\/div>\n\t\t\t\t<\/div>\n\t\t<div class=\"elementor-element elementor-element-b1de42e e-flex e-con-boxed e-con e-parent\" data-id=\"b1de42e\" data-element_type=\"container\" data-e-type=\"container\" data-settings=\"{&quot;background_background&quot;:&quot;classic&quot;}\">\n\t\t\t\t\t<div class=\"e-con-inner\">\n\t\t\t\t<div class=\"elementor-element elementor-element-987ad6d elementor-widget elementor-widget-image\" data-id=\"987ad6d\" data-element_type=\"widget\" data-e-type=\"widget\" data-widget_type=\"image.default\">\n\t\t\t\t<div class=\"elementor-widget-container\">\n\t\t\t\t\t\t\t\t\t\t\t\t\t\t\t<img fetchpriority=\"high\" decoding=\"async\" width=\"800\" height=\"800\" src=\"https:\/\/fruiturisme.info\/wp-content\/uploads\/logo-Fruiturisme-blanco.svg\" class=\"attachment-large size-large wp-image-35474\" alt=\"\" \/>\t\t\t\t\t\t\t\t\t\t\t\t\t\t\t<\/div>\n\t\t\t\t<\/div>\n\t\t\t\t<div class=\"elementor-element elementor-element-6bf0740 elementor-widget elementor-widget-heading\" data-id=\"6bf0740\" data-element_type=\"widget\" data-e-type=\"widget\" data-widget_type=\"heading.default\">\n\t\t\t\t<div class=\"elementor-widget-container\">\n\t\t\t\t\t<p class=\"elementor-heading-title elementor-size-default\">Une douce exp\u00e9rience de<br>proximit\u00e9 dans<\/p>\t\t\t\t<\/div>\n\t\t\t\t<\/div>\n\t\t\t\t<div class=\"elementor-element elementor-element-6428cb6 elementor-widget elementor-widget-image\" data-id=\"6428cb6\" data-element_type=\"widget\" data-e-type=\"widget\" data-widget_type=\"image.default\">\n\t\t\t\t<div class=\"elementor-widget-container\">\n\t\t\t\t\t\t\t\t\t\t\t\t\t\t\t<img decoding=\"async\" width=\"795\" height=\"202\" src=\"https:\/\/fruiturisme.info\/wp-content\/uploads\/aitona-flores.png\" class=\"attachment-large size-large wp-image-35438\" alt=\"Fleurs d&#039;Aitona\" srcset=\"https:\/\/fruiturisme.info\/wp-content\/uploads\/aitona-flores.png 795w, https:\/\/fruiturisme.info\/wp-content\/uploads\/aitona-flores-352x89.png 352w, https:\/\/fruiturisme.info\/wp-content\/uploads\/aitona-flores-768x195.png 768w\" sizes=\"(max-width: 795px) 100vw, 795px\" \/>\t\t\t\t\t\t\t\t\t\t\t\t\t\t\t<\/div>\n\t\t\t\t<\/div>\n\t\t\t\t\t<\/div>\n\t\t\t\t<\/div>\n\t\t<div class=\"elementor-element elementor-element-5842ef0 e-con-full elementor-hidden-mobile e-flex e-con e-parent\" data-id=\"5842ef0\" data-element_type=\"container\" data-e-type=\"container\" data-settings=\"{&quot;background_background&quot;:&quot;classic&quot;}\">\n\t\t<div class=\"elementor-element elementor-element-c9c2ea4 e-con-full e-flex e-con e-child\" data-id=\"c9c2ea4\" data-element_type=\"container\" data-e-type=\"container\">\n\t\t\t\t<div class=\"elementor-element elementor-element-654769e elementor-widget elementor-widget-image\" data-id=\"654769e\" data-element_type=\"widget\" data-e-type=\"widget\" data-widget_type=\"image.default\">\n\t\t\t\t<div class=\"elementor-widget-container\">\n\t\t\t\t\t\t\t\t\t\t\t\t\t\t\t\t<a href=\"https:\/\/fruiturisme.info\/fr\/\">\n\t\t\t\t\t\t\t<img decoding=\"async\" width=\"414\" height=\"108\" src=\"https:\/\/fruiturisme.info\/wp-content\/uploads\/Fruiturisme-logo.jpg\" class=\"attachment-large size-large wp-image-35702\" alt=\"\" srcset=\"https:\/\/fruiturisme.info\/wp-content\/uploads\/Fruiturisme-logo.jpg 414w, https:\/\/fruiturisme.info\/wp-content\/uploads\/Fruiturisme-logo-352x92.jpg 352w, https:\/\/fruiturisme.info\/wp-content\/uploads\/Fruiturisme-logo-18x5.jpg 18w\" sizes=\"(max-width: 414px) 100vw, 414px\" \/>\t\t\t\t\t\t\t\t<\/a>\n\t\t\t\t\t\t\t\t\t\t\t\t\t\t\t<\/div>\n\t\t\t\t<\/div>\n\t\t\t\t<\/div>\n\t\t<div class=\"elementor-element elementor-element-d9cfe6e e-con-full e-flex e-con e-child\" data-id=\"d9cfe6e\" data-element_type=\"container\" data-e-type=\"container\">\n\t\t\t\t<div class=\"elementor-element elementor-element-efa0a6a premium-ham-slide premium-nav-hor premium-slide-auto premium-nav-none elementor-widget elementor-widget-premium-nav-menu\" data-id=\"efa0a6a\" data-element_type=\"widget\" data-e-type=\"widget\" data-settings=\"{&quot;submenu_icon&quot;:{&quot;value&quot;:&quot;fas fa-angle-down&quot;,&quot;library&quot;:&quot;fa-solid&quot;},&quot;submenu_item_icon&quot;:{&quot;value&quot;:&quot;&quot;,&quot;library&quot;:&quot;&quot;}}\" data-widget_type=\"premium-nav-menu.default\">\n\t\t\t\t<div class=\"elementor-widget-container\">\n\t\t\t\t\t\t\t\t<div data-settings=\"{&quot;breakpoint&quot;:1024,&quot;mobileLayout&quot;:&quot;slide&quot;,&quot;mainLayout&quot;:&quot;hor&quot;,&quot;stretchDropdown&quot;:false,&quot;hoverEffect&quot;:&quot;&quot;,&quot;submenuEvent&quot;:&quot;hover&quot;,&quot;submenuTrigger&quot;:&quot;item&quot;,&quot;closeAfterClick&quot;:false,&quot;renderMobileMenu&quot;:true}\" class=\"premium-nav-widget-container premium-nav-pointer-background premium-nav-animation-none\" style=\"visibility:hidden; opacity:0;\">\n\t\t\t\t<div class=\"premium-ver-inner-container\">\n\t\t\t\t\t\t\t\t\t<div class=\"premium-hamburger-toggle premium-mobile-menu-icon\" role=\"button\" aria-label=\"Basculer le menu\">\n\t\t\t\t\t\t<span class=\"premium-toggle-text\">\n\t\t\t\t\t\t\t<i aria-hidden=\"true\" class=\"fas fa-bars\"><\/i>Menu\t\t\t\t\t\t<\/span>\n\t\t\t\t\t\t<span class=\"premium-toggle-close\">\n\t\t\t\t\t\t\t<i aria-hidden=\"true\" class=\"fas fa-times\"><\/i>Fermer\t\t\t\t\t\t<\/span>\n\t\t\t\t\t<\/div>\n\t\t\t\t\t\t\t\t\t\t\t\t<div class=\"premium-nav-menu-container premium-nav-default\">\n\t\t\t\t\t\t\t\t<ul id=\"menu-header-2027\" class=\"premium-nav-menu premium-main-nav-menu\"><li class=\"menu-item menu-item-type-post_type menu-item-object-page premium-nav-menu-item\"><a href=\"https:\/\/fruiturisme.info\/fr\/experiences\/\" class=\"premium-menu-link premium-menu-link-parent premium-lq__none\">Exp\u00e9riences<\/a><\/li>\n<li class=\"menu-item menu-item-type-post_type menu-item-object-page premium-nav-menu-item\"><a href=\"https:\/\/fruiturisme.info\/fr\/grand-pere-berceau-des-saints\/\" class=\"premium-menu-link premium-menu-link-parent premium-lq__none\">Berceau des saints<\/a><\/li>\n<li class=\"menu-item menu-item-type-post_type menu-item-object-page premium-nav-menu-item\"><a href=\"https:\/\/fruiturisme.info\/fr\/robert-capa\/\" class=\"premium-menu-link premium-menu-link-parent premium-lq__none\">Robert Capa<\/a><\/li>\n<li class=\"menu-item menu-item-type-post_type menu-item-object-page premium-nav-menu-item\"><a href=\"https:\/\/fruiturisme.info\/fr\/patrimoine\/\" class=\"premium-menu-link premium-menu-link-parent premium-lq__none\">Patrimoine<\/a><\/li>\n<li class=\"menu-item menu-item-type-post_type menu-item-object-page premium-nav-menu-item\"><a href=\"https:\/\/fruiturisme.info\/fr\/visites-scolaires-2\/\" class=\"premium-menu-link premium-menu-link-parent premium-lq__none\">projet \u00e9ducatif<\/a><\/li>\n<li class=\"menu-item menu-item-type-post_type menu-item-object-page premium-nav-menu-item\"><a href=\"https:\/\/fruiturisme.info\/fr\/services-aux-visiteurs-2\/\" class=\"premium-menu-link premium-menu-link-parent premium-lq__none\">Services aux visiteurs<\/a><\/li>\n<li class=\"menu-item menu-item-type-post_type menu-item-object-page premium-nav-menu-item\"><a href=\"https:\/\/fruiturisme.info\/fr\/calendrier-des-evenements\/\" class=\"premium-menu-link premium-menu-link-parent premium-lq__none\">Ordre du jour<\/a><\/li>\n<li class=\"menu-item menu-item-type-post_type menu-item-object-page premium-nav-menu-item\"><a href=\"https:\/\/fruiturisme.info\/fr\/actualites-sur-les-fruits-7\/\" class=\"premium-menu-link premium-menu-link-parent premium-lq__none\">Actualit\u00e9s sur les fruits<\/a><\/li>\n<li class=\"menu-item menu-item-type-post_type menu-item-object-page premium-nav-menu-item\"><a href=\"https:\/\/fruiturisme.info\/fr\/espace-virtuel-3\/\" class=\"premium-menu-link premium-menu-link-parent premium-lq__none\">Espace virtuel<\/a><\/li>\n<li class=\"menu-item menu-item-type-post_type menu-item-object-page premium-nav-menu-item\"><a href=\"https:\/\/fruiturisme.info\/fr\/contact\/\" class=\"premium-menu-link premium-menu-link-parent premium-lq__none\">Contact<\/a><\/li>\n<\/ul>\t\t\t\t\t\t\t<\/div>\n\t\t\t\t\t\t\t\t\t\t\t\t<div class=\"premium-nav-slide-overlay\"><\/div>\n\t\t\t\t\t\t<div class=\"premium-mobile-menu-outer-container\">\n\t\t\t\t\t\t\t<div class=\"premium-mobile-menu-close\" role=\"button\" aria-label=\"Fermer le menu\">\n\t\t\t\t\t\t\t<i aria-hidden=\"true\" class=\"fas fa-times\"><\/i>\t\t\t\t\t\t\t\t<span class=\"premium-toggle-close\">Fermer<\/span>\n\t\t\t\t\t\t<\/div>\n\t\t\t\t\t\t\t\t\t\t\t\t<div class=\"premium-mobile-menu-container\">\n\t\t\t\t\t\t\t\t\t\t\t\t\t\t\t\t<ul id=\"menu-header-2027\" class=\"premium-mobile-menu premium-main-mobile-menu premium-main-nav-menu\"><li class=\"menu-item menu-item-type-post_type menu-item-object-page premium-nav-menu-item\"><a href=\"https:\/\/fruiturisme.info\/fr\/experiences\/\" class=\"premium-menu-link premium-menu-link-parent premium-lq__none\">Exp\u00e9riences<\/a><\/li>\n<li class=\"menu-item menu-item-type-post_type menu-item-object-page premium-nav-menu-item\"><a href=\"https:\/\/fruiturisme.info\/fr\/grand-pere-berceau-des-saints\/\" class=\"premium-menu-link premium-menu-link-parent premium-lq__none\">Berceau des saints<\/a><\/li>\n<li class=\"menu-item menu-item-type-post_type menu-item-object-page premium-nav-menu-item\"><a href=\"https:\/\/fruiturisme.info\/fr\/robert-capa\/\" class=\"premium-menu-link premium-menu-link-parent premium-lq__none\">Robert Capa<\/a><\/li>\n<li class=\"menu-item menu-item-type-post_type menu-item-object-page premium-nav-menu-item\"><a href=\"https:\/\/fruiturisme.info\/fr\/patrimoine\/\" class=\"premium-menu-link premium-menu-link-parent premium-lq__none\">Patrimoine<\/a><\/li>\n<li class=\"menu-item menu-item-type-post_type menu-item-object-page premium-nav-menu-item\"><a href=\"https:\/\/fruiturisme.info\/fr\/visites-scolaires-2\/\" class=\"premium-menu-link premium-menu-link-parent premium-lq__none\">projet \u00e9ducatif<\/a><\/li>\n<li class=\"menu-item menu-item-type-post_type menu-item-object-page premium-nav-menu-item\"><a href=\"https:\/\/fruiturisme.info\/fr\/services-aux-visiteurs-2\/\" class=\"premium-menu-link premium-menu-link-parent premium-lq__none\">Services aux visiteurs<\/a><\/li>\n<li class=\"menu-item menu-item-type-post_type menu-item-object-page premium-nav-menu-item\"><a href=\"https:\/\/fruiturisme.info\/fr\/calendrier-des-evenements\/\" class=\"premium-menu-link premium-menu-link-parent premium-lq__none\">Ordre du jour<\/a><\/li>\n<li class=\"menu-item menu-item-type-post_type menu-item-object-page premium-nav-menu-item\"><a href=\"https:\/\/fruiturisme.info\/fr\/actualites-sur-les-fruits-7\/\" class=\"premium-menu-link premium-menu-link-parent premium-lq__none\">Actualit\u00e9s sur les fruits<\/a><\/li>\n<li class=\"menu-item menu-item-type-post_type menu-item-object-page premium-nav-menu-item\"><a href=\"https:\/\/fruiturisme.info\/fr\/espace-virtuel-3\/\" class=\"premium-menu-link premium-menu-link-parent premium-lq__none\">Espace virtuel<\/a><\/li>\n<li class=\"menu-item menu-item-type-post_type menu-item-object-page premium-nav-menu-item\"><a href=\"https:\/\/fruiturisme.info\/fr\/contact\/\" class=\"premium-menu-link premium-menu-link-parent premium-lq__none\">Contact<\/a><\/li>\n<\/ul>\t\t\t\t\t\t\t\t\t\t\t\t\t\t\t<\/div>\n\t\t\t\t\t<\/div>\t\t\t\t<\/div>\n\t\t\t<\/div>\n\t\t\t\t\t\t<\/div>\n\t\t\t\t<\/div>\n\t\t\t\t<\/div>\n\t\t\t\t<\/div>\n\t\t\t\t<\/div>","protected":false},"excerpt":{"rendered":"<p>Menu Fermer Exp\u00e9riences Berceau des Saints Projet \u00e9ducatif du patrimoine Robert Capa Services aux visiteurs Agenda Actualit\u00e9s sur les fruits Espace virtuel Contact Fermer Exp\u00e9riences Berceau des Saints Projet \u00e9ducatif du patrimoine Robert Capa Services aux visiteurs Agenda Actualit\u00e9s sur les fruits Espace virtuel Contact Une douce exp\u00e9rience de proximit\u00e9 dans Menu Fermer Exp\u00e9riences Berceau des Saints Projet \u00e9ducatif du patrimoine Robert Capa [\u2026]<\/p>","protected":false},"author":5,"featured_media":0,"parent":0,"menu_order":0,"comment_status":"closed","ping_status":"closed","template":"elementor_canvas","meta":{"inline_featured_image":false,"footnotes":""},"class_list":["post-35429","page","type-page","status-publish","hentry"],"_links":{"self":[{"href":"https:\/\/fruiturisme.info\/fr\/wp-json\/wp\/v2\/pages\/35429","targetHints":{"allow":["GET"]}}],"collection":[{"href":"https:\/\/fruiturisme.info\/fr\/wp-json\/wp\/v2\/pages"}],"about":[{"href":"https:\/\/fruiturisme.info\/fr\/wp-json\/wp\/v2\/types\/page"}],"author":[{"embeddable":true,"href":"https:\/\/fruiturisme.info\/fr\/wp-json\/wp\/v2\/users\/5"}],"replies":[{"embeddable":true,"href":"https:\/\/fruiturisme.info\/fr\/wp-json\/wp\/v2\/comments?post=35429"}],"version-history":[{"count":67,"href":"https:\/\/fruiturisme.info\/fr\/wp-json\/wp\/v2\/pages\/35429\/revisions"}],"predecessor-version":[{"id":35931,"href":"https:\/\/fruiturisme.info\/fr\/wp-json\/wp\/v2\/pages\/35429\/revisions\/35931"}],"wp:attachment":[{"href":"https:\/\/fruiturisme.info\/fr\/wp-json\/wp\/v2\/media?parent=35429"}],"curies":[{"name":"wp","href":"https:\/\/api.w.org\/{rel}","templated":true}]}}