{"id":9506,"date":"2022-05-02T18:17:07","date_gmt":"2022-05-02T16:17:07","guid":{"rendered":"https:\/\/fruiturisme.info\/?post_type=product&#038;p=9506"},"modified":"2026-03-06T10:32:16","modified_gmt":"2026-03-06T09:32:16","slug":"apadrina","status":"publish","type":"product","link":"https:\/\/fruiturisme.info\/es\/reserva-tu-experiencia\/apadrina\/","title":{"rendered":"Pack Cosecha"},"content":{"rendered":"<p><strong>Apadrina un \u00e1rbol en Aitona<\/strong><\/p>\n<p>Conecta con la tierra, vive la floraci\u00f3n y saborea la fruta m\u00e1s dulce del mundo.<\/p>\n<p><strong>Tu propio \u00e1rbol en Aitona<\/strong><\/p>\n<p>Al apadrinar un \u00e1rbol frutal, no solo compras fruta; te conviertes en parte de la familia Fruiturisme. Apoyas la agricultura local de Aitona, proteges el paisaje del &#8220;mar rosa&#8221; y garantizas una cosecha fresca, directa del campo a tu mesa.<\/p>\n<p><strong>El ciclo de la vida<\/strong><\/p>\n<ol>\n<li><strong>Apadrina:<\/strong> Elige tu variedad preferida. Te asignaremos un \u00e1rbol con tu nombre y recibir\u00e1s un certificado oficial de apadrinamiento.<\/li>\n<li><strong>Visita:<\/strong> Ven a Aitona durante la floraci\u00f3n m\u00e1gica o en verano. Tu \u00e1rbol te espera. Sigue su evoluci\u00f3n mes a mes para ver c\u00f3mo evoluciona.<\/li>\n<li><strong>Saborea:<\/strong> Cuando la fruta est\u00e9 en su punto exacto de maduraci\u00f3n, te enviaremos la cosecha (o vendr\u00e1s a recogerla) llena de sabor.<\/li>\n<\/ol>\n<p>&nbsp;<\/p>\n<p><strong>\u00bfQu\u00e9 incluye el Pack Cosecha?<\/strong><\/p>\n<ul>\n<li>Derecho a 8kg de la variedad elegida.<\/li>\n<li>Certificado digital de apadrinamiento.<\/li>\n<li>Recogida en campo (Experiencia Farmer).<\/li>\n<li>Desayuno de pay\u00e9s para dos personas<\/li>\n<\/ul>\n","protected":false},"excerpt":{"rendered":"<p><strong>Apadrina un \u00e1rbol en Aitona<\/strong><\/p>\n<p>Conecta con la tierra, vive la floraci\u00f3n y saborea la fruta m\u00e1s dulce del mundo.<\/p>\n<p><strong>\u00bfQu\u00e9 incluye el Pack Cosecha?<\/strong><\/p>\n<ul>\n<li>Derecho a 8kg de la variedad elegida.<\/li>\n<li>Certificado digital de apadrinamiento.<\/li>\n<li>Recogida en campo (Experiencia Farmer).<\/li>\n<li>Desayuno de pay\u00e9s para dos personas<\/li>\n<\/ul>\n","protected":false},"featured_media":36016,"comment_status":"closed","ping_status":"closed","template":"","meta":{"inline_featured_image":false},"product_brand":[],"product_cat":[261],"product_tag":[],"class_list":{"0":"post-9506","1":"product","2":"type-product","3":"status-publish","4":"has-post-thumbnail","6":"product_cat-apadrina-un-arbol","8":"first","9":"instock","10":"virtual","11":"purchasable","12":"product-type-simple"},"group_of_quantity":0,"min_quantity":0,"max_quantity":10,"exclude_order_quantity_value_rules":"no","exclude_category_quantity_rules":"no","combine_variations":"no","_links":{"self":[{"href":"https:\/\/fruiturisme.info\/es\/wp-json\/wp\/v2\/product\/9506","targetHints":{"allow":["GET"]}}],"collection":[{"href":"https:\/\/fruiturisme.info\/es\/wp-json\/wp\/v2\/product"}],"about":[{"href":"https:\/\/fruiturisme.info\/es\/wp-json\/wp\/v2\/types\/product"}],"replies":[{"embeddable":true,"href":"https:\/\/fruiturisme.info\/es\/wp-json\/wp\/v2\/comments?post=9506"}],"wp:featuredmedia":[{"embeddable":true,"href":"https:\/\/fruiturisme.info\/es\/wp-json\/wp\/v2\/media\/36016"}],"wp:attachment":[{"href":"https:\/\/fruiturisme.info\/es\/wp-json\/wp\/v2\/media?parent=9506"}],"wp:term":[{"taxonomy":"product_brand","embeddable":true,"href":"https:\/\/fruiturisme.info\/es\/wp-json\/wp\/v2\/product_brand?post=9506"},{"taxonomy":"product_cat","embeddable":true,"href":"https:\/\/fruiturisme.info\/es\/wp-json\/wp\/v2\/product_cat?post=9506"},{"taxonomy":"product_tag","embeddable":true,"href":"https:\/\/fruiturisme.info\/es\/wp-json\/wp\/v2\/product_tag?post=9506"}],"curies":[{"name":"wp","href":"https:\/\/api.w.org\/{rel}","templated":true}]}}