{"id":37773,"date":"2026-02-12T12:54:20","date_gmt":"2026-02-12T11:54:20","guid":{"rendered":"https:\/\/fruiturisme.info\/?post_type=product&#038;p=37773"},"modified":"2026-03-06T09:57:42","modified_gmt":"2026-03-06T08:57:42","slug":"recogida-de-aceitunas","status":"publish","type":"product","link":"https:\/\/fruiturisme.info\/es\/reserva-tu-experiencia\/recogida-de-aceitunas\/","title":{"rendered":"Recogida de aceitunas"},"content":{"rendered":"","protected":false},"excerpt":{"rendered":"<p>Qu\u00e9 incluye:<\/p>\n<ul>\n<li>\ud83c\udf33 Cosecha de aceitunas en el campo con explicaciones pr\u00e1cticas<\/li>\n<li>\ud83d\udc68\u200d\ud83c\udf3e Introducci\u00f3n a las variedades y al momento \u00f3ptimo de recolecci\u00f3n<\/li>\n<li>\ud83e\uded2 Conocimiento del proceso de elaboraci\u00f3n del aceite<\/li>\n<li>\ud83e\uddf4 <strong>1 litro de aceite<\/strong> para llevarte a casa<\/li>\n<li>\ud83e\udd42 <strong>Vermut degustaci\u00f3n<\/strong> por compartir y disfrutar al final de la jornada<\/li>\n<\/ul>\n","protected":false},"featured_media":37763,"comment_status":"closed","ping_status":"closed","template":"","meta":{"inline_featured_image":false},"product_brand":[],"product_cat":[265],"product_tag":[],"class_list":{"0":"post-37773","1":"product","2":"type-product","3":"status-publish","4":"has-post-thumbnail","6":"product_cat-recogidas","8":"first","9":"instock","10":"virtual","11":"purchasable","12":"product-type-simple"},"group_of_quantity":0,"min_quantity":0,"max_quantity":10,"exclude_order_quantity_value_rules":"no","exclude_category_quantity_rules":"no","combine_variations":"no","_links":{"self":[{"href":"https:\/\/fruiturisme.info\/es\/wp-json\/wp\/v2\/product\/37773","targetHints":{"allow":["GET"]}}],"collection":[{"href":"https:\/\/fruiturisme.info\/es\/wp-json\/wp\/v2\/product"}],"about":[{"href":"https:\/\/fruiturisme.info\/es\/wp-json\/wp\/v2\/types\/product"}],"replies":[{"embeddable":true,"href":"https:\/\/fruiturisme.info\/es\/wp-json\/wp\/v2\/comments?post=37773"}],"wp:featuredmedia":[{"embeddable":true,"href":"https:\/\/fruiturisme.info\/es\/wp-json\/wp\/v2\/media\/37763"}],"wp:attachment":[{"href":"https:\/\/fruiturisme.info\/es\/wp-json\/wp\/v2\/media?parent=37773"}],"wp:term":[{"taxonomy":"product_brand","embeddable":true,"href":"https:\/\/fruiturisme.info\/es\/wp-json\/wp\/v2\/product_brand?post=37773"},{"taxonomy":"product_cat","embeddable":true,"href":"https:\/\/fruiturisme.info\/es\/wp-json\/wp\/v2\/product_cat?post=37773"},{"taxonomy":"product_tag","embeddable":true,"href":"https:\/\/fruiturisme.info\/es\/wp-json\/wp\/v2\/product_tag?post=37773"}],"curies":[{"name":"wp","href":"https:\/\/api.w.org\/{rel}","templated":true}]}}