{"id":37752,"date":"2026-02-12T11:35:20","date_gmt":"2026-02-12T10:35:20","guid":{"rendered":"https:\/\/fruiturisme.info\/?post_type=product&#038;p=37752"},"modified":"2026-03-06T09:55:05","modified_gmt":"2026-03-06T08:55:05","slug":"recogida-de-nueces","status":"publish","type":"product","link":"https:\/\/fruiturisme.info\/es\/reserva-tu-experiencia\/recogida-de-nueces\/","title":{"rendered":"Recogida de nueces"},"content":{"rendered":"","protected":false},"excerpt":{"rendered":"<p>Qu\u00e9 incluye:<\/p>\n<ul>\n<li>\ud83d\ude9c Visita a los campos donde se cultivan y se trabajan las nueces<\/li>\n<li>\ud83d\udc68\u200d\ud83c\udf3e Explicaci\u00f3n del ciclo del cultivo y del momento de cosecha<\/li>\n<li>\ud83c\udfed Entrada en la nave para ver todo el proceso de transformaci\u00f3n y tratamiento<\/li>\n<li>\ud83d\udcda Conocimiento pr\u00e1ctico sobre selecci\u00f3n, secado y preparaci\u00f3n<\/li>\n<li>\u2696\ufe0f <strong>2 kg de nueces<\/strong> para llevarte a casa<\/li>\n<li>\ud83e\udd42 <strong>Vermut degustaci\u00f3n para 2 personas<\/strong> para cerrar la visita<\/li>\n<\/ul>\n","protected":false},"featured_media":37734,"comment_status":"closed","ping_status":"closed","template":"","meta":{"inline_featured_image":false},"product_brand":[],"product_cat":[265],"product_tag":[],"class_list":{"0":"post-37752","1":"product","2":"type-product","3":"status-publish","4":"has-post-thumbnail","6":"product_cat-recogidas","8":"first","9":"instock","10":"virtual","11":"purchasable","12":"product-type-simple"},"group_of_quantity":0,"min_quantity":0,"max_quantity":10,"exclude_order_quantity_value_rules":"no","exclude_category_quantity_rules":"no","combine_variations":"no","_links":{"self":[{"href":"https:\/\/fruiturisme.info\/es\/wp-json\/wp\/v2\/product\/37752","targetHints":{"allow":["GET"]}}],"collection":[{"href":"https:\/\/fruiturisme.info\/es\/wp-json\/wp\/v2\/product"}],"about":[{"href":"https:\/\/fruiturisme.info\/es\/wp-json\/wp\/v2\/types\/product"}],"replies":[{"embeddable":true,"href":"https:\/\/fruiturisme.info\/es\/wp-json\/wp\/v2\/comments?post=37752"}],"wp:featuredmedia":[{"embeddable":true,"href":"https:\/\/fruiturisme.info\/es\/wp-json\/wp\/v2\/media\/37734"}],"wp:attachment":[{"href":"https:\/\/fruiturisme.info\/es\/wp-json\/wp\/v2\/media?parent=37752"}],"wp:term":[{"taxonomy":"product_brand","embeddable":true,"href":"https:\/\/fruiturisme.info\/es\/wp-json\/wp\/v2\/product_brand?post=37752"},{"taxonomy":"product_cat","embeddable":true,"href":"https:\/\/fruiturisme.info\/es\/wp-json\/wp\/v2\/product_cat?post=37752"},{"taxonomy":"product_tag","embeddable":true,"href":"https:\/\/fruiturisme.info\/es\/wp-json\/wp\/v2\/product_tag?post=37752"}],"curies":[{"name":"wp","href":"https:\/\/api.w.org\/{rel}","templated":true}]}}