{"id":37894,"date":"2026-02-13T14:28:26","date_gmt":"2026-02-13T13:28:26","guid":{"rendered":"https:\/\/fruiturisme.info\/?page_id=37894"},"modified":"2026-02-13T14:42:03","modified_gmt":"2026-02-13T13:42:03","slug":"espectaculo-de-la-floracion-de-aitona","status":"publish","type":"page","link":"https:\/\/fruiturisme.info\/es\/espectaculo-de-la-floracion-de-aitona\/","title":{"rendered":"Espect\u00e1culo de la floraci\u00f3n de Aitona"},"content":{"rendered":"\t\t<div data-elementor-type=\"wp-page\" data-elementor-id=\"37894\" class=\"elementor elementor-37894\" data-elementor-post-type=\"page\">\n\t\t\t\t<div class=\"elementor-element elementor-element-7049566 e-flex e-con-boxed e-con e-parent\" data-id=\"7049566\" data-element_type=\"container\" data-e-type=\"container\">\n\t\t\t\t\t<div class=\"e-con-inner\">\n\t\t<div class=\"elementor-element elementor-element-920d501 e-grid e-con-full e-con e-child\" data-id=\"920d501\" data-element_type=\"container\" data-e-type=\"container\">\n\t\t<div class=\"elementor-element elementor-element-591f4d7 e-con-full e-flex e-con e-child\" data-id=\"591f4d7\" data-element_type=\"container\" data-e-type=\"container\">\n\t\t\t\t<div class=\"elementor-element elementor-element-672c155 elementor-widget elementor-widget-heading\" data-id=\"672c155\" data-element_type=\"widget\" data-e-type=\"widget\" data-widget_type=\"heading.default\">\n\t\t\t\t<div class=\"elementor-widget-container\">\n\t\t\t\t\t<h2 class=\"elementor-heading-title elementor-size-default\">FRUITURISME<\/h2>\t\t\t\t<\/div>\n\t\t\t\t<\/div>\n\t\t\t\t<div class=\"elementor-element elementor-element-f8f0d98 elementor-widget elementor-widget-heading\" data-id=\"f8f0d98\" data-element_type=\"widget\" data-e-type=\"widget\" data-widget_type=\"heading.default\">\n\t\t\t\t<div class=\"elementor-widget-container\">\n\t\t\t\t\t<h1 class=\"elementor-heading-title elementor-size-default\">Espect\u00e1culo de la floraci\u00f3n de Aitona<\/h1>\t\t\t\t<\/div>\n\t\t\t\t<\/div>\n\t\t\t\t<div class=\"elementor-element elementor-element-b6a2aa5 elementor-widget-divider--view-line elementor-widget elementor-widget-divider\" data-id=\"b6a2aa5\" data-element_type=\"widget\" data-e-type=\"widget\" data-widget_type=\"divider.default\">\n\t\t\t\t<div class=\"elementor-widget-container\">\n\t\t\t\t\t\t\t<div class=\"elementor-divider\">\n\t\t\t<span class=\"elementor-divider-separator\">\n\t\t\t\t\t\t<\/span>\n\t\t<\/div>\n\t\t\t\t\t\t<\/div>\n\t\t\t\t<\/div>\n\t\t\t\t<\/div>\n\t\t<div class=\"elementor-element elementor-element-bfb4a01 e-con-full e-flex e-con e-child\" data-id=\"bfb4a01\" data-element_type=\"container\" data-e-type=\"container\">\n\t\t\t\t<div class=\"elementor-element elementor-element-397cc30 elementor-widget elementor-widget-image\" data-id=\"397cc30\" data-element_type=\"widget\" data-e-type=\"widget\" data-widget_type=\"image.default\">\n\t\t\t\t<div class=\"elementor-widget-container\">\n\t\t\t\t\t\t\t\t\t\t\t\t\t\t\t<img fetchpriority=\"high\" decoding=\"async\" width=\"457\" height=\"457\" src=\"https:\/\/fruiturisme.info\/wp-content\/uploads\/experiencia-estacional.webp\" class=\"attachment-large size-large wp-image-36159\" alt=\"\" srcset=\"https:\/\/fruiturisme.info\/wp-content\/uploads\/experiencia-estacional.webp 457w, https:\/\/fruiturisme.info\/wp-content\/uploads\/experiencia-estacional-352x352.webp 352w, https:\/\/fruiturisme.info\/wp-content\/uploads\/experiencia-estacional-160x160.webp 160w, https:\/\/fruiturisme.info\/wp-content\/uploads\/experiencia-estacional-300x300.webp 300w, https:\/\/fruiturisme.info\/wp-content\/uploads\/experiencia-estacional-12x12.webp 12w, https:\/\/fruiturisme.info\/wp-content\/uploads\/experiencia-estacional-100x100.webp 100w\" sizes=\"(max-width: 457px) 100vw, 457px\" \/>\t\t\t\t\t\t\t\t\t\t\t\t\t\t\t<\/div>\n\t\t\t\t<\/div>\n\t\t\t\t<\/div>\n\t\t\t\t<\/div>\n\t\t\t\t\t<\/div>\n\t\t\t\t<\/div>\n\t\t<div class=\"elementor-element elementor-element-74ea67d e-flex e-con-boxed e-con e-parent\" data-id=\"74ea67d\" data-element_type=\"container\" data-e-type=\"container\">\n\t\t\t\t\t<div class=\"e-con-inner\">\n\t\t<div class=\"elementor-element elementor-element-c4f3351 e-grid e-con-full e-con e-child\" data-id=\"c4f3351\" data-element_type=\"container\" data-e-type=\"container\">\n\t\t<div class=\"elementor-element elementor-element-9e5060d e-con-full e-flex e-con e-child\" data-id=\"9e5060d\" data-element_type=\"container\" data-e-type=\"container\">\n\t\t\t\t<div class=\"elementor-element elementor-element-30ed979 elementor-widget elementor-widget-image\" data-id=\"30ed979\" data-element_type=\"widget\" data-e-type=\"widget\" data-widget_type=\"image.default\">\n\t\t\t\t<div class=\"elementor-widget-container\">\n\t\t\t\t\t\t\t\t\t\t\t\t\t\t\t<img decoding=\"async\" width=\"600\" height=\"750\" src=\"https:\/\/fruiturisme.info\/wp-content\/uploads\/espectaculo-floracion.jpeg\" class=\"attachment-large size-large wp-image-37896\" alt=\"Espect\u00e1culo de la floraci\u00f3n de Aitona\" srcset=\"https:\/\/fruiturisme.info\/wp-content\/uploads\/espectaculo-floracion.jpeg 600w, https:\/\/fruiturisme.info\/wp-content\/uploads\/espectaculo-floracion-352x440.jpeg 352w, https:\/\/fruiturisme.info\/wp-content\/uploads\/espectaculo-floracion-10x12.jpeg 10w\" sizes=\"(max-width: 600px) 100vw, 600px\" \/>\t\t\t\t\t\t\t\t\t\t\t\t\t\t\t<\/div>\n\t\t\t\t<\/div>\n\t\t\t\t<div class=\"elementor-element elementor-element-a24d48f elementor-widget elementor-widget-text-editor\" data-id=\"a24d48f\" data-element_type=\"widget\" data-e-type=\"widget\" data-widget_type=\"text-editor.default\">\n\t\t\t\t<div class=\"elementor-widget-container\">\n\t\t\t\t\t\t\t\t\t<p style=\"text-align: center;\">\ud83d\udc49 Plazas limitadas. Visita nuestra p\u00e1gina web y reserva antes de que se agoten:\u00a0<\/p>\t\t\t\t\t\t\t\t<\/div>\n\t\t\t\t<\/div>\n\t\t<div class=\"elementor-element elementor-element-fe9a8ce e-con-full e-flex e-con e-child\" data-id=\"fe9a8ce\" data-element_type=\"container\" data-e-type=\"container\">\n\t\t\t\t<div class=\"elementor-element elementor-element-452a8e6 elementor-align-center elementor-widget elementor-widget-button\" data-id=\"452a8e6\" data-element_type=\"widget\" data-e-type=\"widget\" data-widget_type=\"button.default\">\n\t\t\t\t<div class=\"elementor-widget-container\">\n\t\t\t\t\t\t\t\t\t<div class=\"elementor-button-wrapper\">\n\t\t\t\t\t<a class=\"elementor-button elementor-button-link elementor-size-sm\" href=\"https:\/\/aitonagourmet.com\/ca\/761-experiencia-floracio\" target=\"_blank\" rel=\"noopener\">\n\t\t\t\t\t\t<span class=\"elementor-button-content-wrapper\">\n\t\t\t\t\t\t<span class=\"elementor-button-icon\">\n\t\t\t\t<i aria-hidden=\"true\" class=\"far fa-file-alt\"><\/i>\t\t\t<\/span>\n\t\t\t\t\t\t\t\t\t<span class=\"elementor-button-text\">Reservar experiencias<\/span>\n\t\t\t\t\t<\/span>\n\t\t\t\t\t<\/a>\n\t\t\t\t<\/div>\n\t\t\t\t\t\t\t\t<\/div>\n\t\t\t\t<\/div>\n\t\t\t\t<\/div>\n\t\t\t\t<div class=\"elementor-element elementor-element-38160e2 elementor-widget elementor-widget-text-editor\" data-id=\"38160e2\" data-element_type=\"widget\" data-e-type=\"widget\" data-widget_type=\"text-editor.default\">\n\t\t\t\t<div class=\"elementor-widget-container\">\n\t\t\t\t\t\t\t\t\t<p><strong>La floraci\u00f3n debe vivirse. Es \u00fanica, m\u00e1gica e inolvidable \ud83c\udf38<\/strong><\/p>\t\t\t\t\t\t\t\t<\/div>\n\t\t\t\t<\/div>\n\t\t\t\t<\/div>\n\t\t<div class=\"elementor-element elementor-element-205420b e-con-full e-flex e-con e-child\" data-id=\"205420b\" data-element_type=\"container\" data-e-type=\"container\">\n\t\t\t\t<div class=\"elementor-element elementor-element-570e3c9 elementor-widget elementor-widget-heading\" data-id=\"570e3c9\" data-element_type=\"widget\" data-e-type=\"widget\" data-widget_type=\"heading.default\">\n\t\t\t\t<div class=\"elementor-widget-container\">\n\t\t\t\t\t<h2 class=\"elementor-heading-title elementor-size-default\">\ud83c\udf38 VIVE EL ESPECT\u00c1CULO DE LA FLORACI\u00d3N DE AITONA \ud83c\udf38<\/h2>\t\t\t\t<\/div>\n\t\t\t\t<\/div>\n\t\t\t\t<div class=\"elementor-element elementor-element-6b38ab9 elementor-widget elementor-widget-text-editor\" data-id=\"6b38ab9\" data-element_type=\"widget\" data-e-type=\"widget\" data-widget_type=\"text-editor.default\">\n\t\t\t\t<div class=\"elementor-widget-container\">\n\t\t\t\t\t\t\t\t\t<p>Cuando los melocotoneros de Aitona estallan en flor, el paisaje se transforma en un mar de tonos rosados \u200b\u200bque cautiva todos los sentidos. Desde Aitona Gourmet, te invitamos a vivir este momento de la mejor forma y, como cada a\u00f1o, hemos preparado un conjunto de experiencias pensadas para disfrutar plenamente de la floraci\u00f3n.<\/p>\t\t\t\t\t\t\t\t<\/div>\n\t\t\t\t<\/div>\n\t\t\t\t<div class=\"elementor-element elementor-element-4b41996 elementor-widget elementor-widget-heading\" data-id=\"4b41996\" data-element_type=\"widget\" data-e-type=\"widget\" data-widget_type=\"heading.default\">\n\t\t\t\t<div class=\"elementor-widget-container\">\n\t\t\t\t\t<h2 class=\"elementor-heading-title elementor-size-default\">\u2728 Experiencias de floraci\u00f3n (ya disponibles en la web)<\/h2>\t\t\t\t<\/div>\n\t\t\t\t<\/div>\n\t\t\t\t<div class=\"elementor-element elementor-element-90dcd35 elementor-widget elementor-widget-text-editor\" data-id=\"90dcd35\" data-element_type=\"widget\" data-e-type=\"widget\" data-widget_type=\"text-editor.default\">\n\t\t\t\t<div class=\"elementor-widget-container\">\n\t\t\t\t\t\t\t\t\t<ul><li><strong>Cata de Aitona:<\/strong> paseo entre flores y degustaci\u00f3n de nuestros productos.<\/li><li><strong>Flores y fotograf\u00eda:<\/strong> captura la floraci\u00f3n acompa\u00f1ado de un fot\u00f3grafo profesional.<\/li><li><strong>Armon\u00edas entre flores:<\/strong> cata de vinos con Gregori Albareda, uno de los 25 mejores sumilleres de Espa\u00f1a.<\/li><li><strong>Los secretos del oro l\u00edquido:<\/strong> cata guiada de aceites de oliva virgen extra con Caram Caram.<\/li><li><strong>Puesta de sol entre flores:<\/strong> paseo y degustaci\u00f3n al atardecer.<\/li><\/ul>\t\t\t\t\t\t\t\t<\/div>\n\t\t\t\t<\/div>\n\t\t\t\t<div class=\"elementor-element elementor-element-b124cae elementor-widget elementor-widget-text-editor\" data-id=\"b124cae\" data-element_type=\"widget\" data-e-type=\"widget\" data-widget_type=\"text-editor.default\">\n\t\t\t\t<div class=\"elementor-widget-container\">\n\t\t\t\t\t\t\t\t\t<p>Si quieres, te podremos recomendar restaurantes, alojamientos y actividades para acabar de completar un d\u00eda o un fin de semana magn\u00edfico.<\/p><p>Tambi\u00e9n te ofrecemos: grupos de 20 a 30 personas, s\u00f3lo entre semana con actividades exclusivas. Ideal para empresas o grupos. Paseo en Jeep, almuerzo gastron\u00f3mico&#8230;<\/p>\t\t\t\t\t\t\t\t<\/div>\n\t\t\t\t<\/div>\n\t\t\t\t<\/div>\n\t\t\t\t<\/div>\n\t\t\t\t\t<\/div>\n\t\t\t\t<\/div>\n\t\t\t\t<\/div>\n\t\t","protected":false},"excerpt":{"rendered":"<p>FRUITURISME Espect\u00e1culo de la floraci\u00f3n de Aitona \ud83d\udc49 Plazas limitadas. Visita nuestra p\u00e1gina web y reserva antes de que se agoten:\u00a0 Reservar experiencias La floraci\u00f3n debe vivirse. Es \u00fanica, m\u00e1gica e inolvidable \ud83c\udf38 \ud83c\udf38 VIVE EL ESPECT\u00c1CULO DE LA FLORACI\u00d3N DE AITONA \ud83c\udf38 Cuando los melocotoneros de Aitona estallan en flor, el paisaje se transforma [&hellip;]<\/p>\n","protected":false},"author":5,"featured_media":0,"parent":0,"menu_order":0,"comment_status":"closed","ping_status":"closed","template":"","meta":{"inline_featured_image":false,"footnotes":""},"class_list":["post-37894","page","type-page","status-publish","hentry"],"_links":{"self":[{"href":"https:\/\/fruiturisme.info\/es\/wp-json\/wp\/v2\/pages\/37894","targetHints":{"allow":["GET"]}}],"collection":[{"href":"https:\/\/fruiturisme.info\/es\/wp-json\/wp\/v2\/pages"}],"about":[{"href":"https:\/\/fruiturisme.info\/es\/wp-json\/wp\/v2\/types\/page"}],"author":[{"embeddable":true,"href":"https:\/\/fruiturisme.info\/es\/wp-json\/wp\/v2\/users\/5"}],"replies":[{"embeddable":true,"href":"https:\/\/fruiturisme.info\/es\/wp-json\/wp\/v2\/comments?post=37894"}],"version-history":[{"count":10,"href":"https:\/\/fruiturisme.info\/es\/wp-json\/wp\/v2\/pages\/37894\/revisions"}],"predecessor-version":[{"id":37905,"href":"https:\/\/fruiturisme.info\/es\/wp-json\/wp\/v2\/pages\/37894\/revisions\/37905"}],"wp:attachment":[{"href":"https:\/\/fruiturisme.info\/es\/wp-json\/wp\/v2\/media?parent=37894"}],"curies":[{"name":"wp","href":"https:\/\/api.w.org\/{rel}","templated":true}]}}