{"id":36949,"date":"2026-01-29T17:19:37","date_gmt":"2026-01-29T16:19:37","guid":{"rendered":"https:\/\/fruiturisme.info\/?page_id=36949"},"modified":"2026-02-23T09:57:05","modified_gmt":"2026-02-23T08:57:05","slug":"cata-zitrogastronomic","status":"publish","type":"page","link":"https:\/\/fruiturisme.info\/es\/cata-zitrogastronomic\/","title":{"rendered":"Cata Zitrogastronomic"},"content":{"rendered":"\t\t<div data-elementor-type=\"wp-page\" data-elementor-id=\"36949\" class=\"elementor elementor-36949\" data-elementor-post-type=\"page\">\n\t\t\t\t<div class=\"elementor-element elementor-element-82e948f e-flex e-con-boxed e-con e-parent\" data-id=\"82e948f\" data-element_type=\"container\" data-e-type=\"container\">\n\t\t\t\t\t<div class=\"e-con-inner\">\n\t\t<div class=\"elementor-element elementor-element-55e3e4b e-grid e-con-full e-con e-child\" data-id=\"55e3e4b\" data-element_type=\"container\" data-e-type=\"container\">\n\t\t<div class=\"elementor-element elementor-element-c3b6442 e-con-full e-flex e-con e-child\" data-id=\"c3b6442\" data-element_type=\"container\" data-e-type=\"container\">\n\t\t\t\t<div class=\"elementor-element elementor-element-7e8fa7d elementor-widget elementor-widget-heading\" data-id=\"7e8fa7d\" data-element_type=\"widget\" data-e-type=\"widget\" data-widget_type=\"heading.default\">\n\t\t\t\t<div class=\"elementor-widget-container\">\n\t\t\t\t\t<h2 class=\"elementor-heading-title elementor-size-default\">FRUITURISME<\/h2>\t\t\t\t<\/div>\n\t\t\t\t<\/div>\n\t\t\t\t<div class=\"elementor-element elementor-element-df6018c elementor-widget elementor-widget-heading\" data-id=\"df6018c\" data-element_type=\"widget\" data-e-type=\"widget\" data-widget_type=\"heading.default\">\n\t\t\t\t<div class=\"elementor-widget-container\">\n\t\t\t\t\t<h1 class=\"elementor-heading-title elementor-size-default\">Cata Zitogastronomic entre flores\n<\/h1>\t\t\t\t<\/div>\n\t\t\t\t<\/div>\n\t\t\t\t<div class=\"elementor-element elementor-element-aa5287c elementor-widget-divider--view-line elementor-widget elementor-widget-divider\" data-id=\"aa5287c\" data-element_type=\"widget\" data-e-type=\"widget\" data-widget_type=\"divider.default\">\n\t\t\t\t<div class=\"elementor-widget-container\">\n\t\t\t\t\t\t\t<div class=\"elementor-divider\">\n\t\t\t<span class=\"elementor-divider-separator\">\n\t\t\t\t\t\t<\/span>\n\t\t<\/div>\n\t\t\t\t\t\t<\/div>\n\t\t\t\t<\/div>\n\t\t\t\t<\/div>\n\t\t<div class=\"elementor-element elementor-element-d76627d e-con-full e-flex e-con e-child\" data-id=\"d76627d\" data-element_type=\"container\" data-e-type=\"container\">\n\t\t\t\t<div class=\"elementor-element elementor-element-6f88302 elementor-widget elementor-widget-image\" data-id=\"6f88302\" data-element_type=\"widget\" data-e-type=\"widget\" data-widget_type=\"image.default\">\n\t\t\t\t<div class=\"elementor-widget-container\">\n\t\t\t\t\t\t\t\t\t\t\t\t\t\t\t<img fetchpriority=\"high\" decoding=\"async\" width=\"457\" height=\"457\" src=\"https:\/\/fruiturisme.info\/wp-content\/uploads\/experiencia-estacional.webp\" class=\"attachment-large size-large wp-image-36159\" alt=\"\" srcset=\"https:\/\/fruiturisme.info\/wp-content\/uploads\/experiencia-estacional.webp 457w, https:\/\/fruiturisme.info\/wp-content\/uploads\/experiencia-estacional-352x352.webp 352w, https:\/\/fruiturisme.info\/wp-content\/uploads\/experiencia-estacional-160x160.webp 160w, https:\/\/fruiturisme.info\/wp-content\/uploads\/experiencia-estacional-300x300.webp 300w, https:\/\/fruiturisme.info\/wp-content\/uploads\/experiencia-estacional-12x12.webp 12w, https:\/\/fruiturisme.info\/wp-content\/uploads\/experiencia-estacional-100x100.webp 100w\" sizes=\"(max-width: 457px) 100vw, 457px\" \/>\t\t\t\t\t\t\t\t\t\t\t\t\t\t\t<\/div>\n\t\t\t\t<\/div>\n\t\t\t\t<\/div>\n\t\t\t\t<\/div>\n\t\t\t\t\t<\/div>\n\t\t\t\t<\/div>\n\t\t<div class=\"elementor-element elementor-element-ff0cc32 e-flex e-con-boxed e-con e-parent\" data-id=\"ff0cc32\" data-element_type=\"container\" data-e-type=\"container\">\n\t\t\t\t\t<div class=\"e-con-inner\">\n\t\t<div class=\"elementor-element elementor-element-4def987 e-con-full e-flex e-con e-child\" data-id=\"4def987\" data-element_type=\"container\" data-e-type=\"container\">\n\t\t\t\t<div class=\"elementor-element elementor-element-837778d elementor-widget elementor-widget-image\" data-id=\"837778d\" data-element_type=\"widget\" data-e-type=\"widget\" data-widget_type=\"image.default\">\n\t\t\t\t<div class=\"elementor-widget-container\">\n\t\t\t\t\t\t\t\t\t\t\t\t\t\t\t<img decoding=\"async\" width=\"800\" height=\"800\" src=\"https:\/\/fruiturisme.info\/wp-content\/uploads\/cata-zitogastronomic-8-marzo.jpg\" class=\"attachment-large size-large wp-image-38832\" alt=\"Cata Zitogastronomic 8 de marzo\" srcset=\"https:\/\/fruiturisme.info\/wp-content\/uploads\/cata-zitogastronomic-8-marzo.jpg 1024w, https:\/\/fruiturisme.info\/wp-content\/uploads\/cata-zitogastronomic-8-marzo-352x352.jpg 352w, https:\/\/fruiturisme.info\/wp-content\/uploads\/cata-zitogastronomic-8-marzo-160x160.jpg 160w, https:\/\/fruiturisme.info\/wp-content\/uploads\/cata-zitogastronomic-8-marzo-768x768.jpg 768w, https:\/\/fruiturisme.info\/wp-content\/uploads\/cata-zitogastronomic-8-marzo-300x300.jpg 300w, https:\/\/fruiturisme.info\/wp-content\/uploads\/cata-zitogastronomic-8-marzo-500x500.jpg 500w, https:\/\/fruiturisme.info\/wp-content\/uploads\/cata-zitogastronomic-8-marzo-12x12.jpg 12w, https:\/\/fruiturisme.info\/wp-content\/uploads\/cata-zitogastronomic-8-marzo-672x672.jpg 672w, https:\/\/fruiturisme.info\/wp-content\/uploads\/cata-zitogastronomic-8-marzo-900x900.jpg 900w, https:\/\/fruiturisme.info\/wp-content\/uploads\/cata-zitogastronomic-8-marzo-100x100.jpg 100w\" sizes=\"(max-width: 800px) 100vw, 800px\" \/>\t\t\t\t\t\t\t\t\t\t\t\t\t\t\t<\/div>\n\t\t\t\t<\/div>\n\t\t\t\t<\/div>\n\t\t<div class=\"elementor-element elementor-element-0734958 e-con-full e-flex e-con e-child\" data-id=\"0734958\" data-element_type=\"container\" data-e-type=\"container\">\n\t\t\t\t<div class=\"elementor-element elementor-element-2e0779a elementor-widget elementor-widget-heading\" data-id=\"2e0779a\" data-element_type=\"widget\" data-e-type=\"widget\" data-widget_type=\"heading.default\">\n\t\t\t\t<div class=\"elementor-widget-container\">\n\t\t\t\t\t<h2 class=\"elementor-heading-title elementor-size-default\">Domingo 8 de marzo de 2026<\/h2>\t\t\t\t<\/div>\n\t\t\t\t<\/div>\n\t\t\t\t<div class=\"elementor-element elementor-element-2ee3396 elementor-mobile-align-start elementor-icon-list--layout-traditional elementor-list-item-link-full_width elementor-widget elementor-widget-icon-list\" data-id=\"2ee3396\" data-element_type=\"widget\" data-e-type=\"widget\" data-widget_type=\"icon-list.default\">\n\t\t\t\t<div class=\"elementor-widget-container\">\n\t\t\t\t\t\t\t<ul class=\"elementor-icon-list-items\">\n\t\t\t\t\t\t\t<li class=\"elementor-icon-list-item\">\n\t\t\t\t\t\t\t\t\t\t\t<span class=\"elementor-icon-list-icon\">\n\t\t\t\t\t\t\t<i aria-hidden=\"true\" class=\"fas fa-clock\"><\/i>\t\t\t\t\t\t<\/span>\n\t\t\t\t\t\t\t\t\t\t<span class=\"elementor-icon-list-text\">12:30 - 14:00<\/span>\n\t\t\t\t\t\t\t\t\t<\/li>\n\t\t\t\t\t\t\t\t<li class=\"elementor-icon-list-item\">\n\t\t\t\t\t\t\t\t\t\t\t<span class=\"elementor-icon-list-icon\">\n\t\t\t\t\t\t\t<i aria-hidden=\"true\" class=\"fas fa-map-marker-alt\"><\/i>\t\t\t\t\t\t<\/span>\n\t\t\t\t\t\t\t\t\t\t<span class=\"elementor-icon-list-text\">Finca entre flores \u2013 Aitona (Partida leonas de casa el gato)<\/span>\n\t\t\t\t\t\t\t\t\t<\/li>\n\t\t\t\t\t\t\t\t<li class=\"elementor-icon-list-item\">\n\t\t\t\t\t\t\t\t\t\t\t<span class=\"elementor-icon-list-icon\">\n\t\t\t\t\t\t\t<i aria-hidden=\"true\" class=\"fas fa-coins\"><\/i>\t\t\t\t\t\t<\/span>\n\t\t\t\t\t\t\t\t\t\t<span class=\"elementor-icon-list-text\">23\u20ac\/persona (m\u00ednimo 25 - m\u00e1ximo 50 personas)<\/span>\n\t\t\t\t\t\t\t\t\t<\/li>\n\t\t\t\t\t\t<\/ul>\n\t\t\t\t\t\t<\/div>\n\t\t\t\t<\/div>\n\t\t\t\t<div class=\"elementor-element elementor-element-2370fc6 elementor-widget elementor-widget-text-editor\" data-id=\"2370fc6\" data-element_type=\"widget\" data-e-type=\"widget\" data-widget_type=\"text-editor.default\">\n\t\t\t\t<div class=\"elementor-widget-container\">\n\t\t\t\t\t\t\t\t\t<p>En esta experiencia los maestros cerveceros de La Granja Cervecera Lo Vilot explicar\u00e1n su proyecto de c\u00edrculo cerrado en la producci\u00f3n de cerveza artesana ecol\u00f3gica, sostenible y de proximidad.<\/p><p>La experiencia consta de una cata guiada de 5 cervezas artesanas donde se conocer\u00e1n el origen, ingredientes, m\u00e9todos de producci\u00f3n y los diferentes estilos de cerveza. Cada cerveza ir\u00e1 combinada con productos locales de proximidad<\/p>\t\t\t\t\t\t\t\t<\/div>\n\t\t\t\t<\/div>\n\t\t<div class=\"elementor-element elementor-element-5a3166a e-con-full e-flex e-con e-child\" data-id=\"5a3166a\" data-element_type=\"container\" data-e-type=\"container\">\n\t\t\t\t<div class=\"elementor-element elementor-element-1e57391 elementor-align-center elementor-widget elementor-widget-button\" data-id=\"1e57391\" data-element_type=\"widget\" data-e-type=\"widget\" data-widget_type=\"button.default\">\n\t\t\t\t<div class=\"elementor-widget-container\">\n\t\t\t\t\t\t\t\t\t<div class=\"elementor-button-wrapper\">\n\t\t\t\t\t<a class=\"elementor-button elementor-button-link elementor-size-sm\" href=\"https:\/\/docs.google.com\/forms\/d\/e\/1FAIpQLSdm9DXV5FroCrpYp30rGraVy2WBLknVgmy6XWy9hSgngvJm5w\/viewform\" target=\"_blank\" rel=\"noopener\">\n\t\t\t\t\t\t<span class=\"elementor-button-content-wrapper\">\n\t\t\t\t\t\t<span class=\"elementor-button-icon\">\n\t\t\t\t<i aria-hidden=\"true\" class=\"far fa-file-alt\"><\/i>\t\t\t<\/span>\n\t\t\t\t\t\t\t\t\t<span class=\"elementor-button-text\">Inscripciones<\/span>\n\t\t\t\t\t<\/span>\n\t\t\t\t\t<\/a>\n\t\t\t\t<\/div>\n\t\t\t\t\t\t\t\t<\/div>\n\t\t\t\t<\/div>\n\t\t\t\t<\/div>\n\t\t\t\t<\/div>\n\t\t\t\t\t<\/div>\n\t\t\t\t<\/div>\n\t\t\t\t<\/div>\n\t\t","protected":false},"excerpt":{"rendered":"<p>FRUITURISME Cata Zitogastronomic entre flores Domingo 8 de marzo de 2026 12:30 &#8211; 14:00 Finca entre flores \u2013 Aitona (Partida leonas de casa el gato) 23\u20ac\/persona (m\u00ednimo 25 &#8211; m\u00e1ximo 50 personas) En esta experiencia los maestros cerveceros de La Granja Cervecera Lo Vilot explicar\u00e1n su proyecto de c\u00edrculo cerrado en la producci\u00f3n de cerveza [&hellip;]<\/p>\n","protected":false},"author":5,"featured_media":0,"parent":0,"menu_order":0,"comment_status":"closed","ping_status":"closed","template":"elementor_header_footer","meta":{"inline_featured_image":false,"footnotes":""},"class_list":["post-36949","page","type-page","status-publish","hentry"],"_links":{"self":[{"href":"https:\/\/fruiturisme.info\/es\/wp-json\/wp\/v2\/pages\/36949","targetHints":{"allow":["GET"]}}],"collection":[{"href":"https:\/\/fruiturisme.info\/es\/wp-json\/wp\/v2\/pages"}],"about":[{"href":"https:\/\/fruiturisme.info\/es\/wp-json\/wp\/v2\/types\/page"}],"author":[{"embeddable":true,"href":"https:\/\/fruiturisme.info\/es\/wp-json\/wp\/v2\/users\/5"}],"replies":[{"embeddable":true,"href":"https:\/\/fruiturisme.info\/es\/wp-json\/wp\/v2\/comments?post=36949"}],"version-history":[{"count":10,"href":"https:\/\/fruiturisme.info\/es\/wp-json\/wp\/v2\/pages\/36949\/revisions"}],"predecessor-version":[{"id":38835,"href":"https:\/\/fruiturisme.info\/es\/wp-json\/wp\/v2\/pages\/36949\/revisions\/38835"}],"wp:attachment":[{"href":"https:\/\/fruiturisme.info\/es\/wp-json\/wp\/v2\/media?parent=36949"}],"curies":[{"name":"wp","href":"https:\/\/api.w.org\/{rel}","templated":true}]}}