{"id":36222,"date":"2025-11-26T12:43:49","date_gmt":"2025-11-26T11:43:49","guid":{"rendered":"https:\/\/fruiturisme.info\/?page_id=36222"},"modified":"2025-11-26T12:54:36","modified_gmt":"2025-11-26T11:54:36","slug":"tastaitona","status":"publish","type":"page","link":"https:\/\/fruiturisme.info\/es\/tastaitona\/","title":{"rendered":"TastAitona"},"content":{"rendered":"\t\t<div data-elementor-type=\"wp-page\" data-elementor-id=\"36222\" class=\"elementor elementor-36222\" data-elementor-post-type=\"page\">\n\t\t\t\t<div class=\"elementor-element elementor-element-c9fc4d5 e-flex e-con-boxed e-con e-parent\" data-id=\"c9fc4d5\" data-element_type=\"container\" data-e-type=\"container\">\n\t\t\t\t\t<div class=\"e-con-inner\">\n\t\t<div class=\"elementor-element elementor-element-13b1f7d e-grid e-con-full e-con e-child\" data-id=\"13b1f7d\" data-element_type=\"container\" data-e-type=\"container\">\n\t\t<div class=\"elementor-element elementor-element-b1a5d0d e-con-full e-flex e-con e-child\" data-id=\"b1a5d0d\" data-element_type=\"container\" data-e-type=\"container\">\n\t\t\t\t<div class=\"elementor-element elementor-element-bedaca3 elementor-widget elementor-widget-heading\" data-id=\"bedaca3\" data-element_type=\"widget\" data-e-type=\"widget\" data-widget_type=\"heading.default\">\n\t\t\t\t<div class=\"elementor-widget-container\">\n\t\t\t\t\t<h2 class=\"elementor-heading-title elementor-size-default\">FRUITURISME<\/h2>\t\t\t\t<\/div>\n\t\t\t\t<\/div>\n\t\t\t\t<div class=\"elementor-element elementor-element-6b4860c elementor-widget elementor-widget-heading\" data-id=\"6b4860c\" data-element_type=\"widget\" data-e-type=\"widget\" data-widget_type=\"heading.default\">\n\t\t\t\t<div class=\"elementor-widget-container\">\n\t\t\t\t\t<h1 class=\"elementor-heading-title elementor-size-default\">TastAitona<\/h1>\t\t\t\t<\/div>\n\t\t\t\t<\/div>\n\t\t\t\t<div class=\"elementor-element elementor-element-5578c50 elementor-widget elementor-widget-text-editor\" data-id=\"5578c50\" data-element_type=\"widget\" data-e-type=\"widget\" data-widget_type=\"text-editor.default\">\n\t\t\t\t<div class=\"elementor-widget-container\">\n\t\t\t\t\t\t\t\t\t<p>Degusta productos locales y cocina tradicional en esta experiencia \u00fanica dise\u00f1ada para tu paladar.<\/p>\t\t\t\t\t\t\t\t<\/div>\n\t\t\t\t<\/div>\n\t\t\t\t<div class=\"elementor-element elementor-element-d1826bd elementor-widget-divider--view-line elementor-widget elementor-widget-divider\" data-id=\"d1826bd\" data-element_type=\"widget\" data-e-type=\"widget\" data-widget_type=\"divider.default\">\n\t\t\t\t<div class=\"elementor-widget-container\">\n\t\t\t\t\t\t\t<div class=\"elementor-divider\">\n\t\t\t<span class=\"elementor-divider-separator\">\n\t\t\t\t\t\t<\/span>\n\t\t<\/div>\n\t\t\t\t\t\t<\/div>\n\t\t\t\t<\/div>\n\t\t\t\t<\/div>\n\t\t<div class=\"elementor-element elementor-element-9a14d03 e-con-full e-flex e-con e-child\" data-id=\"9a14d03\" data-element_type=\"container\" data-e-type=\"container\">\n\t\t\t\t<div class=\"elementor-element elementor-element-795c2a6 elementor-widget elementor-widget-image\" data-id=\"795c2a6\" data-element_type=\"widget\" data-e-type=\"widget\" data-widget_type=\"image.default\">\n\t\t\t\t<div class=\"elementor-widget-container\">\n\t\t\t\t\t\t\t\t\t\t\t\t\t\t\t<img fetchpriority=\"high\" decoding=\"async\" width=\"457\" height=\"457\" src=\"https:\/\/fruiturisme.info\/wp-content\/uploads\/TastAitona.webp\" class=\"attachment-large size-large wp-image-36224\" alt=\"\" srcset=\"https:\/\/fruiturisme.info\/wp-content\/uploads\/TastAitona.webp 457w, https:\/\/fruiturisme.info\/wp-content\/uploads\/TastAitona-352x352.webp 352w, https:\/\/fruiturisme.info\/wp-content\/uploads\/TastAitona-160x160.webp 160w, https:\/\/fruiturisme.info\/wp-content\/uploads\/TastAitona-300x300.webp 300w, https:\/\/fruiturisme.info\/wp-content\/uploads\/TastAitona-12x12.webp 12w, https:\/\/fruiturisme.info\/wp-content\/uploads\/TastAitona-100x100.webp 100w\" sizes=\"(max-width: 457px) 100vw, 457px\" \/>\t\t\t\t\t\t\t\t\t\t\t\t\t\t\t<\/div>\n\t\t\t\t<\/div>\n\t\t\t\t<\/div>\n\t\t\t\t<\/div>\n\t\t\t\t\t<\/div>\n\t\t\t\t<\/div>\n\t\t<div class=\"elementor-element elementor-element-f186651 e-flex e-con-boxed e-con e-parent\" data-id=\"f186651\" data-element_type=\"container\" data-e-type=\"container\">\n\t\t\t\t\t<div class=\"e-con-inner\">\n\t\t\t\t<div class=\"elementor-element elementor-element-df34414 elementor-widget elementor-widget-heading\" data-id=\"df34414\" data-element_type=\"widget\" data-e-type=\"widget\" data-widget_type=\"heading.default\">\n\t\t\t\t<div class=\"elementor-widget-container\">\n\t\t\t\t\t<h2 class=\"elementor-heading-title elementor-size-default\">TastAitona es una propuesta para disfrutar de los sabores de Aitona en verano (en el momento de la recolecci\u00f3n de la fruta).<\/h2>\t\t\t\t<\/div>\n\t\t\t\t<\/div>\n\t\t\t\t<div class=\"elementor-element elementor-element-179e347 elementor-widget elementor-widget-text-editor\" data-id=\"179e347\" data-element_type=\"widget\" data-e-type=\"widget\" data-widget_type=\"text-editor.default\">\n\t\t\t\t<div class=\"elementor-widget-container\">\n\t\t\t\t\t\t\t\t\t<p>Te ofrecemos degustar una cocina tradicional especial que evoca a nuestros antepasados, pero tambi\u00e9n recetas innovadoras y originales que te har\u00e1n deleitar los melocotones de Aitona con mucho gusto.<\/p>\t\t\t\t\t\t\t\t<\/div>\n\t\t\t\t<\/div>\n\t\t\t\t<div class=\"elementor-element elementor-element-fb64fe6 elementor-widget elementor-widget-image\" data-id=\"fb64fe6\" data-element_type=\"widget\" data-e-type=\"widget\" data-widget_type=\"image.default\">\n\t\t\t\t<div class=\"elementor-widget-container\">\n\t\t\t\t\t\t\t\t\t\t\t\t\t\t\t<img decoding=\"async\" width=\"792\" height=\"594\" src=\"https:\/\/fruiturisme.info\/wp-content\/uploads\/experience-6a.jpg\" class=\"attachment-full size-full wp-image-36229\" alt=\"\" srcset=\"https:\/\/fruiturisme.info\/wp-content\/uploads\/experience-6a.jpg 792w, https:\/\/fruiturisme.info\/wp-content\/uploads\/experience-6a-352x264.jpg 352w, https:\/\/fruiturisme.info\/wp-content\/uploads\/experience-6a-768x576.jpg 768w, https:\/\/fruiturisme.info\/wp-content\/uploads\/experience-6a-16x12.jpg 16w\" sizes=\"(max-width: 792px) 100vw, 792px\" \/>\t\t\t\t\t\t\t\t\t\t\t\t\t\t\t<\/div>\n\t\t\t\t<\/div>\n\t\t\t\t<div class=\"elementor-element elementor-element-720023c elementor-widget elementor-widget-heading\" data-id=\"720023c\" data-element_type=\"widget\" data-e-type=\"widget\" data-widget_type=\"heading.default\">\n\t\t\t\t<div class=\"elementor-widget-container\">\n\t\t\t\t\t<h2 class=\"elementor-heading-title elementor-size-default\">Del \u00e1rbol al paladar<\/h2>\t\t\t\t<\/div>\n\t\t\t\t<\/div>\n\t\t\t\t<div class=\"elementor-element elementor-element-bde1f78 elementor-widget elementor-widget-text-editor\" data-id=\"bde1f78\" data-element_type=\"widget\" data-e-type=\"widget\" data-widget_type=\"text-editor.default\">\n\t\t\t\t<div class=\"elementor-widget-container\">\n\t\t\t\t\t\t\t\t\t<p>El melocot\u00f3n amarillo y rojo, la nectarina, el paraguayo o la platerina son las frutas de hueso m\u00e1s dulces para degustar en Aitona.<\/p><p>Haciendo las visitas al huerto de la mano del propio agricultor\/a, podr\u00e1s cosechar, oler y saborear los melocotones acabados de recolectar del \u00e1rbol. \u00a1Tu paladar sentir\u00e1 la dulzura de la fruta madura cosechada en el punto y con tus propias manos.<\/p>\t\t\t\t\t\t\t\t<\/div>\n\t\t\t\t<\/div>\n\t\t\t\t<div class=\"elementor-element elementor-element-41aeed5 elementor-widget elementor-widget-image\" data-id=\"41aeed5\" data-element_type=\"widget\" data-e-type=\"widget\" data-widget_type=\"image.default\">\n\t\t\t\t<div class=\"elementor-widget-container\">\n\t\t\t\t\t\t\t\t\t\t\t\t\t\t\t<img decoding=\"async\" width=\"672\" height=\"504\" src=\"https:\/\/fruiturisme.info\/wp-content\/uploads\/experiences-6-1.jpg\" class=\"attachment-full size-full wp-image-36230\" alt=\"\" srcset=\"https:\/\/fruiturisme.info\/wp-content\/uploads\/experiences-6-1.jpg 672w, https:\/\/fruiturisme.info\/wp-content\/uploads\/experiences-6-1-352x264.jpg 352w, https:\/\/fruiturisme.info\/wp-content\/uploads\/experiences-6-1-16x12.jpg 16w\" sizes=\"(max-width: 672px) 100vw, 672px\" \/>\t\t\t\t\t\t\t\t\t\t\t\t\t\t\t<\/div>\n\t\t\t\t<\/div>\n\t\t\t\t<div class=\"elementor-element elementor-element-8e19762 elementor-widget elementor-widget-heading\" data-id=\"8e19762\" data-element_type=\"widget\" data-e-type=\"widget\" data-widget_type=\"heading.default\">\n\t\t\t\t<div class=\"elementor-widget-container\">\n\t\t\t\t\t<h2 class=\"elementor-heading-title elementor-size-default\">Productos de proximidad<\/h2>\t\t\t\t<\/div>\n\t\t\t\t<\/div>\n\t\t\t\t<div class=\"elementor-element elementor-element-777f009 elementor-widget elementor-widget-text-editor\" data-id=\"777f009\" data-element_type=\"widget\" data-e-type=\"widget\" data-widget_type=\"text-editor.default\">\n\t\t\t\t<div class=\"elementor-widget-container\">\n\t\t\t\t\t\t\t\t\t<p>\u00bfQuieres degustar alimentos de elaboraci\u00f3n propia o productos locales de la tierra?<\/p><p>Aitona te ofrece la oportunidad de conocer y saborear sus productos de proximidad, elaborados por empresas familiares y locales, con venta directa del productor al consumidor.<\/p><p>Los s\u00e1bados y domingos de marzo encontrar\u00e1s a nuestros productores locales en el polideportivo de Aitona con una muestra de sus productos, que podr\u00e1s degustar al momento.<\/p>\t\t\t\t\t\t\t\t<\/div>\n\t\t\t\t<\/div>\n\t\t\t\t<div class=\"elementor-element elementor-element-d2b6493 elementor-widget elementor-widget-image\" data-id=\"d2b6493\" data-element_type=\"widget\" data-e-type=\"widget\" data-widget_type=\"image.default\">\n\t\t\t\t<div class=\"elementor-widget-container\">\n\t\t\t\t\t\t\t\t\t\t\t\t\t\t\t<img loading=\"lazy\" decoding=\"async\" width=\"792\" height=\"594\" src=\"https:\/\/fruiturisme.info\/wp-content\/uploads\/experience-6d.jpg\" class=\"attachment-full size-full wp-image-36231\" alt=\"\" srcset=\"https:\/\/fruiturisme.info\/wp-content\/uploads\/experience-6d.jpg 792w, https:\/\/fruiturisme.info\/wp-content\/uploads\/experience-6d-352x264.jpg 352w, https:\/\/fruiturisme.info\/wp-content\/uploads\/experience-6d-768x576.jpg 768w, https:\/\/fruiturisme.info\/wp-content\/uploads\/experience-6d-16x12.jpg 16w\" sizes=\"(max-width: 792px) 100vw, 792px\" \/>\t\t\t\t\t\t\t\t\t\t\t\t\t\t\t<\/div>\n\t\t\t\t<\/div>\n\t\t\t\t\t<\/div>\n\t\t\t\t<\/div>\n\t\t<div class=\"elementor-element elementor-element-cb731fd e-flex e-con-boxed e-con e-parent\" data-id=\"cb731fd\" data-element_type=\"container\" data-e-type=\"container\">\n\t\t\t\t\t<div class=\"e-con-inner\">\n\t\t\t\t<div class=\"elementor-element elementor-element-b7d4ced elementor-widget elementor-widget-heading\" data-id=\"b7d4ced\" data-element_type=\"widget\" data-e-type=\"widget\" data-widget_type=\"heading.default\">\n\t\t\t\t<div class=\"elementor-widget-container\">\n\t\t\t\t\t<p class=\"elementor-heading-title elementor-size-default\">\u00bfTe interesa?<\/p>\t\t\t\t<\/div>\n\t\t\t\t<\/div>\n\t\t\t\t<div class=\"elementor-element elementor-element-22b06cb elementor-align-center elementor-widget elementor-widget-button\" data-id=\"22b06cb\" data-element_type=\"widget\" data-e-type=\"widget\" data-widget_type=\"button.default\">\n\t\t\t\t<div class=\"elementor-widget-container\">\n\t\t\t\t\t\t\t\t\t<div class=\"elementor-button-wrapper\">\n\t\t\t\t\t<a class=\"elementor-button elementor-button-link elementor-size-sm\" href=\"https:\/\/fruiturisme.info\/contacto\/\">\n\t\t\t\t\t\t<span class=\"elementor-button-content-wrapper\">\n\t\t\t\t\t\t<span class=\"elementor-button-icon\">\n\t\t\t\t<i aria-hidden=\"true\" class=\"fas fa-envelope\"><\/i>\t\t\t<\/span>\n\t\t\t\t\t\t\t\t\t<span class=\"elementor-button-text\">Cont\u00e1ctanos<\/span>\n\t\t\t\t\t<\/span>\n\t\t\t\t\t<\/a>\n\t\t\t\t<\/div>\n\t\t\t\t\t\t\t\t<\/div>\n\t\t\t\t<\/div>\n\t\t\t\t\t<\/div>\n\t\t\t\t<\/div>\n\t\t\t\t<\/div>\n\t\t","protected":false},"excerpt":{"rendered":"<p>FRUITURISME TastAitona Degusta productos locales y cocina tradicional en esta experiencia \u00fanica dise\u00f1ada para tu paladar. TastAitona es una propuesta para disfrutar de los sabores de Aitona en verano (en el momento de la recolecci\u00f3n de la fruta). Te ofrecemos degustar una cocina tradicional especial que evoca a nuestros antepasados, pero tambi\u00e9n recetas innovadoras y [&hellip;]<\/p>\n","protected":false},"author":5,"featured_media":0,"parent":0,"menu_order":0,"comment_status":"closed","ping_status":"closed","template":"elementor_header_footer","meta":{"inline_featured_image":false,"footnotes":""},"class_list":["post-36222","page","type-page","status-publish","hentry"],"_links":{"self":[{"href":"https:\/\/fruiturisme.info\/es\/wp-json\/wp\/v2\/pages\/36222","targetHints":{"allow":["GET"]}}],"collection":[{"href":"https:\/\/fruiturisme.info\/es\/wp-json\/wp\/v2\/pages"}],"about":[{"href":"https:\/\/fruiturisme.info\/es\/wp-json\/wp\/v2\/types\/page"}],"author":[{"embeddable":true,"href":"https:\/\/fruiturisme.info\/es\/wp-json\/wp\/v2\/users\/5"}],"replies":[{"embeddable":true,"href":"https:\/\/fruiturisme.info\/es\/wp-json\/wp\/v2\/comments?post=36222"}],"version-history":[{"count":10,"href":"https:\/\/fruiturisme.info\/es\/wp-json\/wp\/v2\/pages\/36222\/revisions"}],"predecessor-version":[{"id":36237,"href":"https:\/\/fruiturisme.info\/es\/wp-json\/wp\/v2\/pages\/36222\/revisions\/36237"}],"wp:attachment":[{"href":"https:\/\/fruiturisme.info\/es\/wp-json\/wp\/v2\/media?parent=36222"}],"curies":[{"name":"wp","href":"https:\/\/api.w.org\/{rel}","templated":true}]}}