{"id":36088,"date":"2025-11-25T17:18:39","date_gmt":"2025-11-25T16:18:39","guid":{"rendered":"https:\/\/fruiturisme.info\/?page_id=36088"},"modified":"2025-11-25T17:23:13","modified_gmt":"2025-11-25T16:23:13","slug":"politica-de-cookies","status":"publish","type":"page","link":"https:\/\/fruiturisme.info\/es\/politica-de-cookies\/","title":{"rendered":"Pol\u00edtica de cookies"},"content":{"rendered":"\t\t<div data-elementor-type=\"wp-page\" data-elementor-id=\"36088\" class=\"elementor elementor-36088\" data-elementor-post-type=\"page\">\n\t\t\t\t<div class=\"elementor-element elementor-element-35ad32f e-flex e-con-boxed e-con e-parent\" data-id=\"35ad32f\" data-element_type=\"container\" data-e-type=\"container\">\n\t\t\t\t\t<div class=\"e-con-inner\">\n\t\t<div class=\"elementor-element elementor-element-2b8e3f3 e-grid e-con-full e-con e-child\" data-id=\"2b8e3f3\" data-element_type=\"container\" data-e-type=\"container\">\n\t\t<div class=\"elementor-element elementor-element-704810d e-con-full e-flex e-con e-child\" data-id=\"704810d\" data-element_type=\"container\" data-e-type=\"container\">\n\t\t\t\t<div class=\"elementor-element elementor-element-563c5c1 elementor-widget elementor-widget-heading\" data-id=\"563c5c1\" data-element_type=\"widget\" data-e-type=\"widget\" data-widget_type=\"heading.default\">\n\t\t\t\t<div class=\"elementor-widget-container\">\n\t\t\t\t\t<h2 class=\"elementor-heading-title elementor-size-default\">FRUITURISME<\/h2>\t\t\t\t<\/div>\n\t\t\t\t<\/div>\n\t\t\t\t<div class=\"elementor-element elementor-element-0203e24 elementor-widget elementor-widget-heading\" data-id=\"0203e24\" data-element_type=\"widget\" data-e-type=\"widget\" data-widget_type=\"heading.default\">\n\t\t\t\t<div class=\"elementor-widget-container\">\n\t\t\t\t\t<h1 class=\"elementor-heading-title elementor-size-default\">Pol\u00edtica de cookies<\/h1>\t\t\t\t<\/div>\n\t\t\t\t<\/div>\n\t\t\t\t<div class=\"elementor-element elementor-element-0a3018b elementor-widget-divider--view-line elementor-widget elementor-widget-divider\" data-id=\"0a3018b\" data-element_type=\"widget\" data-e-type=\"widget\" data-widget_type=\"divider.default\">\n\t\t\t\t<div class=\"elementor-widget-container\">\n\t\t\t\t\t\t\t<div class=\"elementor-divider\">\n\t\t\t<span class=\"elementor-divider-separator\">\n\t\t\t\t\t\t<\/span>\n\t\t<\/div>\n\t\t\t\t\t\t<\/div>\n\t\t\t\t<\/div>\n\t\t\t\t<\/div>\n\t\t\t\t<\/div>\n\t\t\t\t\t<\/div>\n\t\t\t\t<\/div>\n\t\t<div class=\"elementor-element elementor-element-3da2b6d e-flex e-con-boxed e-con e-parent\" data-id=\"3da2b6d\" data-element_type=\"container\" data-e-type=\"container\">\n\t\t\t\t\t<div class=\"e-con-inner\">\n\t\t\t\t<div class=\"elementor-element elementor-element-7a380b6 elementor-widget elementor-widget-text-editor\" data-id=\"7a380b6\" data-element_type=\"widget\" data-e-type=\"widget\" data-widget_type=\"text-editor.default\">\n\t\t\t\t<div class=\"elementor-widget-container\">\n\t\t\t\t\t\t\t\t\t<p>Les informamos que en la web\u00a0<a href=\"http:\/\/www.fruiturisme.info\/\">www.fruiturisme.info<\/a>, el sistema de navegaci\u00f3n utiliza algunos datos de navegaci\u00f3n (\u201cCookies\u201d) para poder ofrecer un servicio m\u00e1s personalizado a los usuarios de la web.<\/p><p>Las \u201cCookies\u201d son peque\u00f1os archivos de texto que el navegador guarda cuando se navega por p\u00e1ginas web y aplicaciones. En general, estas tecnolog\u00edas pueden servir para finalidades muy diversas, como, por ejemplo, reconocerte como usuario, obtener informaci\u00f3n sobre tus h\u00e1bitos de navegaci\u00f3n o personalizar la forma en que se muestra el contenido.<\/p><p>El Ayuntamiento de Aitona en su web utiliza \u201ccookies\u201d de terceros:<\/p><ul class=\"wp-block-list\"><li>Cookies an\u00e1lisis: Estas son tratadas por terceros y nos permiten cuantificar el n\u00famero de usuarios y as\u00ed realizar la medici\u00f3n y an\u00e1lisis estad\u00edstico de la utilizaci\u00f3n que hacen los usuarios del servicio ofrecido. Para ello, se analiza su navegaci\u00f3n en nuestra web con el fin de mejorar la oferta de productos o servicios. El tercero es Google Analytics, que es un servicio de estad\u00edsticas de p\u00e1ginas web que ofrece Google Inc. Google Analytics recoge informaci\u00f3n del equipo del usuario para obtener informes sobre la actividad de la aplicaci\u00f3n y almacena la informaci\u00f3n recogida por las \u201ccookies\u201d en servidores de los Estados Unidos existiendo una transferencia internacional de datos, y por tanto, aceptando a la misma mediante la aceptaci\u00f3n de \u00e9stas cookies.<\/li><\/ul><p>En todo caso, en el supuesto que se capten datos de car\u00e1cter personal- en este caso tan s\u00f3lo la IP de acceso; les informamos que estos ser\u00e1n tratados bajo la responsabilidad de Ayuntamiento de Aitona.<\/p><p>La finalidad de este tratamiento es la gesti\u00f3n y control de las redes sociales que se disponen, as\u00ed como de los usuarios que interact\u00faan en la web y la informaci\u00f3n que se obtiene, siendo su consentimiento la base de legitimaci\u00f3n de este tratamiento. Estos datos ser\u00e1n transmitidos\u00a0a las empresas gestoras de las cookies y ser\u00e1n conservados de acuerdo con los par\u00e1metros estipulados por estas empresas. Estos datos ser\u00e1n transferidos a terceros pa\u00edses, pudiendo obtener m\u00e1s informaci\u00f3n al respecto en la propia pol\u00edtica de Google:\u00a0<a href=\"https:\/\/policies.google.com\/privacy?hl=es\" target=\"_blank\" rel=\"noopener\">https:\/\/policies.google.com\/privacy?hl=es<\/a><\/p><p>Conforme lo dispuesto en la normativa de protecci\u00f3n de datos, le informamos que puede revocar estas autorizaciones a trav\u00e9s de su propio navegador o ejercitar los derechos de acceso, rectificaci\u00f3n o supresi\u00f3n, la limitaci\u00f3n del tratamiento u oponerse, as\u00ed como el derecho a la portabilidad de los datos se puede dirigir en: C\/ Major 6, 25182 Aitona (Lleida) o bien, enviar un correo electr\u00f3nico a: frui<a href=\"mailto:turisme@ajuntamentaitona.cat\">turisme@ajuntamentaitona.cat<\/a>.<\/p><p>Asimismo, podr\u00e1 presentar una reclamaci\u00f3n ante la Autoridad Catalana de Protecci\u00f3n de Datos, o ponerse en contacto con el Delegado de Protecci\u00f3n de Datos a\u00a0<a href=\"mailto:dpd@ajuntamentaitona.cat\">dpd@ajuntamentaitona.cat<\/a>.<\/p><p>Se informa al usuario que Google podr\u00e1 transmitir esta informaci\u00f3n a terceros cuando as\u00ed lo requiera la ley, o cuando estos terceros procesen la informaci\u00f3n por cuenta de Google. Google no asociar\u00e1 la direcci\u00f3n de IP del usuario con otro dato de que dispongan, y por tanto, lo har\u00e1n totalmente de forma anonimizada.<\/p><p>Para rehusar o eliminar esta \u201ccookie\u201d se puede consultar la siguiente direcci\u00f3n:<\/p><p><a href=\"http:\/\/www.google.com\/intl\/ca\/policies\/privacy\/\" target=\"_blank\" rel=\"noopener\">http:\/\/www.google.com\/intl\/ca\/policies\/privacy\/<\/a><\/p><p><a href=\"http:\/\/www.google.com\/intl\/en\/privacypolicy.html\" target=\"_blank\" rel=\"noopener\">http:\/\/www.google.com\/intl\/en\/privacypolicy.html<\/a><\/p><p>\u00a0<\/p><p><strong>DESACTIVACI\u00d3N Y BLOQUEO DE LAS COOKIES<\/strong><\/p><p>En cualquier caso, el usuario puede habilitar la opci\u00f3n de su propio sistema de navegaci\u00f3n para no permitir la instalaci\u00f3n de cookies; sin que en ning\u00fan caso el Ayuntamiento de Aitona pueda ser responsable de que la inhabilitaci\u00f3n de Cookies comporte que algunos de los servicios que ofrece esta web no funcione correctamente.<\/p><p>En los siguientes enlaces, podr\u00e1 encontrar instrucciones que le ayudar\u00e1n a configurar los ajustes de los principales navegadores m\u00e1s utilizados.<\/p><p>Internet Explorer:\u00a0<\/p><figure class=\"wp-block-embed\"><div class=\"wp-block-embed__wrapper\">https:\/\/support.microsoft.com\/es-es\/help\/17442\/windows-internet-explorer-delete-manage-cookies<\/div><\/figure><p>\u00a0Microsoft Edge;\u00a0\u00a0<\/p><figure class=\"wp-block-embed\"><div class=\"wp-block-embed__wrapper\">https:\/\/support.microsoft.com\/es-es\/help\/4027947\/microsoft-edge-delete-cookies<\/div><\/figure><p>\u00a0Google Chrome:\u00a0<\/p><figure class=\"wp-block-embed\"><div class=\"wp-block-embed__wrapper\">https:\/\/support.google.com\/chrome\/answer\/95647?hl=es<\/div><\/figure><p>\u00a0Mozilla Firefox:\u00a0<\/p><p><a href=\"http:\/\/support.mozilla.org\/es\/kb\/habilitar-y-deshabilitar-cookies-que-los-sitios-we\" target=\"_blank\" rel=\"noopener\">http:\/\/support.mozilla.org\/es\/kb\/habilitar-y-deshabilitar-cookies-que-los-sitios-we<\/a>\u00a0<\/p><p>\u00a0Safari:\u00a0<br \/><a href=\"http:\/\/support.apple.com\/kb\/ph5042\" target=\"_blank\" rel=\"noopener\">http:\/\/support.apple.com\/kb\/ph5042<\/a>\u00a0<\/p><p>\u00a0Safari para IOS (Iphone, IPad):\u00a0<\/p><p><a href=\"http:\/\/support.apple.com\/kb\/ht1677?viewlocale=es_es&amp;locale=es_es\" target=\"_blank\" rel=\"noopener\">http:\/\/support.apple.com\/kb\/ht1677?viewlocale=es_es&amp;locale=es_es<\/a>\u00a0<\/p><p>\u00a0Chrome para Android:\u00a0<a href=\"https:\/\/support.google.com\/chrome\/answer\/2392971?hl=es\" target=\"_blank\" rel=\"noopener\">https:\/\/support.google.com\/chrome\/answer\/2392971?hl=es<\/a><\/p><p>Si desea m\u00e1s informaci\u00f3n sobre las cookies y su manera de deshabilitarlas seg\u00fan su sistema de navegaci\u00f3n puede consultar los siguientes links:\u00a0<a href=\"http:\/\/www.aboutcookies.org\/\" target=\"_blank\" rel=\"noopener\">www.aboutcookies.org<\/a>\u00a0y\u00a0<a href=\"http:\/\/www.aboutcookies.org\/Default.aspx?page=1\" target=\"_blank\" rel=\"noopener\">http:\/\/www.aboutcookies.org\/Default.aspx?page=1<\/a><\/p><p>En caso contrario, y habiendo informado el Ayuntamiento de Aitona, del uso de cookies, y sin que estas hayan sido inhabilitadas implica que el usuario presta su consentimiento al tratamiento de datos por Google en la forma prevista en este aviso y para las finalidades aqu\u00ed descritas.<\/p><p>En caso de duda o de cualquier comentario, se puede dirigir al Ayuntamiento de Aitona a trav\u00e9s de sus medios de atenci\u00f3n al p\u00fablico o bien comunicarse con nosotros a trav\u00e9s de:\u00a0<a href=\"mailto:fruiturisme@ajuntamentaitona.cat\">fruiturisme@ajuntamentaitona.cat<\/a>.<\/p>\t\t\t\t\t\t\t\t<\/div>\n\t\t\t\t<\/div>\n\t\t\t\t\t<\/div>\n\t\t\t\t<\/div>\n\t\t\t\t<\/div>\n\t\t","protected":false},"excerpt":{"rendered":"<p>FRUITURISME Pol\u00edtica de cookies Les informamos que en la web\u00a0www.fruiturisme.info, el sistema de navegaci\u00f3n utiliza algunos datos de navegaci\u00f3n (\u201cCookies\u201d) para poder ofrecer un servicio m\u00e1s personalizado a los usuarios de la web. Las \u201cCookies\u201d son peque\u00f1os archivos de texto que el navegador guarda cuando se navega por p\u00e1ginas web y aplicaciones. En general, estas [&hellip;]<\/p>\n","protected":false},"author":5,"featured_media":0,"parent":0,"menu_order":0,"comment_status":"closed","ping_status":"closed","template":"elementor_header_footer","meta":{"inline_featured_image":false,"footnotes":""},"class_list":["post-36088","page","type-page","status-publish","hentry"],"_links":{"self":[{"href":"https:\/\/fruiturisme.info\/es\/wp-json\/wp\/v2\/pages\/36088","targetHints":{"allow":["GET"]}}],"collection":[{"href":"https:\/\/fruiturisme.info\/es\/wp-json\/wp\/v2\/pages"}],"about":[{"href":"https:\/\/fruiturisme.info\/es\/wp-json\/wp\/v2\/types\/page"}],"author":[{"embeddable":true,"href":"https:\/\/fruiturisme.info\/es\/wp-json\/wp\/v2\/users\/5"}],"replies":[{"embeddable":true,"href":"https:\/\/fruiturisme.info\/es\/wp-json\/wp\/v2\/comments?post=36088"}],"version-history":[{"count":4,"href":"https:\/\/fruiturisme.info\/es\/wp-json\/wp\/v2\/pages\/36088\/revisions"}],"predecessor-version":[{"id":36096,"href":"https:\/\/fruiturisme.info\/es\/wp-json\/wp\/v2\/pages\/36088\/revisions\/36096"}],"wp:attachment":[{"href":"https:\/\/fruiturisme.info\/es\/wp-json\/wp\/v2\/media?parent=36088"}],"curies":[{"name":"wp","href":"https:\/\/api.w.org\/{rel}","templated":true}]}}