{"id":36087,"date":"2025-11-25T17:18:01","date_gmt":"2025-11-25T16:18:01","guid":{"rendered":"https:\/\/fruiturisme.info\/?page_id=36087"},"modified":"2025-11-25T17:21:33","modified_gmt":"2025-11-25T16:21:33","slug":"aviso-legal","status":"publish","type":"page","link":"https:\/\/fruiturisme.info\/es\/aviso-legal\/","title":{"rendered":"Aviso legal"},"content":{"rendered":"\t\t<div data-elementor-type=\"wp-page\" data-elementor-id=\"36087\" class=\"elementor elementor-36087\" data-elementor-post-type=\"page\">\n\t\t\t\t<div class=\"elementor-element elementor-element-aa73e29 e-flex e-con-boxed e-con e-parent\" data-id=\"aa73e29\" data-element_type=\"container\" data-e-type=\"container\">\n\t\t\t\t\t<div class=\"e-con-inner\">\n\t\t<div class=\"elementor-element elementor-element-ff8c5d5 e-grid e-con-full e-con e-child\" data-id=\"ff8c5d5\" data-element_type=\"container\" data-e-type=\"container\">\n\t\t<div class=\"elementor-element elementor-element-70fe064 e-con-full e-flex e-con e-child\" data-id=\"70fe064\" data-element_type=\"container\" data-e-type=\"container\">\n\t\t\t\t<div class=\"elementor-element elementor-element-6bffb5c elementor-widget elementor-widget-heading\" data-id=\"6bffb5c\" data-element_type=\"widget\" data-e-type=\"widget\" data-widget_type=\"heading.default\">\n\t\t\t\t<div class=\"elementor-widget-container\">\n\t\t\t\t\t<h2 class=\"elementor-heading-title elementor-size-default\">FRUITURISME<\/h2>\t\t\t\t<\/div>\n\t\t\t\t<\/div>\n\t\t\t\t<div class=\"elementor-element elementor-element-72f434d elementor-widget elementor-widget-heading\" data-id=\"72f434d\" data-element_type=\"widget\" data-e-type=\"widget\" data-widget_type=\"heading.default\">\n\t\t\t\t<div class=\"elementor-widget-container\">\n\t\t\t\t\t<h1 class=\"elementor-heading-title elementor-size-default\">Aviso legal<\/h1>\t\t\t\t<\/div>\n\t\t\t\t<\/div>\n\t\t\t\t<div class=\"elementor-element elementor-element-3d98484 elementor-widget-divider--view-line elementor-widget elementor-widget-divider\" data-id=\"3d98484\" data-element_type=\"widget\" data-e-type=\"widget\" data-widget_type=\"divider.default\">\n\t\t\t\t<div class=\"elementor-widget-container\">\n\t\t\t\t\t\t\t<div class=\"elementor-divider\">\n\t\t\t<span class=\"elementor-divider-separator\">\n\t\t\t\t\t\t<\/span>\n\t\t<\/div>\n\t\t\t\t\t\t<\/div>\n\t\t\t\t<\/div>\n\t\t\t\t<\/div>\n\t\t\t\t<\/div>\n\t\t\t\t\t<\/div>\n\t\t\t\t<\/div>\n\t\t<div class=\"elementor-element elementor-element-2ff7506 e-flex e-con-boxed e-con e-parent\" data-id=\"2ff7506\" data-element_type=\"container\" data-e-type=\"container\">\n\t\t\t\t\t<div class=\"e-con-inner\">\n\t\t\t\t<div class=\"elementor-element elementor-element-fe89400 elementor-widget elementor-widget-text-editor\" data-id=\"fe89400\" data-element_type=\"widget\" data-e-type=\"widget\" data-widget_type=\"text-editor.default\">\n\t\t\t\t<div class=\"elementor-widget-container\">\n\t\t\t\t\t\t\t\t\t<p><strong>INFORMACI\u00d3N LEGAL LSSIYCE<\/strong><\/p><p>De acuerdo con las obligaciones previstas en la Ley 34\/2002 de Servicios de la Sociedad de la Informaci\u00f3n y del Comercio Electr\u00f3nico (en adelante LSSIYCE), Ayuntamiento de Aitona con CIF P2504600D y domicilio social en C\/ Major 6, 25182 Aitona (Lleida) y correo electr\u00f3nico\u00a0<a href=\"mailto:fruiturisme@ajuntamentaitona.cat\">fruiturisme@ajuntamentaitona.cat<\/a>, manifiesta que son de su propiedad:<\/p><p>\u2013 el dominio\u00a0<a href=\"http:\/\/www.fruiturisme.info\/\">www.fruiturisme.info<\/a>\u00a0\u00a0\u00a0<\/p><p>\u2013 los perfiles y p\u00e1gina en las siguientes:<\/p><ul class=\"wp-block-list\"><li>Instagram:\u00a0<a href=\"https:\/\/www.instagram.com\/fruiturisme\/?hl=es\" target=\"_blank\" rel=\"noopener\">https:\/\/www.instagram.com\/fruiturisme\/?hl=es<\/a><\/li><li>Facebook:\u00a0<a href=\"https:\/\/www.facebook.com\/FruiturismeAitona\/\" target=\"_blank\" rel=\"noopener\">https:\/\/www.facebook.com\/FruiturismeAitona\/<\/a><\/li><li>Twitter:\u00a0<a href=\"https:\/\/twitter.com\/fruiturisme\" target=\"_blank\" rel=\"noopener\">https:\/\/twitter.com\/fruiturisme<\/a><\/li><li>Youtube:\u00a0<a href=\"https:\/\/www.youtube.com\/channel\/UClCHvq_ygPxKQ227TITpTcg\" target=\"_blank\" rel=\"noopener\">https:\/\/www.youtube.com\/channel\/UClCHvq_ygPxKQ227TITpTcg<\/a><\/li><\/ul><p>Ayuntamiento de Aitona no puede asumir ninguna responsabilidad derivada del uso incorrecto o il\u00edcito de la informaci\u00f3n que aparezca en sus p\u00e1ginas web o presencia online en las diversas redes sociales. Con los l\u00edmites establecido en la ley, Ayuntamiento de Aitona no asume ninguna responsabilidad por la falta de veracidad, integridad, actualizaci\u00f3n y precisi\u00f3n de los datos o informaciones que se contienen en sus p\u00e1ginas de Internet.<\/p><p>Los contenidos e informaci\u00f3n de las p\u00e1ginas de Internet y redes sociales de Ayuntamiento de Aitona elaborados por profesionales debidamente cualificados para el ejercicio de su profesi\u00f3n. Sin embargo, los contenidos e informaci\u00f3n no vinculan a la susodicha, ni constituyen opiniones, consejos o asesoramiento legal de ning\u00fan tipo, pues se trata meramente de un servicio ofrecido con car\u00e1cter informativo y divulgativo.<\/p><p>Las p\u00e1ginas de Internet y redes sociales de Ayuntamiento de Aitona pueden contener enlaces (links) a otras p\u00e1ginas de terceras. Por lo tanto, \u00e9sta no puede asumir responsabilidades por el contenido que pueda aparecer en p\u00e1ginas de terceros. Los textos, im\u00e1genes, sonidos, animaciones, software y el resto de los contenidos incluidos en este website son propiedad exclusiva de Ayuntamiento de Aitona o sus licenciantes. Cualquier acto de transmisi\u00f3n, distribuci\u00f3n, cesi\u00f3n, reproducci\u00f3n, almacenamiento o comunicaci\u00f3n p\u00fablica total o parcial, debe contar con el consentimiento expreso de Ayuntamiento de Aitona.<\/p><p>De la misma manera, se reserva el derecho a retirar el acceso al portal sin necesidad de previo aviso a cualquier usuario que contravenga lo dispuesto en el presente aviso legal.<\/p><p><strong>REDES SOCIALES<\/strong><\/p><p>El usuario deber\u00e1 disponer de su perfil en las redes sociales para poder interactuar con Ayuntamiento de Aitona y que acepte la relaci\u00f3n con nuestra red social. Si as\u00ed se ejecuta, Ayuntamiento de Aitona tendr\u00e1 acceso al perfil del usuario de acuerdo con los par\u00e1metros estipulados por la propia red social y podr\u00e1 interactuar con \u00e9l mediante el env\u00edo de mensajes, publicaciones, participaci\u00f3n en concursos y sorteos. Si el usuario no desea que Ayuntamiento de Aitona pueda acceder a su perfil o interrelacionarse con \u00e9l ser\u00e1 necesario que se desvincule del perfil dejando de seguir o eliminar como amistad, seguidor o usuario a Ayuntamiento de Aitona.<\/p><p>Las actuaciones que realice Ayuntamiento de Aitona podr\u00e1n tener car\u00e1cter informativo y\/o publicitario de sus servicios o productos, considerando que la red social es un medio publicitario, bajo la responsabilidad de Ayuntamiento de Aitona en cuanto a las publicaciones y comunicaciones que se realicen por estos medios online.<\/p><p>La participaci\u00f3n de los usuarios en concursos, promociones o sorteos implicar\u00e1 que el usuario acepta las bases legales de este concurso, promoci\u00f3n o sorteo que ser\u00e1n publicados en la red social de referencia en el momento oportuno y con su participaci\u00f3n implicar\u00e1 que el usuario ha aceptado las mismas.<\/p><p>Se recuerda a los usuarios que las publicaciones que realicen en las redes sociales estar\u00e1n bajo su responsabilidad y ser\u00e1 necesario que respeten la legislaci\u00f3n y los derechos de terceros que puedan afectar con especial relevancia a los derechos de propiedad intelectual, de protecci\u00f3n de datos y de la propia imagen de terceros, as\u00ed como las normas de las propias redes sociales que consten en los siguientes enlaces:<\/p><p>Instagram:\u00a0<a href=\"https:\/\/help.instagram.com\/\" target=\"_blank\" rel=\"noopener\">https:\/\/help.instagram.com\/<\/a><\/p><p>Facebook:\u00a0<a href=\"https:\/\/www.facebook.com\/legal\/terms\" target=\"_blank\" rel=\"noopener\">https:\/\/www.facebook.com\/legal\/terms<\/a><\/p><p>Twitter:\u00a0<a href=\"https:\/\/twitter.com\/es\/tos\" target=\"_blank\" rel=\"noopener\">https:\/\/twitter.com\/es\/tos<\/a>\u00a0<strong>Youtube:\u00a0<\/strong><a href=\"https:\/\/policies.google.com\/privacy?hl=es\" target=\"_blank\" rel=\"noopener\">https:\/\/policies.google.com\/privacy?hl=es<\/a><\/p>\t\t\t\t\t\t\t\t<\/div>\n\t\t\t\t<\/div>\n\t\t\t\t\t<\/div>\n\t\t\t\t<\/div>\n\t\t\t\t<\/div>\n\t\t","protected":false},"excerpt":{"rendered":"<p>FRUITURISME Aviso legal INFORMACI\u00d3N LEGAL LSSIYCE De acuerdo con las obligaciones previstas en la Ley 34\/2002 de Servicios de la Sociedad de la Informaci\u00f3n y del Comercio Electr\u00f3nico (en adelante LSSIYCE), Ayuntamiento de Aitona con CIF P2504600D y domicilio social en C\/ Major 6, 25182 Aitona (Lleida) y correo electr\u00f3nico\u00a0fruiturisme@ajuntamentaitona.cat, manifiesta que son de su [&hellip;]<\/p>\n","protected":false},"author":5,"featured_media":0,"parent":0,"menu_order":0,"comment_status":"closed","ping_status":"closed","template":"elementor_header_footer","meta":{"inline_featured_image":false,"footnotes":""},"class_list":["post-36087","page","type-page","status-publish","hentry"],"_links":{"self":[{"href":"https:\/\/fruiturisme.info\/es\/wp-json\/wp\/v2\/pages\/36087","targetHints":{"allow":["GET"]}}],"collection":[{"href":"https:\/\/fruiturisme.info\/es\/wp-json\/wp\/v2\/pages"}],"about":[{"href":"https:\/\/fruiturisme.info\/es\/wp-json\/wp\/v2\/types\/page"}],"author":[{"embeddable":true,"href":"https:\/\/fruiturisme.info\/es\/wp-json\/wp\/v2\/users\/5"}],"replies":[{"embeddable":true,"href":"https:\/\/fruiturisme.info\/es\/wp-json\/wp\/v2\/comments?post=36087"}],"version-history":[{"count":4,"href":"https:\/\/fruiturisme.info\/es\/wp-json\/wp\/v2\/pages\/36087\/revisions"}],"predecessor-version":[{"id":36093,"href":"https:\/\/fruiturisme.info\/es\/wp-json\/wp\/v2\/pages\/36087\/revisions\/36093"}],"wp:attachment":[{"href":"https:\/\/fruiturisme.info\/es\/wp-json\/wp\/v2\/media?parent=36087"}],"curies":[{"name":"wp","href":"https:\/\/api.w.org\/{rel}","templated":true}]}}