{"id":36084,"date":"2025-11-25T16:32:12","date_gmt":"2025-11-25T15:32:12","guid":{"rendered":"https:\/\/fruiturisme.info\/?page_id=36084"},"modified":"2025-11-25T17:28:05","modified_gmt":"2025-11-25T16:28:05","slug":"politica-de-privacidad","status":"publish","type":"page","link":"https:\/\/fruiturisme.info\/es\/politica-de-privacidad\/","title":{"rendered":"Pol\u00edtica de privacidad"},"content":{"rendered":"\t\t<div data-elementor-type=\"wp-page\" data-elementor-id=\"36084\" class=\"elementor elementor-36084\" data-elementor-post-type=\"page\">\n\t\t\t\t<div class=\"elementor-element elementor-element-d156011 e-flex e-con-boxed e-con e-parent\" data-id=\"d156011\" data-element_type=\"container\" data-e-type=\"container\">\n\t\t\t\t\t<div class=\"e-con-inner\">\n\t\t<div class=\"elementor-element elementor-element-7fa9671 e-grid e-con-full e-con e-child\" data-id=\"7fa9671\" data-element_type=\"container\" data-e-type=\"container\">\n\t\t<div class=\"elementor-element elementor-element-0420c55 e-con-full e-flex e-con e-child\" data-id=\"0420c55\" data-element_type=\"container\" data-e-type=\"container\">\n\t\t\t\t<div class=\"elementor-element elementor-element-811bf3f elementor-widget elementor-widget-heading\" data-id=\"811bf3f\" data-element_type=\"widget\" data-e-type=\"widget\" data-widget_type=\"heading.default\">\n\t\t\t\t<div class=\"elementor-widget-container\">\n\t\t\t\t\t<h2 class=\"elementor-heading-title elementor-size-default\">FRUITURISME<\/h2>\t\t\t\t<\/div>\n\t\t\t\t<\/div>\n\t\t\t\t<div class=\"elementor-element elementor-element-3ac1157 elementor-widget elementor-widget-heading\" data-id=\"3ac1157\" data-element_type=\"widget\" data-e-type=\"widget\" data-widget_type=\"heading.default\">\n\t\t\t\t<div class=\"elementor-widget-container\">\n\t\t\t\t\t<h1 class=\"elementor-heading-title elementor-size-default\">Pol\u00edtica de privacidad<\/h1>\t\t\t\t<\/div>\n\t\t\t\t<\/div>\n\t\t\t\t<div class=\"elementor-element elementor-element-f15d8e9 elementor-widget-divider--view-line elementor-widget elementor-widget-divider\" data-id=\"f15d8e9\" data-element_type=\"widget\" data-e-type=\"widget\" data-widget_type=\"divider.default\">\n\t\t\t\t<div class=\"elementor-widget-container\">\n\t\t\t\t\t\t\t<div class=\"elementor-divider\">\n\t\t\t<span class=\"elementor-divider-separator\">\n\t\t\t\t\t\t<\/span>\n\t\t<\/div>\n\t\t\t\t\t\t<\/div>\n\t\t\t\t<\/div>\n\t\t\t\t<\/div>\n\t\t\t\t<\/div>\n\t\t\t\t\t<\/div>\n\t\t\t\t<\/div>\n\t\t<div class=\"elementor-element elementor-element-c8fa6c4 e-flex e-con-boxed e-con e-parent\" data-id=\"c8fa6c4\" data-element_type=\"container\" data-e-type=\"container\">\n\t\t\t\t\t<div class=\"e-con-inner\">\n\t\t\t\t<div class=\"elementor-element elementor-element-22a5988 elementor-widget elementor-widget-text-editor\" data-id=\"22a5988\" data-element_type=\"widget\" data-e-type=\"widget\" data-widget_type=\"text-editor.default\">\n\t\t\t\t<div class=\"elementor-widget-container\">\n\t\t\t\t\t\t\t\t\t<p>En virtud de la normativa de protecci\u00f3n de datos de car\u00e1cter personal, por la presente autoriza a que los datos personales facilitados ser\u00e1n tratados bajo la responsabilidad de Ayuntamiento de Aitona y domicilio en C\/ Major 6, 25182 Aitona (Lleida):<br \/><br \/><\/p><ul class=\"wp-block-list\"><li>Formulario de Contacto: Sus datos ser\u00e1n tratados con la finalidad de gestionar su petici\u00f3n y poderle dar respuesta, siendo la prestaci\u00f3n de este servicio el motivo que nos legitima a tratar sus datos. Estos ser\u00e1n conservados hasta que se resuelva la petici\u00f3n, y no ser\u00e1n transmitidos a terceros.<\/li><li>Formulario de Reservas: Sus datos ser\u00e1n tratados con la finalidad de gestionar su reserva, siendo el consentimiento la base que nos legitima tratar sus datos. Sus datos ser\u00e1n conservados hasta que se resuelva la petici\u00f3n, y no ser\u00e1n transmitidos a terceros.<\/li><li>Si son tratados en nuestras redes sociales, de acuerdo a lo detallado anteriormente, estos ser\u00e1n tratados \u00a0con la finalidad de gestionar aquella informaci\u00f3n y datos obtenidos de la interactuaci\u00f3n de los usuarios de las redes sociales con estos perfiles\/ p\u00e1gina. Estos datos son tratados de acuerdo al inter\u00e9s leg\u00edtimo de esta empresa y ser\u00e1n conservados siempre que se mantenga el inter\u00e9s legitimo que permiti\u00f3 su tratamiento.<\/li><li>Si son captados a trav\u00e9s de la utilizaci\u00f3n de les cookies anal\u00edticas que previamente ha aceptado al acceder a nuestro sitio web, ser\u00e1n utilizadas con la finalidad de an\u00e1lisis especificadas en la pol\u00edtica de cookies de nuestra web. Sus datos ser\u00e1n objeto de transferencia internacional con los Estados Unidos y conservados durante el plazo necesario para la finalidad detallada en nuestra pol\u00edtica de cookies.<\/li><\/ul><p><br \/>En cualquier caso, podr\u00e1 indicar la revocaci\u00f3n del consentimiento dado, si \u00e9sta fue la base que legitim\u00f3 el tratamiento o ejercitar los derechos previstos:<\/p><ul class=\"wp-block-list\"><li>De acceso: el interesado tiene derecho a saber si el responsable trata datos personales suyos y, si es as\u00ed, tiene derecho a acceder a estos datos, as\u00ed como a obtener informaci\u00f3n al respecto de los tratamientos realizados.<\/li><li>Rectificaci\u00f3n: Est\u00e1 vinculado al car\u00e1cter de inexactitud o incompleto de los datos. El interesado tiene derecho a rectificar sus datos personales inexactos y que se completen sus datos personales incompletos.<\/li><\/ul><ul class=\"wp-block-list\"><li>Supresi\u00f3n: El interesado tiene derecho a obtener la supresi\u00f3n de sus datos personales (\u201cderecho al olvido\u201d), cuando estos ya no son necesarios para la finalidad para la cual se recogieron, se revoca el consentimiento en el cual se basaba el tratamiento, el interesado se opone al tratamiento, los datos se han tratado il\u00edcitamente, se tienen que suprimir para cumplir una obligaci\u00f3n legal o se han obtenido en relaci\u00f3n con la oferta de servicios de la sociedad de la informaci\u00f3n dirigida a menores.<\/li><li>Limitaci\u00f3n del tratamiento: es un derecho de la persona interesada consistente en marcar sus datos de car\u00e1cter personal conservados con la finalidad de limitar el tratamiento en el futuro. La limitaci\u00f3n del tratamiento supone que, a petici\u00f3n de la persona interesada, sus datos personales indicados se dejen de tratar.<\/li><li>Oposici\u00f3n: el interesado tiene derecho a oponerse al tratamiento de sus datos cuando se base en algunos supuestos concretos y se invoque un motivo relacionado con su situaci\u00f3n personal.<\/li><li>Portabilidad de los datos: el interesado tiene derecho a recibir sus datos personales facilitados al responsable del tratamiento en un formato estructurado, de uso com\u00fan y de lectura mec\u00e1nica, si se basa en el consentimiento o en un contrato o cuando el tratamiento se realiza por medios automatizados.<\/li><li>A no ser objeto de decisiones individuales automatizadas: el interesado tiene derecho a no ser objeto de una decisi\u00f3n basada en el tratamiento automatizado de sus datos, incluida la elaboraci\u00f3n de perfiles que produzca efectos jur\u00eddicos en \u00e9l o que le afecte negativamente.<\/li><\/ul><p>Estas peticiones ser deber\u00e1n realizar en C\/ Major 6, 25182 Aitona (Lleida) o en frui<a href=\"mailto:turisme@ajuntamentaitona.cat\">turisme@ajuntamentaitona.cat<\/a>.<\/p><p>Asimismo, tambi\u00e9n podr\u00e1 presentar una reclamaci\u00f3n ante la Autoridad Catalana de Protecci\u00f3n de Datos, o ponerse en contacto con el Delegado de Protecci\u00f3n de Datos en:\u00a0<a href=\"mailto:dpd@ajuntamentaitona.cat\">dpd@ajuntamentaitona.cat<\/a>.<\/p><p><strong>PROPIEDAD INDUSTRIAL E INTELECTUAL<\/strong><\/p><p>Este sitio web es propiedad de Ayuntamiento de Aitona.\u00a0Los derechos de propiedad intelectual y los derechos de explotaci\u00f3n y reproducci\u00f3n de este sitio web, sus p\u00e1ginas, su presencia en redes sociales, pantallas, la informaci\u00f3n que contienen, su apariencia y dise\u00f1o, as\u00ed como los enlaces (\u201chiperv\u00ednculos\u201d) establecidos desde ella a otras p\u00e1ginas web de cualquier centro adscrito u organismo dependiente, son propiedad exclusiva de \u00e9sta salvo que expresamente se estableciese otra cosa.<\/p><p>Todas las denominaciones, dise\u00f1os y\/o logotipos, as\u00ed como cualquier producto o servicio ofrecido y reflejado en este sitio web, son marcas comerciales debidamente registradas por Ayuntamiento de Aitona por sus subsidiarias y\/o dominadas o por terceros.<\/p><p>Cualquier uso indebido del mismo por personas distintas de su leg\u00edtimo titular y sin el consentimiento expreso e inequ\u00edvoco de \u00e9ste podr\u00e1 ser denunciado y enjuiciado por todos los medios legales existentes en el ordenamiento jur\u00eddico espa\u00f1ol y\/o comunitario.<\/p><p>Los derechos de propiedad intelectual y marcas comerciales de terceros se destacan convenientemente y deben ser respetados por cualquier persona que acceda a esta p\u00e1gina, no siendo responsable de Ayuntamiento de Aitona el uso que el usuario pueda llevar a cabo a este respecto, siendo la \u00fanica responsabilidad sobre su persona.<\/p><p>S\u00f3lo para uso personal y privado est\u00e1 permitido descargar los contenidos, copiar o imprimir cualquier p\u00e1gina de este sitio web y redes sociales.\u00a0Queda prohibido reproducir, transmitir, modificar o eliminar la informaci\u00f3n, contenidos o advertencias de este sitio web sin la autorizaci\u00f3n previa por escrito de Ayuntamiento de Aitona.<\/p><p>Ayuntamiento de Aitona no transfiere a los usuarios la propiedad de su software.\u00a0El usuario es el propietario del medio en el que se graba el software.\u00a0 Ayuntamiento de Aitona posee todos los derechos de propiedad industrial e intelectual, incluido el software.\u00a0Si el usuario transfiere software de este sitio web a su terminal, no podr\u00e1 diseccionar por su estudio y descompilar, traducir la versi\u00f3n del c\u00f3digo objeto original o su idioma a otro c\u00f3digo o idioma.<\/p><p><em>Licencia Creative Commons: ( en el caso que la web disponga de alguna licencia de este tipo )<\/em><\/p><p>Este sitio web es propiedad de Ayuntamiento de Aitona, quien determina que todo el contenido escrito por esta entidad se realiza bajo una licencia Creative Commons CC-BY-NC-SA.<\/p><p>Esta licencia implica la necesidad de reconocimiento de la autor\u00eda;\u00a0lo que implica que puede ser utilizado, explotar todo el contenido escrito y elaborado por esta entidad siempre y cuando se mencione que Ayuntamiento de Aitona es el autor del contenido, dise\u00f1o, logotipo u otras marcas identificativas.\u00a0Adem\u00e1s, en ning\u00fan caso se permite un uso comercial de las mismas o de las posibles obras derivadas.\u00a0En cualquier caso, las obras derivadas que se puedan llevar a cabo deber\u00e1n mantener en todo momento la posibilidad de ser utilizadas por otras entidades o partes con licencia bajo las caracter\u00edsticas detalladas anteriormente.<\/p><p>Cualquier uso sin la correcta asignaci\u00f3n de autor\u00eda a Ayuntamiento de Aitona implicar\u00e1 el incumplimiento de esta licencia, reserv\u00e1ndose la entidad para exigir su cese y eliminaci\u00f3n inmediata, pudiendo ejercer las acciones que consideren oportunas con respecto a la licencia espec\u00edfica.<\/p><p>Los derechos de propiedad intelectual y marcas comerciales que pueden ser propiedad de terceros se destacan convenientemente y deben ser respetados por cualquier persona que acceda a esta p\u00e1gina, sin ser responsabilidad de Ayuntamiento de Aitona el uso que el usuario pueda llevar a cabo a este respecto, siendo la responsabilidad exclusiva de su persona, que debe cumplir con los derechos de propiedad o uso de la licencia que el tercero ha indicado.<\/p><p><strong>LEY APLICABLE Y JURISDICCI\u00d3N<\/strong><\/p><p>Las presentes condiciones generales se rigen por la Legislaci\u00f3n espa\u00f1ola, siendo competentes los Juzgados y Tribunales espa\u00f1oles para conocer de cuantas cuestiones se susciten sobre la interpretaci\u00f3n, aplicaci\u00f3n y cumplimiento de las mismas. El usuario, por virtud de su aceptaci\u00f3n a las condiciones generales recogidas en este aviso legal y siempre que esta sumisi\u00f3n sea posible, renuncia expresamente a cualquier fuero que, por aplicaci\u00f3n de la Ley de Enjuiciamiento Civil vigente pudiera corresponderle.<\/p>\t\t\t\t\t\t\t\t<\/div>\n\t\t\t\t<\/div>\n\t\t\t\t\t<\/div>\n\t\t\t\t<\/div>\n\t\t\t\t<\/div>\n\t\t","protected":false},"excerpt":{"rendered":"<p>FRUITURISME Pol\u00edtica de privacidad En virtud de la normativa de protecci\u00f3n de datos de car\u00e1cter personal, por la presente autoriza a que los datos personales facilitados ser\u00e1n tratados bajo la responsabilidad de Ayuntamiento de Aitona y domicilio en C\/ Major 6, 25182 Aitona (Lleida): Formulario de Contacto: Sus datos ser\u00e1n tratados con la finalidad de [&hellip;]<\/p>\n","protected":false},"author":5,"featured_media":0,"parent":0,"menu_order":0,"comment_status":"closed","ping_status":"closed","template":"elementor_header_footer","meta":{"inline_featured_image":false,"footnotes":""},"class_list":["post-36084","page","type-page","status-publish","hentry"],"_links":{"self":[{"href":"https:\/\/fruiturisme.info\/es\/wp-json\/wp\/v2\/pages\/36084","targetHints":{"allow":["GET"]}}],"collection":[{"href":"https:\/\/fruiturisme.info\/es\/wp-json\/wp\/v2\/pages"}],"about":[{"href":"https:\/\/fruiturisme.info\/es\/wp-json\/wp\/v2\/types\/page"}],"author":[{"embeddable":true,"href":"https:\/\/fruiturisme.info\/es\/wp-json\/wp\/v2\/users\/5"}],"replies":[{"embeddable":true,"href":"https:\/\/fruiturisme.info\/es\/wp-json\/wp\/v2\/comments?post=36084"}],"version-history":[{"count":7,"href":"https:\/\/fruiturisme.info\/es\/wp-json\/wp\/v2\/pages\/36084\/revisions"}],"predecessor-version":[{"id":36107,"href":"https:\/\/fruiturisme.info\/es\/wp-json\/wp\/v2\/pages\/36084\/revisions\/36107"}],"wp:attachment":[{"href":"https:\/\/fruiturisme.info\/es\/wp-json\/wp\/v2\/media?parent=36084"}],"curies":[{"name":"wp","href":"https:\/\/api.w.org\/{rel}","templated":true}]}}