{"id":9668,"date":"2022-05-25T20:44:58","date_gmt":"2022-05-25T18:44:58","guid":{"rendered":"https:\/\/fruiturisme.info\/?page_id=9668"},"modified":"2026-03-02T15:30:05","modified_gmt":"2026-03-02T14:30:05","slug":"guided-tour-of-the-spiritual-spaces-of-father-palau-and-the-hermitage-of-san-juan-de-carratala-2","status":"publish","type":"page","link":"https:\/\/fruiturisme.info\/en\/guided-tour-of-the-spiritual-spaces-of-father-palau-and-the-hermitage-of-san-juan-de-carratala-2\/","title":{"rendered":"Itinerary through the spiritual spaces of Father Palau and the hermitage of San Juan de Carratal\u00e0"},"content":{"rendered":"<div data-elementor-type=\"wp-page\" data-elementor-id=\"9668\" class=\"elementor elementor-9668\" data-elementor-post-type=\"page\">\n\t\t\t\t<div class=\"elementor-element elementor-element-e11d9ce e-flex e-con-boxed e-con e-parent\" data-id=\"e11d9ce\" data-element_type=\"container\" data-e-type=\"container\">\n\t\t\t\t\t<div class=\"e-con-inner\">\n\t\t<div class=\"elementor-element elementor-element-e9c9210 e-grid e-con-full e-con e-child\" data-id=\"e9c9210\" data-element_type=\"container\" data-e-type=\"container\">\n\t\t<div class=\"elementor-element elementor-element-b8c720d e-con-full e-flex e-con e-child\" data-id=\"b8c720d\" data-element_type=\"container\" data-e-type=\"container\">\n\t\t\t\t<div class=\"elementor-element elementor-element-38fbb31 elementor-widget elementor-widget-heading\" data-id=\"38fbb31\" data-element_type=\"widget\" data-e-type=\"widget\" data-widget_type=\"heading.default\">\n\t\t\t\t<div class=\"elementor-widget-container\">\n\t\t\t\t\t<h2 class=\"elementor-heading-title elementor-size-default\">FRUIT TOURISM<\/h2>\t\t\t\t<\/div>\n\t\t\t\t<\/div>\n\t\t\t\t<div class=\"elementor-element elementor-element-d2e98e4 elementor-widget elementor-widget-heading\" data-id=\"d2e98e4\" data-element_type=\"widget\" data-e-type=\"widget\" data-widget_type=\"heading.default\">\n\t\t\t\t<div class=\"elementor-widget-container\">\n\t\t\t\t\t<h1 class=\"elementor-heading-title elementor-size-default\">Itinerary through the spiritual spaces of Father Palau and the hermitage of San Juan de Carratal\u00e0<\/h1>\t\t\t\t<\/div>\n\t\t\t\t<\/div>\n\t\t\t\t<div class=\"elementor-element elementor-element-29eb34d elementor-widget-divider--view-line elementor-widget elementor-widget-divider\" data-id=\"29eb34d\" data-element_type=\"widget\" data-e-type=\"widget\" data-widget_type=\"divider.default\">\n\t\t\t\t<div class=\"elementor-widget-container\">\n\t\t\t\t\t\t\t<div class=\"elementor-divider\">\n\t\t\t<span class=\"elementor-divider-separator\">\n\t\t\t\t\t\t<\/span>\n\t\t<\/div>\n\t\t\t\t\t\t<\/div>\n\t\t\t\t<\/div>\n\t\t\t\t<\/div>\n\t\t<div class=\"elementor-element elementor-element-0d807e6 e-con-full e-flex e-con e-child\" data-id=\"0d807e6\" data-element_type=\"container\" data-e-type=\"container\">\n\t\t\t\t<div class=\"elementor-element elementor-element-e80cae0 elementor-widget elementor-widget-image\" data-id=\"e80cae0\" data-element_type=\"widget\" data-e-type=\"widget\" data-widget_type=\"image.default\">\n\t\t\t\t<div class=\"elementor-widget-container\">\n\t\t\t\t\t\t\t\t\t\t\t\t\t\t\t<img fetchpriority=\"high\" decoding=\"async\" width=\"457\" height=\"457\" src=\"https:\/\/fruiturisme.info\/wp-content\/uploads\/Cuna-de-santos-1.webp\" class=\"attachment-large size-large wp-image-35534\" alt=\"Cradle of Saints 1\" srcset=\"https:\/\/fruiturisme.info\/wp-content\/uploads\/Cuna-de-santos-1.webp 457w, https:\/\/fruiturisme.info\/wp-content\/uploads\/Cuna-de-santos-1-352x352.webp 352w, https:\/\/fruiturisme.info\/wp-content\/uploads\/Cuna-de-santos-1-160x160.webp 160w, https:\/\/fruiturisme.info\/wp-content\/uploads\/Cuna-de-santos-1-300x300.webp 300w, https:\/\/fruiturisme.info\/wp-content\/uploads\/Cuna-de-santos-1-100x100.webp 100w\" sizes=\"(max-width: 457px) 100vw, 457px\" \/>\t\t\t\t\t\t\t\t\t\t\t\t\t\t\t<\/div>\n\t\t\t\t<\/div>\n\t\t\t\t<\/div>\n\t\t\t\t<\/div>\n\t\t\t\t\t<\/div>\n\t\t\t\t<\/div>\n\t\t<div class=\"elementor-element elementor-element-e1f27d9 e-flex e-con-boxed e-con e-parent\" data-id=\"e1f27d9\" data-element_type=\"container\" data-e-type=\"container\">\n\t\t\t\t\t<div class=\"e-con-inner\">\n\t\t<div class=\"elementor-element elementor-element-263b0a8 e-grid e-con-full e-con e-child\" data-id=\"263b0a8\" data-element_type=\"container\" data-e-type=\"container\">\n\t\t<div class=\"elementor-element elementor-element-94fca89 e-con-full e-flex e-con e-child\" data-id=\"94fca89\" data-element_type=\"container\" data-e-type=\"container\">\n\t\t\t\t<div class=\"elementor-element elementor-element-b054887 elementor-widget elementor-widget-heading\" data-id=\"b054887\" data-element_type=\"widget\" data-e-type=\"widget\" data-widget_type=\"heading.default\">\n\t\t\t\t<div class=\"elementor-widget-container\">\n\t\t\t\t\t<h2 class=\"elementor-heading-title elementor-size-default\">Route program<\/h2>\t\t\t\t<\/div>\n\t\t\t\t<\/div>\n\t\t\t\t<div class=\"elementor-element elementor-element-9667030 elementor-widget elementor-widget-heading\" data-id=\"9667030\" data-element_type=\"widget\" data-e-type=\"widget\" data-widget_type=\"heading.default\">\n\t\t\t\t<div class=\"elementor-widget-container\">\n\t\t\t\t\t<h2 class=\"elementor-heading-title elementor-size-default\">Tomorrow<\/h2>\t\t\t\t<\/div>\n\t\t\t\t<\/div>\n\t\t\t\t<div class=\"elementor-element elementor-element-6205bd0 elementor-icon-list--layout-traditional elementor-list-item-link-full_width elementor-widget elementor-widget-icon-list\" data-id=\"6205bd0\" data-element_type=\"widget\" data-e-type=\"widget\" data-widget_type=\"icon-list.default\">\n\t\t\t\t<div class=\"elementor-widget-container\">\n\t\t\t\t\t\t\t<ul class=\"elementor-icon-list-items\">\n\t\t\t\t\t\t\t<li class=\"elementor-icon-list-item\">\n\t\t\t\t\t\t\t\t\t\t\t<span class=\"elementor-icon-list-icon\">\n\t\t\t\t\t\t\t<i aria-hidden=\"true\" class=\"fas fa-map-marker-alt\"><\/i>\t\t\t\t\t\t<\/span>\n\t\t\t\t\t\t\t\t\t\t<span class=\"elementor-icon-list-text\">Parish Church of San Antoli<\/span>\n\t\t\t\t\t\t\t\t\t<\/li>\n\t\t\t\t\t\t\t\t<li class=\"elementor-icon-list-item\">\n\t\t\t\t\t\t\t\t\t\t\t<span class=\"elementor-icon-list-icon\">\n\t\t\t\t\t\t\t<i aria-hidden=\"true\" class=\"fas fa-map-marker-alt\"><\/i>\t\t\t\t\t\t<\/span>\n\t\t\t\t\t\t\t\t\t\t<span class=\"elementor-icon-list-text\">Birthplace of Blessed Francesc Palau<\/span>\n\t\t\t\t\t\t\t\t\t<\/li>\n\t\t\t\t\t\t\t\t<li class=\"elementor-icon-list-item\">\n\t\t\t\t\t\t\t\t\t\t\t<span class=\"elementor-icon-list-icon\">\n\t\t\t\t\t\t\t<i aria-hidden=\"true\" class=\"fas fa-map-marker-alt\"><\/i>\t\t\t\t\t\t<\/span>\n\t\t\t\t\t\t\t\t\t\t<span class=\"elementor-icon-list-text\">Father Palau Cave<\/span>\n\t\t\t\t\t\t\t\t\t<\/li>\n\t\t\t\t\t\t<\/ul>\n\t\t\t\t\t\t<\/div>\n\t\t\t\t<\/div>\n\t\t\t\t<div class=\"elementor-element elementor-element-b4ba17d elementor-widget elementor-widget-heading\" data-id=\"b4ba17d\" data-element_type=\"widget\" data-e-type=\"widget\" data-widget_type=\"heading.default\">\n\t\t\t\t<div class=\"elementor-widget-container\">\n\t\t\t\t\t<h2 class=\"elementor-heading-title elementor-size-default\">Late<\/h2>\t\t\t\t<\/div>\n\t\t\t\t<\/div>\n\t\t\t\t<div class=\"elementor-element elementor-element-435373e elementor-icon-list--layout-traditional elementor-list-item-link-full_width elementor-widget elementor-widget-icon-list\" data-id=\"435373e\" data-element_type=\"widget\" data-e-type=\"widget\" data-widget_type=\"icon-list.default\">\n\t\t\t\t<div class=\"elementor-widget-container\">\n\t\t\t\t\t\t\t<ul class=\"elementor-icon-list-items\">\n\t\t\t\t\t\t\t<li class=\"elementor-icon-list-item\">\n\t\t\t\t\t\t\t\t\t\t\t<span class=\"elementor-icon-list-icon\">\n\t\t\t\t\t\t\t<i aria-hidden=\"true\" class=\"fas fa-map-marker-alt\"><\/i>\t\t\t\t\t\t<\/span>\n\t\t\t\t\t\t\t\t\t\t<span class=\"elementor-icon-list-text\">Carratal\u00e0 heritage route: hermitage of San Juan and natural viewpoint of the Baix Segre landscape<\/span>\n\t\t\t\t\t\t\t\t\t<\/li>\n\t\t\t\t\t\t<\/ul>\n\t\t\t\t\t\t<\/div>\n\t\t\t\t<\/div>\n\t\t\t\t<div class=\"elementor-element elementor-element-922a320 elementor-widget elementor-widget-heading\" data-id=\"922a320\" data-element_type=\"widget\" data-e-type=\"widget\" data-widget_type=\"heading.default\">\n\t\t\t\t<div class=\"elementor-widget-container\">\n\t\t\t\t\t<h2 class=\"elementor-heading-title elementor-size-default\">Start times<\/h2>\t\t\t\t<\/div>\n\t\t\t\t<\/div>\n\t\t\t\t<div class=\"elementor-element elementor-element-34b18f3 elementor-icon-list--layout-traditional elementor-list-item-link-full_width elementor-widget elementor-widget-icon-list\" data-id=\"34b18f3\" data-element_type=\"widget\" data-e-type=\"widget\" data-widget_type=\"icon-list.default\">\n\t\t\t\t<div class=\"elementor-widget-container\">\n\t\t\t\t\t\t\t<ul class=\"elementor-icon-list-items\">\n\t\t\t\t\t\t\t<li class=\"elementor-icon-list-item\">\n\t\t\t\t\t\t\t\t\t\t\t<span class=\"elementor-icon-list-icon\">\n\t\t\t\t\t\t\t<i aria-hidden=\"true\" class=\"fas fa-clock\"><\/i>\t\t\t\t\t\t<\/span>\n\t\t\t\t\t\t\t\t\t\t<span class=\"elementor-icon-list-text\">Tomorrow: 10am<\/span>\n\t\t\t\t\t\t\t\t\t<\/li>\n\t\t\t\t\t\t\t\t<li class=\"elementor-icon-list-item\">\n\t\t\t\t\t\t\t\t\t\t\t<span class=\"elementor-icon-list-icon\">\n\t\t\t\t\t\t\t<i aria-hidden=\"true\" class=\"fas fa-map-marker-alt\"><\/i>\t\t\t\t\t\t<\/span>\n\t\t\t\t\t\t\t\t\t\t<span class=\"elementor-icon-list-text\">Exit: Aitona sports center square<\/span>\n\t\t\t\t\t\t\t\t\t<\/li>\n\t\t\t\t\t\t\t\t<li class=\"elementor-icon-list-item\">\n\t\t\t\t\t\t\t\t\t\t\t<span class=\"elementor-icon-list-icon\">\n\t\t\t\t\t\t\t<i aria-hidden=\"true\" class=\"fas fa-users\"><\/i>\t\t\t\t\t\t<\/span>\n\t\t\t\t\t\t\t\t\t\t<span class=\"elementor-icon-list-text\">maximum 12 people<\/span>\n\t\t\t\t\t\t\t\t\t<\/li>\n\t\t\t\t\t\t<\/ul>\n\t\t\t\t\t\t<\/div>\n\t\t\t\t<\/div>\n\t\t\t\t<div class=\"elementor-element elementor-element-fa565aa elementor-widget elementor-widget-heading\" data-id=\"fa565aa\" data-element_type=\"widget\" data-e-type=\"widget\" data-widget_type=\"heading.default\">\n\t\t\t\t<div class=\"elementor-widget-container\">\n\t\t\t\t\t<h2 class=\"elementor-heading-title elementor-size-default\">Reservations<\/h2>\t\t\t\t<\/div>\n\t\t\t\t<\/div>\n\t\t\t\t<div class=\"elementor-element elementor-element-c4cff00 elementor-icon-list--layout-traditional elementor-list-item-link-full_width elementor-widget elementor-widget-icon-list\" data-id=\"c4cff00\" data-element_type=\"widget\" data-e-type=\"widget\" data-widget_type=\"icon-list.default\">\n\t\t\t\t<div class=\"elementor-widget-container\">\n\t\t\t\t\t\t\t<ul class=\"elementor-icon-list-items\">\n\t\t\t\t\t\t\t<li class=\"elementor-icon-list-item\">\n\t\t\t\t\t\t\t\t\t\t\t<a href=\"mailto:aitona@cmtpalau.org\">\n\n\t\t\t\t\t\t\t\t\t\t\t\t<span class=\"elementor-icon-list-icon\">\n\t\t\t\t\t\t\t<i aria-hidden=\"true\" class=\"fas fa-envelope\"><\/i>\t\t\t\t\t\t<\/span>\n\t\t\t\t\t\t\t\t\t\t<span class=\"elementor-icon-list-text\">aitona@cmtpalau.org<\/span>\n\t\t\t\t\t\t\t\t\t\t\t<\/a>\n\t\t\t\t\t\t\t\t\t<\/li>\n\t\t\t\t\t\t\t\t<li class=\"elementor-icon-list-item\">\n\t\t\t\t\t\t\t\t\t\t\t<a href=\"tel:696015242\">\n\n\t\t\t\t\t\t\t\t\t\t\t\t<span class=\"elementor-icon-list-icon\">\n\t\t\t\t\t\t\t<i aria-hidden=\"true\" class=\"fas fa-phone-alt\"><\/i>\t\t\t\t\t\t<\/span>\n\t\t\t\t\t\t\t\t\t\t<span class=\"elementor-icon-list-text\">696 015 242<\/span>\n\t\t\t\t\t\t\t\t\t\t\t<\/a>\n\t\t\t\t\t\t\t\t\t<\/li>\n\t\t\t\t\t\t\t\t<li class=\"elementor-icon-list-item\">\n\t\t\t\t\t\t\t\t\t\t\t<a href=\"tel:605978672\">\n\n\t\t\t\t\t\t\t\t\t\t\t\t<span class=\"elementor-icon-list-icon\">\n\t\t\t\t\t\t\t<i aria-hidden=\"true\" class=\"fas fa-phone-alt\"><\/i>\t\t\t\t\t\t<\/span>\n\t\t\t\t\t\t\t\t\t\t<span class=\"elementor-icon-list-text\">605 978 672<\/span>\n\t\t\t\t\t\t\t\t\t\t\t<\/a>\n\t\t\t\t\t\t\t\t\t<\/li>\n\t\t\t\t\t\t<\/ul>\n\t\t\t\t\t\t<\/div>\n\t\t\t\t<\/div>\n\t\t\t\t<div class=\"elementor-element elementor-element-e48e47d elementor-widget-divider--view-line elementor-widget elementor-widget-divider\" data-id=\"e48e47d\" data-element_type=\"widget\" data-e-type=\"widget\" data-widget_type=\"divider.default\">\n\t\t\t\t<div class=\"elementor-widget-container\">\n\t\t\t\t\t\t\t<div class=\"elementor-divider\">\n\t\t\t<span class=\"elementor-divider-separator\">\n\t\t\t\t\t\t<\/span>\n\t\t<\/div>\n\t\t\t\t\t\t<\/div>\n\t\t\t\t<\/div>\n\t\t\t\t<\/div>\n\t\t\t\t<div class=\"elementor-element elementor-element-e02a5d8 elementor-widget elementor-widget-image\" data-id=\"e02a5d8\" data-element_type=\"widget\" data-e-type=\"widget\" data-widget_type=\"image.default\">\n\t\t\t\t<div class=\"elementor-widget-container\">\n\t\t\t\t\t\t\t\t\t\t\t\t\t\t\t<img decoding=\"async\" width=\"800\" height=\"534\" src=\"https:\/\/fruiturisme.info\/wp-content\/uploads\/Sant-joan-de-carratal-fruiturisme-aitona-min-1120x747.jpg\" class=\"attachment-large size-large wp-image-250\" alt=\"\" srcset=\"https:\/\/fruiturisme.info\/wp-content\/uploads\/Sant-joan-de-carratal-fruiturisme-aitona-min-1120x747.jpg 1120w, https:\/\/fruiturisme.info\/wp-content\/uploads\/Sant-joan-de-carratal-fruiturisme-aitona-min-scaled-900x600.jpg 900w, https:\/\/fruiturisme.info\/wp-content\/uploads\/Sant-joan-de-carratal-fruiturisme-aitona-min-352x235.jpg 352w, https:\/\/fruiturisme.info\/wp-content\/uploads\/Sant-joan-de-carratal-fruiturisme-aitona-min-768x512.jpg 768w, https:\/\/fruiturisme.info\/wp-content\/uploads\/Sant-joan-de-carratal-fruiturisme-aitona-min-1536x1024.jpg 1536w, https:\/\/fruiturisme.info\/wp-content\/uploads\/Sant-joan-de-carratal-fruiturisme-aitona-min-2048x1365.jpg 2048w\" sizes=\"(max-width: 800px) 100vw, 800px\" \/>\t\t\t\t\t\t\t\t\t\t\t\t\t\t\t<\/div>\n\t\t\t\t<\/div>\n\t\t\t\t<\/div>\n\t\t\t\t\t<\/div>\n\t\t\t\t<\/div>\n\t\t<div class=\"elementor-element elementor-element-0f43fbb e-flex e-con-boxed e-con e-parent\" data-id=\"0f43fbb\" data-element_type=\"container\" data-e-type=\"container\" data-settings=\"{&quot;background_background&quot;:&quot;classic&quot;}\">\n\t\t\t\t\t<div class=\"e-con-inner\">\n\t\t\t\t<div class=\"elementor-element elementor-element-cc33d12 elementor-widget elementor-widget-heading\" data-id=\"cc33d12\" data-element_type=\"widget\" data-e-type=\"widget\" data-widget_type=\"heading.default\">\n\t\t\t\t<div class=\"elementor-widget-container\">\n\t\t\t\t\t<h2 class=\"elementor-heading-title elementor-size-default\">Main points of interest<\/h2>\t\t\t\t<\/div>\n\t\t\t\t<\/div>\n\t\t<div class=\"elementor-element elementor-element-81643d6 e-grid e-con-full e-con e-child\" data-id=\"81643d6\" data-element_type=\"container\" data-e-type=\"container\">\n\t\t\t\t<div class=\"elementor-element elementor-element-b804da0 premium-flip-style-push elementor-widget elementor-widget-premium-addon-flip-box\" data-id=\"b804da0\" data-element_type=\"widget\" data-e-type=\"widget\" data-widget_type=\"premium-addon-flip-box.default\">\n\t\t\t\t<div class=\"elementor-widget-container\">\n\t\t\t\t\t\n\t<div class=\"premium-flip-main-box\">\n\t\t<div class=\"premium-flip-front premium-flip-frontbt\">\n\t\t\t<div class=\"premium-flip-front-overlay\">\n\t\t\t\t<div class=\"premium-flip-front-content-container\">\n\t\t\t\t\t<div class=\"premium-flip-text-wrapper\">\n\t\t\t\t\t\t\t\t\t\t\t\t\t\t\t\t\t\t\t\n\t\t\t\t\t\t\t\t\t\t\t\t\t<h3 class=\"premium-flip-front-title\">\n\t\t\t\t\t\t\t\tChurch of San Antol\u00ed\t\t\t\t\t\t\t<\/h3>\n\t\t\t\t\t\t\n\t\t\t\t\t\t\t\t\t\t\t<\/div>\n\t\t\t\t<\/div>\n\t\t\t<\/div>\n\t\t<\/div>\n\n\t\t<div class=\"premium-flip-back premium-flip-backbt\">\n\t\t\t<div class=\"premium-flip-back-overlay\">\n\t\t\t\t<div class=\"premium-flip-back-content-container\">\n\t\t\t\t\t\n\t\t\t\t\t<div class=\"premium-flip-back-text-wrapper\">\n\n\t\t\t\t\t\t\t\t\t\t\t\t\t\t\t\t\t\t\t\n\t\t\t\t\t\t\t\t\t\t\t\t\t<h3 class=\"premium-flip-back-title\">\n\t\t\t\t\t\t\t\tChurch of San Antol\u00ed\t\t\t\t\t\t\t<\/h3>\n\t\t\t\t\t\t\n\t\t\t\t\t\t\t\t\t\t\t\t\t<span class=\"premium-flip-back-description\">\n\t\t\t\t\t\t\t\t<p>Built in the Baroque style, some consider it the cathedral of the Baix Segre region because it is of unusual dimensions for a town of just over two thousand inhabitants.<\/p>\t\t\t\t\t\t\t<\/span>\n\t\t\t\t\t\t\n\t\t\t\t\t\t\t\t\t\t\t<\/div>\n\t\t\t\t<\/div>\n\t\t\t<\/div>\n\t\t<\/div>\n\t<\/div>\n\n\t\t\t\t\t\t<\/div>\n\t\t\t\t<\/div>\n\t\t\t\t<div class=\"elementor-element elementor-element-4f21004 premium-flip-style-push elementor-widget elementor-widget-premium-addon-flip-box\" data-id=\"4f21004\" data-element_type=\"widget\" data-e-type=\"widget\" data-widget_type=\"premium-addon-flip-box.default\">\n\t\t\t\t<div class=\"elementor-widget-container\">\n\t\t\t\t\t\n\t<div class=\"premium-flip-main-box\">\n\t\t<div class=\"premium-flip-front premium-flip-frontbt\">\n\t\t\t<div class=\"premium-flip-front-overlay\">\n\t\t\t\t<div class=\"premium-flip-front-content-container\">\n\t\t\t\t\t<div class=\"premium-flip-text-wrapper\">\n\t\t\t\t\t\t\t\t\t\t\t\t\t\t\t\t\t\t\t\n\t\t\t\t\t\t\t\t\t\t\t\t\t<h3 class=\"premium-flip-front-title\">\n\t\t\t\t\t\t\t\tFather Palau Cave\t\t\t\t\t\t\t<\/h3>\n\t\t\t\t\t\t\n\t\t\t\t\t\t\t\t\t\t\t<\/div>\n\t\t\t\t<\/div>\n\t\t\t<\/div>\n\t\t<\/div>\n\n\t\t<div class=\"premium-flip-back premium-flip-backbt\">\n\t\t\t<div class=\"premium-flip-back-overlay\">\n\t\t\t\t<div class=\"premium-flip-back-content-container\">\n\t\t\t\t\t\n\t\t\t\t\t<div class=\"premium-flip-back-text-wrapper\">\n\n\t\t\t\t\t\t\t\t\t\t\t\t\t\t\t\t\t\t\t\n\t\t\t\t\t\t\t\t\t\t\t\t\t<h3 class=\"premium-flip-back-title\">\n\t\t\t\t\t\t\t\tFather Palau Cave\t\t\t\t\t\t\t<\/h3>\n\t\t\t\t\t\t\n\t\t\t\t\t\t\t\t\t\t\t\t\t<span class=\"premium-flip-back-description\">\n\t\t\t\t\t\t\t\t<p>Located on the outskirts of the village, this is the cave where the blessed man retreated to live as a hermit and find inner peace. Around it, an altar, a park, a house with ten cells for spiritual retreats, an oratory, and a multipurpose room have been developed.<\/p>\t\t\t\t\t\t\t<\/span>\n\t\t\t\t\t\t\n\t\t\t\t\t\t\t\t\t\t\t<\/div>\n\t\t\t\t<\/div>\n\t\t\t<\/div>\n\t\t<\/div>\n\t<\/div>\n\n\t\t\t\t\t\t<\/div>\n\t\t\t\t<\/div>\n\t\t\t\t<div class=\"elementor-element elementor-element-1e20d2e premium-flip-style-push elementor-widget elementor-widget-premium-addon-flip-box\" data-id=\"1e20d2e\" data-element_type=\"widget\" data-e-type=\"widget\" data-widget_type=\"premium-addon-flip-box.default\">\n\t\t\t\t<div class=\"elementor-widget-container\">\n\t\t\t\t\t\n\t<div class=\"premium-flip-main-box\">\n\t\t<div class=\"premium-flip-front premium-flip-frontbt\">\n\t\t\t<div class=\"premium-flip-front-overlay\">\n\t\t\t\t<div class=\"premium-flip-front-content-container\">\n\t\t\t\t\t<div class=\"premium-flip-text-wrapper\">\n\t\t\t\t\t\t\t\t\t\t\t\t\t\t\t\t\t\t\t\n\t\t\t\t\t\t\t\t\t\t\t\t\t<h3 class=\"premium-flip-front-title\">\n\t\t\t\t\t\t\t\tFather Palau&#039;s Birthplace\t\t\t\t\t\t\t<\/h3>\n\t\t\t\t\t\t\n\t\t\t\t\t\t\t\t\t\t\t<\/div>\n\t\t\t\t<\/div>\n\t\t\t<\/div>\n\t\t<\/div>\n\n\t\t<div class=\"premium-flip-back premium-flip-backbt\">\n\t\t\t<div class=\"premium-flip-back-overlay\">\n\t\t\t\t<div class=\"premium-flip-back-content-container\">\n\t\t\t\t\t\n\t\t\t\t\t<div class=\"premium-flip-back-text-wrapper\">\n\n\t\t\t\t\t\t\t\t\t\t\t\t\t\t\t\t\t\t\t\n\t\t\t\t\t\t\t\t\t\t\t\t\t<h3 class=\"premium-flip-back-title\">\n\t\t\t\t\t\t\t\tFather Palau&#039;s Birthplace\t\t\t\t\t\t\t<\/h3>\n\t\t\t\t\t\t\n\t\t\t\t\t\t\t\t\t\t\t\t\t<span class=\"premium-flip-back-description\">\n\t\t\t\t\t\t\t\t<p>Original objects that belonged to or were made by the Blessed, as well as family heirlooms, are preserved. A stone coat of arms representing the congregation is displayed on the facade.<\/p>\t\t\t\t\t\t\t<\/span>\n\t\t\t\t\t\t\n\t\t\t\t\t\t\t\t\t\t\t<\/div>\n\t\t\t\t<\/div>\n\t\t\t<\/div>\n\t\t<\/div>\n\t<\/div>\n\n\t\t\t\t\t\t<\/div>\n\t\t\t\t<\/div>\n\t\t\t\t<div class=\"elementor-element elementor-element-8e73047 premium-flip-style-push elementor-widget elementor-widget-premium-addon-flip-box\" data-id=\"8e73047\" data-element_type=\"widget\" data-e-type=\"widget\" data-widget_type=\"premium-addon-flip-box.default\">\n\t\t\t\t<div class=\"elementor-widget-container\">\n\t\t\t\t\t\n\t<div class=\"premium-flip-main-box\">\n\t\t<div class=\"premium-flip-front premium-flip-frontbt\">\n\t\t\t<div class=\"premium-flip-front-overlay\">\n\t\t\t\t<div class=\"premium-flip-front-content-container\">\n\t\t\t\t\t<div class=\"premium-flip-text-wrapper\">\n\t\t\t\t\t\t\t\t\t\t\t\t\t\t\t\t\t\t\t\n\t\t\t\t\t\t\t\t\t\t\t\t\t<h3 class=\"premium-flip-front-title\">\n\t\t\t\t\t\t\t\tViewpoint of San Joan de Carratala\t\t\t\t\t\t\t<\/h3>\n\t\t\t\t\t\t\n\t\t\t\t\t\t\t\t\t\t\t<\/div>\n\t\t\t\t<\/div>\n\t\t\t<\/div>\n\t\t<\/div>\n\n\t\t<div class=\"premium-flip-back premium-flip-backbt\">\n\t\t\t<div class=\"premium-flip-back-overlay\">\n\t\t\t\t<div class=\"premium-flip-back-content-container\">\n\t\t\t\t\t\n\t\t\t\t\t<div class=\"premium-flip-back-text-wrapper\">\n\n\t\t\t\t\t\t\t\t\t\t\t\t\t\t\t\t\t\t\t\n\t\t\t\t\t\t\t\t\t\t\t\t\t<h3 class=\"premium-flip-back-title\">\n\t\t\t\t\t\t\t\tViewpoint of San Joan de Carratala\t\t\t\t\t\t\t<\/h3>\n\t\t\t\t\t\t\n\t\t\t\t\t\t\t\t\t\t\t\t\t<span class=\"premium-flip-back-description\">\n\t\t\t\t\t\t\t\t<p>At the top of the hill that houses the hermitage of San Juan de Carratal\u00e0, you can find a spectacular viewpoint that allows you to glimpse fantastic panoramic views of the Segre valley and is especially attractive during the flowering of the peach trees and in autumn, when the leaves turn golden.<\/p>\t\t\t\t\t\t\t<\/span>\n\t\t\t\t\t\t\n\t\t\t\t\t\t\t\t\t\t\t<\/div>\n\t\t\t\t<\/div>\n\t\t\t<\/div>\n\t\t<\/div>\n\t<\/div>\n\n\t\t\t\t\t\t<\/div>\n\t\t\t\t<\/div>\n\t\t\t\t<div class=\"elementor-element elementor-element-705b77f premium-flip-style-push elementor-widget elementor-widget-premium-addon-flip-box\" data-id=\"705b77f\" data-element_type=\"widget\" data-e-type=\"widget\" data-widget_type=\"premium-addon-flip-box.default\">\n\t\t\t\t<div class=\"elementor-widget-container\">\n\t\t\t\t\t\n\t<div class=\"premium-flip-main-box\">\n\t\t<div class=\"premium-flip-front premium-flip-frontbt\">\n\t\t\t<div class=\"premium-flip-front-overlay\">\n\t\t\t\t<div class=\"premium-flip-front-content-container\">\n\t\t\t\t\t<div class=\"premium-flip-text-wrapper\">\n\t\t\t\t\t\t\t\t\t\t\t\t\t\t\t\t\t\t\t\n\t\t\t\t\t\t\t\t\t\t\t\t\t<h3 class=\"premium-flip-front-title\">\n\t\t\t\t\t\t\t\tSan Joan de Carratala\t\t\t\t\t\t\t<\/h3>\n\t\t\t\t\t\t\n\t\t\t\t\t\t\t\t\t\t\t<\/div>\n\t\t\t\t<\/div>\n\t\t\t<\/div>\n\t\t<\/div>\n\n\t\t<div class=\"premium-flip-back premium-flip-backbt\">\n\t\t\t<div class=\"premium-flip-back-overlay\">\n\t\t\t\t<div class=\"premium-flip-back-content-container\">\n\t\t\t\t\t\n\t\t\t\t\t<div class=\"premium-flip-back-text-wrapper\">\n\n\t\t\t\t\t\t\t\t\t\t\t\t\t\t\t\t\t\t\t\n\t\t\t\t\t\t\t\t\t\t\t\t\t<h3 class=\"premium-flip-back-title\">\n\t\t\t\t\t\t\t\tSan Joan de Carratala\t\t\t\t\t\t\t<\/h3>\n\t\t\t\t\t\t\n\t\t\t\t\t\t\t\t\t\t\t\t\t<span class=\"premium-flip-back-description\">\n\t\t\t\t\t\t\t\t<p>\u00a0<\/p><p>The Romanesque hermitage of Sant Joan de Carratal\u00e0, with its semicircular apse, is a Hospitaller construction. It is believed to have been built on the site of a former mosque.<\/p>\t\t\t\t\t\t\t<\/span>\n\t\t\t\t\t\t\n\t\t\t\t\t\t\t\t\t\t\t<\/div>\n\t\t\t\t<\/div>\n\t\t\t<\/div>\n\t\t<\/div>\n\t<\/div>\n\n\t\t\t\t\t\t<\/div>\n\t\t\t\t<\/div>\n\t\t<div class=\"elementor-element elementor-element-e38dd7f e-con-full e-flex e-con e-child\" data-id=\"e38dd7f\" data-element_type=\"container\" data-e-type=\"container\" data-settings=\"{&quot;background_background&quot;:&quot;classic&quot;}\">\n\t\t\t\t<div class=\"elementor-element elementor-element-d8f9c92 elementor-widget elementor-widget-image\" data-id=\"d8f9c92\" data-element_type=\"widget\" data-e-type=\"widget\" data-widget_type=\"image.default\">\n\t\t\t\t<div class=\"elementor-widget-container\">\n\t\t\t\t\t\t\t\t\t\t\t\t\t\t\t<img decoding=\"async\" width=\"100\" height=\"100\" src=\"https:\/\/fruiturisme.info\/wp-content\/uploads\/logo-Fruiturisme-blanco.svg\" class=\"attachment-full size-full wp-image-35474\" alt=\"\" \/>\t\t\t\t\t\t\t\t\t\t\t\t\t\t\t<\/div>\n\t\t\t\t<\/div>\n\t\t\t\t<\/div>\n\t\t\t\t<\/div>\n\t\t\t\t\t<\/div>\n\t\t\t\t<\/div>\n\t\t<div class=\"elementor-element elementor-element-9f7dd15 e-flex e-con-boxed e-con e-parent\" data-id=\"9f7dd15\" data-element_type=\"container\" data-e-type=\"container\">\n\t\t\t\t\t<div class=\"e-con-inner\">\n\t\t\t\t<div class=\"elementor-element elementor-element-24f21e2 elementor-widget elementor-widget-heading\" data-id=\"24f21e2\" data-element_type=\"widget\" data-e-type=\"widget\" data-widget_type=\"heading.default\">\n\t\t\t\t<div class=\"elementor-widget-container\">\n\t\t\t\t\t<p class=\"elementor-heading-title elementor-size-default\">Do you have any questions?<\/p>\t\t\t\t<\/div>\n\t\t\t\t<\/div>\n\t\t\t\t<div class=\"elementor-element elementor-element-92d7dc1 elementor-align-center elementor-widget elementor-widget-button\" data-id=\"92d7dc1\" data-element_type=\"widget\" data-e-type=\"widget\" data-widget_type=\"button.default\">\n\t\t\t\t<div class=\"elementor-widget-container\">\n\t\t\t\t\t\t\t\t\t<div class=\"elementor-button-wrapper\">\n\t\t\t\t\t<a class=\"elementor-button elementor-button-link elementor-size-sm\" href=\"https:\/\/fruiturisme.info\/en\/contact\/\">\n\t\t\t\t\t\t<span class=\"elementor-button-content-wrapper\">\n\t\t\t\t\t\t<span class=\"elementor-button-icon\">\n\t\t\t\t<i aria-hidden=\"true\" class=\"fas fa-envelope\"><\/i>\t\t\t<\/span>\n\t\t\t\t\t\t\t\t\t<span class=\"elementor-button-text\">Contact us<\/span>\n\t\t\t\t\t<\/span>\n\t\t\t\t\t<\/a>\n\t\t\t\t<\/div>\n\t\t\t\t\t\t\t\t<\/div>\n\t\t\t\t<\/div>\n\t\t\t\t\t<\/div>\n\t\t\t\t<\/div>\n\t\t\t\t<\/div>","protected":false},"excerpt":{"rendered":"<p>FRUITURISME Programa de la ruta Ma\u00f1ana Iglesia Parroquial de San Antol\u00ed Casa Natal del Beato Francesc Palau Cueva del Padre Palau Tarde Ruta patrimonial de Carratal\u00e0: ermita de San Juan y mirador natural del paisaje del Baix Segre Horarios de inicio Ma\u00f1ana: 10h Salida: Plaza del polideportivo de Aitona m\u00e1ximo 12 personas Reservas aitona@cmtpalau.org 696 [&hellip;]<\/p>","protected":false},"author":5,"featured_media":0,"parent":0,"menu_order":0,"comment_status":"closed","ping_status":"closed","template":"elementor_header_footer","meta":{"inline_featured_image":false,"footnotes":""},"class_list":["post-9668","page","type-page","status-publish","hentry"],"_links":{"self":[{"href":"https:\/\/fruiturisme.info\/en\/wp-json\/wp\/v2\/pages\/9668","targetHints":{"allow":["GET"]}}],"collection":[{"href":"https:\/\/fruiturisme.info\/en\/wp-json\/wp\/v2\/pages"}],"about":[{"href":"https:\/\/fruiturisme.info\/en\/wp-json\/wp\/v2\/types\/page"}],"author":[{"embeddable":true,"href":"https:\/\/fruiturisme.info\/en\/wp-json\/wp\/v2\/users\/5"}],"replies":[{"embeddable":true,"href":"https:\/\/fruiturisme.info\/en\/wp-json\/wp\/v2\/comments?post=9668"}],"version-history":[{"count":17,"href":"https:\/\/fruiturisme.info\/en\/wp-json\/wp\/v2\/pages\/9668\/revisions"}],"predecessor-version":[{"id":40845,"href":"https:\/\/fruiturisme.info\/en\/wp-json\/wp\/v2\/pages\/9668\/revisions\/40845"}],"wp:attachment":[{"href":"https:\/\/fruiturisme.info\/en\/wp-json\/wp\/v2\/media?parent=9668"}],"curies":[{"name":"wp","href":"https:\/\/api.w.org\/{rel}","templated":true}]}}