{"id":36756,"date":"2026-01-27T11:11:27","date_gmt":"2026-01-27T10:11:27","guid":{"rendered":"https:\/\/fruiturisme.info\/?page_id=36756"},"modified":"2026-02-05T15:02:26","modified_gmt":"2026-02-05T14:02:26","slug":"picnic-among-flowering-trees","status":"publish","type":"page","link":"https:\/\/fruiturisme.info\/en\/picnic-among-flowering-trees\/","title":{"rendered":"Picnic among flowering trees"},"content":{"rendered":"<div data-elementor-type=\"wp-page\" data-elementor-id=\"36756\" class=\"elementor elementor-36756\" data-elementor-post-type=\"page\">\n\t\t\t\t<div class=\"elementor-element elementor-element-82e948f e-flex e-con-boxed e-con e-parent\" data-id=\"82e948f\" data-element_type=\"container\" data-e-type=\"container\">\n\t\t\t\t\t<div class=\"e-con-inner\">\n\t\t<div class=\"elementor-element elementor-element-55e3e4b e-grid e-con-full e-con e-child\" data-id=\"55e3e4b\" data-element_type=\"container\" data-e-type=\"container\">\n\t\t<div class=\"elementor-element elementor-element-c3b6442 e-con-full e-flex e-con e-child\" data-id=\"c3b6442\" data-element_type=\"container\" data-e-type=\"container\">\n\t\t\t\t<div class=\"elementor-element elementor-element-7e8fa7d elementor-widget elementor-widget-heading\" data-id=\"7e8fa7d\" data-element_type=\"widget\" data-e-type=\"widget\" data-widget_type=\"heading.default\">\n\t\t\t\t<div class=\"elementor-widget-container\">\n\t\t\t\t\t<h2 class=\"elementor-heading-title elementor-size-default\">FRUIT TOURISM<\/h2>\t\t\t\t<\/div>\n\t\t\t\t<\/div>\n\t\t\t\t<div class=\"elementor-element elementor-element-df6018c elementor-widget elementor-widget-heading\" data-id=\"df6018c\" data-element_type=\"widget\" data-e-type=\"widget\" data-widget_type=\"heading.default\">\n\t\t\t\t<div class=\"elementor-widget-container\">\n\t\t\t\t\t<h1 class=\"elementor-heading-title elementor-size-default\">Picnic in the middle of a flower field<\/h1>\t\t\t\t<\/div>\n\t\t\t\t<\/div>\n\t\t\t\t<div class=\"elementor-element elementor-element-aa5287c elementor-widget-divider--view-line elementor-widget elementor-widget-divider\" data-id=\"aa5287c\" data-element_type=\"widget\" data-e-type=\"widget\" data-widget_type=\"divider.default\">\n\t\t\t\t<div class=\"elementor-widget-container\">\n\t\t\t\t\t\t\t<div class=\"elementor-divider\">\n\t\t\t<span class=\"elementor-divider-separator\">\n\t\t\t\t\t\t<\/span>\n\t\t<\/div>\n\t\t\t\t\t\t<\/div>\n\t\t\t\t<\/div>\n\t\t\t\t<\/div>\n\t\t<div class=\"elementor-element elementor-element-d76627d e-con-full e-flex e-con e-child\" data-id=\"d76627d\" data-element_type=\"container\" data-e-type=\"container\">\n\t\t\t\t<div class=\"elementor-element elementor-element-6f88302 elementor-widget elementor-widget-image\" data-id=\"6f88302\" data-element_type=\"widget\" data-e-type=\"widget\" data-widget_type=\"image.default\">\n\t\t\t\t<div class=\"elementor-widget-container\">\n\t\t\t\t\t\t\t\t\t\t\t\t\t\t\t<img fetchpriority=\"high\" decoding=\"async\" width=\"457\" height=\"457\" src=\"https:\/\/fruiturisme.info\/wp-content\/uploads\/experiencia-estacional.webp\" class=\"attachment-large size-large wp-image-36159\" alt=\"\" srcset=\"https:\/\/fruiturisme.info\/wp-content\/uploads\/experiencia-estacional.webp 457w, https:\/\/fruiturisme.info\/wp-content\/uploads\/experiencia-estacional-352x352.webp 352w, https:\/\/fruiturisme.info\/wp-content\/uploads\/experiencia-estacional-160x160.webp 160w, https:\/\/fruiturisme.info\/wp-content\/uploads\/experiencia-estacional-300x300.webp 300w, https:\/\/fruiturisme.info\/wp-content\/uploads\/experiencia-estacional-12x12.webp 12w, https:\/\/fruiturisme.info\/wp-content\/uploads\/experiencia-estacional-100x100.webp 100w\" sizes=\"(max-width: 457px) 100vw, 457px\" \/>\t\t\t\t\t\t\t\t\t\t\t\t\t\t\t<\/div>\n\t\t\t\t<\/div>\n\t\t\t\t<\/div>\n\t\t\t\t<\/div>\n\t\t\t\t\t<\/div>\n\t\t\t\t<\/div>\n\t\t<div class=\"elementor-element elementor-element-ff0cc32 e-flex e-con-boxed e-con e-parent\" data-id=\"ff0cc32\" data-element_type=\"container\" data-e-type=\"container\">\n\t\t\t\t\t<div class=\"e-con-inner\">\n\t\t<div class=\"elementor-element elementor-element-4def987 e-con-full e-flex e-con e-child\" data-id=\"4def987\" data-element_type=\"container\" data-e-type=\"container\">\n\t\t\t\t<div class=\"elementor-element elementor-element-837778d elementor-widget elementor-widget-image\" data-id=\"837778d\" data-element_type=\"widget\" data-e-type=\"widget\" data-widget_type=\"image.default\">\n\t\t\t\t<div class=\"elementor-widget-container\">\n\t\t\t\t\t\t\t\t\t\t\t\t\t\t\t<img decoding=\"async\" width=\"800\" height=\"800\" src=\"https:\/\/fruiturisme.info\/wp-content\/uploads\/hamani-picnic-single-1120x1120.jpeg\" class=\"attachment-large size-large wp-image-36798\" alt=\"Hamani Picnic\" srcset=\"https:\/\/fruiturisme.info\/wp-content\/uploads\/hamani-picnic-single-1120x1120.jpeg 1120w, https:\/\/fruiturisme.info\/wp-content\/uploads\/hamani-picnic-single-352x352.jpeg 352w, https:\/\/fruiturisme.info\/wp-content\/uploads\/hamani-picnic-single-160x160.jpeg 160w, https:\/\/fruiturisme.info\/wp-content\/uploads\/hamani-picnic-single-768x768.jpeg 768w, https:\/\/fruiturisme.info\/wp-content\/uploads\/hamani-picnic-single-300x300.jpeg 300w, https:\/\/fruiturisme.info\/wp-content\/uploads\/hamani-picnic-single-500x500.jpeg 500w, https:\/\/fruiturisme.info\/wp-content\/uploads\/hamani-picnic-single-1536x1536.jpeg 1536w, https:\/\/fruiturisme.info\/wp-content\/uploads\/hamani-picnic-single-12x12.jpeg 12w, https:\/\/fruiturisme.info\/wp-content\/uploads\/hamani-picnic-single-1320x1320.jpeg 1320w, https:\/\/fruiturisme.info\/wp-content\/uploads\/hamani-picnic-single-672x672.jpeg 672w, https:\/\/fruiturisme.info\/wp-content\/uploads\/hamani-picnic-single-900x900.jpeg 900w, https:\/\/fruiturisme.info\/wp-content\/uploads\/hamani-picnic-single-100x100.jpeg 100w, https:\/\/fruiturisme.info\/wp-content\/uploads\/hamani-picnic-single.jpeg 1600w\" sizes=\"(max-width: 800px) 100vw, 800px\" \/>\t\t\t\t\t\t\t\t\t\t\t\t\t\t\t<\/div>\n\t\t\t\t<\/div>\n\t\t\t\t<\/div>\n\t\t<div class=\"elementor-element elementor-element-0734958 e-con-full e-flex e-con e-child\" data-id=\"0734958\" data-element_type=\"container\" data-e-type=\"container\">\n\t\t\t\t<div class=\"elementor-element elementor-element-c89a9c6 elementor-widget elementor-widget-heading\" data-id=\"c89a9c6\" data-element_type=\"widget\" data-e-type=\"widget\" data-widget_type=\"heading.default\">\n\t\t\t\t<div class=\"elementor-widget-container\">\n\t\t\t\t\t<h2 class=\"elementor-heading-title elementor-size-default\">Picnic in the middle of a flower field<\/h2>\t\t\t\t<\/div>\n\t\t\t\t<\/div>\n\t\t\t\t<div class=\"elementor-element elementor-element-2370fc6 elementor-widget elementor-widget-text-editor\" data-id=\"2370fc6\" data-element_type=\"widget\" data-e-type=\"widget\" data-widget_type=\"text-editor.default\">\n\t\t\t\t<div class=\"elementor-widget-container\">\n\t\t\t\t\t\t\t\t\t<p>Hanami Picnic is an outdoor gastronomic experience that invites you to enjoy a picnic lunch among flowering trees.<\/p><p><strong>HANAMI PICNIC<\/strong><br \/>Enjoy an outdoor dining experience that combines local produce, nature, and the beauty of the blooming flowers. This package includes all the necessary tableware, food, and drinks, so you can enjoy a fantastic picnic in complete comfort and without any worries. Check out the available options and choose the one you like best.<\/p>\t\t\t\t\t\t\t\t<\/div>\n\t\t\t\t<\/div>\n\t\t<div class=\"elementor-element elementor-element-5a3166a e-con-full e-flex e-con e-child\" data-id=\"5a3166a\" data-element_type=\"container\" data-e-type=\"container\">\n\t\t\t\t<div class=\"elementor-element elementor-element-1e57391 elementor-align-center elementor-widget elementor-widget-button\" data-id=\"1e57391\" data-element_type=\"widget\" data-e-type=\"widget\" data-widget_type=\"button.default\">\n\t\t\t\t<div class=\"elementor-widget-container\">\n\t\t\t\t\t\t\t\t\t<div class=\"elementor-button-wrapper\">\n\t\t\t\t\t<a class=\"elementor-button elementor-button-link elementor-size-sm\" href=\"https:\/\/hanamipicnic.com\/\" target=\"_blank\" rel=\"noopener\">\n\t\t\t\t\t\t<span class=\"elementor-button-content-wrapper\">\n\t\t\t\t\t\t<span class=\"elementor-button-icon\">\n\t\t\t\t<i aria-hidden=\"true\" class=\"far fa-file-alt\"><\/i>\t\t\t<\/span>\n\t\t\t\t\t\t\t\t\t<span class=\"elementor-button-text\">More information and reservations<\/span>\n\t\t\t\t\t<\/span>\n\t\t\t\t\t<\/a>\n\t\t\t\t<\/div>\n\t\t\t\t\t\t\t\t<\/div>\n\t\t\t\t<\/div>\n\t\t\t\t<div class=\"elementor-element elementor-element-10be760 elementor-align-center elementor-widget elementor-widget-button\" data-id=\"10be760\" data-element_type=\"widget\" data-e-type=\"widget\" data-widget_type=\"button.default\">\n\t\t\t\t<div class=\"elementor-widget-container\">\n\t\t\t\t\t\t\t\t\t<div class=\"elementor-button-wrapper\">\n\t\t\t\t\t<a class=\"elementor-button elementor-button-link elementor-size-sm\" href=\"mailto:hola@hanamipicnic.com\">\n\t\t\t\t\t\t<span class=\"elementor-button-content-wrapper\">\n\t\t\t\t\t\t<span class=\"elementor-button-icon\">\n\t\t\t\t<i aria-hidden=\"true\" class=\"far fa-envelope\"><\/i>\t\t\t<\/span>\n\t\t\t\t\t\t\t\t\t<span class=\"elementor-button-text\">Consultations<\/span>\n\t\t\t\t\t<\/span>\n\t\t\t\t\t<\/a>\n\t\t\t\t<\/div>\n\t\t\t\t\t\t\t\t<\/div>\n\t\t\t\t<\/div>\n\t\t\t\t<\/div>\n\t\t\t\t<div class=\"elementor-element elementor-element-4f8aaf8 elementor-widget elementor-widget-image\" data-id=\"4f8aaf8\" data-element_type=\"widget\" data-e-type=\"widget\" data-widget_type=\"image.default\">\n\t\t\t\t<div class=\"elementor-widget-container\">\n\t\t\t\t\t\t\t\t\t\t\t\t\t\t\t<img decoding=\"async\" width=\"160\" height=\"160\" src=\"https:\/\/fruiturisme.info\/wp-content\/uploads\/hanami-160x160.png\" class=\"attachment-thumbnail size-thumbnail wp-image-36759\" alt=\"Hanami Picnic logo\" srcset=\"https:\/\/fruiturisme.info\/wp-content\/uploads\/hanami-160x160.png 160w, https:\/\/fruiturisme.info\/wp-content\/uploads\/hanami-352x352.png 352w, https:\/\/fruiturisme.info\/wp-content\/uploads\/hanami-300x300.png 300w, https:\/\/fruiturisme.info\/wp-content\/uploads\/hanami-12x12.png 12w, https:\/\/fruiturisme.info\/wp-content\/uploads\/hanami-100x100.png 100w, https:\/\/fruiturisme.info\/wp-content\/uploads\/hanami.png 500w\" sizes=\"(max-width: 160px) 100vw, 160px\" \/>\t\t\t\t\t\t\t\t\t\t\t\t\t\t\t<\/div>\n\t\t\t\t<\/div>\n\t\t\t\t<\/div>\n\t\t\t\t\t<\/div>\n\t\t\t\t<\/div>\n\t\t\t\t<\/div>","protected":false},"excerpt":{"rendered":"<p>FRUITURISME Picnic en medio de un campo florido Picnic en medio de un campo florido Hanami Picnic es una experiencia gastron\u00f3mica al aire libre que invita a disfrutar de un almuerzo de picnic entre \u00e1rboles en flor. HANAMI PICNICDisfruta de una experiencia gastron\u00f3mica al aire libre que combina productos locales, naturaleza y belleza de la [&hellip;]<\/p>","protected":false},"author":5,"featured_media":0,"parent":0,"menu_order":0,"comment_status":"closed","ping_status":"closed","template":"elementor_header_footer","meta":{"inline_featured_image":false,"footnotes":""},"class_list":["post-36756","page","type-page","status-publish","hentry"],"_links":{"self":[{"href":"https:\/\/fruiturisme.info\/en\/wp-json\/wp\/v2\/pages\/36756","targetHints":{"allow":["GET"]}}],"collection":[{"href":"https:\/\/fruiturisme.info\/en\/wp-json\/wp\/v2\/pages"}],"about":[{"href":"https:\/\/fruiturisme.info\/en\/wp-json\/wp\/v2\/types\/page"}],"author":[{"embeddable":true,"href":"https:\/\/fruiturisme.info\/en\/wp-json\/wp\/v2\/users\/5"}],"replies":[{"embeddable":true,"href":"https:\/\/fruiturisme.info\/en\/wp-json\/wp\/v2\/comments?post=36756"}],"version-history":[{"count":34,"href":"https:\/\/fruiturisme.info\/en\/wp-json\/wp\/v2\/pages\/36756\/revisions"}],"predecessor-version":[{"id":37237,"href":"https:\/\/fruiturisme.info\/en\/wp-json\/wp\/v2\/pages\/36756\/revisions\/37237"}],"wp:attachment":[{"href":"https:\/\/fruiturisme.info\/en\/wp-json\/wp\/v2\/media?parent=36756"}],"curies":[{"name":"wp","href":"https:\/\/api.w.org\/{rel}","templated":true}]}}