{"id":35538,"date":"2025-11-18T11:26:59","date_gmt":"2025-11-18T10:26:59","guid":{"rendered":"https:\/\/fruiturisme.info\/?page_id=35538"},"modified":"2026-03-02T10:09:35","modified_gmt":"2026-03-02T09:09:35","slug":"robert-capa","status":"publish","type":"page","link":"https:\/\/fruiturisme.info\/en\/robert-capa\/","title":{"rendered":"Robert Capa"},"content":{"rendered":"<div data-elementor-type=\"wp-page\" data-elementor-id=\"35538\" class=\"elementor elementor-35538\" data-elementor-post-type=\"page\">\n\t\t\t\t<div class=\"elementor-element elementor-element-b13ab28 e-flex e-con-boxed e-con e-parent\" data-id=\"b13ab28\" data-element_type=\"container\" data-e-type=\"container\">\n\t\t\t\t\t<div class=\"e-con-inner\">\n\t\t<div class=\"elementor-element elementor-element-16e6c57 e-grid e-con-full e-con e-child\" data-id=\"16e6c57\" data-element_type=\"container\" data-e-type=\"container\">\n\t\t<div class=\"elementor-element elementor-element-1d2b897 e-con-full e-flex e-con e-child\" data-id=\"1d2b897\" data-element_type=\"container\" data-e-type=\"container\">\n\t\t\t\t<div class=\"elementor-element elementor-element-d0005bb elementor-widget elementor-widget-heading\" data-id=\"d0005bb\" data-element_type=\"widget\" data-e-type=\"widget\" data-widget_type=\"heading.default\">\n\t\t\t\t<div class=\"elementor-widget-container\">\n\t\t\t\t\t<h2 class=\"elementor-heading-title elementor-size-default\">FRUIT TOURISM<\/h2>\t\t\t\t<\/div>\n\t\t\t\t<\/div>\n\t\t\t\t<div class=\"elementor-element elementor-element-a92658c elementor-widget elementor-widget-heading\" data-id=\"a92658c\" data-element_type=\"widget\" data-e-type=\"widget\" data-widget_type=\"heading.default\">\n\t\t\t\t<div class=\"elementor-widget-container\">\n\t\t\t\t\t<h1 class=\"elementor-heading-title elementor-size-default\">Route<br>Robert Capa<\/h1>\t\t\t\t<\/div>\n\t\t\t\t<\/div>\n\t\t\t\t<div class=\"elementor-element elementor-element-b01ffb9 elementor-widget elementor-widget-text-editor\" data-id=\"b01ffb9\" data-element_type=\"widget\" data-e-type=\"widget\" data-widget_type=\"text-editor.default\">\n\t\t\t\t<div class=\"elementor-widget-container\">\n\t\t\t\t\t\t\t\t\t<p>Route through the Republican offensive of November 1938, a walking tour that allows you to follow in the footsteps of the famous photographer when he documented the last attack of the Republican army in Catalonia.<\/p>\t\t\t\t\t\t\t\t<\/div>\n\t\t\t\t<\/div>\n\t\t\t\t<div class=\"elementor-element elementor-element-7dc182c elementor-widget-divider--view-line elementor-widget elementor-widget-divider\" data-id=\"7dc182c\" data-element_type=\"widget\" data-e-type=\"widget\" data-widget_type=\"divider.default\">\n\t\t\t\t<div class=\"elementor-widget-container\">\n\t\t\t\t\t\t\t<div class=\"elementor-divider\">\n\t\t\t<span class=\"elementor-divider-separator\">\n\t\t\t\t\t\t<\/span>\n\t\t<\/div>\n\t\t\t\t\t\t<\/div>\n\t\t\t\t<\/div>\n\t\t\t\t<\/div>\n\t\t<div class=\"elementor-element elementor-element-f0c5ec7 e-con-full e-flex e-con e-child\" data-id=\"f0c5ec7\" data-element_type=\"container\" data-e-type=\"container\">\n\t\t\t\t<div class=\"elementor-element elementor-element-894fc80 elementor-widget elementor-widget-image\" data-id=\"894fc80\" data-element_type=\"widget\" data-e-type=\"widget\" data-widget_type=\"image.default\">\n\t\t\t\t<div class=\"elementor-widget-container\">\n\t\t\t\t\t\t\t\t\t\t\t\t\t\t\t<img fetchpriority=\"high\" decoding=\"async\" width=\"776\" height=\"471\" src=\"https:\/\/fruiturisme.info\/wp-content\/uploads\/Robert-Capa.jpg\" class=\"attachment-large size-large wp-image-35542\" alt=\"\" srcset=\"https:\/\/fruiturisme.info\/wp-content\/uploads\/Robert-Capa.jpg 776w, https:\/\/fruiturisme.info\/wp-content\/uploads\/Robert-Capa-352x214.jpg 352w, https:\/\/fruiturisme.info\/wp-content\/uploads\/Robert-Capa-768x466.jpg 768w\" sizes=\"(max-width: 776px) 100vw, 776px\" \/>\t\t\t\t\t\t\t\t\t\t\t\t\t\t\t<\/div>\n\t\t\t\t<\/div>\n\t\t\t\t<\/div>\n\t\t\t\t<\/div>\n\t\t\t\t\t<\/div>\n\t\t\t\t<\/div>\n\t\t<div class=\"elementor-element elementor-element-a116e71 e-flex e-con-boxed e-con e-parent\" data-id=\"a116e71\" data-element_type=\"container\" data-e-type=\"container\">\n\t\t\t\t\t<div class=\"e-con-inner\">\n\t\t<div class=\"elementor-element elementor-element-b89e7be e-con-full elementor-hidden-mobile e-flex e-con e-child\" data-id=\"b89e7be\" data-element_type=\"container\" data-e-type=\"container\">\n\t\t\t\t<div class=\"elementor-element elementor-element-bfed4a7 elementor-widget elementor-widget-image\" data-id=\"bfed4a7\" data-element_type=\"widget\" data-e-type=\"widget\" data-widget_type=\"image.default\">\n\t\t\t\t<div class=\"elementor-widget-container\">\n\t\t\t\t\t\t\t\t\t\t\t\t\t\t\t<img decoding=\"async\" width=\"636\" height=\"685\" src=\"https:\/\/fruiturisme.info\/wp-content\/uploads\/Robert_Capa.webp\" class=\"attachment-large size-large wp-image-36254\" alt=\"\" srcset=\"https:\/\/fruiturisme.info\/wp-content\/uploads\/Robert_Capa.webp 636w, https:\/\/fruiturisme.info\/wp-content\/uploads\/Robert_Capa-352x379.webp 352w, https:\/\/fruiturisme.info\/wp-content\/uploads\/Robert_Capa-11x12.webp 11w\" sizes=\"(max-width: 636px) 100vw, 636px\" \/>\t\t\t\t\t\t\t\t\t\t\t\t\t\t\t<\/div>\n\t\t\t\t<\/div>\n\t\t\t\t<\/div>\n\t\t<div class=\"elementor-element elementor-element-c346e43 e-con-full e-flex e-con e-child\" data-id=\"c346e43\" data-element_type=\"container\" data-e-type=\"container\">\n\t\t\t\t<div class=\"elementor-element elementor-element-e2714fb elementor-widget elementor-widget-heading\" data-id=\"e2714fb\" data-element_type=\"widget\" data-e-type=\"widget\" data-widget_type=\"heading.default\">\n\t\t\t\t<div class=\"elementor-widget-container\">\n\t\t\t\t\t<h2 class=\"elementor-heading-title elementor-size-default\">WHO IS ROBERT CAPA?<\/h2>\t\t\t\t<\/div>\n\t\t\t\t<\/div>\n\t\t\t\t<div class=\"elementor-element elementor-element-a683c60 elementor-widget elementor-widget-text-editor\" data-id=\"a683c60\" data-element_type=\"widget\" data-e-type=\"widget\" data-widget_type=\"text-editor.default\">\n\t\t\t\t<div class=\"elementor-widget-container\">\n\t\t\t\t\t\t\t\t\t<p>The Hungarian Ern\u00f6 Friedmann was almost 25 years old when he produced a splendid report on the Republican army&#039;s attack on Aitona and the Serrabrisa area. He was already a daring war photographer who, over the years, would establish himself as the best.<\/p><p>He met the German Greta Pohorylle, also a press photographer, with whom he became a romantic and professional partner until her death in the battle of Brunete in 1937, already better known as Gerda Taro.<\/p><p>They both invented the character of Robert Capa to sign their work, a name that Ern\u00f6 kept until he died following French troops in Vietnam in 1954.<\/p>\t\t\t\t\t\t\t\t<\/div>\n\t\t\t\t<\/div>\n\t\t\t\t<\/div>\n\t\t\t\t\t<\/div>\n\t\t\t\t<\/div>\n\t\t<div class=\"elementor-element elementor-element-2e3bc3d e-con-full e-flex e-con e-parent\" data-id=\"2e3bc3d\" data-element_type=\"container\" data-e-type=\"container\">\n\t\t\t\t<div class=\"elementor-element elementor-element-b7d3fd0 elementor-widget-divider--view-line elementor-widget elementor-widget-divider\" data-id=\"b7d3fd0\" data-element_type=\"widget\" data-e-type=\"widget\" data-widget_type=\"divider.default\">\n\t\t\t\t<div class=\"elementor-widget-container\">\n\t\t\t\t\t\t\t<div class=\"elementor-divider\">\n\t\t\t<span class=\"elementor-divider-separator\">\n\t\t\t\t\t\t<\/span>\n\t\t<\/div>\n\t\t\t\t\t\t<\/div>\n\t\t\t\t<\/div>\n\t\t\t\t<\/div>\n\t\t<div class=\"elementor-element elementor-element-ff0cd8c e-flex e-con-boxed e-con e-parent\" data-id=\"ff0cd8c\" data-element_type=\"container\" data-e-type=\"container\" data-settings=\"{&quot;background_background&quot;:&quot;classic&quot;}\">\n\t\t\t\t\t<div class=\"e-con-inner\">\n\t\t<div class=\"elementor-element elementor-element-3f7e074 e-con-full e-flex e-con e-child\" data-id=\"3f7e074\" data-element_type=\"container\" data-e-type=\"container\">\n\t\t\t\t<div class=\"elementor-element elementor-element-53bdbb0 elementor-widget elementor-widget-heading\" data-id=\"53bdbb0\" data-element_type=\"widget\" data-e-type=\"widget\" data-widget_type=\"heading.default\">\n\t\t\t\t<div class=\"elementor-widget-container\">\n\t\t\t\t\t<h2 class=\"elementor-heading-title elementor-size-default\">Historical context:<br>The Republican offensive<\/h2>\t\t\t\t<\/div>\n\t\t\t\t<\/div>\n\t\t\t\t<div class=\"elementor-element elementor-element-5f077fc elementor-widget elementor-widget-text-editor\" data-id=\"5f077fc\" data-element_type=\"widget\" data-e-type=\"widget\" data-widget_type=\"text-editor.default\">\n\t\t\t\t<div class=\"elementor-widget-container\">\n\t\t\t\t\t\t\t\t\t<p>From November 7 to 22, 1938, the Republican army made a final war effort in Catalonia: an offensive that aimed to reach Fraga, place the front line in the Cinca, which had been in the Segre since April, or facilitate the withdrawal of the troops that had been fighting in the Ebro since the 2nd.<\/p><p>The surprise was total, crossing the river through Torres de Segre and Aitona, until establishing a front in 24 hours <br \/>of a bridge 4.5 km deep and 13 km long, which included the villages of Soses and Ser\u00f2s.<\/p><p>The swift reaction of the Francoists halted the attack, and the Republicans began a tough phase of resistance and gradual retreat that culminated fifteen days later with their return to their starting positions.<\/p>\t\t\t\t\t\t\t\t<\/div>\n\t\t\t\t<\/div>\n\t\t\t\t<\/div>\n\t\t<div class=\"elementor-element elementor-element-48cd3b1 e-con-full e-flex e-con e-child\" data-id=\"48cd3b1\" data-element_type=\"container\" data-e-type=\"container\">\n\t\t\t\t<div class=\"elementor-element elementor-element-f04e4f6 elementor-widget elementor-widget-image\" data-id=\"f04e4f6\" data-element_type=\"widget\" data-e-type=\"widget\" data-widget_type=\"image.default\">\n\t\t\t\t<div class=\"elementor-widget-container\">\n\t\t\t\t\t\t\t\t\t\t\t\t\t\t\t<img decoding=\"async\" width=\"550\" height=\"352\" src=\"https:\/\/fruiturisme.info\/wp-content\/uploads\/Robert-Capa3.jpg\" class=\"attachment-large size-large wp-image-35552\" alt=\"Robert Capa 3\" srcset=\"https:\/\/fruiturisme.info\/wp-content\/uploads\/Robert-Capa3.jpg 550w, https:\/\/fruiturisme.info\/wp-content\/uploads\/Robert-Capa3-352x225.jpg 352w\" sizes=\"(max-width: 550px) 100vw, 550px\" \/>\t\t\t\t\t\t\t\t\t\t\t\t\t\t\t<\/div>\n\t\t\t\t<\/div>\n\t\t\t\t<div class=\"elementor-element elementor-element-1c98fed elementor-widget elementor-widget-text-editor\" data-id=\"1c98fed\" data-element_type=\"widget\" data-e-type=\"widget\" data-widget_type=\"text-editor.default\">\n\t\t\t\t<div class=\"elementor-widget-container\">\n\t\t\t\t\t\t\t\t\t<p>On the 16th, the last of the &quot;red&quot; troops crossed the Ebro River after 115 days of intense fighting in the mountains near Gandesa. On December 23rd, the final attack on Catalonia by the &quot;national&quot; army began at the Ser\u00f2s bridgehead.<\/p>\t\t\t\t\t\t\t\t<\/div>\n\t\t\t\t<\/div>\n\t\t\t\t<\/div>\n\t\t\t\t\t<\/div>\n\t\t\t\t<\/div>\n\t\t<div class=\"elementor-element elementor-element-8d73023 e-con-full e-flex e-con e-parent\" data-id=\"8d73023\" data-element_type=\"container\" data-e-type=\"container\">\n\t\t\t\t<div class=\"elementor-element elementor-element-abe90f8 elementor-widget-divider--view-line elementor-widget elementor-widget-divider\" data-id=\"abe90f8\" data-element_type=\"widget\" data-e-type=\"widget\" data-widget_type=\"divider.default\">\n\t\t\t\t<div class=\"elementor-widget-container\">\n\t\t\t\t\t\t\t<div class=\"elementor-divider\">\n\t\t\t<span class=\"elementor-divider-separator\">\n\t\t\t\t\t\t<\/span>\n\t\t<\/div>\n\t\t\t\t\t\t<\/div>\n\t\t\t\t<\/div>\n\t\t\t\t<\/div>\n\t\t<div class=\"elementor-element elementor-element-5368a0d e-flex e-con-boxed e-con e-parent\" data-id=\"5368a0d\" data-element_type=\"container\" data-e-type=\"container\">\n\t\t\t\t\t<div class=\"e-con-inner\">\n\t\t\t\t<div class=\"elementor-element elementor-element-895ac49 elementor-widget elementor-widget-image\" data-id=\"895ac49\" data-element_type=\"widget\" data-e-type=\"widget\" data-widget_type=\"image.default\">\n\t\t\t\t<div class=\"elementor-widget-container\">\n\t\t\t\t\t\t\t\t\t\t\t\t\t\t\t\t<a href=\"https:\/\/fruiturisme.info\/wp-content\/uploads\/Ruta-Robert-Capa.jpg\" data-elementor-open-lightbox=\"yes\" data-elementor-lightbox-title=\"Ruta Robert Capa\" data-e-action-hash=\"#elementor-action%3Aaction%3Dlightbox%26settings%3DeyJpZCI6MzU1NTMsInVybCI6Imh0dHBzOlwvXC9mcnVpdHVyaXNtZS5pbmZvXC93cC1jb250ZW50XC91cGxvYWRzXC9SdXRhLVJvYmVydC1DYXBhLmpwZyJ9\">\n\t\t\t\t\t\t\t<img loading=\"lazy\" decoding=\"async\" width=\"1816\" height=\"1143\" src=\"https:\/\/fruiturisme.info\/wp-content\/uploads\/Ruta-Robert-Capa.jpg\" class=\"attachment-full size-full wp-image-35553\" alt=\"\" srcset=\"https:\/\/fruiturisme.info\/wp-content\/uploads\/Ruta-Robert-Capa.jpg 1816w, https:\/\/fruiturisme.info\/wp-content\/uploads\/Ruta-Robert-Capa-352x222.jpg 352w, https:\/\/fruiturisme.info\/wp-content\/uploads\/Ruta-Robert-Capa-1120x705.jpg 1120w, https:\/\/fruiturisme.info\/wp-content\/uploads\/Ruta-Robert-Capa-768x483.jpg 768w, https:\/\/fruiturisme.info\/wp-content\/uploads\/Ruta-Robert-Capa-1536x967.jpg 1536w, https:\/\/fruiturisme.info\/wp-content\/uploads\/Ruta-Robert-Capa-1320x831.jpg 1320w, https:\/\/fruiturisme.info\/wp-content\/uploads\/Ruta-Robert-Capa-900x566.jpg 900w\" sizes=\"(max-width: 1816px) 100vw, 1816px\" \/>\t\t\t\t\t\t\t\t<\/a>\n\t\t\t\t\t\t\t\t\t\t\t\t\t\t\t<\/div>\n\t\t\t\t<\/div>\n\t\t\t\t\t<\/div>\n\t\t\t\t<\/div>\n\t\t\t\t<\/div>","protected":false},"excerpt":{"rendered":"<p>FRUITURISME RutaRobert Capa Ruta por la ofensiva republicana de noviembre de 1938, un recorrido a pie que permite seguir los pasos del famoso fot\u00f3grafo cuando document\u00f3 el \u00faltimo ataque del ej\u00e9rcito republicano en Catalu\u00f1a. \u00bfQUI\u00c9N ES ROBERT CAPA? El h\u00fangaro Ern\u00f6 Friedmann ten\u00eda casi 25 a\u00f1os cuando realiz\u00f3 un espl\u00e9ndido reportaje del ataque del ej\u00e9rcito [&hellip;]<\/p>","protected":false},"author":5,"featured_media":0,"parent":0,"menu_order":0,"comment_status":"closed","ping_status":"closed","template":"elementor_header_footer","meta":{"inline_featured_image":false,"footnotes":""},"class_list":["post-35538","page","type-page","status-publish","hentry"],"_links":{"self":[{"href":"https:\/\/fruiturisme.info\/en\/wp-json\/wp\/v2\/pages\/35538","targetHints":{"allow":["GET"]}}],"collection":[{"href":"https:\/\/fruiturisme.info\/en\/wp-json\/wp\/v2\/pages"}],"about":[{"href":"https:\/\/fruiturisme.info\/en\/wp-json\/wp\/v2\/types\/page"}],"author":[{"embeddable":true,"href":"https:\/\/fruiturisme.info\/en\/wp-json\/wp\/v2\/users\/5"}],"replies":[{"embeddable":true,"href":"https:\/\/fruiturisme.info\/en\/wp-json\/wp\/v2\/comments?post=35538"}],"version-history":[{"count":37,"href":"https:\/\/fruiturisme.info\/en\/wp-json\/wp\/v2\/pages\/35538\/revisions"}],"predecessor-version":[{"id":40655,"href":"https:\/\/fruiturisme.info\/en\/wp-json\/wp\/v2\/pages\/35538\/revisions\/40655"}],"wp:attachment":[{"href":"https:\/\/fruiturisme.info\/en\/wp-json\/wp\/v2\/media?parent=35538"}],"curies":[{"name":"wp","href":"https:\/\/api.w.org\/{rel}","templated":true}]}}