{"id":10634,"date":"2023-02-04T18:38:08","date_gmt":"2023-02-04T17:38:08","guid":{"rendered":"https:\/\/fruiturisme.info\/?page_id=10634"},"modified":"2023-12-22T13:15:40","modified_gmt":"2023-12-22T12:15:40","slug":"cruilla-baix-segre","status":"publish","type":"page","link":"https:\/\/fruiturisme.info\/en\/cruilla-baix-segre\/","title":{"rendered":"Cru\u00eflla Baix Segre"},"content":{"rendered":"<p>On March 9, the first \u201cCru\u00eflla Baix Segre\u201d festival arrives in Aitona\u201d<\/p>\n\n\n\n<p>Stay Homas and Albert Pla will be the protagonists of the concert that will be held at the Camp de Futbol d&#039;Aitona<\/p>\n\n\n\n<p>I came to see the landscape, the gastronomy and the land at this Festa de la Floraci\u00f3<\/p>\n\n\n\n<p>                   More information:  <a href=\"https:\/\/concerts.cruillabarcelona.com\/ca\/cruilla-baix-segre\/\" target=\"_blank\" rel=\"noreferrer noopener\">https:\/\/concerts.cruillabarcelona.com\/ca\/cruilla-baix-segre\/<\/a><\/p>\n\n\n\n<figure class=\"wp-block-gallery has-nested-images columns-default is-cropped wp-block-gallery-1 is-layout-flex wp-block-gallery-is-layout-flex\">\n<figure class=\"wp-block-image aligncenter size-medium\"><img fetchpriority=\"high\" decoding=\"async\" width=\"352\" height=\"352\" data-id=\"21497\" src=\"https:\/\/fruiturisme.info\/wp-content\/uploads\/SBS24_Cartell_Aitona_Post-3-002-352x352.jpg\" alt=\"\" class=\"wp-image-21497\" srcset=\"https:\/\/fruiturisme.info\/wp-content\/uploads\/SBS24_Cartell_Aitona_Post-3-002-352x352.jpg 352w, https:\/\/fruiturisme.info\/wp-content\/uploads\/SBS24_Cartell_Aitona_Post-3-002-1120x1120.jpg 1120w, https:\/\/fruiturisme.info\/wp-content\/uploads\/SBS24_Cartell_Aitona_Post-3-002-160x160.jpg 160w, https:\/\/fruiturisme.info\/wp-content\/uploads\/SBS24_Cartell_Aitona_Post-3-002-768x768.jpg 768w, https:\/\/fruiturisme.info\/wp-content\/uploads\/SBS24_Cartell_Aitona_Post-3-002-672x672.jpg 672w, https:\/\/fruiturisme.info\/wp-content\/uploads\/SBS24_Cartell_Aitona_Post-3-002-900x900.jpg 900w, https:\/\/fruiturisme.info\/wp-content\/uploads\/SBS24_Cartell_Aitona_Post-3-002-100x100.jpg 100w, https:\/\/fruiturisme.info\/wp-content\/uploads\/SBS24_Cartell_Aitona_Post-3-002.jpg 1200w\" sizes=\"(max-width: 352px) 100vw, 352px\" \/><\/figure>\n\n\n\n<figure class=\"wp-block-image size-medium\"><img decoding=\"async\" width=\"352\" height=\"352\" data-id=\"21510\" src=\"https:\/\/fruiturisme.info\/wp-content\/uploads\/SBS24_Presentacio_01-002-1-352x352.jpg\" alt=\"\" class=\"wp-image-21510\" srcset=\"https:\/\/fruiturisme.info\/wp-content\/uploads\/SBS24_Presentacio_01-002-1-352x352.jpg 352w, https:\/\/fruiturisme.info\/wp-content\/uploads\/SBS24_Presentacio_01-002-1-1120x1120.jpg 1120w, https:\/\/fruiturisme.info\/wp-content\/uploads\/SBS24_Presentacio_01-002-1-160x160.jpg 160w, https:\/\/fruiturisme.info\/wp-content\/uploads\/SBS24_Presentacio_01-002-1-768x768.jpg 768w, https:\/\/fruiturisme.info\/wp-content\/uploads\/SBS24_Presentacio_01-002-1-672x672.jpg 672w, https:\/\/fruiturisme.info\/wp-content\/uploads\/SBS24_Presentacio_01-002-1-900x900.jpg 900w, https:\/\/fruiturisme.info\/wp-content\/uploads\/SBS24_Presentacio_01-002-1-100x100.jpg 100w, https:\/\/fruiturisme.info\/wp-content\/uploads\/SBS24_Presentacio_01-002-1.jpg 1200w\" sizes=\"(max-width: 352px) 100vw, 352px\" \/><\/figure>\n\n\n\n<figure class=\"wp-block-image size-medium\"><img decoding=\"async\" width=\"352\" height=\"352\" data-id=\"21508\" src=\"https:\/\/fruiturisme.info\/wp-content\/uploads\/SBS24_AlbertPla_Post-2-002-1-352x352.jpg\" alt=\"\" class=\"wp-image-21508\" srcset=\"https:\/\/fruiturisme.info\/wp-content\/uploads\/SBS24_AlbertPla_Post-2-002-1-352x352.jpg 352w, https:\/\/fruiturisme.info\/wp-content\/uploads\/SBS24_AlbertPla_Post-2-002-1-1120x1120.jpg 1120w, https:\/\/fruiturisme.info\/wp-content\/uploads\/SBS24_AlbertPla_Post-2-002-1-160x160.jpg 160w, https:\/\/fruiturisme.info\/wp-content\/uploads\/SBS24_AlbertPla_Post-2-002-1-768x768.jpg 768w, https:\/\/fruiturisme.info\/wp-content\/uploads\/SBS24_AlbertPla_Post-2-002-1-672x672.jpg 672w, https:\/\/fruiturisme.info\/wp-content\/uploads\/SBS24_AlbertPla_Post-2-002-1-900x900.jpg 900w, https:\/\/fruiturisme.info\/wp-content\/uploads\/SBS24_AlbertPla_Post-2-002-1-100x100.jpg 100w, https:\/\/fruiturisme.info\/wp-content\/uploads\/SBS24_AlbertPla_Post-2-002-1.jpg 1200w\" sizes=\"(max-width: 352px) 100vw, 352px\" \/><\/figure>\n\n\n\n<figure class=\"wp-block-image aligncenter size-medium\"><img loading=\"lazy\" decoding=\"async\" width=\"352\" height=\"352\" data-id=\"21500\" src=\"https:\/\/fruiturisme.info\/wp-content\/uploads\/SBS24_StayHomas_Post-1-002-352x352.jpg\" alt=\"\" class=\"wp-image-21500\" srcset=\"https:\/\/fruiturisme.info\/wp-content\/uploads\/SBS24_StayHomas_Post-1-002-352x352.jpg 352w, https:\/\/fruiturisme.info\/wp-content\/uploads\/SBS24_StayHomas_Post-1-002-1120x1120.jpg 1120w, https:\/\/fruiturisme.info\/wp-content\/uploads\/SBS24_StayHomas_Post-1-002-160x160.jpg 160w, https:\/\/fruiturisme.info\/wp-content\/uploads\/SBS24_StayHomas_Post-1-002-768x768.jpg 768w, https:\/\/fruiturisme.info\/wp-content\/uploads\/SBS24_StayHomas_Post-1-002-672x672.jpg 672w, https:\/\/fruiturisme.info\/wp-content\/uploads\/SBS24_StayHomas_Post-1-002-900x900.jpg 900w, https:\/\/fruiturisme.info\/wp-content\/uploads\/SBS24_StayHomas_Post-1-002-100x100.jpg 100w, https:\/\/fruiturisme.info\/wp-content\/uploads\/SBS24_StayHomas_Post-1-002.jpg 1200w\" sizes=\"(max-width: 352px) 100vw, 352px\" \/><\/figure>\n<\/figure>","protected":false},"excerpt":{"rendered":"<p>El dia 9 de mar\u00e7 arriba a Aitona el primer festival &#8220;Cru\u00eflla Baix Segre&#8221; Stay Homas i Albert Pla seran els protagonistes al concert que es far\u00e0 al Camp de Futbol d&#8217;Aitona Vine a gaudir del paisatge, la gastronomia i la terra en aquesta Festa de la Floraci\u00f3 M\u00e9s informaci\u00f3: https:\/\/concerts.cruillabarcelona.com\/ca\/cruilla-baix-segre\/<\/p>","protected":false},"author":5,"featured_media":0,"parent":0,"menu_order":0,"comment_status":"closed","ping_status":"closed","template":"","meta":{"inline_featured_image":false,"footnotes":""},"class_list":["post-10634","page","type-page","status-publish","hentry"],"_links":{"self":[{"href":"https:\/\/fruiturisme.info\/en\/wp-json\/wp\/v2\/pages\/10634","targetHints":{"allow":["GET"]}}],"collection":[{"href":"https:\/\/fruiturisme.info\/en\/wp-json\/wp\/v2\/pages"}],"about":[{"href":"https:\/\/fruiturisme.info\/en\/wp-json\/wp\/v2\/types\/page"}],"author":[{"embeddable":true,"href":"https:\/\/fruiturisme.info\/en\/wp-json\/wp\/v2\/users\/5"}],"replies":[{"embeddable":true,"href":"https:\/\/fruiturisme.info\/en\/wp-json\/wp\/v2\/comments?post=10634"}],"version-history":[{"count":9,"href":"https:\/\/fruiturisme.info\/en\/wp-json\/wp\/v2\/pages\/10634\/revisions"}],"predecessor-version":[{"id":21514,"href":"https:\/\/fruiturisme.info\/en\/wp-json\/wp\/v2\/pages\/10634\/revisions\/21514"}],"wp:attachment":[{"href":"https:\/\/fruiturisme.info\/en\/wp-json\/wp\/v2\/media?parent=10634"}],"curies":[{"name":"wp","href":"https:\/\/api.w.org\/{rel}","templated":true}]}}