{"id":9506,"date":"2022-05-02T18:17:07","date_gmt":"2022-05-02T16:17:07","guid":{"rendered":"https:\/\/fruiturisme.info\/?post_type=product&#038;p=9506"},"modified":"2026-03-06T10:32:16","modified_gmt":"2026-03-06T09:32:16","slug":"apadrina","status":"publish","type":"product","link":"https:\/\/fruiturisme.info\/ca\/reserva-la-teva-experiencia-3\/apadrina\/","title":{"rendered":"Pack Collita"},"content":{"rendered":"<p><strong>Apadrina un arbre a Aitona<\/strong><\/p>\n<p>Connecta amb la terra, viu la floraci\u00f3 i assaboreix la fruita m\u00e9s dol\u00e7a del m\u00f3n.<\/p>\n<p><strong>El teu propi arbre a Aitona<\/strong><\/p>\n<p>En apadrinar un arbre fruiter, no nom\u00e9s compres fruita; et converteixes en part de la fam\u00edlia Fruiturisme. Doneu suport a l&#039;agricultura local d&#039;Aitona, protegiu el paisatge del \u201cmar rosa\u201d i garantiu una collita fresca, directa del camp a la vostra taula.<\/p>\n<p><strong>El cicle de la vida<\/strong><\/p>\n<ol>\n<li><strong>Apadrina:<\/strong> Trieu la vostra varietat preferida. T&#039;assignarem un arbre amb el teu nom i rebr\u00e0s un certificat oficial d&#039;apadrinament.<\/li>\n<li><strong>Visita:<\/strong> Vine a Aitona durant la floraci\u00f3 m\u00e0gica oa l&#039;estiu. El teu arbre t?espera. Segueix la seva evoluci\u00f3 mes a mes per veure com evoluciona.<\/li>\n<li><strong>Assaboreix:<\/strong> Quan la fruita estigui al punt exacte de maduraci\u00f3, t&#039;enviarem la collita (o vindr\u00e0s a recollir-la) plena de sabor.<\/li>\n<\/ol>\n<p>&nbsp;<\/p>\n<p><strong>Qu\u00e8 inclou el Pack Collita?<\/strong><\/p>\n<ul>\n<li>Dret a 8kg de la varietat escollida.<\/li>\n<li>Certificat digital d&#039;apadrinament.<\/li>\n<li>Recollida al camp (Experi\u00e8ncia Farmer).<\/li>\n<li>Esmorzar de pag\u00e8s per a dues persones<\/li>\n<\/ul>","protected":false},"excerpt":{"rendered":"<p><strong>Apadrina un arbre a Aitona<\/strong><\/p>\n<p>Connecta amb la terra, viu la floraci\u00f3 i assaboreix la fruita m\u00e9s dol\u00e7a del m\u00f3n.<\/p>\n<p><strong>Qu\u00e8 inclou el Pack Collita?<\/strong><\/p>\n<ul>\n<li>Dret a 8kg de la varietat escollida.<\/li>\n<li>Certificat digital d&#039;apadrinament.<\/li>\n<li>Recollida al camp (Experi\u00e8ncia Farmer).<\/li>\n<li>Esmorzar de pag\u00e8s per a dues persones<\/li>\n<\/ul>","protected":false},"featured_media":36016,"comment_status":"closed","ping_status":"closed","template":"","meta":{"inline_featured_image":false},"product_brand":[],"product_cat":[261],"product_tag":[],"class_list":{"0":"post-9506","1":"product","2":"type-product","3":"status-publish","4":"has-post-thumbnail","6":"product_cat-apadrina-un-arbol","8":"first","9":"instock","10":"virtual","11":"purchasable","12":"product-type-simple"},"group_of_quantity":0,"min_quantity":0,"max_quantity":10,"exclude_order_quantity_value_rules":"no","exclude_category_quantity_rules":"no","combine_variations":"no","_links":{"self":[{"href":"https:\/\/fruiturisme.info\/ca\/wp-json\/wp\/v2\/product\/9506","targetHints":{"allow":["GET"]}}],"collection":[{"href":"https:\/\/fruiturisme.info\/ca\/wp-json\/wp\/v2\/product"}],"about":[{"href":"https:\/\/fruiturisme.info\/ca\/wp-json\/wp\/v2\/types\/product"}],"replies":[{"embeddable":true,"href":"https:\/\/fruiturisme.info\/ca\/wp-json\/wp\/v2\/comments?post=9506"}],"wp:featuredmedia":[{"embeddable":true,"href":"https:\/\/fruiturisme.info\/ca\/wp-json\/wp\/v2\/media\/36016"}],"wp:attachment":[{"href":"https:\/\/fruiturisme.info\/ca\/wp-json\/wp\/v2\/media?parent=9506"}],"wp:term":[{"taxonomy":"product_brand","embeddable":true,"href":"https:\/\/fruiturisme.info\/ca\/wp-json\/wp\/v2\/product_brand?post=9506"},{"taxonomy":"product_cat","embeddable":true,"href":"https:\/\/fruiturisme.info\/ca\/wp-json\/wp\/v2\/product_cat?post=9506"},{"taxonomy":"product_tag","embeddable":true,"href":"https:\/\/fruiturisme.info\/ca\/wp-json\/wp\/v2\/product_tag?post=9506"}],"curies":[{"name":"wp","href":"https:\/\/api.w.org\/{rel}","templated":true}]}}