{"id":9823,"date":"2022-06-09T10:23:42","date_gmt":"2022-06-09T08:23:42","guid":{"rendered":"https:\/\/fruiturisme.info\/?page_id=9823"},"modified":"2022-09-07T09:00:58","modified_gmt":"2022-09-07T07:00:58","slug":"cookies-policy","status":"publish","type":"page","link":"https:\/\/fruiturisme.info\/ca\/cookies-policy\/","title":{"rendered":"Cookies policy"},"content":{"rendered":"<p>We informed you that for good functioning of the website &nbsp;<a href=\"http:\/\/www.xxxx.es\" target=\"_blank\" rel=\"noopener\">www.<\/a>fruiturisme.info el sistema de cerca uses una data per navegar (\u201cCookies\u201d) per ordenar que ofereixi a m\u00e9s specialized service a les seves persones. Les galetes (cookies) inclouen texts de text m\u00e9s baixos que tots els navegadors de l&#039;usuari inclouen llocs web i aplicacions. Heu de recollir l&#039;IP address que el vostre ordinador permet connectar-vos a la p\u00e0gina web, l&#039;URL de la p\u00e0gina web requesta a l&#039;hora de connectar el lloc i altres par\u00e0metres relatats a l&#039;operating system of user&#039;s computer environment. Aquesta informaci\u00f3 \u00e9s nom\u00e9s col\u00b7lecter en ordre per identificar la sessi\u00f3 amb el suport de facilitats de webs analysis.<\/p>\n\n\n\n<p>Ajuntament d&#039;Aitona in its web uses \u201ccookies\u201d from third parties:<\/p>\n\n\n\n<ul class=\"wp-block-list\"><li>Analytics Cookies: us permetr\u00e0 quantificar el nombre d&#039;usuaris a ordenar la provisi\u00f3 de l&#039;statistical service services de la web. Per a que els search h\u00e1bits siguin analyses per improvar les nostres produccions i serveis. Google, Inc. mitjan\u00e7ant Google Analytics recull informaci\u00f3 sobre la vostra ordinador per obtenir informaci\u00f3 sobre la seva activitat en el lloc web; store la recollida d&#039;informaci\u00f3 de les \u201ccookies\u201d en els seus servers ubicats al United States, existeixen international data transfer, i consequently, acceptant through the acceptance of the type of cookies.<\/li><\/ul>\n\n\n\n<p>Anys cas, en el moment de la col\u00b7lecci\u00f3 personal data com a IP address this data will be processed pod responsibility of Ajuntament d&#039;Aitona. purpose this processing \u00e9s la gesti\u00f3 i control social networks well as the information extract from the user&#039;s activity on the website. Aquest data s&#039;ha de transferir al&#039;Ajuntament d&#039;Aitona que mana la galetes i s&#039;ha de carregar a l&#039;establiment de les empreses. Aquesta data es pot transferir a les 3 countries ia m\u00e9s a m\u00e9s informaci\u00f3 per accedir a les seves galetes policies mitjan\u00e7ant following link: <a href=\"https:\/\/policies.google.com\/privacy?hl=es\" target=\"_blank\" rel=\"noopener\">https:\/\/policies.google.com\/privacy?hl=es<\/a><\/p>\n\n\n\n<p>Per determinar el current Personal Data Regulation, vost\u00e8 ha de comunicar que es pot exercir l&#039;acc\u00e9s, rectificaci\u00f3, erasure (right to be forgotten) and restriction of processing. Aquest request s&#039;ha de donar al C\/ Major 6, 25182 Aitona (Lleida) or by sending a email to frui<a href=\"mailto:turisme@ajuntamentaitona.cat\">turisme@ajuntamentaitona.cat<\/a>.<\/p>\n\n\n\n<p>Vost\u00e8 pot als file complaint with the Catalan Data Protection Authority or contact the Data Protection Officer in <a href=\"mailto:dpd@ajuntamentaitona.cat\">dpd@ajuntamentaitona.cat<\/a>.<\/p>\n\n\n\n<p>We informed you that Google, could transfer this information to third parties when the law requeriments to do or when this third parties process information on behalf of Google. Google no s&#039;associa a l&#039;IP address per a usuaris per any other data que aquesta t\u00e9 i, per a aquesta reason, will be totally done it anonymously.<\/p>\n\n\n\n<p>Per rejectar or delete this \u201ccookie\u201d you can check the following addresses:<\/p>\n\n\n\n<p><a href=\"http:\/\/www.google.com\/intl\/ca\/policies\/privacy\/\" target=\"_blank\" rel=\"noopener\">http:\/\/www.google.com\/intl\/ca\/policies\/privacy\/<\/a><\/p>\n\n\n\n<p><a href=\"http:\/\/www.google.com\/intl\/en\/privacypolicy.html\" target=\"_blank\" rel=\"noopener\">http:\/\/www.google.com\/intl\/en\/privacypolicy.html<\/a><\/p>\n\n\n\n<p><strong>BLOCKING COOKIES<\/strong><\/p>\n\n\n\n<p>In any case, els usuaris poden enable la opci\u00f3 de la seva versi\u00f3 o el seu instrument de browser in ordre per prohibir la instal\u00b7laci\u00f3 de galetes;<\/p>\n\n\n\n<p>&nbsp;Ajuntament d&#039;Aitona no es pot respondre a incorrectament functioning of some website because of disabling of cookies.<\/p>\n\n\n\n<p>In the following links you can find instructions that will help you with the settings of the main browsers<\/p>\n\n\n\n<p>Internet Explorer:<\/p>\n\n\n\n<figure class=\"wp-block-embed\"><div class=\"wp-block-embed__wrapper\">\nhttps:\/\/support.microsoft.com\/en-us\/help\/17442\/windows-internet-explorer-delete-manage-cookies\n<\/div><\/figure>\n\n\n\n<p>Google Chrome:<\/p>\n\n\n\n<figure class=\"wp-block-embed\"><div class=\"wp-block-embed__wrapper\">\nhttps:\/\/support.google.com\/chrome\/answer\/95647?hl=en\n<\/div><\/figure>\n\n\n\n<p>Mozilla Firefox:<\/p>\n\n\n\n<figure class=\"wp-block-embed\"><div class=\"wp-block-embed__wrapper\">\nhttps:\/\/www.mozilla.org\/en-US\/privacy\/websites\/#cookies\n<\/div><\/figure>\n\n\n\n<p>Safari:<\/p>\n\n\n\n<figure class=\"wp-block-embed\"><div class=\"wp-block-embed__wrapper\">\nhttps:\/\/support.apple.com\/kb\/ph21411?locale=en_US\n<\/div><\/figure>\n\n\n\n<p>Safari per a IOS (Iphone, IPad):<\/p>\n\n\n\n<figure class=\"wp-block-embed\"><div class=\"wp-block-embed__wrapper\">\nhttps:\/\/support.apple.com\/en-us\/HT201265\n<\/div><\/figure>\n\n\n\n<p>Chrome per a Android:<\/p>\n\n\n\n<figure class=\"wp-block-embed\"><div class=\"wp-block-embed__wrapper\">\nhttps:\/\/support.google.com\/chrome\/answer\/2392971?hl=en\n<\/div><\/figure>\n\n\n\n<p>If you would like to get more information about the cookies i the way to disable them depending on your browser system you can check the following links <a href=\"http:\/\/www.aboutcookies.org\/\" target=\"_blank\" rel=\"noopener\">www.aboutcookies.org<\/a> and <a href=\"http:\/\/www.aboutcookies.org\/Default.aspx?page=1\" target=\"_blank\" rel=\"noopener\">http:\/\/www.aboutcookies.org\/Default.aspx?page=1<\/a><\/p>\n\n\n\n<p>En cas de no t&#039;ofereix, has explainat de l&#039;Ajuntament d&#039;Aitona per a utilitzar les galetes sense paraula que no es disable les galetes impliques i has given your consent per processing your data for Google in specified way explained previously for the.<\/p>\n\n\n\n<p>En cas de dubte o any en altres comentaris, heu de contactar l&#039;Ajuntament d&#039;Aitona mitjan\u00e7ant el servei de servei de canal o per correu electr\u00f2nic a frui<a href=\"mailto:turisme@ajuntamentaitona.cat\">turisme@ajuntamentaitona.cat<\/a>.<\/p>","protected":false},"excerpt":{"rendered":"<p>We informed you that for a good functioning of the website &nbsp;www.fruiturisme.info &nbsp;&nbsp;the browser system uses some data for browsing (\u201cCookies\u201d) in order to offer you a more specialized service to its users. The cookies are small text files that all browsers store when you navigate on websites and apps. You can collect the IP [&hellip;]<\/p>","protected":false},"author":5,"featured_media":0,"parent":0,"menu_order":0,"comment_status":"closed","ping_status":"closed","template":"","meta":{"inline_featured_image":false,"footnotes":""},"class_list":["post-9823","page","type-page","status-publish","hentry"],"_links":{"self":[{"href":"https:\/\/fruiturisme.info\/ca\/wp-json\/wp\/v2\/pages\/9823","targetHints":{"allow":["GET"]}}],"collection":[{"href":"https:\/\/fruiturisme.info\/ca\/wp-json\/wp\/v2\/pages"}],"about":[{"href":"https:\/\/fruiturisme.info\/ca\/wp-json\/wp\/v2\/types\/page"}],"author":[{"embeddable":true,"href":"https:\/\/fruiturisme.info\/ca\/wp-json\/wp\/v2\/users\/5"}],"replies":[{"embeddable":true,"href":"https:\/\/fruiturisme.info\/ca\/wp-json\/wp\/v2\/comments?post=9823"}],"version-history":[{"count":3,"href":"https:\/\/fruiturisme.info\/ca\/wp-json\/wp\/v2\/pages\/9823\/revisions"}],"predecessor-version":[{"id":10327,"href":"https:\/\/fruiturisme.info\/ca\/wp-json\/wp\/v2\/pages\/9823\/revisions\/10327"}],"wp:attachment":[{"href":"https:\/\/fruiturisme.info\/ca\/wp-json\/wp\/v2\/media?parent=9823"}],"curies":[{"name":"wp","href":"https:\/\/api.w.org\/{rel}","templated":true}]}}