{"id":9222,"date":"2022-03-29T12:10:52","date_gmt":"2022-03-29T10:10:52","guid":{"rendered":"https:\/\/fruiturisme.info\/?page_id=9222"},"modified":"2022-03-29T14:33:46","modified_gmt":"2022-03-29T12:33:46","slug":"itineraires-a-vel","status":"publish","type":"page","link":"https:\/\/fruiturisme.info\/ca\/catalogue-dexperiences\/itineraires-a-vel\/","title":{"rendered":"Itineraris \u00e0 v\u00e9lo"},"content":{"rendered":"<p><strong>Gaudeix pedalant la floraci\u00f3 dels camps aitonencs!<\/strong><\/p>\n\n\n\n<p><\/p>","protected":false},"excerpt":{"rendered":"<p>Gaudeix pedalant la floraci\u00f3 dels camps aitonencs!<\/p>","protected":false},"author":5,"featured_media":435,"parent":9206,"menu_order":0,"comment_status":"closed","ping_status":"closed","template":"template-experience-template2.php","meta":{"inline_featured_image":false,"footnotes":""},"class_list":["post-9222","page","type-page","status-publish","has-post-thumbnail","hentry"],"_links":{"self":[{"href":"https:\/\/fruiturisme.info\/ca\/wp-json\/wp\/v2\/pages\/9222","targetHints":{"allow":["GET"]}}],"collection":[{"href":"https:\/\/fruiturisme.info\/ca\/wp-json\/wp\/v2\/pages"}],"about":[{"href":"https:\/\/fruiturisme.info\/ca\/wp-json\/wp\/v2\/types\/page"}],"author":[{"embeddable":true,"href":"https:\/\/fruiturisme.info\/ca\/wp-json\/wp\/v2\/users\/5"}],"replies":[{"embeddable":true,"href":"https:\/\/fruiturisme.info\/ca\/wp-json\/wp\/v2\/comments?post=9222"}],"version-history":[{"count":3,"href":"https:\/\/fruiturisme.info\/ca\/wp-json\/wp\/v2\/pages\/9222\/revisions"}],"predecessor-version":[{"id":9386,"href":"https:\/\/fruiturisme.info\/ca\/wp-json\/wp\/v2\/pages\/9222\/revisions\/9386"}],"up":[{"embeddable":true,"href":"https:\/\/fruiturisme.info\/ca\/wp-json\/wp\/v2\/pages\/9206"}],"wp:featuredmedia":[{"embeddable":true,"href":"https:\/\/fruiturisme.info\/ca\/wp-json\/wp\/v2\/media\/435"}],"wp:attachment":[{"href":"https:\/\/fruiturisme.info\/ca\/wp-json\/wp\/v2\/media?parent=9222"}],"curies":[{"name":"wp","href":"https:\/\/api.w.org\/{rel}","templated":true}]}}