{"id":38145,"date":"2026-02-17T17:31:46","date_gmt":"2026-02-17T16:31:46","guid":{"rendered":"https:\/\/fruiturisme.info\/?page_id=38145"},"modified":"2026-03-03T12:19:18","modified_gmt":"2026-03-03T11:19:18","slug":"mar-blanc-mes-llaurat","status":"publish","type":"page","link":"https:\/\/fruiturisme.info\/ca\/mar-blanc-mes-llaurat\/","title":{"rendered":"Mar blanc Mas Llaurad\u00f3"},"content":{"rendered":"<div data-elementor-type=\"wp-page\" data-elementor-id=\"38145\" class=\"elementor elementor-38145\" data-elementor-post-type=\"page\">\n\t\t\t\t<div class=\"elementor-element elementor-element-36494c1 e-flex e-con-boxed e-con e-parent\" data-id=\"36494c1\" data-element_type=\"container\" data-e-type=\"container\" data-settings=\"{&quot;background_background&quot;:&quot;classic&quot;}\">\n\t\t\t\t\t<div class=\"e-con-inner\">\n\t\t<div class=\"elementor-element elementor-element-1a35607 e-grid e-con-full e-con e-child\" data-id=\"1a35607\" data-element_type=\"container\" data-e-type=\"container\" data-settings=\"{&quot;background_background&quot;:&quot;classic&quot;}\">\n\t\t<div class=\"elementor-element elementor-element-054939b e-con-full e-flex e-con e-child\" data-id=\"054939b\" data-element_type=\"container\" data-e-type=\"container\">\n\t\t\t\t<div class=\"elementor-element elementor-element-c67f00b elementor-widget elementor-widget-heading\" data-id=\"c67f00b\" data-element_type=\"widget\" data-e-type=\"widget\" data-widget_type=\"heading.default\">\n\t\t\t\t<div class=\"elementor-widget-container\">\n\t\t\t\t\t<h2 class=\"elementor-heading-title elementor-size-default\">FRU\u00cfTURISME<\/h2>\t\t\t\t<\/div>\n\t\t\t\t<\/div>\n\t\t\t\t<div class=\"elementor-element elementor-element-574bb1a elementor-widget elementor-widget-heading\" data-id=\"574bb1a\" data-element_type=\"widget\" data-e-type=\"widget\" data-widget_type=\"heading.default\">\n\t\t\t\t<div class=\"elementor-widget-container\">\n\t\t\t\t\t<h1 class=\"elementor-heading-title elementor-size-default\">Mar blanc Mas Llaurad\u00f3<\/h1>\t\t\t\t<\/div>\n\t\t\t\t<\/div>\n\t\t\t\t<div class=\"elementor-element elementor-element-ac0be64 elementor-widget-divider--view-line elementor-widget elementor-widget-divider\" data-id=\"ac0be64\" data-element_type=\"widget\" data-e-type=\"widget\" data-widget_type=\"divider.default\">\n\t\t\t\t<div class=\"elementor-widget-container\">\n\t\t\t\t\t\t\t<div class=\"elementor-divider\">\n\t\t\t<span class=\"elementor-divider-separator\">\n\t\t\t\t\t\t<\/span>\n\t\t<\/div>\n\t\t\t\t\t\t<\/div>\n\t\t\t\t<\/div>\n\t\t\t\t<div class=\"elementor-element elementor-element-19e9f5c elementor-align-center elementor-widget elementor-widget-button\" data-id=\"19e9f5c\" data-element_type=\"widget\" data-e-type=\"widget\" data-widget_type=\"button.default\">\n\t\t\t\t<div class=\"elementor-widget-container\">\n\t\t\t\t\t\t\t\t\t<div class=\"elementor-button-wrapper\">\n\t\t\t\t\t<a class=\"elementor-button elementor-button-link elementor-size-sm\" href=\"#reserva-vermut\">\n\t\t\t\t\t\t<span class=\"elementor-button-content-wrapper\">\n\t\t\t\t\t\t<span class=\"elementor-button-icon\">\n\t\t\t\t<i aria-hidden=\"true\" class=\"fas fa-arrow-alt-circle-right\"><\/i>\t\t\t<\/span>\n\t\t\t\t\t\t\t\t\t<span class=\"elementor-button-text\">Reservar<\/span>\n\t\t\t\t\t<\/span>\n\t\t\t\t\t<\/a>\n\t\t\t\t<\/div>\n\t\t\t\t\t\t\t\t<\/div>\n\t\t\t\t<\/div>\n\t\t\t\t<\/div>\n\t\t<div class=\"elementor-element elementor-element-71ffe0d e-con-full e-flex e-con e-child\" data-id=\"71ffe0d\" data-element_type=\"container\" data-e-type=\"container\">\n\t\t\t\t<div class=\"elementor-element elementor-element-d6a2d19 elementor-widget elementor-widget-image\" data-id=\"d6a2d19\" data-element_type=\"widget\" data-e-type=\"widget\" data-widget_type=\"image.default\">\n\t\t\t\t<div class=\"elementor-widget-container\">\n\t\t\t\t\t\t\t\t\t\t\t\t\t\t\t<img fetchpriority=\"high\" decoding=\"async\" width=\"457\" height=\"457\" src=\"https:\/\/fruiturisme.info\/wp-content\/uploads\/experiencia-estacional-1.webp\" class=\"attachment-large size-large wp-image-36409\" alt=\"\" srcset=\"https:\/\/fruiturisme.info\/wp-content\/uploads\/experiencia-estacional-1.webp 457w, https:\/\/fruiturisme.info\/wp-content\/uploads\/experiencia-estacional-1-352x352.webp 352w, https:\/\/fruiturisme.info\/wp-content\/uploads\/experiencia-estacional-1-160x160.webp 160w, https:\/\/fruiturisme.info\/wp-content\/uploads\/experiencia-estacional-1-300x300.webp 300w, https:\/\/fruiturisme.info\/wp-content\/uploads\/experiencia-estacional-1-12x12.webp 12w, https:\/\/fruiturisme.info\/wp-content\/uploads\/experiencia-estacional-1-100x100.webp 100w\" sizes=\"(max-width: 457px) 100vw, 457px\" \/>\t\t\t\t\t\t\t\t\t\t\t\t\t\t\t<\/div>\n\t\t\t\t<\/div>\n\t\t\t\t<\/div>\n\t\t\t\t<\/div>\n\t\t\t\t\t<\/div>\n\t\t\t\t<\/div>\n\t\t<div class=\"elementor-element elementor-element-25a08c4 e-flex e-con-boxed e-con e-parent\" data-id=\"25a08c4\" data-element_type=\"container\" data-e-type=\"container\">\n\t\t\t\t\t<div class=\"e-con-inner\">\n\t\t<div class=\"elementor-element elementor-element-6a79de8 e-grid e-con-full e-con e-child\" data-id=\"6a79de8\" data-element_type=\"container\" data-e-type=\"container\">\n\t\t<div class=\"elementor-element elementor-element-61c73c8 e-con-full e-flex e-con e-child\" data-id=\"61c73c8\" data-element_type=\"container\" data-e-type=\"container\">\n\t\t\t\t<div class=\"elementor-element elementor-element-8b68067 elementor-widget elementor-widget-heading\" data-id=\"8b68067\" data-element_type=\"widget\" data-e-type=\"widget\" data-widget_type=\"heading.default\">\n\t\t\t\t<div class=\"elementor-widget-container\">\n\t\t\t\t\t<h2 class=\"elementor-heading-title elementor-size-default\">Ruta guiada per la floraci\u00f3 dels ametllers d&#039;aitona\n<\/h2>\t\t\t\t<\/div>\n\t\t\t\t<\/div>\n\t\t\t\t<div class=\"elementor-element elementor-element-c5de204 elementor-widget elementor-widget-text-editor\" data-id=\"c5de204\" data-element_type=\"widget\" data-e-type=\"widget\" data-widget_type=\"text-editor.default\">\n\t\t\t\t<div class=\"elementor-widget-container\">\n\t\t\t\t\t\t\t\t\t<p>\ud83c\udf3c\ud83e\udd0d Visita el mar blanc i la catedral dels Masos de Volta: Mas Llaurad\u00f3<\/p><p>Viu una experi\u00e8ncia \u00fanica entre ametllers florits amb un recorregut guiat de 90 minuts pel mar blanc i amb parada especial a Mas Llaurad\u00f3, considerada la cabana de volta m\u00e9s gran de Catalunya.<\/p><p>Un itinerari per descobrir paisatge, patrimoni i arquitectura tradicional al moment m\u00e9s espectacular de la floraci\u00f3.<\/p><p>\ud83d\udd52 Horaris<br \/>\u25aa\ufe0f Dies 21, 22, 28 i 29 \u2014 a les 11.00 h<br \/>\u25aa\ufe0f Dia 21 \u2014 tamb\u00e9 a les 17.00 h<\/p><p>\ud83d\udcb6 Preus<br \/>Adults: 12 \u20ac<br \/>Nens (4 a 11 anys): 6 \u20ac<\/p><p>\ud83c\udf38 Natura, hist\u00f2ria i floraci\u00f3 en una sola visita. Places limitades \u2014 reserva pr\u00e8via recomanada.<\/p><p>*Les mascotes hauran d&#039;anar amb transport al celler de l&#039;autocar<\/p><p><strong>*No s&#039;accepten ni canvis ni cancel\u00b7lacions<\/strong><\/p>\t\t\t\t\t\t\t\t<\/div>\n\t\t\t\t<\/div>\n\t\t\t\t<\/div>\n\t\t\t\t<div class=\"elementor-element elementor-element-ca1785c elementor-widget elementor-widget-image\" data-id=\"ca1785c\" data-element_type=\"widget\" data-e-type=\"widget\" data-widget_type=\"image.default\">\n\t\t\t\t<div class=\"elementor-widget-container\">\n\t\t\t\t\t\t\t\t\t\t\t\t\t\t\t<img decoding=\"async\" width=\"660\" height=\"931\" src=\"https:\/\/fruiturisme.info\/wp-content\/uploads\/mar-blanco.jpeg\" class=\"attachment-large size-large wp-image-38148\" alt=\"Mar Blanc\" srcset=\"https:\/\/fruiturisme.info\/wp-content\/uploads\/mar-blanco.jpeg 660w, https:\/\/fruiturisme.info\/wp-content\/uploads\/mar-blanco-352x497.jpeg 352w, https:\/\/fruiturisme.info\/wp-content\/uploads\/mar-blanco-9x12.jpeg 9w\" sizes=\"(max-width: 660px) 100vw, 660px\" \/>\t\t\t\t\t\t\t\t\t\t\t\t\t\t\t<\/div>\n\t\t\t\t<\/div>\n\t\t\t\t<\/div>\n\t\t\t\t\t<\/div>\n\t\t\t\t<\/div>\n\t\t<div class=\"elementor-element elementor-element-eb1bb5e e-flex e-con-boxed e-con e-parent\" data-id=\"eb1bb5e\" data-element_type=\"container\" data-e-type=\"container\">\n\t\t\t\t\t<div class=\"e-con-inner\">\n\t\t\t\t<div class=\"elementor-element elementor-element-60907a3 elementor-widget elementor-widget-menu-anchor\" data-id=\"60907a3\" data-element_type=\"widget\" data-e-type=\"widget\" data-widget_type=\"menu-anchor.default\">\n\t\t\t\t<div class=\"elementor-widget-container\">\n\t\t\t\t\t\t\t<div class=\"elementor-menu-anchor\" id=\"reserva-vermut\"><\/div>\n\t\t\t\t\t\t<\/div>\n\t\t\t\t<\/div>\n\t\t\t\t\t<\/div>\n\t\t\t\t<\/div>\n\t\t<div class=\"elementor-element elementor-element-13d5bda e-flex e-con-boxed e-con e-parent\" data-id=\"13d5bda\" data-element_type=\"container\" data-e-type=\"container\">\n\t\t\t\t\t<div class=\"e-con-inner\">\n\t\t\t\t<div class=\"elementor-element elementor-element-ae8858d elementor-widget elementor-widget-heading\" data-id=\"ae8858d\" data-element_type=\"widget\" data-e-type=\"widget\" data-widget_type=\"heading.default\">\n\t\t\t\t<div class=\"elementor-widget-container\">\n\t\t\t\t\t<h2 class=\"elementor-heading-title elementor-size-default\">Tria un dia i reserva la teva experi\u00e8ncia<\/h2>\t\t\t\t<\/div>\n\t\t\t\t<\/div>\n\t\t\t\t<div class=\"elementor-element elementor-element-4cf5e04 elementor-widget elementor-widget-MEC\" data-id=\"4cf5e04\" data-element_type=\"widget\" data-e-type=\"widget\" data-widget_type=\"MEC.default\">\n\t\t\t\t<div class=\"elementor-widget-container\">\n\t\t\t\t\t<div class=\"mec-wrap mec-events-agenda-container\" id=\"mec_skin_38163\">\r\n\r\n    \r\n        <div class=\"mec-skin-agenda-events-container\" id=\"mec_skin_events_38163\">\r\n        No s&#039;ha trobat cap esdeveniment!    <\/div>\r\n    \r\n    \r\n<\/div>\r\n\t\t\t\t<\/div>\n\t\t\t\t<\/div>\n\t\t\t\t\t<\/div>\n\t\t\t\t<\/div>\n\t\t\t\t<\/div>","protected":false},"excerpt":{"rendered":"<p>FRUITURISME Reservar Ruta guiada por la floraci\u00f3n de los almendros de aitona \ud83c\udf3c\ud83e\udd0d Visita el mar blanco y la catedral de los Masos de Volta: Mas Llaurad\u00f3 Vive una experiencia \u00fanica entre almendros floridos con un recorrido guiado de 90 minutos por el mar blanco y con parada especial en Mas Llaurad\u00f3, considerada la mayor [&hellip;]<\/p>","protected":false},"author":5,"featured_media":38148,"parent":0,"menu_order":0,"comment_status":"closed","ping_status":"closed","template":"","meta":{"inline_featured_image":false,"footnotes":""},"class_list":["post-38145","page","type-page","status-publish","has-post-thumbnail","hentry"],"_links":{"self":[{"href":"https:\/\/fruiturisme.info\/ca\/wp-json\/wp\/v2\/pages\/38145","targetHints":{"allow":["GET"]}}],"collection":[{"href":"https:\/\/fruiturisme.info\/ca\/wp-json\/wp\/v2\/pages"}],"about":[{"href":"https:\/\/fruiturisme.info\/ca\/wp-json\/wp\/v2\/types\/page"}],"author":[{"embeddable":true,"href":"https:\/\/fruiturisme.info\/ca\/wp-json\/wp\/v2\/users\/5"}],"replies":[{"embeddable":true,"href":"https:\/\/fruiturisme.info\/ca\/wp-json\/wp\/v2\/comments?post=38145"}],"version-history":[{"count":16,"href":"https:\/\/fruiturisme.info\/ca\/wp-json\/wp\/v2\/pages\/38145\/revisions"}],"predecessor-version":[{"id":41051,"href":"https:\/\/fruiturisme.info\/ca\/wp-json\/wp\/v2\/pages\/38145\/revisions\/41051"}],"wp:featuredmedia":[{"embeddable":true,"href":"https:\/\/fruiturisme.info\/ca\/wp-json\/wp\/v2\/media\/38148"}],"wp:attachment":[{"href":"https:\/\/fruiturisme.info\/ca\/wp-json\/wp\/v2\/media?parent=38145"}],"curies":[{"name":"wp","href":"https:\/\/api.w.org\/{rel}","templated":true}]}}