{"id":37732,"date":"2026-02-12T11:07:41","date_gmt":"2026-02-12T10:07:41","guid":{"rendered":"https:\/\/fruiturisme.info\/?page_id=37732"},"modified":"2026-02-18T13:14:29","modified_gmt":"2026-02-18T12:14:29","slug":"recollida-de-nous-2","status":"publish","type":"page","link":"https:\/\/fruiturisme.info\/ca\/recollida-de-nous-2\/","title":{"rendered":"Collita de nous"},"content":{"rendered":"<div data-elementor-type=\"wp-page\" data-elementor-id=\"37732\" class=\"elementor elementor-37732\" data-elementor-post-type=\"page\">\n\t\t\t\t<div class=\"elementor-element elementor-element-4ea13b1 e-flex e-con-boxed e-con e-parent\" data-id=\"4ea13b1\" data-element_type=\"container\" data-e-type=\"container\">\n\t\t\t\t\t<div class=\"e-con-inner\">\n\t\t<div class=\"elementor-element elementor-element-ae9d9bf e-grid e-con-full e-con e-child\" data-id=\"ae9d9bf\" data-element_type=\"container\" data-e-type=\"container\">\n\t\t<div class=\"elementor-element elementor-element-f411f2e e-con-full e-flex e-con e-child\" data-id=\"f411f2e\" data-element_type=\"container\" data-e-type=\"container\">\n\t\t\t\t<div class=\"elementor-element elementor-element-f60bf75 elementor-widget elementor-widget-heading\" data-id=\"f60bf75\" data-element_type=\"widget\" data-e-type=\"widget\" data-widget_type=\"heading.default\">\n\t\t\t\t<div class=\"elementor-widget-container\">\n\t\t\t\t\t<h2 class=\"elementor-heading-title elementor-size-default\">FRU\u00cfTURISME<\/h2>\t\t\t\t<\/div>\n\t\t\t\t<\/div>\n\t\t\t\t<div class=\"elementor-element elementor-element-8d74ef0 elementor-widget elementor-widget-heading\" data-id=\"8d74ef0\" data-element_type=\"widget\" data-e-type=\"widget\" data-widget_type=\"heading.default\">\n\t\t\t\t<div class=\"elementor-widget-container\">\n\t\t\t\t\t<h1 class=\"elementor-heading-title elementor-size-default\">Collita de nous<\/h1>\t\t\t\t<\/div>\n\t\t\t\t<\/div>\n\t\t\t\t<div class=\"elementor-element elementor-element-9280440 elementor-widget-divider--view-line elementor-widget elementor-widget-divider\" data-id=\"9280440\" data-element_type=\"widget\" data-e-type=\"widget\" data-widget_type=\"divider.default\">\n\t\t\t\t<div class=\"elementor-widget-container\">\n\t\t\t\t\t\t\t<div class=\"elementor-divider\">\n\t\t\t<span class=\"elementor-divider-separator\">\n\t\t\t\t\t\t<\/span>\n\t\t<\/div>\n\t\t\t\t\t\t<\/div>\n\t\t\t\t<\/div>\n\t\t\t\t<div class=\"elementor-element elementor-element-5c4bac6 elementor-mobile-align-start elementor-icon-list--layout-traditional elementor-list-item-link-full_width elementor-widget elementor-widget-icon-list\" data-id=\"5c4bac6\" data-element_type=\"widget\" data-e-type=\"widget\" data-widget_type=\"icon-list.default\">\n\t\t\t\t<div class=\"elementor-widget-container\">\n\t\t\t\t\t\t\t<ul class=\"elementor-icon-list-items\">\n\t\t\t\t\t\t\t<li class=\"elementor-icon-list-item\">\n\t\t\t\t\t\t\t\t\t\t\t<span class=\"elementor-icon-list-icon\">\n\t\t\t\t\t\t\t<i aria-hidden=\"true\" class=\"far fa-calendar-alt\"><\/i>\t\t\t\t\t\t<\/span>\n\t\t\t\t\t\t\t\t\t\t<span class=\"elementor-icon-list-text\">Octubre<\/span>\n\t\t\t\t\t\t\t\t\t<\/li>\n\t\t\t\t\t\t<\/ul>\n\t\t\t\t\t\t<\/div>\n\t\t\t\t<\/div>\n\t\t\t\t<\/div>\n\t\t<div class=\"elementor-element elementor-element-1b43142 e-con-full e-flex e-con e-child\" data-id=\"1b43142\" data-element_type=\"container\" data-e-type=\"container\">\n\t\t\t\t<div class=\"elementor-element elementor-element-3186772 elementor-widget elementor-widget-image\" data-id=\"3186772\" data-element_type=\"widget\" data-e-type=\"widget\" data-widget_type=\"image.default\">\n\t\t\t\t<div class=\"elementor-widget-container\">\n\t\t\t\t\t\t\t\t\t\t\t\t\t\t\t<img fetchpriority=\"high\" decoding=\"async\" width=\"457\" height=\"457\" src=\"https:\/\/fruiturisme.info\/wp-content\/uploads\/experiencia-estacional.webp\" class=\"attachment-large size-large wp-image-36159\" alt=\"\" srcset=\"https:\/\/fruiturisme.info\/wp-content\/uploads\/experiencia-estacional.webp 457w, https:\/\/fruiturisme.info\/wp-content\/uploads\/experiencia-estacional-352x352.webp 352w, https:\/\/fruiturisme.info\/wp-content\/uploads\/experiencia-estacional-160x160.webp 160w, https:\/\/fruiturisme.info\/wp-content\/uploads\/experiencia-estacional-300x300.webp 300w, https:\/\/fruiturisme.info\/wp-content\/uploads\/experiencia-estacional-12x12.webp 12w, https:\/\/fruiturisme.info\/wp-content\/uploads\/experiencia-estacional-100x100.webp 100w\" sizes=\"(max-width: 457px) 100vw, 457px\" \/>\t\t\t\t\t\t\t\t\t\t\t\t\t\t\t<\/div>\n\t\t\t\t<\/div>\n\t\t\t\t<\/div>\n\t\t\t\t<\/div>\n\t\t\t\t\t<\/div>\n\t\t\t\t<\/div>\n\t\t<div class=\"elementor-element elementor-element-50df086 e-flex e-con-boxed e-con e-parent\" data-id=\"50df086\" data-element_type=\"container\" data-e-type=\"container\">\n\t\t\t\t\t<div class=\"e-con-inner\">\n\t\t<div class=\"elementor-element elementor-element-34af396 e-grid e-con-full e-con e-child\" data-id=\"34af396\" data-element_type=\"container\" data-e-type=\"container\">\n\t\t<div class=\"elementor-element elementor-element-3b9a460 e-con-full e-flex e-con e-child\" data-id=\"3b9a460\" data-element_type=\"container\" data-e-type=\"container\">\n\t\t\t\t<div class=\"elementor-element elementor-element-cde2488 elementor-widget elementor-widget-heading\" data-id=\"cde2488\" data-element_type=\"widget\" data-e-type=\"widget\" data-widget_type=\"heading.default\">\n\t\t\t\t<div class=\"elementor-widget-container\">\n\t\t\t\t\t<h2 class=\"elementor-heading-title elementor-size-default\">Collita de nous<\/h2>\t\t\t\t<\/div>\n\t\t\t\t<\/div>\n\t\t\t\t<div class=\"elementor-element elementor-element-ac9163f elementor-widget elementor-widget-text-editor\" data-id=\"ac9163f\" data-element_type=\"widget\" data-e-type=\"widget\" data-widget_type=\"text-editor.default\">\n\t\t\t\t<div class=\"elementor-widget-container\">\n\t\t\t\t\t\t\t\t\t<p>Vine a descobrir la collita de nous i tot el seu proc\u00e9s, del camp a taula! \ud83c\udf30\ud83c\udf33<\/p><p>Et proposem una experi\u00e8ncia diferent per con\u00e8ixer de prop com es treballa la nou i tot el recorregut que fa fins a arribar a punt pel consum. Una activitat guiada, divulgativa i molt saborosa.<\/p>\t\t\t\t\t\t\t\t<\/div>\n\t\t\t\t<\/div>\n\t\t\t\t<div class=\"elementor-element elementor-element-4c422a5 elementor-widget elementor-widget-heading\" data-id=\"4c422a5\" data-element_type=\"widget\" data-e-type=\"widget\" data-widget_type=\"heading.default\">\n\t\t\t\t<div class=\"elementor-widget-container\">\n\t\t\t\t\t<h2 class=\"elementor-heading-title elementor-size-default\">Qu\u00e8 us espera?<\/h2>\t\t\t\t<\/div>\n\t\t\t\t<\/div>\n\t\t\t\t<div class=\"elementor-element elementor-element-2dd642a elementor-widget elementor-widget-text-editor\" data-id=\"2dd642a\" data-element_type=\"widget\" data-e-type=\"widget\" data-widget_type=\"text-editor.default\">\n\t\t\t\t<div class=\"elementor-widget-container\">\n\t\t\t\t\t\t\t\t\t<ul><li>\ud83d\ude9c Visita als camps on es cultiven i es treballen les nous<\/li><li>\ud83d\udc68\u200d\ud83c\udf3e Explicaci\u00f3 del cicle del cultiu i del moment de collita<\/li><li>\ud83c\udfed Entrada a la nau per veure tot el proc\u00e9s de transformaci\u00f3 i tractament<\/li><li>\ud83d\udcda Coneixement pr\u00e0ctic sobre selecci\u00f3, assecat i preparaci\u00f3<\/li><li>\u2696\ufe0f <strong>2 kg de nous<\/strong> per emportar-te a casa<\/li><li>\ud83e\udd42 <strong>Vermut degustaci\u00f3 per a 2 persones<\/strong> per tancar la visita<\/li><\/ul>\t\t\t\t\t\t\t\t<\/div>\n\t\t\t\t<\/div>\n\t\t\t\t<div class=\"elementor-element elementor-element-f416475 elementor-widget elementor-widget-text-editor\" data-id=\"f416475\" data-element_type=\"widget\" data-e-type=\"widget\" data-widget_type=\"text-editor.default\">\n\t\t\t\t<div class=\"elementor-widget-container\">\n\t\t\t\t\t\t\t\t\t<p><strong>Important: Les nous no es poden collir directament per al consum; durant la visita descobrir\u00e0s per qu\u00e8 tractar-les i com es fa correctament.<\/strong><\/p>\t\t\t\t\t\t\t\t<\/div>\n\t\t\t\t<\/div>\n\t\t\t\t<div class=\"elementor-element elementor-element-12ecb75 elementor-widget elementor-widget-heading\" data-id=\"12ecb75\" data-element_type=\"widget\" data-e-type=\"widget\" data-widget_type=\"heading.default\">\n\t\t\t\t<div class=\"elementor-widget-container\">\n\t\t\t\t\t<h2 class=\"elementor-heading-title elementor-size-default\">Beneficis de participar<\/h2>\t\t\t\t<\/div>\n\t\t\t\t<\/div>\n\t\t\t\t<div class=\"elementor-element elementor-element-edbd625 elementor-widget elementor-widget-text-editor\" data-id=\"edbd625\" data-element_type=\"widget\" data-e-type=\"widget\" data-widget_type=\"text-editor.default\">\n\t\t\t\t<div class=\"elementor-widget-container\">\n\t\t\t\t\t\t\t\t\t<ul><li>Coneixement real del producte i del proc\u00e9s agr\u00edcola<\/li><li>Experi\u00e8ncia educativa i guiada<\/li><li>Producte local i de qualitat<\/li><li>Activitat ideal per a grups, fam\u00edlies i curiosos del m\u00f3n rural<\/li><li>Moment final de degustaci\u00f3 per gaudir del resultat<\/li><\/ul>\t\t\t\t\t\t\t\t<\/div>\n\t\t\t\t<\/div>\n\t\t\t\t<div class=\"elementor-element elementor-element-2daab81 elementor-widget elementor-widget-text-editor\" data-id=\"2daab81\" data-element_type=\"widget\" data-e-type=\"widget\" data-widget_type=\"text-editor.default\">\n\t\t\t\t<div class=\"elementor-widget-container\">\n\t\t\t\t\t\t\t\t\t<p>Una oportunitat perfecta per entendre, provar i valorar la feina que hi ha darrere de cada nou.<\/p>\t\t\t\t\t\t\t\t<\/div>\n\t\t\t\t<\/div>\n\t\t\t\t<\/div>\n\t\t<div class=\"elementor-element elementor-element-6adbd6b e-con-full e-flex e-con e-child\" data-id=\"6adbd6b\" data-element_type=\"container\" data-e-type=\"container\">\n\t\t\t\t<div class=\"elementor-element elementor-element-2b23ce6 elementor-widget elementor-widget-image\" data-id=\"2b23ce6\" data-element_type=\"widget\" data-e-type=\"widget\" data-widget_type=\"image.default\">\n\t\t\t\t<div class=\"elementor-widget-container\">\n\t\t\t\t\t\t\t\t\t\t\t\t\t\t\t<img decoding=\"async\" width=\"606\" height=\"606\" src=\"https:\/\/fruiturisme.info\/wp-content\/uploads\/collita-nous.jpeg\" class=\"attachment-large size-large wp-image-37734\" alt=\"Collita de nous\" srcset=\"https:\/\/fruiturisme.info\/wp-content\/uploads\/collita-nous.jpeg 604w, https:\/\/fruiturisme.info\/wp-content\/uploads\/collita-nous-352x355.jpeg 352w, https:\/\/fruiturisme.info\/wp-content\/uploads\/collita-nous-12x12.jpeg 12w, https:\/\/fruiturisme.info\/wp-content\/uploads\/collita-nous-100x100.jpeg 100w\" sizes=\"(max-width: 606px) 100vw, 606px\" \/>\t\t\t\t\t\t\t\t\t\t\t\t\t\t\t<\/div>\n\t\t\t\t<\/div>\n\t\t\t\t<div class=\"elementor-element elementor-element-7a70d11 elementor-align-center elementor-widget__width-inherit elementor-widget elementor-widget-button\" data-id=\"7a70d11\" data-element_type=\"widget\" data-e-type=\"widget\" data-widget_type=\"button.default\">\n\t\t\t\t<div class=\"elementor-widget-container\">\n\t\t\t\t\t\t\t\t\t<div class=\"elementor-button-wrapper\">\n\t\t\t\t\t<a class=\"elementor-button elementor-button-link elementor-size-sm\" href=\"https:\/\/fruiturisme.info\/ca\/reserva-la-teva-experiencia-3\/recollida-de-nous-2\/\">\n\t\t\t\t\t\t<span class=\"elementor-button-content-wrapper\">\n\t\t\t\t\t\t<span class=\"elementor-button-icon\">\n\t\t\t\t<i aria-hidden=\"true\" class=\"fas fa-arrow-alt-circle-right\"><\/i>\t\t\t<\/span>\n\t\t\t\t\t\t\t\t\t<span class=\"elementor-button-text\">Reservar Experi\u00e8ncia<\/span>\n\t\t\t\t\t<\/span>\n\t\t\t\t\t<\/a>\n\t\t\t\t<\/div>\n\t\t\t\t\t\t\t\t<\/div>\n\t\t\t\t<\/div>\n\t\t\t\t<\/div>\n\t\t\t\t<\/div>\n\t\t\t\t\t<\/div>\n\t\t\t\t<\/div>\n\t\t\t\t<\/div>","protected":false},"excerpt":{"rendered":"<p>FRUITURISME Octubre Recogida de nueces \u00a1Ven a descubrir la cosecha de nueces y todo su proceso, del campo a la mesa! \ud83c\udf30\ud83c\udf33 Te proponemos una experiencia diferente para conocer de cerca c\u00f3mo se trabaja la nuez y todo el recorrido que hace hasta llegar a punto para el consumo. Una actividad guiada, divulgativa y muy [&hellip;]<\/p>","protected":false},"author":5,"featured_media":0,"parent":0,"menu_order":0,"comment_status":"closed","ping_status":"closed","template":"","meta":{"inline_featured_image":false,"footnotes":""},"class_list":["post-37732","page","type-page","status-publish","hentry"],"_links":{"self":[{"href":"https:\/\/fruiturisme.info\/ca\/wp-json\/wp\/v2\/pages\/37732","targetHints":{"allow":["GET"]}}],"collection":[{"href":"https:\/\/fruiturisme.info\/ca\/wp-json\/wp\/v2\/pages"}],"about":[{"href":"https:\/\/fruiturisme.info\/ca\/wp-json\/wp\/v2\/types\/page"}],"author":[{"embeddable":true,"href":"https:\/\/fruiturisme.info\/ca\/wp-json\/wp\/v2\/users\/5"}],"replies":[{"embeddable":true,"href":"https:\/\/fruiturisme.info\/ca\/wp-json\/wp\/v2\/comments?post=37732"}],"version-history":[{"count":19,"href":"https:\/\/fruiturisme.info\/ca\/wp-json\/wp\/v2\/pages\/37732\/revisions"}],"predecessor-version":[{"id":38249,"href":"https:\/\/fruiturisme.info\/ca\/wp-json\/wp\/v2\/pages\/37732\/revisions\/38249"}],"wp:attachment":[{"href":"https:\/\/fruiturisme.info\/ca\/wp-json\/wp\/v2\/media?parent=37732"}],"curies":[{"name":"wp","href":"https:\/\/api.w.org\/{rel}","templated":true}]}}