{"id":36245,"date":"2025-11-26T13:01:42","date_gmt":"2025-11-26T12:01:42","guid":{"rendered":"https:\/\/fruiturisme.info\/?page_id=36245"},"modified":"2025-11-26T18:34:37","modified_gmt":"2025-11-26T17:34:37","slug":"vols-amb-globus","status":"publish","type":"page","link":"https:\/\/fruiturisme.info\/ca\/vols-amb-globus\/","title":{"rendered":"Vols amb globus"},"content":{"rendered":"<div data-elementor-type=\"wp-page\" data-elementor-id=\"36245\" class=\"elementor elementor-36245\" data-elementor-post-type=\"page\">\n\t\t\t\t<div class=\"elementor-element elementor-element-b5a811d e-flex e-con-boxed e-con e-parent\" data-id=\"b5a811d\" data-element_type=\"container\" data-e-type=\"container\">\n\t\t\t\t\t<div class=\"e-con-inner\">\n\t\t<div class=\"elementor-element elementor-element-91744ec e-grid e-con-full e-con e-child\" data-id=\"91744ec\" data-element_type=\"container\" data-e-type=\"container\">\n\t\t<div class=\"elementor-element elementor-element-2cc43a1 e-con-full e-flex e-con e-child\" data-id=\"2cc43a1\" data-element_type=\"container\" data-e-type=\"container\">\n\t\t\t\t<div class=\"elementor-element elementor-element-2c46632 elementor-widget elementor-widget-heading\" data-id=\"2c46632\" data-element_type=\"widget\" data-e-type=\"widget\" data-widget_type=\"heading.default\">\n\t\t\t\t<div class=\"elementor-widget-container\">\n\t\t\t\t\t<h2 class=\"elementor-heading-title elementor-size-default\">FRU\u00cfTURISME<\/h2>\t\t\t\t<\/div>\n\t\t\t\t<\/div>\n\t\t\t\t<div class=\"elementor-element elementor-element-840db50 elementor-widget elementor-widget-heading\" data-id=\"840db50\" data-element_type=\"widget\" data-e-type=\"widget\" data-widget_type=\"heading.default\">\n\t\t\t\t<div class=\"elementor-widget-container\">\n\t\t\t\t\t<h1 class=\"elementor-heading-title elementor-size-default\">Vols amb globus<\/h1>\t\t\t\t<\/div>\n\t\t\t\t<\/div>\n\t\t\t\t<div class=\"elementor-element elementor-element-81d6da5 elementor-widget-divider--view-line elementor-widget elementor-widget-divider\" data-id=\"81d6da5\" data-element_type=\"widget\" data-e-type=\"widget\" data-widget_type=\"divider.default\">\n\t\t\t\t<div class=\"elementor-widget-container\">\n\t\t\t\t\t\t\t<div class=\"elementor-divider\">\n\t\t\t<span class=\"elementor-divider-separator\">\n\t\t\t\t\t\t<\/span>\n\t\t<\/div>\n\t\t\t\t\t\t<\/div>\n\t\t\t\t<\/div>\n\t\t\t\t<\/div>\n\t\t<div class=\"elementor-element elementor-element-9123e72 e-con-full e-flex e-con e-child\" data-id=\"9123e72\" data-element_type=\"container\" data-e-type=\"container\">\n\t\t\t\t<div class=\"elementor-element elementor-element-12d1520 elementor-widget elementor-widget-image\" data-id=\"12d1520\" data-element_type=\"widget\" data-e-type=\"widget\" data-widget_type=\"image.default\">\n\t\t\t\t<div class=\"elementor-widget-container\">\n\t\t\t\t\t\t\t\t\t\t\t\t\t\t\t<img fetchpriority=\"high\" decoding=\"async\" width=\"457\" height=\"457\" src=\"https:\/\/fruiturisme.info\/wp-content\/uploads\/Globo.webp\" class=\"attachment-large size-large wp-image-36278\" alt=\"Globus\" srcset=\"https:\/\/fruiturisme.info\/wp-content\/uploads\/Globo.webp 457w, https:\/\/fruiturisme.info\/wp-content\/uploads\/Globo-352x352.webp 352w, https:\/\/fruiturisme.info\/wp-content\/uploads\/Globo-160x160.webp 160w, https:\/\/fruiturisme.info\/wp-content\/uploads\/Globo-300x300.webp 300w, https:\/\/fruiturisme.info\/wp-content\/uploads\/Globo-12x12.webp 12w, https:\/\/fruiturisme.info\/wp-content\/uploads\/Globo-100x100.webp 100w\" sizes=\"(max-width: 457px) 100vw, 457px\" \/>\t\t\t\t\t\t\t\t\t\t\t\t\t\t\t<\/div>\n\t\t\t\t<\/div>\n\t\t\t\t<\/div>\n\t\t\t\t<\/div>\n\t\t\t\t\t<\/div>\n\t\t\t\t<\/div>\n\t\t<div class=\"elementor-element elementor-element-1b6f2de e-flex e-con-boxed e-con e-parent\" data-id=\"1b6f2de\" data-element_type=\"container\" data-e-type=\"container\">\n\t\t\t\t\t<div class=\"e-con-inner\">\n\t\t\t\t<div class=\"elementor-element elementor-element-572b8d1 elementor-widget elementor-widget-heading\" data-id=\"572b8d1\" data-element_type=\"widget\" data-e-type=\"widget\" data-widget_type=\"heading.default\">\n\t\t\t\t<div class=\"elementor-widget-container\">\n\t\t\t\t\t<h2 class=\"elementor-heading-title elementor-size-default\">Del 26 de febrer al 27 de mar\u00e7 viu la m\u00e0gia de la floraci\u00f3 dels fruiters d&#039;Aitona des de l&#039;aire.<\/h2>\t\t\t\t<\/div>\n\t\t\t\t<\/div>\n\t\t\t\t<div class=\"elementor-element elementor-element-b81051e elementor-widget elementor-widget-text-editor\" data-id=\"b81051e\" data-element_type=\"widget\" data-e-type=\"widget\" data-widget_type=\"text-editor.default\">\n\t\t\t\t<div class=\"elementor-widget-container\">\n\t\t\t\t\t\t\t\t\t<p>Si els camps florits ja s\u00f3n espectaculars des de terra, imagina&#039;t la seva bellesa des de les altures! Globus Kontiki t&#039;ofereix la possibilitat de gaudir d&#039;una ruta amb globus sobrevolant el paisatge rosat dels camps aitonencs, una experi\u00e8ncia inoblidable i \u00fanica<\/p><p><strong>Reserva ja la teva pla\u00e7a, que aix\u00f2 nom\u00e9s passa una vegada a l&#039;any!<\/strong><\/p><p>Informaci\u00f3 i reserves:<\/p>\t\t\t\t\t\t\t\t<\/div>\n\t\t\t\t<\/div>\n\t\t<div class=\"elementor-element elementor-element-addeed1 e-con-full e-flex e-con e-child\" data-id=\"addeed1\" data-element_type=\"container\" data-e-type=\"container\">\n\t\t\t\t<div class=\"elementor-element elementor-element-3d15274 elementor-align-center elementor-widget elementor-widget-button\" data-id=\"3d15274\" data-element_type=\"widget\" data-e-type=\"widget\" data-widget_type=\"button.default\">\n\t\t\t\t<div class=\"elementor-widget-container\">\n\t\t\t\t\t\t\t\t\t<div class=\"elementor-button-wrapper\">\n\t\t\t\t\t<a class=\"elementor-button elementor-button-link elementor-size-sm\" href=\"tel:+34935156060\">\n\t\t\t\t\t\t<span class=\"elementor-button-content-wrapper\">\n\t\t\t\t\t\t<span class=\"elementor-button-icon\">\n\t\t\t\t<i aria-hidden=\"true\" class=\"fas fa-phone-alt\"><\/i>\t\t\t<\/span>\n\t\t\t\t\t\t\t\t\t<span class=\"elementor-button-text\">935 15 60 60<\/span>\n\t\t\t\t\t<\/span>\n\t\t\t\t\t<\/a>\n\t\t\t\t<\/div>\n\t\t\t\t\t\t\t\t<\/div>\n\t\t\t\t<\/div>\n\t\t\t\t<div class=\"elementor-element elementor-element-4d675a8 elementor-align-center elementor-widget elementor-widget-button\" data-id=\"4d675a8\" data-element_type=\"widget\" data-e-type=\"widget\" data-widget_type=\"button.default\">\n\t\t\t\t<div class=\"elementor-widget-container\">\n\t\t\t\t\t\t\t\t\t<div class=\"elementor-button-wrapper\">\n\t\t\t\t\t<a class=\"elementor-button elementor-button-link elementor-size-sm\" href=\"mailto:info@globuskontiki.com\" target=\"_blank\">\n\t\t\t\t\t\t<span class=\"elementor-button-content-wrapper\">\n\t\t\t\t\t\t<span class=\"elementor-button-icon\">\n\t\t\t\t<i aria-hidden=\"true\" class=\"fas fa-envelope\"><\/i>\t\t\t<\/span>\n\t\t\t\t\t\t\t\t\t<span class=\"elementor-button-text\">info@globuskontiki.com<\/span>\n\t\t\t\t\t<\/span>\n\t\t\t\t\t<\/a>\n\t\t\t\t<\/div>\n\t\t\t\t\t\t\t\t<\/div>\n\t\t\t\t<\/div>\n\t\t\t\t<div class=\"elementor-element elementor-element-ddc8912 elementor-align-center elementor-widget elementor-widget-button\" data-id=\"ddc8912\" data-element_type=\"widget\" data-e-type=\"widget\" data-widget_type=\"button.default\">\n\t\t\t\t<div class=\"elementor-widget-container\">\n\t\t\t\t\t\t\t\t\t<div class=\"elementor-button-wrapper\">\n\t\t\t\t\t<a class=\"elementor-button elementor-button-link elementor-size-sm\" href=\"https:\/\/www.globuskontiki.com\/es\/comprar-tickets-de-vuelo\/vuelos-en-globo-descubrimiento\/vuelo-en-globo-frutales-en-flor.html\" target=\"_blank\" rel=\"noopener\">\n\t\t\t\t\t\t<span class=\"elementor-button-content-wrapper\">\n\t\t\t\t\t\t<span class=\"elementor-button-icon\">\n\t\t\t\t<i aria-hidden=\"true\" class=\"fas fa-arrow-alt-circle-right\"><\/i>\t\t\t<\/span>\n\t\t\t\t\t\t\t\t\t<span class=\"elementor-button-text\">www.globuskontiki.com<\/span>\n\t\t\t\t\t<\/span>\n\t\t\t\t\t<\/a>\n\t\t\t\t<\/div>\n\t\t\t\t\t\t\t\t<\/div>\n\t\t\t\t<\/div>\n\t\t\t\t<\/div>\n\t\t\t\t\t<\/div>\n\t\t\t\t<\/div>\n\t\t\t\t<\/div>","protected":false},"excerpt":{"rendered":"<p>FRUITURISME Vuelos en globo Del 26 de febrero al 27 de marzo, vive la magia de la floraci\u00f3n de los frutales de Aitona desde el aire. Si los campos floridos ya son espectaculares desde tierra, \u00a1imag\u00ednate su belleza desde las alturas! Globus Kontiki te ofrece la posibilidad de disfrutar de una ruta en globo sobrevolando [&hellip;]<\/p>","protected":false},"author":5,"featured_media":0,"parent":0,"menu_order":0,"comment_status":"closed","ping_status":"closed","template":"elementor_header_footer","meta":{"inline_featured_image":false,"footnotes":""},"class_list":["post-36245","page","type-page","status-publish","hentry"],"_links":{"self":[{"href":"https:\/\/fruiturisme.info\/ca\/wp-json\/wp\/v2\/pages\/36245","targetHints":{"allow":["GET"]}}],"collection":[{"href":"https:\/\/fruiturisme.info\/ca\/wp-json\/wp\/v2\/pages"}],"about":[{"href":"https:\/\/fruiturisme.info\/ca\/wp-json\/wp\/v2\/types\/page"}],"author":[{"embeddable":true,"href":"https:\/\/fruiturisme.info\/ca\/wp-json\/wp\/v2\/users\/5"}],"replies":[{"embeddable":true,"href":"https:\/\/fruiturisme.info\/ca\/wp-json\/wp\/v2\/comments?post=36245"}],"version-history":[{"count":4,"href":"https:\/\/fruiturisme.info\/ca\/wp-json\/wp\/v2\/pages\/36245\/revisions"}],"predecessor-version":[{"id":36281,"href":"https:\/\/fruiturisme.info\/ca\/wp-json\/wp\/v2\/pages\/36245\/revisions\/36281"}],"wp:attachment":[{"href":"https:\/\/fruiturisme.info\/ca\/wp-json\/wp\/v2\/media?parent=36245"}],"curies":[{"name":"wp","href":"https:\/\/api.w.org\/{rel}","templated":true}]}}