{"id":36088,"date":"2025-11-25T17:18:39","date_gmt":"2025-11-25T16:18:39","guid":{"rendered":"https:\/\/fruiturisme.info\/?page_id=36088"},"modified":"2025-11-25T17:23:13","modified_gmt":"2025-11-25T16:23:13","slug":"politica-de-cookies","status":"publish","type":"page","link":"https:\/\/fruiturisme.info\/ca\/politica-de-cookies\/","title":{"rendered":"Pol\u00edtica de cookies"},"content":{"rendered":"<div data-elementor-type=\"wp-page\" data-elementor-id=\"36088\" class=\"elementor elementor-36088\" data-elementor-post-type=\"page\">\n\t\t\t\t<div class=\"elementor-element elementor-element-35ad32f e-flex e-con-boxed e-con e-parent\" data-id=\"35ad32f\" data-element_type=\"container\" data-e-type=\"container\">\n\t\t\t\t\t<div class=\"e-con-inner\">\n\t\t<div class=\"elementor-element elementor-element-2b8e3f3 e-grid e-con-full e-con e-child\" data-id=\"2b8e3f3\" data-element_type=\"container\" data-e-type=\"container\">\n\t\t<div class=\"elementor-element elementor-element-704810d e-con-full e-flex e-con e-child\" data-id=\"704810d\" data-element_type=\"container\" data-e-type=\"container\">\n\t\t\t\t<div class=\"elementor-element elementor-element-563c5c1 elementor-widget elementor-widget-heading\" data-id=\"563c5c1\" data-element_type=\"widget\" data-e-type=\"widget\" data-widget_type=\"heading.default\">\n\t\t\t\t<div class=\"elementor-widget-container\">\n\t\t\t\t\t<h2 class=\"elementor-heading-title elementor-size-default\">FRU\u00cfTURISME<\/h2>\t\t\t\t<\/div>\n\t\t\t\t<\/div>\n\t\t\t\t<div class=\"elementor-element elementor-element-0203e24 elementor-widget elementor-widget-heading\" data-id=\"0203e24\" data-element_type=\"widget\" data-e-type=\"widget\" data-widget_type=\"heading.default\">\n\t\t\t\t<div class=\"elementor-widget-container\">\n\t\t\t\t\t<h1 class=\"elementor-heading-title elementor-size-default\">Pol\u00edtica de cookies<\/h1>\t\t\t\t<\/div>\n\t\t\t\t<\/div>\n\t\t\t\t<div class=\"elementor-element elementor-element-0a3018b elementor-widget-divider--view-line elementor-widget elementor-widget-divider\" data-id=\"0a3018b\" data-element_type=\"widget\" data-e-type=\"widget\" data-widget_type=\"divider.default\">\n\t\t\t\t<div class=\"elementor-widget-container\">\n\t\t\t\t\t\t\t<div class=\"elementor-divider\">\n\t\t\t<span class=\"elementor-divider-separator\">\n\t\t\t\t\t\t<\/span>\n\t\t<\/div>\n\t\t\t\t\t\t<\/div>\n\t\t\t\t<\/div>\n\t\t\t\t<\/div>\n\t\t\t\t<\/div>\n\t\t\t\t\t<\/div>\n\t\t\t\t<\/div>\n\t\t<div class=\"elementor-element elementor-element-3da2b6d e-flex e-con-boxed e-con e-parent\" data-id=\"3da2b6d\" data-element_type=\"container\" data-e-type=\"container\">\n\t\t\t\t\t<div class=\"e-con-inner\">\n\t\t\t\t<div class=\"elementor-element elementor-element-7a380b6 elementor-widget elementor-widget-text-editor\" data-id=\"7a380b6\" data-element_type=\"widget\" data-e-type=\"widget\" data-widget_type=\"text-editor.default\">\n\t\t\t\t<div class=\"elementor-widget-container\">\n\t\t\t\t\t\t\t\t\t<p>Us informem que a la web\u00a0<a href=\"https:\/\/fruiturisme.info\/ca\/\">www.fruiturisme.info<\/a>, el sistema de navegaci\u00f3 utilitza algunes dades de navegaci\u00f3 (\u201cCookies\u201d) per poder oferir un servei m\u00e9s personalitzat als usuaris de la web.<\/p><p>Les \u201cCookies\u201d s\u00f3n petits fitxers de text que el navegador guarda quan es navega per p\u00e0gines web i aplicacions. En general, aquestes tecnologies poden servir per a finalitats molt diverses, com ara recon\u00e8ixer-te com a usuari, obtenir informaci\u00f3 sobre els teus h\u00e0bits de navegaci\u00f3 o personalitzar la manera com es mostra el contingut.<\/p><p>L&#039;Ajuntament d&#039;Aitona a la seva web utilitza \u201ccookies\u201d de tercers:<\/p><ul class=\"wp-block-list\"><li>Cookies an\u00e0lisi: Aquestes s\u00f3n tractades per tercers i ens permeten quantificar el nombre d&#039;usuaris i aix\u00ed realitzar el mesurament i l&#039;an\u00e0lisi estad\u00edstica de la utilitzaci\u00f3 que fan els usuaris del servei ofert. Per aix\u00f2, s&#039;analitza la seva navegaci\u00f3 a la nostra web per tal de millorar l&#039;oferta de productes o serveis. El tercer \u00e9s Google Analytics, que \u00e9s un servei d&#039;estad\u00edstiques de p\u00e0gines web que ofereix Google Inc. Google Analytics recull informaci\u00f3 de l&#039;equip de l&#039;usuari per obtenir informes sobre l&#039;activitat de l&#039;aplicaci\u00f3 i emmagatzema la informaci\u00f3 recollida per les galetes en servidors dels Estats Units existint una transfer\u00e8ncia internacional de dades, i per tant, acceptant-la mitjan\u00e7ant l&#039;acceptaci\u00f3 d&#039;aquestes cookies.<\/li><\/ul><p>En tot cas, en cas que es captin dades de car\u00e0cter personal- en aquest cas tan sols la IP d&#039;acc\u00e9s; us informem que aquests seran tractats sota la responsabilitat d&#039;Ajuntament d&#039;Aitona.<\/p><p>La finalitat d&#039;aquest tractament \u00e9s la gesti\u00f3 i el control de les xarxes socials que es disposen, aix\u00ed com dels usuaris que interactuen a la web i la informaci\u00f3 que s&#039;obt\u00e9, sent el consentiment la base de legitimaci\u00f3 d&#039;aquest tractament. Aquestes dades seran transmeses a les empreses gestores de les galetes i seran conservades d&#039;acord amb els par\u00e0metres estipulats per aquestes empreses. Aquestes dades seran transferides a tercers pa\u00efsos, podent obtenir m\u00e9s informaci\u00f3 al respecte a la pr\u00f2pia pol\u00edtica de Google:\u00a0<a href=\"https:\/\/policies.google.com\/privacy?hl=es\" target=\"_blank\" rel=\"noopener\">https:\/\/policies.google.com\/privacy?hl=es<\/a><\/p><p>D&#039;acord amb el que disposa la normativa de protecci\u00f3 de dades, us informem que podeu revocar aquestes autoritzacions a trav\u00e9s del vostre propi navegador o exercitar els drets d&#039;acc\u00e9s, rectificaci\u00f3 o supressi\u00f3, la limitaci\u00f3 del tractament o oposar-vos, aix\u00ed com el dret a la portabilitat de les dades es pot dirigir a: C\/ Major 6, 25182 Aitona (Lleida)<a href=\"mailto:turisme@ajuntamentaitona.cat\">turisme@ajuntamentaitona.cat<\/a>.<\/p><p>Aix\u00ed mateix, podr\u00e0 presentar una reclamaci\u00f3 davant de l&#039;Autoritat Catalana de Protecci\u00f3 de Dades, o posar-se en contacte amb el Delegat de Protecci\u00f3 de Dades a\u00a0<a href=\"mailto:dpd@ajuntamentaitona.cat\">dpd@ajuntamentaitona.cat<\/a>.<\/p><p>S&#039;informa a l&#039;usuari que Google podr\u00e0 transmetre aquesta informaci\u00f3 a tercers quan aix\u00ed ho requereixi la llei o quan aquests tercers processin la informaci\u00f3 per compte de Google. Google no associar\u00e0 l&#039;adre\u00e7a IP de l&#039;usuari amb una altra dada de qu\u00e8 disposin, i per tant, ho faran totalment de manera anonimitzada.<\/p><p>Per refusar o eliminar aquesta \u201ccookie\u201d es pot consultar la seg\u00fcent adre\u00e7a:<\/p><p><a href=\"http:\/\/www.google.com\/intl\/ca\/policies\/privacy\/\" target=\"_blank\" rel=\"noopener\">http:\/\/www.google.com\/intl\/ca\/policies\/privacy\/<\/a><\/p><p><a href=\"http:\/\/www.google.com\/intl\/en\/privacypolicy.html\" target=\"_blank\" rel=\"noopener\">http:\/\/www.google.com\/intl\/en\/privacypolicy.html<\/a><\/p><p>\u00a0<\/p><p><strong>DESACTIVACI\u00d3 I BLOQUEIG DE LES COOKIES<\/strong><\/p><p>En qualsevol cas, l&#039;usuari pot habilitar l&#039;opci\u00f3 del vostre propi sistema de navegaci\u00f3 per no permetre la instal\u00b7laci\u00f3 de cookies; sense que en cap cas l&#039;Ajuntament d&#039;Aitona pugui ser responsable que la inhabilitaci\u00f3 de galetes comporti que alguns dels serveis que ofereix aquesta web no funcioni correctament.<\/p><p>En els seg\u00fcents enlla\u00e7os, podreu trobar instruccions que us ajudaran a configurar els ajustaments dels principals navegadors m\u00e9s utilitzats.<\/p><p>Internet Explorer:\u00a0<\/p><figure class=\"wp-block-embed\"><div class=\"wp-block-embed__wrapper\">https:\/\/support.microsoft.com\/es-es\/help\/17442\/windows-internet-explorer-delete-manage-cookies<\/div><\/figure><p>\u00a0Microsoft Edge;\u00a0\u00a0<\/p><figure class=\"wp-block-embed\"><div class=\"wp-block-embed__wrapper\">https:\/\/support.microsoft.com\/es-es\/help\/4027947\/microsoft-edge-delete-cookies<\/div><\/figure><p>\u00a0Google Chrome:\u00a0<\/p><figure class=\"wp-block-embed\"><div class=\"wp-block-embed__wrapper\">https:\/\/support.google.com\/chrome\/answer\/95647?hl=es<\/div><\/figure><p>\u00a0Mozilla Firefox:\u00a0<\/p><p><a href=\"http:\/\/support.mozilla.org\/es\/kb\/habilitar-y-deshabilitar-cookies-que-los-sitios-we\" target=\"_blank\" rel=\"noopener\">http:\/\/support.mozilla.org\/es\/kb\/habilitar-y-deshabilitar-cookies-que-los-sitios-we<\/a>\u00a0<\/p><p>\u00a0Safari:\u00a0<br \/><a href=\"http:\/\/support.apple.com\/kb\/ph5042\" target=\"_blank\" rel=\"noopener\">http:\/\/support.apple.com\/kb\/ph5042<\/a>\u00a0<\/p><p>\u00a0Safari per a IOS (Iphone, IPad):\u00a0<\/p><p><a href=\"http:\/\/support.apple.com\/kb\/ht1677?viewlocale=es_es&amp;locale=es_es\" target=\"_blank\" rel=\"noopener\">http:\/\/support.apple.com\/kb\/ht1677?viewlocale=es_es&amp;locale=es_es<\/a>\u00a0<\/p><p>\u00a0Chrome per a Android:\u00a0<a href=\"https:\/\/support.google.com\/chrome\/answer\/2392971?hl=es\" target=\"_blank\" rel=\"noopener\">https:\/\/support.google.com\/chrome\/answer\/2392971?hl=es<\/a><\/p><p>Si voleu m\u00e9s informaci\u00f3 sobre les cookies i la seva manera de deshabilitar-les segons el vostre sistema de navegaci\u00f3 podeu consultar els seg\u00fcents links:\u00a0<a href=\"http:\/\/www.aboutcookies.org\/\" target=\"_blank\" rel=\"noopener\">www.aboutcookies.org<\/a>\u00a0y\u00a0<a href=\"http:\/\/www.aboutcookies.org\/Default.aspx?page=1\" target=\"_blank\" rel=\"noopener\">http:\/\/www.aboutcookies.org\/Default.aspx?page=1<\/a><\/p><p>En cas contrari, i havent informat l&#039;Ajuntament d&#039;Aitona, de l&#039;\u00fas de cookies, i sense que aquestes hagin estat inhabilitades implica que l&#039;usuari presta el seu consentiment al tractament de dades per Google de la manera prevista en aquest av\u00eds i per a les finalitats descrites aqu\u00ed.<\/p><p>En cas de dubte o de qualsevol comentari, us podeu adre\u00e7ar a l&#039;Ajuntament d&#039;Aitona a trav\u00e9s dels vostres mitjans d&#039;atenci\u00f3 al p\u00fablic o b\u00e9 comunicar-vos amb nosaltres a trav\u00e9s de:\u00a0<a href=\"mailto:fruiturisme@ajuntamentaitona.cat\">fruiturisme@ajuntamentaitona.cat<\/a>.<\/p>\t\t\t\t\t\t\t\t<\/div>\n\t\t\t\t<\/div>\n\t\t\t\t\t<\/div>\n\t\t\t\t<\/div>\n\t\t\t\t<\/div>","protected":false},"excerpt":{"rendered":"<p>FRUITURISME Pol\u00edtica de cookies Les informamos que en la web\u00a0www.fruiturisme.info, el sistema de navegaci\u00f3n utiliza algunos datos de navegaci\u00f3n (\u201cCookies\u201d) para poder ofrecer un servicio m\u00e1s personalizado a los usuarios de la web. Las \u201cCookies\u201d son peque\u00f1os archivos de texto que el navegador guarda cuando se navega por p\u00e1ginas web y aplicaciones. En general, estas [&hellip;]<\/p>","protected":false},"author":5,"featured_media":0,"parent":0,"menu_order":0,"comment_status":"closed","ping_status":"closed","template":"elementor_header_footer","meta":{"inline_featured_image":false,"footnotes":""},"class_list":["post-36088","page","type-page","status-publish","hentry"],"_links":{"self":[{"href":"https:\/\/fruiturisme.info\/ca\/wp-json\/wp\/v2\/pages\/36088","targetHints":{"allow":["GET"]}}],"collection":[{"href":"https:\/\/fruiturisme.info\/ca\/wp-json\/wp\/v2\/pages"}],"about":[{"href":"https:\/\/fruiturisme.info\/ca\/wp-json\/wp\/v2\/types\/page"}],"author":[{"embeddable":true,"href":"https:\/\/fruiturisme.info\/ca\/wp-json\/wp\/v2\/users\/5"}],"replies":[{"embeddable":true,"href":"https:\/\/fruiturisme.info\/ca\/wp-json\/wp\/v2\/comments?post=36088"}],"version-history":[{"count":4,"href":"https:\/\/fruiturisme.info\/ca\/wp-json\/wp\/v2\/pages\/36088\/revisions"}],"predecessor-version":[{"id":36096,"href":"https:\/\/fruiturisme.info\/ca\/wp-json\/wp\/v2\/pages\/36088\/revisions\/36096"}],"wp:attachment":[{"href":"https:\/\/fruiturisme.info\/ca\/wp-json\/wp\/v2\/media?parent=36088"}],"curies":[{"name":"wp","href":"https:\/\/api.w.org\/{rel}","templated":true}]}}