{"id":36087,"date":"2025-11-25T17:18:01","date_gmt":"2025-11-25T16:18:01","guid":{"rendered":"https:\/\/fruiturisme.info\/?page_id=36087"},"modified":"2025-11-25T17:21:33","modified_gmt":"2025-11-25T16:21:33","slug":"avis-legal-2","status":"publish","type":"page","link":"https:\/\/fruiturisme.info\/ca\/avis-legal-2\/","title":{"rendered":"Av\u00eds legal"},"content":{"rendered":"<div data-elementor-type=\"wp-page\" data-elementor-id=\"36087\" class=\"elementor elementor-36087\" data-elementor-post-type=\"page\">\n\t\t\t\t<div class=\"elementor-element elementor-element-aa73e29 e-flex e-con-boxed e-con e-parent\" data-id=\"aa73e29\" data-element_type=\"container\" data-e-type=\"container\">\n\t\t\t\t\t<div class=\"e-con-inner\">\n\t\t<div class=\"elementor-element elementor-element-ff8c5d5 e-grid e-con-full e-con e-child\" data-id=\"ff8c5d5\" data-element_type=\"container\" data-e-type=\"container\">\n\t\t<div class=\"elementor-element elementor-element-70fe064 e-con-full e-flex e-con e-child\" data-id=\"70fe064\" data-element_type=\"container\" data-e-type=\"container\">\n\t\t\t\t<div class=\"elementor-element elementor-element-6bffb5c elementor-widget elementor-widget-heading\" data-id=\"6bffb5c\" data-element_type=\"widget\" data-e-type=\"widget\" data-widget_type=\"heading.default\">\n\t\t\t\t<div class=\"elementor-widget-container\">\n\t\t\t\t\t<h2 class=\"elementor-heading-title elementor-size-default\">FRU\u00cfTURISME<\/h2>\t\t\t\t<\/div>\n\t\t\t\t<\/div>\n\t\t\t\t<div class=\"elementor-element elementor-element-72f434d elementor-widget elementor-widget-heading\" data-id=\"72f434d\" data-element_type=\"widget\" data-e-type=\"widget\" data-widget_type=\"heading.default\">\n\t\t\t\t<div class=\"elementor-widget-container\">\n\t\t\t\t\t<h1 class=\"elementor-heading-title elementor-size-default\">Av\u00eds legal<\/h1>\t\t\t\t<\/div>\n\t\t\t\t<\/div>\n\t\t\t\t<div class=\"elementor-element elementor-element-3d98484 elementor-widget-divider--view-line elementor-widget elementor-widget-divider\" data-id=\"3d98484\" data-element_type=\"widget\" data-e-type=\"widget\" data-widget_type=\"divider.default\">\n\t\t\t\t<div class=\"elementor-widget-container\">\n\t\t\t\t\t\t\t<div class=\"elementor-divider\">\n\t\t\t<span class=\"elementor-divider-separator\">\n\t\t\t\t\t\t<\/span>\n\t\t<\/div>\n\t\t\t\t\t\t<\/div>\n\t\t\t\t<\/div>\n\t\t\t\t<\/div>\n\t\t\t\t<\/div>\n\t\t\t\t\t<\/div>\n\t\t\t\t<\/div>\n\t\t<div class=\"elementor-element elementor-element-2ff7506 e-flex e-con-boxed e-con e-parent\" data-id=\"2ff7506\" data-element_type=\"container\" data-e-type=\"container\">\n\t\t\t\t\t<div class=\"e-con-inner\">\n\t\t\t\t<div class=\"elementor-element elementor-element-fe89400 elementor-widget elementor-widget-text-editor\" data-id=\"fe89400\" data-element_type=\"widget\" data-e-type=\"widget\" data-widget_type=\"text-editor.default\">\n\t\t\t\t<div class=\"elementor-widget-container\">\n\t\t\t\t\t\t\t\t\t<p><strong>INFORMACI\u00d3 LEGAL LSSIYCE<\/strong><\/p><p>D&#039;acord amb les obligacions previstes a la Llei 34\/2002 de Serveis de la Societat de la Informaci\u00f3 i del Comer\u00e7 Electr\u00f2nic (d&#039;ara endavant LSSIYCE), Ajuntament d&#039;Aitona amb CIF P2504600D i domicili social al C\/ Major 6, 25182 Aitona (Lleida) i correu electr\u00f2nic\u00a0<a href=\"mailto:fruiturisme@ajuntamentaitona.cat\">fruiturisme@ajuntamentaitona.cat<\/a>, manifesta que s\u00f3n de la seva propietat:<\/p><p>\u2013 el domini\u00a0<a href=\"https:\/\/fruiturisme.info\/ca\/\">www.fruiturisme.info<\/a>\u00a0\u00a0\u00a0<\/p><p>\u2013 els perfils i p\u00e0gina a les seg\u00fcents:<\/p><ul class=\"wp-block-list\"><li>Instagram:\u00a0<a href=\"https:\/\/www.instagram.com\/fruiturisme\/?hl=es\" target=\"_blank\" rel=\"noopener\">https:\/\/www.instagram.com\/fruiturisme\/?hl=es<\/a><\/li><li>Facebook:\u00a0<a href=\"https:\/\/www.facebook.com\/FruiturismeAitona\/\" target=\"_blank\" rel=\"noopener\">https:\/\/www.facebook.com\/FruiturismeAitona\/<\/a><\/li><li>Twitter:\u00a0<a href=\"https:\/\/twitter.com\/fruiturisme\" target=\"_blank\" rel=\"noopener\">https:\/\/twitter.com\/fruiturisme<\/a><\/li><li>Youtube:\u00a0<a href=\"https:\/\/www.youtube.com\/channel\/UClCHvq_ygPxKQ227TITpTcg\" target=\"_blank\" rel=\"noopener\">https:\/\/www.youtube.com\/channel\/UClCHvq_ygPxKQ227TITpTcg<\/a><\/li><\/ul><p>Ajuntament d&#039;Aitona no pot assumir cap responsabilitat derivada de l&#039;\u00fas incorrecte o il\u00b7l\u00edcit de la informaci\u00f3 que aparegui a les seves p\u00e0gines web o pres\u00e8ncia online a les diverses xarxes socials. Amb els l\u00edmits establerts a la llei, Ajuntament d&#039;Aitona no assumeix cap responsabilitat per la manca de veracitat, integritat, actualitzaci\u00f3 i precisi\u00f3 de les dades o informacions que es contenen a les seves p\u00e0gines d&#039;Internet.<\/p><p>Els continguts i la informaci\u00f3 de les p\u00e0gines d&#039;Internet i les xarxes socials d&#039;Ajuntament d&#039;Aitona elaborats per professionals degudament qualificats per a l&#039;exercici de la seva professi\u00f3. No obstant aix\u00f2, els continguts i la informaci\u00f3 no vinculen a l&#039;esmentada, ni constitueixen opinions, consells o assessorament legal de cap mena, ja que es tracta merament d&#039;un servei ofert amb car\u00e0cter informatiu i divulgatiu.<\/p><p>Les p\u00e0gines d&#039;Internet i les xarxes socials d&#039;Ajuntament d&#039;Aitona poden contenir enlla\u00e7os (links) a altres p\u00e0gines de terceres parts. Per tant, aquesta no pot assumir responsabilitats pel contingut que pugui apar\u00e8ixer a p\u00e0gines de tercers. Els textos, les imatges, els sons, les animacions, el programari i la resta dels continguts inclosos en aquest website s\u00f3n propietat exclusiva d&#039;Ajuntament d&#039;Aitona o els seus llicenciants. Qualsevol acte de transmissi\u00f3, distribuci\u00f3, cessi\u00f3, reproducci\u00f3, emmagatzematge o comunicaci\u00f3 p\u00fablica total o parcial ha de comptar amb el consentiment expr\u00e9s d&#039;Ajuntament d&#039;Aitona.<\/p><p>De la mateixa manera, es reserva el dret a retirar l&#039;acc\u00e9s al portal sense necessitat de previ av\u00eds a qualsevol usuari que contravingui el que disposa aquest av\u00eds legal.<\/p><p><strong>XARXES SOCIALS<\/strong><\/p><p>L&#039;usuari haur\u00e0 de disposar del seu perfil a les xarxes socials per poder interactuar amb Ajuntament d&#039;Aitona i que accepti la relaci\u00f3 amb la nostra xarxa social. Si aix\u00ed s&#039;executa, l&#039;Ajuntament d&#039;Aitona tindr\u00e0 acc\u00e9s al perfil de l&#039;usuari d&#039;acord amb els par\u00e0metres estipulats per la pr\u00f2pia xarxa social i hi podr\u00e0 interactuar mitjan\u00e7ant l&#039;enviament de missatges, publicacions, participaci\u00f3 en concursos i sorteigs. Si l&#039;usuari no desitja que l&#039;Ajuntament d&#039;Aitona pugui accedir al seu perfil o interrelacionar-s&#039;hi ser\u00e0 necessari que es desvinculi del perfil deixant de seguir o eliminar com a amistat, seguidor o usuari l&#039;Ajuntament d&#039;Aitona.<\/p><p>Les actuacions que realitzi Ajuntament d&#039;Aitona podran tenir car\u00e0cter informatiu i\/o publicitari dels seus serveis o productes, considerant que la xarxa social \u00e9s un mitj\u00e0 publicitari, sota la responsabilitat d&#039;Ajuntament d&#039;Aitona quant a les publicacions i les comunicacions que es realitzin per aquests mitjans online.<\/p><p>La participaci\u00f3 dels usuaris en concursos, promocions o sorteigs implicar\u00e0 que lusuari accepta les bases legals daquest concurs, promoci\u00f3 o sorteig que seran publicats a la xarxa social de refer\u00e8ncia en el moment oport\u00fa i amb la seva participaci\u00f3 implicar\u00e0 que lusuari ha acceptat les mateixes.<\/p><p>Es recorda als usuaris que les publicacions que realitzin a les xarxes socials estaran sota la seva responsabilitat i caldr\u00e0 que respectin la legislaci\u00f3 i els drets de tercers que puguin afectar amb especial rellev\u00e0ncia els drets de propietat intel\u00b7lectual, de protecci\u00f3 de dades i de la pr\u00f2pia imatge de tercers, aix\u00ed com les normes de les pr\u00f2pies xarxes socials que constin en els seg\u00fcents enlla\u00e7os:<\/p><p>Instagram:\u00a0<a href=\"https:\/\/help.instagram.com\/\" target=\"_blank\" rel=\"noopener\">https:\/\/help.instagram.com\/<\/a><\/p><p>Facebook:\u00a0<a href=\"https:\/\/www.facebook.com\/legal\/terms\" target=\"_blank\" rel=\"noopener\">https:\/\/www.facebook.com\/legal\/terms<\/a><\/p><p>Twitter:\u00a0<a href=\"https:\/\/twitter.com\/es\/tos\" target=\"_blank\" rel=\"noopener\">https:\/\/twitter.com\/es\/tos<\/a>\u00a0<strong>Youtube:\u00a0<\/strong><a href=\"https:\/\/policies.google.com\/privacy?hl=es\" target=\"_blank\" rel=\"noopener\">https:\/\/policies.google.com\/privacy?hl=es<\/a><\/p>\t\t\t\t\t\t\t\t<\/div>\n\t\t\t\t<\/div>\n\t\t\t\t\t<\/div>\n\t\t\t\t<\/div>\n\t\t\t\t<\/div>","protected":false},"excerpt":{"rendered":"<p>FRUITURISME Aviso legal INFORMACI\u00d3N LEGAL LSSIYCE De acuerdo con las obligaciones previstas en la Ley 34\/2002 de Servicios de la Sociedad de la Informaci\u00f3n y del Comercio Electr\u00f3nico (en adelante LSSIYCE), Ayuntamiento de Aitona con CIF P2504600D y domicilio social en C\/ Major 6, 25182 Aitona (Lleida) y correo electr\u00f3nico\u00a0fruiturisme@ajuntamentaitona.cat, manifiesta que son de su [&hellip;]<\/p>","protected":false},"author":5,"featured_media":0,"parent":0,"menu_order":0,"comment_status":"closed","ping_status":"closed","template":"elementor_header_footer","meta":{"inline_featured_image":false,"footnotes":""},"class_list":["post-36087","page","type-page","status-publish","hentry"],"_links":{"self":[{"href":"https:\/\/fruiturisme.info\/ca\/wp-json\/wp\/v2\/pages\/36087","targetHints":{"allow":["GET"]}}],"collection":[{"href":"https:\/\/fruiturisme.info\/ca\/wp-json\/wp\/v2\/pages"}],"about":[{"href":"https:\/\/fruiturisme.info\/ca\/wp-json\/wp\/v2\/types\/page"}],"author":[{"embeddable":true,"href":"https:\/\/fruiturisme.info\/ca\/wp-json\/wp\/v2\/users\/5"}],"replies":[{"embeddable":true,"href":"https:\/\/fruiturisme.info\/ca\/wp-json\/wp\/v2\/comments?post=36087"}],"version-history":[{"count":4,"href":"https:\/\/fruiturisme.info\/ca\/wp-json\/wp\/v2\/pages\/36087\/revisions"}],"predecessor-version":[{"id":36093,"href":"https:\/\/fruiturisme.info\/ca\/wp-json\/wp\/v2\/pages\/36087\/revisions\/36093"}],"wp:attachment":[{"href":"https:\/\/fruiturisme.info\/ca\/wp-json\/wp\/v2\/media?parent=36087"}],"curies":[{"name":"wp","href":"https:\/\/api.w.org\/{rel}","templated":true}]}}