{"id":36084,"date":"2025-11-25T16:32:12","date_gmt":"2025-11-25T15:32:12","guid":{"rendered":"https:\/\/fruiturisme.info\/?page_id=36084"},"modified":"2025-11-25T17:28:05","modified_gmt":"2025-11-25T16:28:05","slug":"politica-de-privadesa","status":"publish","type":"page","link":"https:\/\/fruiturisme.info\/ca\/politica-de-privadesa\/","title":{"rendered":"Pol\u00edtica de privadesa"},"content":{"rendered":"<div data-elementor-type=\"wp-page\" data-elementor-id=\"36084\" class=\"elementor elementor-36084\" data-elementor-post-type=\"page\">\n\t\t\t\t<div class=\"elementor-element elementor-element-d156011 e-flex e-con-boxed e-con e-parent\" data-id=\"d156011\" data-element_type=\"container\" data-e-type=\"container\">\n\t\t\t\t\t<div class=\"e-con-inner\">\n\t\t<div class=\"elementor-element elementor-element-7fa9671 e-grid e-con-full e-con e-child\" data-id=\"7fa9671\" data-element_type=\"container\" data-e-type=\"container\">\n\t\t<div class=\"elementor-element elementor-element-0420c55 e-con-full e-flex e-con e-child\" data-id=\"0420c55\" data-element_type=\"container\" data-e-type=\"container\">\n\t\t\t\t<div class=\"elementor-element elementor-element-811bf3f elementor-widget elementor-widget-heading\" data-id=\"811bf3f\" data-element_type=\"widget\" data-e-type=\"widget\" data-widget_type=\"heading.default\">\n\t\t\t\t<div class=\"elementor-widget-container\">\n\t\t\t\t\t<h2 class=\"elementor-heading-title elementor-size-default\">FRU\u00cfTURISME<\/h2>\t\t\t\t<\/div>\n\t\t\t\t<\/div>\n\t\t\t\t<div class=\"elementor-element elementor-element-3ac1157 elementor-widget elementor-widget-heading\" data-id=\"3ac1157\" data-element_type=\"widget\" data-e-type=\"widget\" data-widget_type=\"heading.default\">\n\t\t\t\t<div class=\"elementor-widget-container\">\n\t\t\t\t\t<h1 class=\"elementor-heading-title elementor-size-default\">Pol\u00edtica de privadesa<\/h1>\t\t\t\t<\/div>\n\t\t\t\t<\/div>\n\t\t\t\t<div class=\"elementor-element elementor-element-f15d8e9 elementor-widget-divider--view-line elementor-widget elementor-widget-divider\" data-id=\"f15d8e9\" data-element_type=\"widget\" data-e-type=\"widget\" data-widget_type=\"divider.default\">\n\t\t\t\t<div class=\"elementor-widget-container\">\n\t\t\t\t\t\t\t<div class=\"elementor-divider\">\n\t\t\t<span class=\"elementor-divider-separator\">\n\t\t\t\t\t\t<\/span>\n\t\t<\/div>\n\t\t\t\t\t\t<\/div>\n\t\t\t\t<\/div>\n\t\t\t\t<\/div>\n\t\t\t\t<\/div>\n\t\t\t\t\t<\/div>\n\t\t\t\t<\/div>\n\t\t<div class=\"elementor-element elementor-element-c8fa6c4 e-flex e-con-boxed e-con e-parent\" data-id=\"c8fa6c4\" data-element_type=\"container\" data-e-type=\"container\">\n\t\t\t\t\t<div class=\"e-con-inner\">\n\t\t\t\t<div class=\"elementor-element elementor-element-22a5988 elementor-widget elementor-widget-text-editor\" data-id=\"22a5988\" data-element_type=\"widget\" data-e-type=\"widget\" data-widget_type=\"text-editor.default\">\n\t\t\t\t<div class=\"elementor-widget-container\">\n\t\t\t\t\t\t\t\t\t<p>En virtut de la normativa de protecci\u00f3 de dades de car\u00e0cter personal, per la present autoritza que les dades personals facilitades seran tractades sota la responsabilitat d&#039;Ajuntament d&#039;Aitona i domicili al c\/ Major 6, 25182 Aitona (Lleida):<br \/><br \/><\/p><ul class=\"wp-block-list\"><li>Formulari de Contacte: Les vostres dades seran tractades amb la finalitat de gestionar la vostra petici\u00f3 i poder-vos donar resposta, sent la prestaci\u00f3 d&#039;aquest servei el motiu que ens legitima a tractar les vostres dades. Aquests seran conservats fins que es resolgui la petici\u00f3, i no seran transmesos a tercers.<\/li><li>Formulari de Reserves: Les vostres dades seran tractades amb la finalitat de gestionar la vostra reserva, sent el consentiment la base que ens legitima tractar les vostres dades. Les vostres dades seran conservades fins que es resolgui la petici\u00f3, i no seran transmeses a tercers.<\/li><li>Si s\u00f3n tractats a les nostres xarxes socials, d&#039;acord amb all\u00f2 detallat anteriorment, aquests seran tractats amb la finalitat de gestionar aquella informaci\u00f3 i dades obtingudes de la interactuaci\u00f3 dels usuaris de les xarxes socials amb aquests perfils\/ p\u00e0gina. Aquestes dades s\u00f3n tractades d&#039;acord amb l&#039;inter\u00e8s leg\u00edtim d&#039;aquesta empresa i seran conservades sempre que es mantingui l&#039;inter\u00e8s leg\u00edtim que en va permetre el tractament.<\/li><li>Si s\u00f3n captats a trav\u00e9s de la utilitzaci\u00f3 de les cookies anal\u00edtiques que pr\u00e8viament heu acceptat en accedir al nostre lloc web, seran utilitzades amb la finalitat d&#039;an\u00e0lisi especificades a la pol\u00edtica de cookies de la nostra web. Les seves dades seran objecte de transfer\u00e8ncia internacional amb els Estats Units i conservades durant el termini necessari per a la finalitat detallada a la nostra pol\u00edtica de cookies.<\/li><\/ul><p><br \/>En qualsevol cas, podr\u00e0 indicar la revocaci\u00f3 del consentiment donat, si aquesta va ser la base que va legitimar el tractament o exercitar els drets previstos:<\/p><ul class=\"wp-block-list\"><li>D&#039;acc\u00e9s: l&#039;interessat t\u00e9 dret a saber si el responsable tracta dades personals seves i, si \u00e9s aix\u00ed, t\u00e9 dret a accedir a aquestes dades, aix\u00ed com a obtenir informaci\u00f3 sobre els tractaments realitzats.<\/li><li>Rectificaci\u00f3: Est\u00e0 vinculat al car\u00e0cter d&#039;inexactitud o incomplet de les dades. L&#039;interessat t\u00e9 dret a rectificar les seves dades personals inexactes i que es completin les dades personals incompletes.<\/li><\/ul><ul class=\"wp-block-list\"><li>Supressi\u00f3: L&#039;interessat t\u00e9 dret a obtenir la supressi\u00f3 de les seves dades personals (\u201cdret a l&#039;oblit\u201d), quan aquestes ja no s\u00f3n necess\u00e0ries per a la finalitat per a la qual es van recollir, es revoca el consentiment en qu\u00e8 es basava el tractament, l&#039;interessat s&#039;oposa al tractament, les dades s&#039;han tractat il\u00b7l\u00edcitament, s&#039;han de suprimir per complir una obligaci\u00f3 legal menors.<\/li><li>Limitaci\u00f3 del tractament: \u00e9s un dret de la persona interessada consistent a marcar les dades de car\u00e0cter personal conservades amb la finalitat de limitar el tractament en el futur. La limitaci\u00f3 del tractament suposa que, a petici\u00f3 de la persona interessada, les dades personals indicades es deixin de tractar.<\/li><li>Oposici\u00f3: l&#039;interessat t\u00e9 dret a oposar-se al tractament de les vostres dades quan es base en alguns sup\u00f2sits concrets i s&#039;invoqui un motiu relacionat amb la vostra situaci\u00f3 personal.<\/li><li>Portabilitat de les dades: l&#039;interessat t\u00e9 dret a rebre les dades personals facilitades al responsable del tractament en un format estructurat, d&#039;\u00fas com\u00fa i de lectura mec\u00e0nica, si es basa en el consentiment o en un contracte o quan el tractament es realitza per mitjans automatitzats.<\/li><li>A no ser objecte de decisions individuals automatitzades: l&#039;interessat t\u00e9 dret a no ser objecte d&#039;una decisi\u00f3 basada en el tractament automatitzat de les seves dades, inclosa l&#039;elaboraci\u00f3 de perfils que hi produeixi efectes jur\u00eddics o que l&#039;afecti negativament.<\/li><\/ul><p>Aquestes peticions s&#039;hauran de realitzar al c\/ Major 6, 25182 Aitona (Lleida) oa frui<a href=\"mailto:turisme@ajuntamentaitona.cat\">turisme@ajuntamentaitona.cat<\/a>.<\/p><p>Aix\u00ed mateix, tamb\u00e9 podr\u00e0 presentar una reclamaci\u00f3 davant de l&#039;Autoritat Catalana de Protecci\u00f3 de Dades, o posar-se en contacte amb el Delegat de Protecci\u00f3 de Dades a:\u00a0<a href=\"mailto:dpd@ajuntamentaitona.cat\">dpd@ajuntamentaitona.cat<\/a>.<\/p><p><strong>PROPIETAT INDUSTRIAL I INTEL\u00b7LECTUAL<\/strong><\/p><p>Aquest lloc web \u00e9s propietat de l&#039;Ajuntament d&#039;Aitona. Els drets de propietat intel\u00b7lectual i els drets d&#039;explotaci\u00f3 i reproducci\u00f3 d&#039;aquest lloc web, les seves p\u00e0gines, la seva pres\u00e8ncia en xarxes socials, pantalles, la informaci\u00f3 que contenen, la seva aparen\u00e7a i disseny, aix\u00ed com els enlla\u00e7os (\u201chipervincles\u201d) establerts des d&#039;ella a altres p\u00e0gines web de qualsevol centre adscrit o organisme dependent, s\u00f3n propietat exclusiva d&#039;aquesta excepte.<\/p><p>Totes les denominacions, dissenys i\/o logotips, aix\u00ed com qualsevol producte o servei ofert i reflectit en aquest lloc web, s\u00f3n marques comercials degudament registrades per l&#039;Ajuntament d&#039;Aitona per les seves subsidi\u00e0ries i\/o dominades o per tercers.<\/p><p>Qualsevol \u00fas indegut del mateix per persones diferents del seu leg\u00edtim titular i sense el consentiment expr\u00e9s i inequ\u00edvoc d&#039;aquest podr\u00e0 ser denunciat i enjudiciat per tots els mitjans legals existents a l&#039;ordenament jur\u00eddic espanyol i\/o comunitari.<\/p><p>Els drets de propietat intel\u00b7lectual i marques comercials de tercers es destaquen convenientment i han de ser respectats per qualsevol persona que accedeixi a aquesta p\u00e0gina.<\/p><p>Nom\u00e9s per a \u00fas personal i privat es permet descarregar els continguts, copiar o imprimir qualsevol p\u00e0gina d&#039;aquest lloc web i xarxes socials. Queda prohibit reproduir, transmetre, modificar o eliminar la informaci\u00f3, els continguts o les advert\u00e8ncies d&#039;aquest lloc web sense l&#039;autoritzaci\u00f3 pr\u00e8via per escrit d&#039;Ajuntament d&#039;Aitona.<\/p><p>Ajuntament d&#039;Aitona no transfereix als usuaris la propietat del programari. L&#039;usuari \u00e9s el propietari del mitj\u00e0 on s&#039;enregistra el programari. Ajuntament d&#039;Aitona t\u00e9 tots els drets de propietat industrial i intel\u00b7lectual, incl\u00f2s el programari. Si l&#039;usuari transfereix programari d&#039;aquest lloc web al vostre terminal, no podreu disseccionar pel vostre estudi i descompilar, traduir la versi\u00f3 del codi objecte original o el vostre idioma a un altre codi o idioma.<\/p><p><em>Llic\u00e8ncia Creative Commons: ( en cas que la web disposi d&#039;alguna llic\u00e8ncia d&#039;aquest tipus)<\/em><\/p><p>Aquest lloc web \u00e9s propietat d&#039;Ajuntament d&#039;Aitona, que determina que tot el contingut escrit per aquesta entitat es fa sota una llic\u00e8ncia Creative Commons CC-BY-NC-SA.<\/p><p>Aquesta llic\u00e8ncia implica la necessitat de reconeixement de lautoria; cosa que implica que pot ser utilitzat, explotar tot el contingut escrit i elaborat per aquesta entitat sempre que s&#039;esmenti que Ajuntament d&#039;Aitona \u00e9s l&#039;autor del contingut, disseny, logotip o altres marques identificatives. A m\u00e9s, en cap cas no es permet un \u00fas comercial de les mateixes o de les possibles obres derivades. En qualsevol cas, les obres derivades que es puguin dur a terme han de mantenir en tot moment la possibilitat de ser utilitzades per altres entitats o parts amb llic\u00e8ncia sota les caracter\u00edstiques detallades anteriorment.<\/p><p>Qualsevol \u00fas sense la correcta assignaci\u00f3 d&#039;autoria a l&#039;Ajuntament d&#039;Aitona implicar\u00e0 l&#039;incompliment d&#039;aquesta llic\u00e8ncia, reservant-se l&#039;entitat per exigir-ne el cessament i l&#039;eliminaci\u00f3 immediata, podent exercir les accions que considerin oportunes respecte a la llic\u00e8ncia espec\u00edfica.<\/p><p>Els drets de propietat intel\u00b7lectual i marques comercials que poden ser propietat de tercers es destaquen convenientment i han de ser respectats per qualsevol persona que accedeixi a aquesta p\u00e0gina, sense ser responsabilitat d&#039;Ajuntament d&#039;Aitona l&#039;\u00fas que l&#039;usuari pugui dur a terme sobre aix\u00f2, sent la responsabilitat exclusiva de la seva persona, que ha de complir els drets de propietat o \u00fas de la llic\u00e8ncia que el tercer ha indicat.<\/p><p><strong>LLEI APLICABLE I JURISDICCI\u00d3<\/strong><\/p><p>Les presents condicions generals es regeixen per la Legislaci\u00f3 espanyola, sent competents els Jutjats i Tribunals espanyols per con\u00e8ixer de totes les q\u00fcestions que se suscitin sobre la interpretaci\u00f3, aplicaci\u00f3 i compliment de les mateixes. L&#039;usuari, per virtut de la seva acceptaci\u00f3 a les condicions generals recollides en aquest av\u00eds legal i sempre que aquesta submissi\u00f3 sigui possible, renuncia expressament a qualsevol fur que, per aplicaci\u00f3 de la Llei d&#039;Enjudiciament Civil vigent, li pugui correspondre.<\/p>\t\t\t\t\t\t\t\t<\/div>\n\t\t\t\t<\/div>\n\t\t\t\t\t<\/div>\n\t\t\t\t<\/div>\n\t\t\t\t<\/div>","protected":false},"excerpt":{"rendered":"<p>FRUITURISME Pol\u00edtica de privacidad En virtud de la normativa de protecci\u00f3n de datos de car\u00e1cter personal, por la presente autoriza a que los datos personales facilitados ser\u00e1n tratados bajo la responsabilidad de Ayuntamiento de Aitona y domicilio en C\/ Major 6, 25182 Aitona (Lleida): Formulario de Contacto: Sus datos ser\u00e1n tratados con la finalidad de [&hellip;]<\/p>","protected":false},"author":5,"featured_media":0,"parent":0,"menu_order":0,"comment_status":"closed","ping_status":"closed","template":"elementor_header_footer","meta":{"inline_featured_image":false,"footnotes":""},"class_list":["post-36084","page","type-page","status-publish","hentry"],"_links":{"self":[{"href":"https:\/\/fruiturisme.info\/ca\/wp-json\/wp\/v2\/pages\/36084","targetHints":{"allow":["GET"]}}],"collection":[{"href":"https:\/\/fruiturisme.info\/ca\/wp-json\/wp\/v2\/pages"}],"about":[{"href":"https:\/\/fruiturisme.info\/ca\/wp-json\/wp\/v2\/types\/page"}],"author":[{"embeddable":true,"href":"https:\/\/fruiturisme.info\/ca\/wp-json\/wp\/v2\/users\/5"}],"replies":[{"embeddable":true,"href":"https:\/\/fruiturisme.info\/ca\/wp-json\/wp\/v2\/comments?post=36084"}],"version-history":[{"count":7,"href":"https:\/\/fruiturisme.info\/ca\/wp-json\/wp\/v2\/pages\/36084\/revisions"}],"predecessor-version":[{"id":36107,"href":"https:\/\/fruiturisme.info\/ca\/wp-json\/wp\/v2\/pages\/36084\/revisions\/36107"}],"wp:attachment":[{"href":"https:\/\/fruiturisme.info\/ca\/wp-json\/wp\/v2\/media?parent=36084"}],"curies":[{"name":"wp","href":"https:\/\/api.w.org\/{rel}","templated":true}]}}